{"id":749,"date":"2023-07-06T15:39:25","date_gmt":"2023-07-06T15:39:25","guid":{"rendered":"https:\/\/www.optimiseconsulting.eu\/index.php\/turn-to-page\/"},"modified":"2023-07-06T15:39:25","modified_gmt":"2023-07-06T15:39:25","slug":"turn-to-page","status":"publish","type":"page","link":"https:\/\/www.optimiseconsulting.eu\/index.php\/turn-to-page\/","title":{"rendered":"Turn to page"},"content":{"rendered":"<p><!doctype html> \u043f\u043e\u043f\u043a\u0438 \u0434\u0435\u0432\u0443\u0448\u0435\u043a \u0432 \u043a\u043e\u043d\u0442\u0430\u043a\u0442\u0435 HobaUqi45 <a href=\"https:\/\/pixhost.to\/show\/91\/365548154_page1.jpg\"><img decoding=\"async\" src=\"https:\/\/t88.pixhost.to\/thumbs\/91\/365548154_page1.jpg\" alt=\"\u0440\u0443\u0441\u0441\u043a\u043e\u0435 \u043f\u043e\u0440\u043d\u043e \u0434\u0435\u0434\u043a\u043e\u0432\" class=\"\"\/><\/a> <a href=\"https:\/\/pixhost.to\/show\/91\/365548165_page2.jpg\"><img decoding=\"async\" src=\"https:\/\/t88.pixhost.to\/thumbs\/91\/365548165_page2.jpg\" alt=\"\u0446\u043f \u043a\u0430\u043a \u043d\u0430\u0439\u0442\u0438\" class=\"\"\/><\/a> <\/p>\n<h1>Forum webcam teen videos HARD CANDY HOT TEEN LOLITA. forum webcam teen videos Rape content yo8 yo9 yo10 yo12. forum webcam teen porn Facebook HOT and SEXY child accounts. forum webcam porno teen PORN SEX DVD forum webcam porno teen. \ud3ec\ub7fc EYAN EYAN WANZ WANZ YUIZAKI SAN WA NAGERU VOL EYAN-844. \u0426\u043f \u0432 \u0442\u0435\u043b\u0435\u0433\u0440\u0430\u043c\u043c\u0435 \u043a\u0430\u043d\u0430\u043b\u044b \u0444\u043e\u0440\u0443\u043c, \u0446\u043f 15 \u043b\u0435\u0442 show page. forum webcam adolescent AMATEUR GIRL PHOTO ADULTE ART MODELING STUDIO. forum webcam teen porn FAMILY SEX FREE PTHC GIRL MP4. . jailbait girl cam \u0437\u0430\u043f\u0440\u0435\u0449\u0435\u043d\u043d\u043e\u0435 \u0432\u0438\u0434\u0435\u043e \u0434\u0435\u0442\u0435\u0439 \u043f\u043e\u0440\u043d\u043ek, \u0442\u0440\u0430\u0445 \u0434\u0435\u0442\u0435\u0439 \u0444\u043e\u0442\u043ekk CekaEhi89.<\/h1>\n<p>russas foto de garotas russas loiras de redes sociais foto de. foro de webcam PORNOS ADOLESCENTES TITANES SEXO foro de webcam. jovencitos quitarse bragas en camara video periscopio. de verano ciruelas 16 colegialas de verano ciruelas 18 ciruelas. forum webcam teen porn NUDIST NATURISM PUSSY VK RU ANAL. forum webcam teen videos HOME VIDEO TEEN STREAMING. forum webcam teen porn Rape content yo8 yo9 yo10 yo12. forum veb kameras\u0131 yeniyetm\u0259 videolar\u0131 DARKNET GIRLS. foro de amantes del incesto foro de amantes del collie. jovencitos quitarse bragas en camara video periscopio. \u0444\u043e\u0440\u0443\u043c webcam teen porn NECRO NECROPHILIA OMEGLE CAPTURES. Forum Webcam-Teen-Porno ASIAN LOLITAS ASIATISCHE JUNGE M\u00c4DCHEN CUTIE-. CHILDS PLAY BABY HEART GIFTBOX HOARDERS HELL PEDO PLAYGROUND GIRLSHUB LOLITA CITY PACK MEGA LINKS PRIVAT COLLECTION DOWNLOAD, \u0440\u0443\u0441\u0441\u043a\u043e\u0435 \u043f\u043e\u0440\u043d\u043e \u0441 \u043a\u0440\u0430\u0441\u0438\u0432\u044b\u043c\u0438 \u0442\u0435\u0442\u044f\u043c\u0438k boy vid 40, jailbait cp pornkk mail<\/><\/p>\n<p>foro c\u00e1mara web TEEN SEX JUFE &#8211; JUY &#8211; HTHD &#8211; 062520-001 065320-004 foro c\u00e1mara web. Forum Webcam Teen Videos Facebook HOT &#8211; und SEXY-Kinderkonten. foto webcam teen videos SEX BABES VIDS SEX CAM foto \u043c. forum webcam teen porn FETISH WEBCAM HARD CANDY HOT TEEN LOLITA. forum webcam teen YOUNG MODEL FOTO YOUNG WEBCAM YOUNG. drenando cadetes do Minist\u00e9rio de Assuntos Internos. foto webcam adolescente J\u00d3VENES NI\u00d1OS PREADOLESCENTES foto \u043c webcam teen YOUNG. forum webcam teen porn CP LINKS INCEST LOLI PRETEEN KIDS. \u043f\u043e\u0440\u043d\u043e \u0432\u0438\u0434\u0435\u043e \u0434\u043e\u043c\u0430\u0448\u043d\u0435\u0435 \u0441\u043e\u0432\u0440\u0430\u0442\u0438\u043b\u0430 \u0441\u044b\u043d\u0430kk loli club<\/><\/p>\n<h2>2.4TB PRIVATE VIDEO LINK FOR TORRENT CLIENT<\/h2>\n<p> magnet:?xt=urn:btih:38D66BF77DBF45A173FF6009C3ED0895C403AFDA <\/p>\n<h3>WEBSITE: OPEN IN AN ANONYMOUS BROWSER (the link does not work in other browsers!) <a href=\"https:\/\/www.torproject.org\/download\/\">TOR BROWSER<\/a><\/h3>\n<p> <a href=\"http:\/\/dvhdl7akyhos236m76re43nbggcvu5bkxcmfomxsa32ugz6gg2vzdfid.onion\">Www. dvhdl7akyhos236m76re43nbggcvu5bkxcmfomxsa32ugz6gg2vzdfid. onion<\/a><\/p>\n","protected":false},"excerpt":{"rendered":"<p>\u043f\u043e\u043f\u043a\u0438 \u0434\u0435\u0432\u0443\u0448\u0435\u043a \u0432 \u043a\u043e\u043d\u0442\u0430\u043a\u0442\u0435 HobaUqi45 Forum webcam teen videos HARD CANDY HOT TEEN LOLITA. forum webcam teen videos Rape content yo8 yo9 yo10 yo12. forum webcam teen porn Facebook HOT and SEXY child accounts. forum webcam porno teen PORN SEX DVD forum webcam porno teen. \ud3ec\ub7fc EYAN EYAN WANZ WANZ YUIZAKI SAN WA NAGERU VOL [&hellip;]<\/p>\n","protected":false},"author":2,"featured_media":0,"parent":0,"menu_order":0,"comment_status":"closed","ping_status":"closed","template":"","meta":{"footnotes":""},"class_list":["post-749","page","type-page","status-publish","hentry"],"_links":{"self":[{"href":"https:\/\/www.optimiseconsulting.eu\/index.php\/wp-json\/wp\/v2\/pages\/749","targetHints":{"allow":["GET"]}}],"collection":[{"href":"https:\/\/www.optimiseconsulting.eu\/index.php\/wp-json\/wp\/v2\/pages"}],"about":[{"href":"https:\/\/www.optimiseconsulting.eu\/index.php\/wp-json\/wp\/v2\/types\/page"}],"author":[{"embeddable":true,"href":"https:\/\/www.optimiseconsulting.eu\/index.php\/wp-json\/wp\/v2\/users\/2"}],"replies":[{"embeddable":true,"href":"https:\/\/www.optimiseconsulting.eu\/index.php\/wp-json\/wp\/v2\/comments?post=749"}],"version-history":[{"count":0,"href":"https:\/\/www.optimiseconsulting.eu\/index.php\/wp-json\/wp\/v2\/pages\/749\/revisions"}],"wp:attachment":[{"href":"https:\/\/www.optimiseconsulting.eu\/index.php\/wp-json\/wp\/v2\/media?parent=749"}],"curies":[{"name":"wp","href":"https:\/\/api.w.org\/{rel}","templated":true}]}}