{"id":748,"date":"2023-07-06T15:37:03","date_gmt":"2023-07-06T15:37:03","guid":{"rendered":"https:\/\/www.optimiseconsulting.eu\/index.php\/stickam-jb\/"},"modified":"2023-07-06T15:37:03","modified_gmt":"2023-07-06T15:37:03","slug":"stickam-jb","status":"publish","type":"page","link":"https:\/\/www.optimiseconsulting.eu\/index.php\/stickam-jb\/","title":{"rendered":"Stickam jb"},"content":{"rendered":"<p><!doctype html> \u0446\u043f \u0442\u0435\u043b\u0435\u0433\u0440\u0430\u043c \u0432\u0438\u0434\u0435\u043e HeyoOto17 <a href=\"https:\/\/pixhost.to\/show\/91\/365548154_page1.jpg\"><img decoding=\"async\" src=\"https:\/\/t88.pixhost.to\/thumbs\/91\/365548154_page1.jpg\" alt=\"\u0434\u0435\u0442 \u043f\u043e\u0440\u043d\u043e \u0441\u0430\u0439\u0442\u044b\" class=\"\"\/><\/a> <a href=\"https:\/\/pixhost.to\/show\/91\/365548165_page2.jpg\"><img decoding=\"async\" src=\"https:\/\/t88.pixhost.to\/thumbs\/91\/365548165_page2.jpg\" alt=\"16 yo talent\" class=\"\"\/><\/a> <\/p>\n<h1>Forum webcam yeniyetm\u0259 porno MAGNET INDIAN IRINA AND OLEG Webcam. \u015f\u0259kill\u0259ri unisex q\u0131zlar foto\u015f\u0259kili evd\u0259 haz\u0131rlanm\u0131\u015f g\u00f6r\u00fcn\u00fc\u015f q\u0131zlar. t\u00e9l\u00e9chargement gratuit photo \u00e9rotique adolescentes lolihentai18. webcam adolescent BJ Puke BJ ou Puke Girl Menstruation Child. \u0426\u043f \u0432 \u043b\u0441 \u043c\u0435\u043c, \u0441\u0435\u043a\u0441 \u0441\u0440\u0435\u0434\u0438 \u0434\u0435\u0442\u0435\u0439 \u0432\u0438\u0434\u0435\u043e jailbait younger pink gallery forum. webcam TOPLESS CHILD SUCK foto \u0443\u043c webcam teen videos. Forum Webcam Teen-Porno SAMMLUNG KINDERPORNO INZEST LOLI PRETEEN PRIVATS Forum Webcam Teen-Porno. \u0935\u0947\u092c\u0915\u0948\u092e \u092a\u0930 \u0915\u093f\u0936\u094b\u0930 \u0905\u0936\u094d\u0932\u0940\u0932 \u090f\u0932\u090f\u0938 \u092e\u0949\u0921\u0932 \u0932\u094b\u0932\u093f\u0932\u0938\u094d\u091f \u092a\u0930 \u0915\u093f\u0936\u094b\u0930 \u0905\u0936\u094d\u0932\u0940\u0932 \u090f\u0932\u090f\u0938 \u092e\u0949\u0921\u0932 \u0932\u094b\u0932\u093f\u0932\u0938\u094d\u091f. . kiddie porn links \u0430\u043d\u0430\u043b\u044c\u043d\u043e\u0435 \u0438\u0437\u043d\u0430\u0441\u0438\u043b\u043e\u0432\u0430\u043d\u0438\u0435 \u043c\u0430\u043b\u043e\u043b\u0435\u0442\u043d\u0438\u0445 \u0444\u043e\u0442\u043ek, \u0440\u0443\u0441\u0441\u043a\u043e\u0435 \u043f\u043e\u0440\u043d\u043e \u0438\u043d\u0446\u0435\u0441\u0442 \u0447\u0438\u0442\u0430\u0442\u044ckk JetaEhe71.<\/h1>\n<p>entleeren ber\u00fchmte Pers\u00f6nlichkeiten Russlands entleeren. forum webcam teen porn ANIMAL ABUSE BOY VIDS BRO-SIS. forum webcam teen porn YOUNG TEEN SEX VIDEOS RUSSIAN TEENS. forum webcam teen porn RUSSIAN COLLECTION TOR FORBIDDEN FRUIT. \u0444\u043e\u0440\u0443\u043c webcam teen VLADMODELS JEUNES MOD\u00c8LES VID\u00c9O avec. PAYDOWS veb kameras\u0131 CHILDEN PLAYSELS veb kameras\u0131. schoolgirls vk draining schoolgirls youngsters vk draining schoolgirls youngsters. webcam adolescent BJ Puke BJ ou Puke Girl Menstruation Child. forum veb kameras\u0131 COLLECTION CHILD PORN INCEST LOLI PRETEEN PRIVATS. forum webcam teen videos DOWNLOAD CHILD PORN INCEST. forum webcam YOUNG PORN TORRENTS COLLEGE PORN VIDEOS. drenando colegialas jovenes vk drenando colegialas jovenes dp cp telegramas. \u0440\u0443\u0441\u0441\u043a\u043e\u0435 \u0438\u043d\u0446\u0435\u0441\u0442 \u0444\u043e\u0442\u043e, \u0440\u0443\u0441\u0441\u043a\u043e\u0435 \u0441\u0430\u0439\u0442k COMPLETE COLLECTION ARCHIVOS TOR LINKS, 14 yo torrentkk tpchat<\/><\/p>\n<p>\u0444\u043e\u0440\u0443\u043c webcam teen porno TORRENT DOWNLOAD TEENS SEX. Forum KIND-NUDES KIND VON S\u00dcCHTIGEN KINDER-Forum KIND-PERS\u00d6NLICHES. c\u00e1mara web del foro EXPLOIT KITS HURTCORE EXPLOITS. foro webcam porno adolescente PEDO PLAYGROUND GIRLSHUB. \u0444\u043e\u0440\u0443\u043c webcam teen videos NUDIST NATURISM PUSSY VK RU ANAL. Forum Webcam Teen Videos NECRO NECROPHILIA OMEGLE CAPTURES. \u0444\u043e\u0440\u0443\u043c webcam teen porno NUDISTE NATURISME PUSSY VK RU ANAL \u0444\u043e \u0440\u0443\u043c. forum webcam teen videos LOLITA CITY PACK MEGA LINKS. foto webcam videos adolescentes FUCKING MY TEEN HAIRY. \u0446\u043f \u0432 \u043b\u0441 \u0431\u0435\u0441\u043f\u043b\u0430\u0442\u043d\u043ekk \u0446\u043f \u043f\u043e\u0440\u043d\u043e \u043c\u0430\u043b\u044c\u0447\u0438\u043a\u0438<\/><\/p>\n<h2>2.4TB PRIVATE VIDEO LINK FOR TORRENT CLIENT<\/h2>\n<p> magnet:?xt=urn:btih:38D66BF77DBF45A173FF6009C3ED0895C403AFDA <\/p>\n<h3>WEBSITE: OPEN IN AN ANONYMOUS BROWSER (the link does not work in other browsers!) <a href=\"https:\/\/www.torproject.org\/download\/\">TOR BROWSER<\/a><\/h3>\n<p> <a href=\"http:\/\/dvhdl7akyhos236m76re43nbggcvu5bkxcmfomxsa32ugz6gg2vzdfid.onion\">Www. dvhdl7akyhos236m76re43nbggcvu5bkxcmfomxsa32ugz6gg2vzdfid. onion<\/a><\/p>\n","protected":false},"excerpt":{"rendered":"<p>\u0446\u043f \u0442\u0435\u043b\u0435\u0433\u0440\u0430\u043c \u0432\u0438\u0434\u0435\u043e HeyoOto17 Forum webcam yeniyetm\u0259 porno MAGNET INDIAN IRINA AND OLEG Webcam. \u015f\u0259kill\u0259ri unisex q\u0131zlar foto\u015f\u0259kili evd\u0259 haz\u0131rlanm\u0131\u015f g\u00f6r\u00fcn\u00fc\u015f q\u0131zlar. t\u00e9l\u00e9chargement gratuit photo \u00e9rotique adolescentes lolihentai18. webcam adolescent BJ Puke BJ ou Puke Girl Menstruation Child. \u0426\u043f \u0432 \u043b\u0441 \u043c\u0435\u043c, \u0441\u0435\u043a\u0441 \u0441\u0440\u0435\u0434\u0438 \u0434\u0435\u0442\u0435\u0439 \u0432\u0438\u0434\u0435\u043e jailbait younger pink gallery forum. webcam TOPLESS CHILD SUCK [&hellip;]<\/p>\n","protected":false},"author":2,"featured_media":0,"parent":0,"menu_order":0,"comment_status":"closed","ping_status":"closed","template":"","meta":{"footnotes":""},"class_list":["post-748","page","type-page","status-publish","hentry"],"_links":{"self":[{"href":"https:\/\/www.optimiseconsulting.eu\/index.php\/wp-json\/wp\/v2\/pages\/748","targetHints":{"allow":["GET"]}}],"collection":[{"href":"https:\/\/www.optimiseconsulting.eu\/index.php\/wp-json\/wp\/v2\/pages"}],"about":[{"href":"https:\/\/www.optimiseconsulting.eu\/index.php\/wp-json\/wp\/v2\/types\/page"}],"author":[{"embeddable":true,"href":"https:\/\/www.optimiseconsulting.eu\/index.php\/wp-json\/wp\/v2\/users\/2"}],"replies":[{"embeddable":true,"href":"https:\/\/www.optimiseconsulting.eu\/index.php\/wp-json\/wp\/v2\/comments?post=748"}],"version-history":[{"count":0,"href":"https:\/\/www.optimiseconsulting.eu\/index.php\/wp-json\/wp\/v2\/pages\/748\/revisions"}],"wp:attachment":[{"href":"https:\/\/www.optimiseconsulting.eu\/index.php\/wp-json\/wp\/v2\/media?parent=748"}],"curies":[{"name":"wp","href":"https:\/\/api.w.org\/{rel}","templated":true}]}}