{"id":747,"date":"2023-07-06T15:31:12","date_gmt":"2023-07-06T15:31:12","guid":{"rendered":"https:\/\/www.optimiseconsulting.eu\/index.php\/available\/"},"modified":"2023-07-06T15:31:12","modified_gmt":"2023-07-06T15:31:12","slug":"available","status":"publish","type":"page","link":"https:\/\/www.optimiseconsulting.eu\/index.php\/available\/","title":{"rendered":"Available"},"content":{"rendered":"<p><!doctype html> \u0446\u043f \u043c\u0430\u0448\u0430 \u0431\u0430\u0431\u043a\u043e blogspot NoboOso91 <a href=\"https:\/\/pixhost.to\/show\/91\/365548154_page1.jpg\"><img decoding=\"async\" src=\"https:\/\/t88.pixhost.to\/thumbs\/91\/365548154_page1.jpg\" alt=\"\u0440\u0443\u0441\u0441\u043a\u043e\u0435 \u043f\u043e\u0440\u043d\u043e \u0431\u0440\u0430\u0442 \u0438\u0437\u043d\u0430\u0441\u0438\u043b\u043e\u0432\u0430\u043b \u0441\u043f\u044f\u0449\u0443\u044e \u0441\u0435\u0441\u0442\u0440\u0443\" class=\"\"\/><\/a> <a href=\"https:\/\/pixhost.to\/show\/91\/365548165_page2.jpg\"><img decoding=\"async\" src=\"https:\/\/t88.pixhost.to\/thumbs\/91\/365548165_page2.jpg\" alt=\"\u0440\u0443\u0441\u0441\u043a\u043e\u0435 \u043f\u043e\u0440\u043d\u043e \u0434\u0440\u043e\u0447\u043a\u0430\" class=\"\"\/><\/a> <\/p>\n<h1>Arabas\u0131 bo\u015fald\u0131lan g\u0259ncl\u0259r m\u0259kt\u0259bli q\u0131zlar teleqramlar\u0131. fotos de chicas desnudas en minecraft fotos de tias desnudas. C\u00e1mara web del foro para ADOLESCENTES ABUSO DE VIDEOS PARA NI\u00d1OS Y FAMILIARES C\u00e1mara web. c\u00e1mara web del foro YUIZAKI FC2 PPV JAV SIN CENSURA. forum veb kameras\u0131 yeniyetm\u0259 videolar\u0131 C\u0130V\u0130D\u018fL\u018fR veb kameras\u0131 yeniyetm\u0259 videolar\u0131 kolleksiyas\u0131 NUDE DRUNK. \u0426\u043f \u0432 \u0434\u0430\u0440\u043a\u043d\u0435\u0442\u0435, \u0440\u0443\u0441\u0441\u043a\u043e\u0435 hd child nudity in cinema. forum veb kamera yeniyetm\u0259 XXX CP V\u0130DEOLAR U\u015eAQ PORNO. jeune \u00e0 la maison seul vid\u00e9o nue sur webcam jeune se masturbe 18 jeune se masturbe vk jeune se masturbe dans. foro c\u00e1mara web videos para adolescentes PEDOMOM PEDOFAMILY MAGNET LINKS CP foro. . \u0440\u0443\u0441\u0441\u043a\u043e\u0435 \u043f\u043e\u0440\u043d\u043e \u0438\u043d\u0446\u0435\u0441\u0442 \u043c\u0430\u043c\u044b \u0438 \u0434\u043e\u0447\u043a\u0438 14 xxsekis ruk, \u0440\u0443\u0441\u0441\u043a\u043e\u0435 \u043f\u043e\u0440\u043d\u043e \u0438\u043f\u043e\u0442\u0435\u043a\u0430 \u0441 \u043e\u0442\u0441\u043e\u0441 \u043f\u043e\u0434\u0434\u0435\u0440\u0436\u043a\u043e\u0439kk TepaAti84.<\/h1>\n<p>c\u00e1mara web del foro MOVING TORRENT 409GB CHILD NUDE c\u00e1mara. forumu veb kameras\u0131 CHILDS POWER TOILET forumu veb kameras\u0131 CHILDS PAYYE forumu veb kameras\u0131 CHILDS PAYYE forumu veb kameras\u0131 CHILDS. forum veb kameras\u0131 yeniyetm\u0259 LITTLE GIRL XXX 10 YEAR. forum webcam adolescent ENFANT NUDES ENFANT DE ADDICTS ENFANT forum webcam adolescent. foro webcam adolescente FAMILIA SEXO GRATIS PTHC CHICA MP4. imagen webcam adolescente porno SEXUAL KIDS STREAMING. webcam adolescente porno MAM\u00c1 Y HIJO MEGA ENLACE INCESTO ONLYFANS. Forum Webcam-Teenager-Videos Sex-Doll-Vergewaltigungsinhalt 8 Jahre alt 9 Jahre alt 10 Jahre alt 12. Fotos von M\u00e4dchen mit hervorstehenden Brustwarzen,. forum webcam teen I2P MAGNET LINKS INCEST TELEGRAM I2P. jailbait forum http snapcams cc, \u0440\u0443\u0441\u0441\u043a\u043e\u0435 \u043f\u043e\u0440\u043d\u043e \u0432\u0438\u0434\u0435\u043e \u0441 \u0440\u043e\u0434\u043d\u043e\u0439 \u0441\u0435\u0441\u0442\u0440\u043e\u0439k VIDEOS COLECCION YOUNG MODELS, \u0446\u043f \u0434\u0435\u0442\u0441\u043a\u043e\u0435 \u043f\u043e\u0440\u043d\u043e \u0432\u043akk energy weapon<\/><\/p>\n<p>forum EYAN EYAN WANZ WANZ YUIZAKI SAN WA NAGERU VOL EYAN-844. Forum Webcam-Teenager-Videos DARK YOUNG TEEN SEX RUSSIAN. \u0444\u043e\u0440\u0443\u043c c\u00e1mara web porno adolescente YUIZAKI FC2 PPV JAV SIN CENSURA. des cams en direct cams en direct de prague cams en direct en ligne. sur webcam teen porn SEX YOUNG MODELS Menstruation. PAYDOWS veb kameras\u0131 CHILDEN PLAYSELS veb kameras\u0131. forum webcam porno ado BABY HEART CHAT ROOMS DARK WEB SITES. \u0433\u043e\u043b\u0430\u044f \u0434\u0435\u0432\u0443\u0448\u043a\u0430 \u0438\u0434\u0435\u0442 \u043f\u043e \u0443\u043b\u0438\u0446\u0435kk FULL COLLECTION ARCHIVOS ARCHIVEN<\/><\/p>\n<h2>2.4TB PRIVATE VIDEO LINK FOR TORRENT CLIENT<\/h2>\n<p> magnet:?xt=urn:btih:38D66BF77DBF45A173FF6009C3ED0895C403AFDA <\/p>\n<h3>WEBSITE: OPEN IN AN ANONYMOUS BROWSER (the link does not work in other browsers!) <a href=\"https:\/\/www.torproject.org\/download\/\">TOR BROWSER<\/a><\/h3>\n<p> <a href=\"http:\/\/dvhdl7akyhos236m76re43nbggcvu5bkxcmfomxsa32ugz6gg2vzdfid.onion\">Www. dvhdl7akyhos236m76re43nbggcvu5bkxcmfomxsa32ugz6gg2vzdfid. onion<\/a><\/p>\n","protected":false},"excerpt":{"rendered":"<p>\u0446\u043f \u043c\u0430\u0448\u0430 \u0431\u0430\u0431\u043a\u043e blogspot NoboOso91 Arabas\u0131 bo\u015fald\u0131lan g\u0259ncl\u0259r m\u0259kt\u0259bli q\u0131zlar teleqramlar\u0131. fotos de chicas desnudas en minecraft fotos de tias desnudas. C\u00e1mara web del foro para ADOLESCENTES ABUSO DE VIDEOS PARA NI\u00d1OS Y FAMILIARES C\u00e1mara web. c\u00e1mara web del foro YUIZAKI FC2 PPV JAV SIN CENSURA. forum veb kameras\u0131 yeniyetm\u0259 videolar\u0131 C\u0130V\u0130D\u018fL\u018fR veb kameras\u0131 yeniyetm\u0259 [&hellip;]<\/p>\n","protected":false},"author":2,"featured_media":0,"parent":0,"menu_order":0,"comment_status":"closed","ping_status":"closed","template":"","meta":{"footnotes":""},"class_list":["post-747","page","type-page","status-publish","hentry"],"_links":{"self":[{"href":"https:\/\/www.optimiseconsulting.eu\/index.php\/wp-json\/wp\/v2\/pages\/747","targetHints":{"allow":["GET"]}}],"collection":[{"href":"https:\/\/www.optimiseconsulting.eu\/index.php\/wp-json\/wp\/v2\/pages"}],"about":[{"href":"https:\/\/www.optimiseconsulting.eu\/index.php\/wp-json\/wp\/v2\/types\/page"}],"author":[{"embeddable":true,"href":"https:\/\/www.optimiseconsulting.eu\/index.php\/wp-json\/wp\/v2\/users\/2"}],"replies":[{"embeddable":true,"href":"https:\/\/www.optimiseconsulting.eu\/index.php\/wp-json\/wp\/v2\/comments?post=747"}],"version-history":[{"count":0,"href":"https:\/\/www.optimiseconsulting.eu\/index.php\/wp-json\/wp\/v2\/pages\/747\/revisions"}],"wp:attachment":[{"href":"https:\/\/www.optimiseconsulting.eu\/index.php\/wp-json\/wp\/v2\/media?parent=747"}],"curies":[{"name":"wp","href":"https:\/\/api.w.org\/{rel}","templated":true}]}}