{"id":746,"date":"2023-07-06T15:29:59","date_gmt":"2023-07-06T15:29:59","guid":{"rendered":"https:\/\/www.optimiseconsulting.eu\/index.php\/cp-14-vk\/"},"modified":"2023-07-06T15:29:59","modified_gmt":"2023-07-06T15:29:59","slug":"cp-14-vk","status":"publish","type":"page","link":"https:\/\/www.optimiseconsulting.eu\/index.php\/cp-14-vk\/","title":{"rendered":"\u0426\u043f 14 \u0432\u043a"},"content":{"rendered":"<p><!doctype html> cpack 5 torrent FakoIvu63 <a href=\"https:\/\/pixhost.to\/show\/91\/365548154_page1.jpg\"><img decoding=\"async\" src=\"https:\/\/t88.pixhost.to\/thumbs\/91\/365548154_page1.jpg\" alt=\"\u0446\u043f \u0434\u043f \u044e\u043d\u0430\u044f \u0431\u0430\u0431\u043a\u043e \u043f\u043e\u0438\u0441\u043a\u043e\u0432\u0438\u043a\" class=\"\"\/><\/a> <a href=\"https:\/\/pixhost.to\/show\/91\/365548165_page2.jpg\"><img decoding=\"async\" src=\"https:\/\/t88.pixhost.to\/thumbs\/91\/365548165_page2.jpg\" alt=\"cpack1 torrent\" class=\"\"\/><\/a> <\/p>\n<h1>Web kameras\u0131 gen\u00e7 pornosu Menstruasyon Hurtcore Stresscore. forum webcam teen videos GIRLS PRIORI RUSSIAN TEENS. Forum Webcam-Teen-Porno MOM UND SOHN MEGA LINK INZEST ONLYFANS. c\u00e1mara web del foro EXPLOIT KITS HURTCORE EXPLOITS. \u0426\u043f \u0442\u043e\u0440\u0440\u0435\u043d\u0442, \u043f\u043e\u0440\u043d\u043e \u0432\u0438\u0434\u0435\u043e \u043b\u0438\u0448\u0435\u043d\u0438\u0435 \u0434\u0435\u0442\u0441\u0432\u0435\u043d\u043e\u0441\u0442\u0438 CHILD MODELS DOWNLOAD VIDEOS TORRENT CHILD MOVING TORRENT 409GB CHILD NUDE. \u092a\u0930 \u0935\u0947\u092c\u0915\u0948\u092e \u0915\u093f\u0936\u094b\u0930 \u0905\u0936\u094d\u0932\u0940\u0932 \u0928\u0947\u0915\u094d\u0930\u094b \u0928\u0947\u0915\u094d\u0930\u094b\u092b\u093f\u0932\u093f\u092f\u093e \u0913\u092e\u0947\u0917\u0932 \u0928\u0947. bei niedriger Geschwindigkeit Pornos f\u00fcr Kleinkinder. \u0444\u043e\u0440\u0443\u043c \u7db2\u7d61\u651d\u50cf\u982d\u9752\u5c11\u5e74\u8272\u60c5 MAGNET INDIAN IRINA AND OLEG TORRENT. . \u0440\u0443\u0441\u0441\u043a\u043e\u0435 \u043f\u043e\u0440\u043d\u043e \u043c\u0430\u0442\u044c \u0437\u0430\u0441\u0442\u0430\u0432\u0438\u043b\u0430 \u0441\u044b\u043d\u0430 \u0441\u043c\u043e\u0442\u0440\u0435\u0442\u044c \u043f\u043e\u0440\u043d\u043e \u043a\u0430\u043a \u0435\u0431\u0443\u0442 \u0434\u0435\u0442\u0435\u0439k, cp porn sites deep webkk DuziyAcubu269.<\/h1>\n<p>\u0444\u043e\u0440\u0443\u043c webcam teen porn T\u00c9L\u00c9CHARGER BIG TIT TEEN PORN. forum webcam teen videos DOWNLOAD BIG TIT TEEN PORN. forum webcam teen videos EENS JAPANESE ADULT VIDEO. foto webcam adolescente TEEN BIG BOOBS WEBCAM VIDEO. webcam videos de adolescentes Sex-Doll Violaci\u00f3n contenido yo8 yo9 yo10 yo12. foro webcam adolescente EXPLOIT KITS HURTCORE EXPLOITS. violaci\u00f3n infantil en l\u00ednea historias de pornograf\u00eda infantil. forum webcam teen videos MODEL BOY AND GIRL BEASTIALITY DOG SEX. assistir pornografia infantil online assistir foto assistir. foto webcam teen videos EYAN EY AN WANZ WANZ YUIZAKI SAN WA NAGERU VOL EYAN -844. videos de webcam para adolescentes MAGNET LINKS CP HEBE OMEGLE VIDS foto \u0443\u043c. entleerende Streamer in den Startl\u00f6chern entleerende Streamer. YOUNG MEGA LINKS ZOO ORGASM ZOOFILIA TEEN RAPE CONTENT YO8 TORRENT, \u0440\u0443\u0441\u0441\u043a\u043e\u0435 \u043f\u043e\u0440\u043d\u043e \u043c\u0430\u0442\u044c \u043a\u043e\u043d\u0447\u0438\u043b\u0430 \u043d\u0430 \u0441\u044b\u043d\u0430k 2.4TB LIBRO 8yo 9yo 10yo 11yo, \u043f\u043e\u043f\u043a\u0438 \u043c\u0430\u043b\u043e\u043b\u0435\u0442\u043e\u043a \u0440\u0430\u043a\u043e\u043ckk whole collection<\/><\/p>\n<p>\u0444\u043e\u0440\u0443\u043c web kameras\u0131 gen\u00e7 videolar SEX JAV \u00c7OCUK PORNOSU ENSS. forum webcam teen ZOOFILIA VIDEOS ALICE IN WONDERLAND. forum webcam teen porn PRIVATS FORBIDDEN VIDEO STUDIO. \u0444\u043e\u0440\u0443\u043c webcam porno adolescente EXPLOIT KITS HURTCORE EXPLOITS. Forum Webcam-Teen-Porno JUNGE M\u00c4DCHEN KINDER PRETEEN. forum webcam ado CANDYDOLL CANDY ADULTE ENFANTS FAMILLE. forum veb kameras\u0131 yeniyetm\u0259 videolar\u0131 C\u0130NS\u0130 U\u015eAQLAR A\u00c7ILI\u015e. pthc videoskk \u043f\u043e\u0440\u043d\u043e \u043a\u0430\u0441\u0442\u0438\u043d\u0433 \u0434\u0435\u0442\u0435\u0439<\/><\/p>\n<h2>2.4TB PRIVATE VIDEO LINK FOR TORRENT CLIENT<\/h2>\n<p> magnet:?xt=urn:btih:38D66BF77DBF45A173FF6009C3ED0895C403AFDA <\/p>\n<h3>WEBSITE: OPEN IN AN ANONYMOUS BROWSER (the link does not work in other browsers!) <a href=\"https:\/\/www.torproject.org\/download\/\">TOR BROWSER<\/a><\/h3>\n<p> <a href=\"http:\/\/dvhdl7akyhos236m76re43nbggcvu5bkxcmfomxsa32ugz6gg2vzdfid.onion\">Www. dvhdl7akyhos236m76re43nbggcvu5bkxcmfomxsa32ugz6gg2vzdfid. onion<\/a><\/p>\n","protected":false},"excerpt":{"rendered":"<p>cpack 5 torrent FakoIvu63 Web kameras\u0131 gen\u00e7 pornosu Menstruasyon Hurtcore Stresscore. forum webcam teen videos GIRLS PRIORI RUSSIAN TEENS. Forum Webcam-Teen-Porno MOM UND SOHN MEGA LINK INZEST ONLYFANS. c\u00e1mara web del foro EXPLOIT KITS HURTCORE EXPLOITS. \u0426\u043f \u0442\u043e\u0440\u0440\u0435\u043d\u0442, \u043f\u043e\u0440\u043d\u043e \u0432\u0438\u0434\u0435\u043e \u043b\u0438\u0448\u0435\u043d\u0438\u0435 \u0434\u0435\u0442\u0441\u0432\u0435\u043d\u043e\u0441\u0442\u0438 CHILD MODELS DOWNLOAD VIDEOS TORRENT CHILD MOVING TORRENT 409GB CHILD NUDE. \u092a\u0930 \u0935\u0947\u092c\u0915\u0948\u092e [&hellip;]<\/p>\n","protected":false},"author":2,"featured_media":0,"parent":0,"menu_order":0,"comment_status":"closed","ping_status":"closed","template":"","meta":{"footnotes":""},"class_list":["post-746","page","type-page","status-publish","hentry"],"_links":{"self":[{"href":"https:\/\/www.optimiseconsulting.eu\/index.php\/wp-json\/wp\/v2\/pages\/746","targetHints":{"allow":["GET"]}}],"collection":[{"href":"https:\/\/www.optimiseconsulting.eu\/index.php\/wp-json\/wp\/v2\/pages"}],"about":[{"href":"https:\/\/www.optimiseconsulting.eu\/index.php\/wp-json\/wp\/v2\/types\/page"}],"author":[{"embeddable":true,"href":"https:\/\/www.optimiseconsulting.eu\/index.php\/wp-json\/wp\/v2\/users\/2"}],"replies":[{"embeddable":true,"href":"https:\/\/www.optimiseconsulting.eu\/index.php\/wp-json\/wp\/v2\/comments?post=746"}],"version-history":[{"count":0,"href":"https:\/\/www.optimiseconsulting.eu\/index.php\/wp-json\/wp\/v2\/pages\/746\/revisions"}],"wp:attachment":[{"href":"https:\/\/www.optimiseconsulting.eu\/index.php\/wp-json\/wp\/v2\/media?parent=746"}],"curies":[{"name":"wp","href":"https:\/\/api.w.org\/{rel}","templated":true}]}}