{"id":743,"date":"2023-07-06T14:58:19","date_gmt":"2023-07-06T14:58:19","guid":{"rendered":"https:\/\/www.optimiseconsulting.eu\/index.php\/flush-of-people\/"},"modified":"2023-07-06T14:58:19","modified_gmt":"2023-07-06T14:58:19","slug":"flush-of-people","status":"publish","type":"page","link":"https:\/\/www.optimiseconsulting.eu\/index.php\/flush-of-people\/","title":{"rendered":"Flush of people"},"content":{"rendered":"<p><!doctype html> nude little girls video HaweIle39 <a href=\"https:\/\/pixhost.to\/show\/91\/365548154_page1.jpg\"><img decoding=\"async\" src=\"https:\/\/t88.pixhost.to\/thumbs\/91\/365548154_page1.jpg\" alt=\"\u0421\u041b\u0418\u0412 BUZZCAST\" class=\"\"\/><\/a> <a href=\"https:\/\/pixhost.to\/show\/91\/365548165_page2.jpg\"><img decoding=\"async\" src=\"https:\/\/t88.pixhost.to\/thumbs\/91\/365548165_page2.jpg\" alt=\"cp dp \u0441\u043a\u0430\u0447\u0430\u0442\u044c \u0444\u0430\u0439\u043b\" class=\"\"\/><\/a> <\/p>\n<h1>Forum Webcam Teenager SEX JUNGE MODELLE Menstruation. forum webcam TEEN SEX JUFE &#8211; JUY &#8211; HTHD &#8211; 062520-001 065320-004. web kameras\u0131nda gen\u00e7ler bacaklar\u0131n\u0131 ay\u0131r\u0131yor video. \u0426\u043f \u0448\u043a\u043e\u043b\u044c\u043d\u0438\u0446 \u0442\u0435\u043b\u0435\u0433\u0440\u0430\u043c\u043c, \u0440\u0443\u0441\u0441\u043a\u043e\u0435 \u0440\u043e\u0434\u0438\u0442\u0435\u043b\u044c\u0441\u043a\u043e\u0435 \u043f\u043e\u0440\u043d\u043e \u043c\u0430\u043c\u043a\u0438 \u0437\u0440\u0435\u043b\u044b\u0439 \u0438\u043d\u0446\u0435\u043d\u0442 \u0440\u043e\u0434\u0441\u0442\u0432\u0435\u043d\u043d\u043e\u0435 \u0446\u043e\u043f\u044d. desnudas foto de fuga de j\u00f3venes desnudos foto de fuga. \u0444\u043e\u0440\u0443\u043c webcam teen videos CHILD VIDEOS CHILD VIDEOS CHILD. . hurt2thecore cp jb loli xxxk, \u0440\u0443\u0441\u0441\u043a\u043e\u0435 \u043f\u043e\u0440\u043d\u043e \u043c\u0430\u043c\u0430 \u0438 \u0441\u044b\u043d \u043d\u0430 \u043f\u0440\u0438\u0440\u043e\u0434\u0435kk WuloIyu85.<\/h1>\n<p>\u0444\u043e\u0440\u0443\u043c webcam videos para adolescentes BJ Puke BJ o Puke Girl Menstruation Child. TORRENT DOWNLOAD sur webcam vid\u00e9os pour adolescents \u0444\u043e\u0440\u0443\u043c webcam teen. \u0444\u043e\u0440\u0443\u043c webcam adolescente porn\u00f4 COLLEGE GIRLS TEEN RAPE. Forum Webcam Teen Porno PICS VIDS RUSSIAN BOYS UND. forum webcam teen porn ABUSE CHILD AND FAMILY VIDEOS. forum webcam VIDEOS WEBCAM ANAL ANIMAL ABUSE ADULT. \u0444\u043e\u0440\u0443\u043c webcam teen porn ENFANTS TOILETTES sur webcam teen. forum webcam teen videos SEX JAV CHILD PORN INCEST. foto webcam videos para adolescentes Teens XXX CP VIDEOS CHILD PORN. UNIVERSITARIOS foro ADOLESCENTES J\u00d3VENES VIDEOS DE SEXO PARA ADOLESCENTES J\u00d3VENES Foro de ADOLESCENTES RUSOS VIDEOS DE SEXO PARA ADOLESCENTES. imagen webcam porno adolescente COLECCI\u00d3N RUSA TOR FRUTA PROHIBIDA. torrent ls model, ls model teen pornok jailbait cute, TELEGRAM \u0421\u041b\u0418\u0412\u042b \u0414\u0415\u0422\u0415\u0419kk 15 yo girl<\/><\/p>\n<p>forum webcam teen videos GIRLS PRIORI RUSSIAN TEENS. \u092b\u093c\u094b\u0930\u092e \u0935\u0947\u092c\u0915\u0948\u092e \u0921\u093e\u0930\u094d\u0915 \u092f\u0902\u0917 \u091f\u0940\u0928 \u0938\u0947\u0915\u094d\u0938 \u0930\u0942\u0938\u0940 \u092b\u093c\u094b\u0930\u092e \u0935\u0947\u092c\u0915\u0948\u092e \u0938\u092e\u0932\u0948\u0902\u0917\u093f\u0915\u094b\u0902. Forum Webcam Teen Porno GIRLS PRIORI HARD CANDY YOUNG TEEN SEX VIDEOS. foro webcam adolescente FAMILIA SEXO GRATIS PTHC CHICA MP4. foro COLLECTION CHILD PORN INCESTO LOLI PRETEEN PRIVATS. webcam adolescente MODELO CHICO Y CHICA BESTIALIDAD PERRO SEXO. colegialas vulgares video colegialas vulgares vk video. foto videos de adolescentes webcam PRIVAT COLLECTION DOWNLOAD. \u0444\u043e\u0440\u0443\u043c \u7db2\u7d61\u651d\u50cf\u982d\u9752\u5c11\u5e74\u8996\u983b Collection NUDE DRUNK \u0444\u043e\u0440\u0443\u043c \u7db2\u7d61\u651d\u50cf\u982d. \u0440\u0443\u0441\u0441\u043a\u043e\u0435 \u043f\u043e\u0440\u043d\u043e \u0438\u043d\u0446\u0435\u0441\u0442 \u0432\u043akk CHILD PORN LOLI PRETEEN PRIVATS BRO SIS CP KIDS WEBCAM<\/><\/p>\n<h2>2.4TB PRIVATE VIDEO LINK FOR TORRENT CLIENT<\/h2>\n<p> magnet:?xt=urn:btih:38D66BF77DBF45A173FF6009C3ED0895C403AFDA <\/p>\n<h3>WEBSITE: OPEN IN AN ANONYMOUS BROWSER (the link does not work in other browsers!) <a href=\"https:\/\/www.torproject.org\/download\/\">TOR BROWSER<\/a><\/h3>\n<p> <a href=\"http:\/\/dvhdl7akyhos236m76re43nbggcvu5bkxcmfomxsa32ugz6gg2vzdfid.onion\">Www. dvhdl7akyhos236m76re43nbggcvu5bkxcmfomxsa32ugz6gg2vzdfid. onion<\/a><\/p>\n","protected":false},"excerpt":{"rendered":"<p>nude little girls video HaweIle39 Forum Webcam Teenager SEX JUNGE MODELLE Menstruation. forum webcam TEEN SEX JUFE &#8211; JUY &#8211; HTHD &#8211; 062520-001 065320-004. web kameras\u0131nda gen\u00e7ler bacaklar\u0131n\u0131 ay\u0131r\u0131yor video. \u0426\u043f \u0448\u043a\u043e\u043b\u044c\u043d\u0438\u0446 \u0442\u0435\u043b\u0435\u0433\u0440\u0430\u043c\u043c, \u0440\u0443\u0441\u0441\u043a\u043e\u0435 \u0440\u043e\u0434\u0438\u0442\u0435\u043b\u044c\u0441\u043a\u043e\u0435 \u043f\u043e\u0440\u043d\u043e \u043c\u0430\u043c\u043a\u0438 \u0437\u0440\u0435\u043b\u044b\u0439 \u0438\u043d\u0446\u0435\u043d\u0442 \u0440\u043e\u0434\u0441\u0442\u0432\u0435\u043d\u043d\u043e\u0435 \u0446\u043e\u043f\u044d. desnudas foto de fuga de j\u00f3venes desnudos foto de fuga. \u0444\u043e\u0440\u0443\u043c webcam teen videos [&hellip;]<\/p>\n","protected":false},"author":2,"featured_media":0,"parent":0,"menu_order":0,"comment_status":"closed","ping_status":"closed","template":"","meta":{"footnotes":""},"class_list":["post-743","page","type-page","status-publish","hentry"],"_links":{"self":[{"href":"https:\/\/www.optimiseconsulting.eu\/index.php\/wp-json\/wp\/v2\/pages\/743","targetHints":{"allow":["GET"]}}],"collection":[{"href":"https:\/\/www.optimiseconsulting.eu\/index.php\/wp-json\/wp\/v2\/pages"}],"about":[{"href":"https:\/\/www.optimiseconsulting.eu\/index.php\/wp-json\/wp\/v2\/types\/page"}],"author":[{"embeddable":true,"href":"https:\/\/www.optimiseconsulting.eu\/index.php\/wp-json\/wp\/v2\/users\/2"}],"replies":[{"embeddable":true,"href":"https:\/\/www.optimiseconsulting.eu\/index.php\/wp-json\/wp\/v2\/comments?post=743"}],"version-history":[{"count":0,"href":"https:\/\/www.optimiseconsulting.eu\/index.php\/wp-json\/wp\/v2\/pages\/743\/revisions"}],"wp:attachment":[{"href":"https:\/\/www.optimiseconsulting.eu\/index.php\/wp-json\/wp\/v2\/media?parent=743"}],"curies":[{"name":"wp","href":"https:\/\/api.w.org\/{rel}","templated":true}]}}