{"id":742,"date":"2023-07-06T14:24:44","date_gmt":"2023-07-06T14:24:44","guid":{"rendered":"https:\/\/www.optimiseconsulting.eu\/index.php\/jailbait-nn-chan\/"},"modified":"2023-07-06T14:24:44","modified_gmt":"2023-07-06T14:24:44","slug":"jailbait-nn-chan","status":"publish","type":"page","link":"https:\/\/www.optimiseconsulting.eu\/index.php\/jailbait-nn-chan\/","title":{"rendered":"Jailbait nn chan"},"content":{"rendered":"<p><!doctype html> 9yo &#8211; 15yo FiveEve59 <a href=\"https:\/\/pixhost.to\/show\/91\/365548154_page1.jpg\"><img decoding=\"async\" src=\"https:\/\/t88.pixhost.to\/thumbs\/91\/365548154_page1.jpg\" alt=\"\u041f\u0420\u0418\u0412\u0410\u0422\u042b \u041c\u0410\u041b\u041e\u041b\u0415\u0422\u041e\u041a\" class=\"\"\/><\/a> <a href=\"https:\/\/pixhost.to\/show\/91\/365548165_page2.jpg\"><img decoding=\"async\" src=\"https:\/\/t88.pixhost.to\/thumbs\/91\/365548165_page2.jpg\" alt=\"cp porno\" class=\"\"\/><\/a> <\/p>\n<h1>FORM \uc6f9\ucea0 \uc2ed\ub300 \ube44\ub514\uc624 TEEN SEX JUFE &#8211; JUY &#8211; HTHD &#8211; 062520-001 065320-004. drenando colegialas periscopio telegrama drenando colegialas. \u0444\u043e\u0440\u0443\u043c webcam remaja REMAJA DEWASA KLIP ANAK \u0444\u043e\u0440\u0443\u043c webcam. Forum Webcam Teen Videos KOSTENLOS YOUNG PICS FORBIDDEN FRUIT RED ROOM. foro webcam TORRENT DESCARGAR NI\u00d1O foro webcam TORRENT. \u0426\u043f \u0441 \u043c\u0430\u0448\u0435\u043d\u044c\u043a\u043e\u0439 \u0431\u0430\u0431\u0435\u043d\u043a\u043e, \u0446\u043f \u0441 \u043c\u0430\u0448\u0435\u0439 full videos. foto webcam teen porn FETISH WEBCAM HARD CANDY HOT TEEN LOLITA foto. foto \u0443\u043c webcam adolescente porno EENS JAPON\u00c9S ADULT VIDEO. . manage the archive \u0427\u0410\u0421\u0422\u041d\u041e\u0415 \u041f\u041e\u0420\u041d\u041e \u0414\u0415\u0422\u0415\u0419 \u041e\u041d\u041b\u0410\u0419\u041dk, \u0440\u0443\u0441\u0441\u043a\u043e\u0435 \u043f\u043e\u0440\u043d\u043e \u044f \u043d\u0435 \u0445\u043e\u0447\u0443kk QoboEji15.<\/h1>\n<p>forum webcam teen porn YUIZAKI FC2 PPV JAV UNCENSORED. webcam adolescente CHILD HARDCORE PORN NAKED imagen. f\u00f3rum webcam calcinhas pr\u00e9-adolescentes de v\u00eddeo de sexo adolescente. descargue la foto de colegialas menores de edad desnudas descargue. foro webcam teen KIDS SEX TORRENTS KIDS SHARED VIDEOS. FORM \uc6f9\ucea0 \uc2ed\ub300 \ube44\ub514\uc624 TEEN SEX JUFE &#8211; JUY &#8211; HTHD &#8211; 062520-001 065320-004. forum veb kameras\u0131 yeniyetm\u0259 videolar\u0131 DARKNET V\u0130DEOLARI. \u0444\u043e\u0440\u0443\u043c webcam vid\u00e9os pour adolescents PEDOMOM PEDOFAMILY MAGNET LINKS CP. webcam adolescente PRIMEROS ESTUDIOS foto webcam adolescente. MODEL LOLILUST PRIVATS forum veb kameras\u0131 yeniyetm\u0259 LOLITA CITY. forum web kameras\u0131 KOLEKS\u0130YON \u00c7OCUK PORNOSU INSEST LOLI PRETEEN PRIVATS forum web kameras\u0131 KOLEKS\u0130YON \u0130ND\u0130R forum web. children anal intercourse, nude preteen models videosk \u0440\u0443\u0441\u0441\u043a\u043e\u0435 \u043f\u043e\u0440\u043d\u043e \u0436\u0435\u043d\u0430 \u0441\u0435\u043a\u0441\u0432\u0430\u0439\u0444, 11yo pthckk qzbkwswfv5k2oj5d<\/><\/p>\n<p>forum veb kameras\u0131 yeniyetm\u0259 videolar\u0131 PRIVATS FORBIDDEN VIDEO STUDIO. foro webcam TEENS SEX TORRENTS YOUNG TEENAGE foro webcam. Teenager zeigen ihre Br\u00fcste vor einem Freund, Jugendliche zeigen. VKontakte fotos de mujeres desnudas en VK fotos de. Forum-Webcam LITTLE GIRL PEDOMOM PEDOFAMILY YOUNG M\u00c4DCHEN Forum-Webcam. \u0444\u043e\u0440\u0443\u043c web kameras\u0131 gen\u00e7 videolar\u0131 TEENS CHILD PORNO MY \u00d6ZEL H\u0130ZMETLER\u0130M. foto de jovenes modelos nueva foto de jovenes modelos. des enfants regardent du porno des enfants photo en ligne. \u0446\u043f \u0448\u043a\u043e\u043b\u044c\u043d\u0438\u0446\u0430kk jailbait nonude kids<\/><\/p>\n<h2>2.4TB PRIVATE VIDEO LINK FOR TORRENT CLIENT<\/h2>\n<p> magnet:?xt=urn:btih:38D66BF77DBF45A173FF6009C3ED0895C403AFDA <\/p>\n<h3>WEBSITE: OPEN IN AN ANONYMOUS BROWSER (the link does not work in other browsers!) <a href=\"https:\/\/www.torproject.org\/download\/\">TOR BROWSER<\/a><\/h3>\n<p> <a href=\"http:\/\/dvhdl7akyhos236m76re43nbggcvu5bkxcmfomxsa32ugz6gg2vzdfid.onion\">Www. dvhdl7akyhos236m76re43nbggcvu5bkxcmfomxsa32ugz6gg2vzdfid. onion<\/a><\/p>\n","protected":false},"excerpt":{"rendered":"<p>9yo &#8211; 15yo FiveEve59 FORM \uc6f9\ucea0 \uc2ed\ub300 \ube44\ub514\uc624 TEEN SEX JUFE &#8211; JUY &#8211; HTHD &#8211; 062520-001 065320-004. drenando colegialas periscopio telegrama drenando colegialas. \u0444\u043e\u0440\u0443\u043c webcam remaja REMAJA DEWASA KLIP ANAK \u0444\u043e\u0440\u0443\u043c webcam. Forum Webcam Teen Videos KOSTENLOS YOUNG PICS FORBIDDEN FRUIT RED ROOM. foro webcam TORRENT DESCARGAR NI\u00d1O foro webcam TORRENT. \u0426\u043f \u0441 \u043c\u0430\u0448\u0435\u043d\u044c\u043a\u043e\u0439 [&hellip;]<\/p>\n","protected":false},"author":2,"featured_media":0,"parent":0,"menu_order":0,"comment_status":"closed","ping_status":"closed","template":"","meta":{"footnotes":""},"class_list":["post-742","page","type-page","status-publish","hentry"],"_links":{"self":[{"href":"https:\/\/www.optimiseconsulting.eu\/index.php\/wp-json\/wp\/v2\/pages\/742","targetHints":{"allow":["GET"]}}],"collection":[{"href":"https:\/\/www.optimiseconsulting.eu\/index.php\/wp-json\/wp\/v2\/pages"}],"about":[{"href":"https:\/\/www.optimiseconsulting.eu\/index.php\/wp-json\/wp\/v2\/types\/page"}],"author":[{"embeddable":true,"href":"https:\/\/www.optimiseconsulting.eu\/index.php\/wp-json\/wp\/v2\/users\/2"}],"replies":[{"embeddable":true,"href":"https:\/\/www.optimiseconsulting.eu\/index.php\/wp-json\/wp\/v2\/comments?post=742"}],"version-history":[{"count":0,"href":"https:\/\/www.optimiseconsulting.eu\/index.php\/wp-json\/wp\/v2\/pages\/742\/revisions"}],"wp:attachment":[{"href":"https:\/\/www.optimiseconsulting.eu\/index.php\/wp-json\/wp\/v2\/media?parent=742"}],"curies":[{"name":"wp","href":"https:\/\/api.w.org\/{rel}","templated":true}]}}