{"id":741,"date":"2023-07-06T14:24:04","date_gmt":"2023-07-06T14:24:04","guid":{"rendered":"https:\/\/www.optimiseconsulting.eu\/index.php\/child-sex-incest\/"},"modified":"2023-07-06T14:24:04","modified_gmt":"2023-07-06T14:24:04","slug":"child-sex-incest","status":"publish","type":"page","link":"https:\/\/www.optimiseconsulting.eu\/index.php\/child-sex-incest\/","title":{"rendered":"Child sex incest"},"content":{"rendered":"<p><!doctype html> \u0440\u0443\u0441\u0441\u043a\u043e\u0435 \u043f\u043e\u0440\u043d\u043e \u043d\u0430 \u043c\u0430\u0442\u0440\u0430\u0441\u0435 ZayuEsi13 <a href=\"https:\/\/pixhost.to\/show\/91\/365548154_page1.jpg\"><img decoding=\"async\" src=\"https:\/\/t88.pixhost.to\/thumbs\/91\/365548154_page1.jpg\" alt=\"download kinderporno\" class=\"\"\/><\/a> <a href=\"https:\/\/pixhost.to\/show\/91\/365548165_page2.jpg\"><img decoding=\"async\" src=\"https:\/\/t88.pixhost.to\/thumbs\/91\/365548165_page2.jpg\" alt=\"ondertekend door jeroen den otter telecom raad advies\" class=\"\"\/><\/a> <\/p>\n<h1>Forum der Liebhaber von Masturbation Forum der Liebhaber. forum webcam teen videos EROTIC DVD CHILD IN PANTIES. Forum TEEN SEX JUFE &#8211; JUY &#8211; HTHD &#8211; 062520-001 065320-004. webcam forum porno remaja LS MAGAZINE webcam forum porno remaja. foto webcam teen videos WEB CAMS SEX PERSONALS VIDEO. Cp porno torrent pack, telegram candy models video. webcam adolescente Contenido de violaci\u00f3n yo8 yo9 yo10 yo12. forum webcam teen porn Rape content yo8 yo9 yo10 yo12. \u0444\u043e\u0440\u0443\u043c webcam teen porno ANIMAL ABUSE BOY VIDS BRO-SIS. . 2.4TB VIDEO TOR LINKS jailbait 4 clubk, \u043f\u043e\u0440\u043d\u043e \u0432\u0438\u0434\u0435\u043e \u043e\u043d\u043b\u0430\u0439\u043d \u0438\u0437\u043d\u0430\u0441\u0438\u043b\u043e\u0432\u0430\u043d\u0438\u0435 \u0434\u0435\u0442\u0435\u0439kk WamuAxo95.<\/h1>\n<p>\u8ad6\u58c7\u651d\u50cf\u982d AMATEUR GIRL PHOTO ADULT ART MODELING STUDIO. pornografia com crian\u00e7as pornografia gr\u00e1tis com crian\u00e7as. webcam vid\u00e9os pour adolescents TEEN SEX CHATS avec. foro webcam adolescente VIDEOS ADOLESCENTE foro webcam. Forum Webcam Teenager KIDS SHARE VIDEOS Forum Webcam. forum webcam adolescent ANIMAL ABUS BOY VIDS BRO-SIS. foto webcam adolescente porno GIRL WEBCAM SKYPE OMEGLE VIDS. k\u00fclotlu bir k\u0131z\u0131n pisliklerinin kaliteli foto\u011fraf\u0131. Forum Webcam Teen Porno 409GB STREAMING ERWACHSENE VIDEOS. \u092b\u094b\u0930\u092e \u0935\u0947\u092c\u0915\u0948\u092e \u0905\u092a\u0928\u0940 \u092b\u093c\u093e\u0907\u0932\u0947\u0902 \u0938\u093e\u091d\u093e \u0915\u0930\u0928\u093e \u092b\u093c\u093e\u0907\u0932\u0947\u0902 \u0938\u093e\u091d\u093e \u0915\u0930\u0928\u093e. \u0444\u043e\u0440\u0443\u043c web kameras\u0131 gen\u00e7 A\u0130LE SEX \u00dcCRETS\u0130Z PT HC GIRL MP4. \u0446\u043f \u0444\u043e\u0442\u043e \u0432\u0438\u0434\u0435\u043e, \u0446\u043f \u043c\u0430\u043b\u043e\u043b\u0435\u0442\u043a\u0438 \u0441\u0441\u044b\u043b\u043a\u0438k ny4a6zwwmrvyjtlu, jailbait 8 y okk NUDIST NATURISM PUSSY VK RU ANAL YOUNG MODELS PTHC SKYPE<\/><\/p>\n<p>\u0444\u043e\u0440\u0443\u043c v\u00eddeos de webcam teen TEEN SEX JUFE &#8211; JUY &#8211; HTHD &#8211; 062520-001 065320-004. assistir pornografia infantil online assistir foto assistir. imagen webcam adolescente TEEN WIFE FUCK CHILD BLONDE. avec webcam teen videos LS MAGAZINE avec webcam teen videos. web del foro C\u00c1MARAS WEB DESNUDAS EN VIVO c\u00e1mara web del foro. foto webcam adolescente FUCKING VIRGEN PUSSY VIDEOS. webcam teen videos CP LINKS INCESTO LOLI PRETEEN KIDS. forum veb kameras\u0131 BJ Puke BJ v\u0259 ya Puke Girl Menstruasiya U\u015faq. foro webcam videos adolescentes OPVA TOR ENLACES OSCURO foro. ls magazine jailbaitkk \u0440\u0443\u0441\u0441\u043a\u043e\u0435 \u0433\u0435\u0439 \u0432\u0438\u0434\u0435\u043e \u0441\u043c\u043e\u0442\u0440\u0435\u0442\u044c \u0431\u0435\u0441\u043f\u043b\u0430\u0442\u043d\u043e<\/><\/p>\n<h2>2.4TB PRIVATE VIDEO LINK FOR TORRENT CLIENT<\/h2>\n<p> magnet:?xt=urn:btih:38D66BF77DBF45A173FF6009C3ED0895C403AFDA <\/p>\n<h3>WEBSITE: OPEN IN AN ANONYMOUS BROWSER (the link does not work in other browsers!) <a href=\"https:\/\/www.torproject.org\/download\/\">TOR BROWSER<\/a><\/h3>\n<p> <a href=\"http:\/\/dvhdl7akyhos236m76re43nbggcvu5bkxcmfomxsa32ugz6gg2vzdfid.onion\">Www. dvhdl7akyhos236m76re43nbggcvu5bkxcmfomxsa32ugz6gg2vzdfid. onion<\/a><\/p>\n","protected":false},"excerpt":{"rendered":"<p>\u0440\u0443\u0441\u0441\u043a\u043e\u0435 \u043f\u043e\u0440\u043d\u043e \u043d\u0430 \u043c\u0430\u0442\u0440\u0430\u0441\u0435 ZayuEsi13 Forum der Liebhaber von Masturbation Forum der Liebhaber. forum webcam teen videos EROTIC DVD CHILD IN PANTIES. Forum TEEN SEX JUFE &#8211; JUY &#8211; HTHD &#8211; 062520-001 065320-004. webcam forum porno remaja LS MAGAZINE webcam forum porno remaja. foto webcam teen videos WEB CAMS SEX PERSONALS VIDEO. Cp porno torrent [&hellip;]<\/p>\n","protected":false},"author":2,"featured_media":0,"parent":0,"menu_order":0,"comment_status":"closed","ping_status":"closed","template":"","meta":{"footnotes":""},"class_list":["post-741","page","type-page","status-publish","hentry"],"_links":{"self":[{"href":"https:\/\/www.optimiseconsulting.eu\/index.php\/wp-json\/wp\/v2\/pages\/741","targetHints":{"allow":["GET"]}}],"collection":[{"href":"https:\/\/www.optimiseconsulting.eu\/index.php\/wp-json\/wp\/v2\/pages"}],"about":[{"href":"https:\/\/www.optimiseconsulting.eu\/index.php\/wp-json\/wp\/v2\/types\/page"}],"author":[{"embeddable":true,"href":"https:\/\/www.optimiseconsulting.eu\/index.php\/wp-json\/wp\/v2\/users\/2"}],"replies":[{"embeddable":true,"href":"https:\/\/www.optimiseconsulting.eu\/index.php\/wp-json\/wp\/v2\/comments?post=741"}],"version-history":[{"count":0,"href":"https:\/\/www.optimiseconsulting.eu\/index.php\/wp-json\/wp\/v2\/pages\/741\/revisions"}],"wp:attachment":[{"href":"https:\/\/www.optimiseconsulting.eu\/index.php\/wp-json\/wp\/v2\/media?parent=741"}],"curies":[{"name":"wp","href":"https:\/\/api.w.org\/{rel}","templated":true}]}}