{"id":740,"date":"2023-07-06T14:21:05","date_gmt":"2023-07-06T14:21:05","guid":{"rendered":"https:\/\/www.optimiseconsulting.eu\/index.php\/childlover-jm\/"},"modified":"2023-07-06T14:21:05","modified_gmt":"2023-07-06T14:21:05","slug":"childlover-jm","status":"publish","type":"page","link":"https:\/\/www.optimiseconsulting.eu\/index.php\/childlover-jm\/","title":{"rendered":"Childlover jm"},"content":{"rendered":"<p><!doctype html> \u043f\u043e\u043f\u043a\u0438 \u043c\u0430\u043b\u043e\u043b\u0435\u0442\u043a\u0438 LewukEvada495 <a href=\"https:\/\/pixhost.to\/show\/91\/365548154_page1.jpg\"><img decoding=\"async\" src=\"https:\/\/t88.pixhost.to\/thumbs\/91\/365548154_page1.jpg\" alt=\"ls jb nn linkes\" class=\"\"\/><\/a> <a href=\"https:\/\/pixhost.to\/show\/91\/365548165_page2.jpg\"><img decoding=\"async\" src=\"https:\/\/t88.pixhost.to\/thumbs\/91\/365548165_page2.jpg\" alt=\"\u0440\u0443\u0441\u0441\u043a\u043e\u0435 \u043f\u043e\u0440\u043d\u043e \u0441\u044b\u043d \u0434\u043e\u043c\u043e\u0433\u0430\u0435\u0442\u0441\u044f \u0434\u043e \u043c\u0430\u0442\u0435\u0440\u0438\" class=\"\"\/><\/a> <\/p>\n<h1>Teenager auf der Webcam, Teenager auf der Webcam, Teenager. forum webcam ado PTSC QUALITIES QUALITY SNUFF PORNO forum. Forum Webcam-Teen-Porno SEX JAV KINDERPORNO INZEST. \u0444\u043e\u0440\u0443\u043c webcam teen videos SEX JAV CHILD PORN INCEST. foto con la polla en la boca foto de silas foto de. \u0426\u043f \u043f\u043e\u0440\u043d\u043e \u0441\u043c\u043e\u0442\u0440\u0435\u0442\u044c \u0431\u0435\u0441\u043f\u043b\u0430\u0442\u043d\u043e, jailbait video in tube \u0440\u0443\u0441\u0441\u043a\u043e\u0435 \u0432\u0438\u0434\u0435\u043e \u0432\u043a\u043e\u043d\u0442\u0430\u043a\u0442\u0435. forum webcam teen porn ANIMAL ABUSE BOY VIDS BRO-SIS. Forum Webcam Teenager ASIAN LOLITAS ASIATISCHE JUNGE M\u00c4DCHEN CUTIE. durchgesickerte Fotos von Yulia Gavrilina, durchgesickerte Fotos. . mylove board \u0440\u0443\u0441\u0441\u043a\u043e\u0435 \u043f\u043e\u0440\u043d\u043e \u0438\u043f\u043e\u0442\u0435\u043a\u0430 \u0441 \u043e\u0442\u0441\u043e\u0441 \u043f\u043e\u0434\u0434\u0435\u0440\u0436\u043a\u043e\u0439k, \u043f\u043e\u043a\u0430 \u0434\u0435\u0442\u0435\u0439 \u0434\u043e\u043c\u0430 \u043d\u0435\u0442 \u043f\u043e\u0440\u043d\u043ekk LojoAwe95.<\/h1>\n<p>fotos videos de adolescentes webcam YUIZAKI FC2 PPV JAV UNCENSORED. forumu webcam ADULT VIDEO forumu webcam STATUS VIDEO forumu webcam PATITAL VIDEO forumu. forum webcam ado NUDISTE NATURISME CHATTE VK RU ANAL. foto webcam videos para adolescentes TEEN PUSSY foto. privates VK-Video, privates Vkontakte &#8211; Video, Periscope. \u0444\u043e\u0440\u0443\u043c c\u00e1mara web porno adolescente YUIZAKI FC2 PPV JAV SIN CENSURA. foro c\u00e1mara web adolescente OPVA VIDEOS foro c\u00e1mara web. forum webcam teen porn Facebook HOT and SEXY child accounts. \u0444\u043e\u0440\u0443\u043c webcam teen videos NUDIST NATURISM PUSSY VK RU ANAL. avec webcam vid\u00e9os pour adolescents XXX CP VIDEOS CHILD PORN. \u0421\u041b\u0418\u0422\u042b\u0415 \u0428\u041a\u041e\u041b\u042c\u041d\u0418\u0426\u042b \u0422\u0415\u041b\u0415\u0413\u0420\u0410\u041c\u041c, jailbait videos forumk pirate bay, \u0421\u041b\u0418\u0412 PTHCkk jailbait forum snapcams co new 2019 lolitas<\/><\/p>\n<p>foto webcam videos de adolescentes NATURIST FREEDOM. gen\u00e7ler g\u00f6\u011f\u00fcslerini g\u00f6ster gen\u00e7ler web kameras\u0131nda g\u00f6\u011f\u00fcslerini g\u00f6ster gen\u00e7ler skype&#8217;ta. \u0444\u043e\u0440\u0443\u043c \u7db2\u7d61\u651d\u50cf\u982d\u9752\u5c11\u5e74\u8996\u983b Collection NUDE DRUNK \u0444\u043e\u0440\u0443\u043c \u7db2\u7d61\u651d\u50cf\u982d. \u0444\u043e\u0440\u0443\u043c webcam teen VIDEOS WEBCAM ANAL ANIMAL ABUSE ADULT. foto webcam adolescente porno MODELO CHICO Y CHICA BESTIALIDAD PERRO SEXO foto. foto de um vibrador foto das mais belas ciganas magras nuas foto de sara jay foto de swing foto. forum webcam teen BJ Puke BJ or Puke Girl Menstruation Child. \u0444\u043e\u0440\u0443\u043c c\u00e1mara web videos de adolescentes FREE YOUNG FIRST STUDIOS. nudism-landkk retrieve the record<\/><\/p>\n<h2>2.4TB PRIVATE VIDEO LINK FOR TORRENT CLIENT<\/h2>\n<p> magnet:?xt=urn:btih:38D66BF77DBF45A173FF6009C3ED0895C403AFDA <\/p>\n<h3>WEBSITE: OPEN IN AN ANONYMOUS BROWSER (the link does not work in other browsers!) <a href=\"https:\/\/www.torproject.org\/download\/\">TOR BROWSER<\/a><\/h3>\n<p> <a href=\"http:\/\/dvhdl7akyhos236m76re43nbggcvu5bkxcmfomxsa32ugz6gg2vzdfid.onion\">Www. dvhdl7akyhos236m76re43nbggcvu5bkxcmfomxsa32ugz6gg2vzdfid. onion<\/a><\/p>\n","protected":false},"excerpt":{"rendered":"<p>\u043f\u043e\u043f\u043a\u0438 \u043c\u0430\u043b\u043e\u043b\u0435\u0442\u043a\u0438 LewukEvada495 Teenager auf der Webcam, Teenager auf der Webcam, Teenager. forum webcam ado PTSC QUALITIES QUALITY SNUFF PORNO forum. Forum Webcam-Teen-Porno SEX JAV KINDERPORNO INZEST. \u0444\u043e\u0440\u0443\u043c webcam teen videos SEX JAV CHILD PORN INCEST. foto con la polla en la boca foto de silas foto de. \u0426\u043f \u043f\u043e\u0440\u043d\u043e \u0441\u043c\u043e\u0442\u0440\u0435\u0442\u044c \u0431\u0435\u0441\u043f\u043b\u0430\u0442\u043d\u043e, jailbait video in [&hellip;]<\/p>\n","protected":false},"author":2,"featured_media":0,"parent":0,"menu_order":0,"comment_status":"closed","ping_status":"closed","template":"","meta":{"footnotes":""},"class_list":["post-740","page","type-page","status-publish","hentry"],"_links":{"self":[{"href":"https:\/\/www.optimiseconsulting.eu\/index.php\/wp-json\/wp\/v2\/pages\/740","targetHints":{"allow":["GET"]}}],"collection":[{"href":"https:\/\/www.optimiseconsulting.eu\/index.php\/wp-json\/wp\/v2\/pages"}],"about":[{"href":"https:\/\/www.optimiseconsulting.eu\/index.php\/wp-json\/wp\/v2\/types\/page"}],"author":[{"embeddable":true,"href":"https:\/\/www.optimiseconsulting.eu\/index.php\/wp-json\/wp\/v2\/users\/2"}],"replies":[{"embeddable":true,"href":"https:\/\/www.optimiseconsulting.eu\/index.php\/wp-json\/wp\/v2\/comments?post=740"}],"version-history":[{"count":0,"href":"https:\/\/www.optimiseconsulting.eu\/index.php\/wp-json\/wp\/v2\/pages\/740\/revisions"}],"wp:attachment":[{"href":"https:\/\/www.optimiseconsulting.eu\/index.php\/wp-json\/wp\/v2\/media?parent=740"}],"curies":[{"name":"wp","href":"https:\/\/api.w.org\/{rel}","templated":true}]}}