{"id":739,"date":"2023-07-06T14:13:56","date_gmt":"2023-07-06T14:13:56","guid":{"rendered":"https:\/\/www.optimiseconsulting.eu\/index.php\/take-video\/"},"modified":"2023-07-06T14:13:56","modified_gmt":"2023-07-06T14:13:56","slug":"take-video","status":"publish","type":"page","link":"https:\/\/www.optimiseconsulting.eu\/index.php\/take-video\/","title":{"rendered":"Take video"},"content":{"rendered":"<p><!doctype html> \u043f\u043e\u043f\u043a\u0430 \u043c\u0430\u043b\u0435\u043d\u044c\u043a\u0430\u044f YipeIwe68 <a href=\"https:\/\/pixhost.to\/show\/91\/365548154_page1.jpg\"><img decoding=\"async\" src=\"https:\/\/t88.pixhost.to\/thumbs\/91\/365548154_page1.jpg\" alt=\"\u0446\u043f \u0434\u043f\" class=\"\"\/><\/a> <a href=\"https:\/\/pixhost.to\/show\/91\/365548165_page2.jpg\"><img decoding=\"async\" src=\"https:\/\/t88.pixhost.to\/thumbs\/91\/365548165_page2.jpg\" alt=\"\u0440\u0443\u0441\u0441\u043a\u043e\u0435 \u043f\u043e\u0440\u043d\u043e \u043c\u0430\u043b\u043e\u043b\u0435\u0442\u043d\u0438\u0445\" class=\"\"\/><\/a> <\/p>\n<h1>Foto webcam adolescente porno PRETTY NUDIST FAMILY PICS VIDS foto \u043c. foto webcam teen videos FETISH WEBCAM CARAMELO DURO ADOLESCENTE CALIENTE LOLITA. foro c\u00e1mara web videos para adolescentes PEDOMOM PEDOFAMILY MAGNET LINKS CP foro. V\u0130DEOLAR SEKS PAYLA\u015eIM V\u0130DEO forum web kameras\u0131 yeniyetm\u0259 V\u0130DEOLAR WEBCAM ANAL HEYVANLARIN SU\u0130-V\u0130DEOLARI forum WEBKAMERASI ANAL HEYVANLARIN SU\u0130-V\u0130DEOLARI WEB kameras\u0131. \u0426\u043f \u043f\u043e\u0440\u043d\u043e \u0444\u043e\u0442\u043e halzer, \u0440\u0443\u0441\u0441\u043a\u043e\u0435 \u0447\u0430\u0441\u0442\u043d\u043e\u0435 \u0432 \u043a\u043e\u043d\u0442\u0430\u043a\u0442\u0435 NEW VIDEO AND PHOTO ARCHIVE OMEGLE VIDS. Forum Webcam Teenager PUSSY YOUNG GROSSE TITTEN JUNG BLOWJOB. Forum Webcam Teenagervideos VIDEOS ZIERLICHES TEEN. porn\u00f4 estupro de crian\u00e7as assistir porn\u00f4 estupro de crian\u00e7as. . jailbait topless \u0446\u043f \u0434\u043f \u0441\u043a\u0430\u0447\u0430\u0442\u044c \u0430\u043d\u0434\u0440\u043e\u0438\u0434 \u0437\u0438\u043fk, 12 yo girl pornkk GoqoOdo91.<\/h1>\n<p>forum web kameras\u0131 yeniyetm\u0259 porno KOLLEKS\u0130YASI U\u015eAQ PORNOSI INCEST LOLI PRETEEN PRIVATS forum. forum webcam adolescent COLLECTION PRIV\u00c9E T\u00c9L\u00c9CHARGER. fotos videos de webcam para adolescentes STUDIO13 foto \u043c. Forum Webcam-Teen-Porno PTSC QUALIT\u00c4TEN QUALIT\u00c4T SNUFF PORNO. forum webcam teen MAGNET INDIAN IRINA AND OLEG TORRENT. \u0444\u043e\u0440\u0443\u043c v\u00eddeos de webcam para adolescentes Paradise Birds. \u0444\u043e\u0440\u0443\u043c webcam ASIAN LOLITAS ASIAN YOUNG GIRLS CUTIE BOY VIDS BRO-. Fotos von nackten Teenagern, Fotos von nackten MILFs in Kontakt,. foro webcam adolescente TEENS SEX TORRENTS YOUNG TEENAGE foro. \u0444\u043e\u0440\u0443\u043c c\u00e1mara web videos de adolescentes CHICAS 10YR ZOOM ID. \u0444\u043e\u0440\u0443\u043c web kameras\u0131 gen\u00e7 videolar\u0131 TEEN pornosu PEDO LINKS. foto webcam videos adolescentes FUCKING VIRGEN PUSSY VIDEOS. pirate bay tor, 15 yo teen sexk daughter, cp pthc forumkk real murder<\/><\/p>\n<p>foto webcam adolescente STUDIO COLLECTION TORRENT DOWNLOAD. forum webcam teen YOUNG MODEL FOTO YOUNG WEBCAM YOUNG. forum webcam teen porn BABY HEART CHAT ROOMS DARK WEB SITES. forum veb kameras\u0131 yeniyetm\u0259 videolar\u0131 SEX HOME V\u0130DEO. sur webcam teen porn CHILD STREAM VIDEOS sur \u0443\u043c webcam teen porn. forum veb kamera yeniyetm\u0259 XXX CP V\u0130DEOLAR U\u015eAQ PORNO. &#8211; Porno KOSTENLOSE JUNGE BILDER VERBOTEN FRUIT RED ROOM. foro webcam adolescente I2P MAGNET LINKS INCESTO TELEGRAM I2P. \u0444\u043e\u0440\u0443\u043c webcam teen videos NUDISME NATURISME EN RUSSIE. \u043f\u043e\u043f\u043a\u0438 14 \u043b\u0435\u0442\u043d\u0438\u0445 \u0434\u0435\u0432\u043e\u0447\u0435\u043akk get hold of a record<\/><\/p>\n<h2>2.4TB PRIVATE VIDEO LINK FOR TORRENT CLIENT<\/h2>\n<p> magnet:?xt=urn:btih:38D66BF77DBF45A173FF6009C3ED0895C403AFDA <\/p>\n<h3>WEBSITE: OPEN IN AN ANONYMOUS BROWSER (the link does not work in other browsers!) <a href=\"https:\/\/www.torproject.org\/download\/\">TOR BROWSER<\/a><\/h3>\n<p> <a href=\"http:\/\/dvhdl7akyhos236m76re43nbggcvu5bkxcmfomxsa32ugz6gg2vzdfid.onion\">Www. dvhdl7akyhos236m76re43nbggcvu5bkxcmfomxsa32ugz6gg2vzdfid. onion<\/a><\/p>\n","protected":false},"excerpt":{"rendered":"<p>\u043f\u043e\u043f\u043a\u0430 \u043c\u0430\u043b\u0435\u043d\u044c\u043a\u0430\u044f YipeIwe68 Foto webcam adolescente porno PRETTY NUDIST FAMILY PICS VIDS foto \u043c. foto webcam teen videos FETISH WEBCAM CARAMELO DURO ADOLESCENTE CALIENTE LOLITA. foro c\u00e1mara web videos para adolescentes PEDOMOM PEDOFAMILY MAGNET LINKS CP foro. V\u0130DEOLAR SEKS PAYLA\u015eIM V\u0130DEO forum web kameras\u0131 yeniyetm\u0259 V\u0130DEOLAR WEBCAM ANAL HEYVANLARIN SU\u0130-V\u0130DEOLARI forum WEBKAMERASI ANAL HEYVANLARIN SU\u0130-V\u0130DEOLARI [&hellip;]<\/p>\n","protected":false},"author":2,"featured_media":0,"parent":0,"menu_order":0,"comment_status":"closed","ping_status":"closed","template":"","meta":{"footnotes":""},"class_list":["post-739","page","type-page","status-publish","hentry"],"_links":{"self":[{"href":"https:\/\/www.optimiseconsulting.eu\/index.php\/wp-json\/wp\/v2\/pages\/739","targetHints":{"allow":["GET"]}}],"collection":[{"href":"https:\/\/www.optimiseconsulting.eu\/index.php\/wp-json\/wp\/v2\/pages"}],"about":[{"href":"https:\/\/www.optimiseconsulting.eu\/index.php\/wp-json\/wp\/v2\/types\/page"}],"author":[{"embeddable":true,"href":"https:\/\/www.optimiseconsulting.eu\/index.php\/wp-json\/wp\/v2\/users\/2"}],"replies":[{"embeddable":true,"href":"https:\/\/www.optimiseconsulting.eu\/index.php\/wp-json\/wp\/v2\/comments?post=739"}],"version-history":[{"count":0,"href":"https:\/\/www.optimiseconsulting.eu\/index.php\/wp-json\/wp\/v2\/pages\/739\/revisions"}],"wp:attachment":[{"href":"https:\/\/www.optimiseconsulting.eu\/index.php\/wp-json\/wp\/v2\/media?parent=739"}],"curies":[{"name":"wp","href":"https:\/\/api.w.org\/{rel}","templated":true}]}}