{"id":738,"date":"2023-07-06T13:59:45","date_gmt":"2023-07-06T13:59:45","guid":{"rendered":"https:\/\/www.optimiseconsulting.eu\/index.php\/opva-tor-links\/"},"modified":"2023-07-06T13:59:45","modified_gmt":"2023-07-06T13:59:45","slug":"opva-tor-links","status":"publish","type":"page","link":"https:\/\/www.optimiseconsulting.eu\/index.php\/opva-tor-links\/","title":{"rendered":"Opva tor links"},"content":{"rendered":"<p><!doctype html> \u0440\u0443\u0441\u0441\u043a\u043e\u0435 \u0432\u0438\u0434\u0435\u043e \u0441 \u0434\u0438\u0430\u043b\u043e\u0433\u0430\u043c\u0438 \u0432 \u043a\u043e\u043d\u0442\u0430\u043a\u0442\u0435 JudiOpa19 <a href=\"https:\/\/pixhost.to\/show\/91\/365548154_page1.jpg\"><img decoding=\"async\" src=\"https:\/\/t88.pixhost.to\/thumbs\/91\/365548154_page1.jpg\" alt=\"jailbait 5yo\" class=\"\"\/><\/a> <a href=\"https:\/\/pixhost.to\/show\/91\/365548165_page2.jpg\"><img decoding=\"async\" src=\"https:\/\/t88.pixhost.to\/thumbs\/91\/365548165_page2.jpg\" alt=\"11 yo boy strip omegle vk\" class=\"\"\/><\/a> <\/p>\n<h1>Foro webcam adolescente MOVING TORRENT 409GB CHILD NUDE foro webcam. Forum-Webcam SPYCAM LOLI VIDEO Forum-Webcam STICKAM Forum. \u043e\u0440\u0443\u043c webcam v\u00eddeos adolescentes SEX BABES VIDS SEX CAM. \u0426\u043f \u043f\u043e\u0440\u043d\u043e \u0447\u0442\u043e \u044d\u0442\u043e, \u0440\u0443\u0441\u0441\u043a\u043e\u0435 \u043f\u043e\u0440\u043d\u043e \u0438\u043d\u0446\u0435\u0441\u0442 \u043f\u0430\u043f\u0430 \u0441 \u0434\u043e\u0447\u043a\u043e\u0439 to browse files. forum webcam teen Facebook HOT and SEXY child accounts. adolescente TELEGRAM CHANNEL foro webcam adolescente TELEGRAM CHANNEL TENMODEL foro. foto webcam porno adolescente BJ Puke BJ or Puke Girl. . number of files \u0414\u0415\u0422\u0421\u041a\u041e\u0415 \u041f\u041e\u0420\u0415\u0412\u041e \u0421\u041a\u0410\u0427\u0410\u0422\u042ck, \u0446\u043f 4chankk XunejExari326.<\/h1>\n<p>Forum Webcam-Teenager-Porno JUNGE TEENAGER-M\u00c4DCHEN-. \u0444\u043e\u0440\u0443\u043c webcam teen porn PRIVATS FORBIDDEN VIDEO STUDIO. avec webcam teen videos magnet links TORRENT CHILD PORN YOUNG. forum webcam adolescent T\u00c9L\u00c9CHARGER ENFANT PORNO INCEST. desnudas foto de fuga de j\u00f3venes desnudos foto de fuga. t\u00e9l\u00e9charger gratuitement la vid\u00e9o du contact avec une fille nue. \u0444\u043e\u0440\u0443\u043c webcam vid\u00e9os pour adolescents catalogue de sites d&#8217;oignons i2p. forum webcam teen porn VIDEOS WEBCAM ANAL ANIMAL ABUSE ADULT. Foto von sexy Schulm\u00e4dchen Foto von Familie Naturalismus. vk peaux drainantes vid\u00e9o vkontakte peaux drainantes. prohibido foto porno ni\u00f1os video prohibido ni\u00f1os porno prohibido. owner of the collection, \u0431\u0435\u0441\u043f\u043b\u0430\u0442\u043d\u043e\u0435 \u043f\u043e\u0440\u043d\u043e \u0441 \u0443\u0447\u0430\u0441\u0442\u0438\u0435\u043c \u0434\u0435\u0442\u0435\u0439k \u0440\u0443\u0441\u0441\u043a\u043e\u0435 \u0440\u0435\u0442\u0440\u043e \u043f\u043e\u0440\u043d\u043e \u0438\u043d\u0446\u0435\u0441\u0442, lsmodelskk OPVA VIDEOS<\/><\/p>\n<p>Forum Webcam Teen-Pornos TEENS KINDERPORNO MEINE PRIVATEN. foro webcam adolescente EXPLOIT KITS HURTCORE EXPLOITS. forum webcam teen porn ANIMAL ABUSE BOY VIDS BRO-SIS. c\u00e1mara web del foro SEXO VIDEO PREADOLESCENTES BRAGAS c\u00e1mara web del foro SEXO VIDEO COMPARTIR ENLACES PRIVADO c\u00e1mara web del foro VIDEOS DE SEXO DESCARGAR. foto videos de webcam para adolescentes STUDIO COLLECTION TORRENT DOWNLOAD. forum webcam adolescent COLLECTION PRIV\u00c9E T\u00c9L\u00c9CHARGER. \u0444\u043e\u0440\u0443\u043c c\u00e1mara web videos de adolescentes SNUFF VIDEO. forum veb kameras\u0131 yeniyetm\u0259 LS MODEL LOLILUST forum veb kameras\u0131 yeniyetm\u0259. foro webcam videos adolescentes ONION VIDEOS foro webcam videos adolescentes. \u0421\u041b\u0418\u0412 \u0421\u0422\u0420\u0418\u041c\u0415\u0420\u0428kk JULYJAILBAIT<\/><\/p>\n<h2>2.4TB PRIVATE VIDEO LINK FOR TORRENT CLIENT<\/h2>\n<p> magnet:?xt=urn:btih:38D66BF77DBF45A173FF6009C3ED0895C403AFDA <\/p>\n<h3>WEBSITE: OPEN IN AN ANONYMOUS BROWSER (the link does not work in other browsers!) <a href=\"https:\/\/www.torproject.org\/download\/\">TOR BROWSER<\/a><\/h3>\n<p> <a href=\"http:\/\/dvhdl7akyhos236m76re43nbggcvu5bkxcmfomxsa32ugz6gg2vzdfid.onion\">Www. dvhdl7akyhos236m76re43nbggcvu5bkxcmfomxsa32ugz6gg2vzdfid. onion<\/a><\/p>\n","protected":false},"excerpt":{"rendered":"<p>\u0440\u0443\u0441\u0441\u043a\u043e\u0435 \u0432\u0438\u0434\u0435\u043e \u0441 \u0434\u0438\u0430\u043b\u043e\u0433\u0430\u043c\u0438 \u0432 \u043a\u043e\u043d\u0442\u0430\u043a\u0442\u0435 JudiOpa19 Foro webcam adolescente MOVING TORRENT 409GB CHILD NUDE foro webcam. Forum-Webcam SPYCAM LOLI VIDEO Forum-Webcam STICKAM Forum. \u043e\u0440\u0443\u043c webcam v\u00eddeos adolescentes SEX BABES VIDS SEX CAM. \u0426\u043f \u043f\u043e\u0440\u043d\u043e \u0447\u0442\u043e \u044d\u0442\u043e, \u0440\u0443\u0441\u0441\u043a\u043e\u0435 \u043f\u043e\u0440\u043d\u043e \u0438\u043d\u0446\u0435\u0441\u0442 \u043f\u0430\u043f\u0430 \u0441 \u0434\u043e\u0447\u043a\u043e\u0439 to browse files. forum webcam teen Facebook HOT and SEXY child accounts. [&hellip;]<\/p>\n","protected":false},"author":2,"featured_media":0,"parent":0,"menu_order":0,"comment_status":"closed","ping_status":"closed","template":"","meta":{"footnotes":""},"class_list":["post-738","page","type-page","status-publish","hentry"],"_links":{"self":[{"href":"https:\/\/www.optimiseconsulting.eu\/index.php\/wp-json\/wp\/v2\/pages\/738","targetHints":{"allow":["GET"]}}],"collection":[{"href":"https:\/\/www.optimiseconsulting.eu\/index.php\/wp-json\/wp\/v2\/pages"}],"about":[{"href":"https:\/\/www.optimiseconsulting.eu\/index.php\/wp-json\/wp\/v2\/types\/page"}],"author":[{"embeddable":true,"href":"https:\/\/www.optimiseconsulting.eu\/index.php\/wp-json\/wp\/v2\/users\/2"}],"replies":[{"embeddable":true,"href":"https:\/\/www.optimiseconsulting.eu\/index.php\/wp-json\/wp\/v2\/comments?post=738"}],"version-history":[{"count":0,"href":"https:\/\/www.optimiseconsulting.eu\/index.php\/wp-json\/wp\/v2\/pages\/738\/revisions"}],"wp:attachment":[{"href":"https:\/\/www.optimiseconsulting.eu\/index.php\/wp-json\/wp\/v2\/media?parent=738"}],"curies":[{"name":"wp","href":"https:\/\/api.w.org\/{rel}","templated":true}]}}