{"id":737,"date":"2023-07-06T13:54:00","date_gmt":"2023-07-06T13:54:00","guid":{"rendered":"https:\/\/www.optimiseconsulting.eu\/index.php\/dog-boots\/"},"modified":"2023-07-06T13:54:00","modified_gmt":"2023-07-06T13:54:00","slug":"dog-boots","status":"publish","type":"page","link":"https:\/\/www.optimiseconsulting.eu\/index.php\/dog-boots\/","title":{"rendered":"Dog boots"},"content":{"rendered":"<p><!doctype html> \u0440\u0443\u0441\u0441\u043a\u043e\u0435 \u043f\u043e\u0440\u043d\u043e \u0438\u043d\u0446\u0435\u0441\u0442 \u043c\u0430\u043c\u0430 \u043f\u0430\u043f\u0430 \u0438 \u0434 HiyuIfe60 <a href=\"https:\/\/pixhost.to\/show\/91\/365548154_page1.jpg\"><img decoding=\"async\" src=\"https:\/\/t88.pixhost.to\/thumbs\/91\/365548154_page1.jpg\" alt=\"14 year old girl porn\" class=\"\"\/><\/a> <a href=\"https:\/\/pixhost.to\/show\/91\/365548165_page2.jpg\"><img decoding=\"async\" src=\"https:\/\/t88.pixhost.to\/thumbs\/91\/365548165_page2.jpg\" alt=\"13 yo teen\" class=\"\"\/><\/a> <\/p>\n<h1>Web del foro Menstruaci\u00f3n Hurtcore Stresscore c\u00e1mara web del. forum veb kameras\u0131 yeniyetm\u0259 LITTLE GIRL XXX 10 YEAR. fotos videos de webcam para adolescentes HELIOS NATURA videos. Forum Webcam-Teen-Porno PTSC QUALIT\u00c4TEN QUALIT\u00c4T SNUFF PORNO. Cp pack incest download, \u0421\u041b\u0418\u0412 \u041f\u041e\u0414\u0420\u041e\u0421\u0422\u041a\u041e\u0412 15 \u0434\u0435\u0442\u043a\u0438 \u043f\u043e\u0440\u043d\u043e \u0444\u043e\u0442\u043e. foto videos de webcam para adolescentes HOME VIDEO TEEN STREAMING ver. foto webcam teen porn FREE FOTOS JOVENES FRUTA PROHIBIDA SALA ROJA. . 14yo fuck \u0440\u0443\u0441\u0441\u043a\u043e\u0435 \u043f\u043e\u0440\u043d\u043e \u043c\u0430\u0442\u044c \u0441\u044b\u043d \u0438 \u0434\u043e\u0447\u044ck, 14 yo asian twinkskk DojaIti29.<\/h1>\n<p>foto de jovenes modelos nueva foto de jovenes modelos. \u0444\u043e\u0440\u0443\u043c webcam teen porn VID\u00c9OS WEBCAM ANAL ANIMAL ABUS ADULT. forum webcam teen File sharing share files file downloads. forum webcam teen videos CHILD PORN INCEST LOLI PRETEEN PRIVATS. Forum Webcam ERWACHSENE VIDEO Forum Webcam AMATEUR M\u00c4DCHEN FOTO. \u0444\u043e\u0440\u0443\u043c \u0935\u0947\u092c\u0915\u0948\u092e \u0915\u093f\u0936\u094b\u0930 \u0905\u0936\u094d\u0932\u0940\u0932 PEDOMOM PEDOFAMILY MAGNET LINKS CP. peque\u00f1os foto de nalgas de ni\u00f1os peque\u00f1os foto de porno. forum webcam teen MODEL BOY AND GIRL BEASTIALITY DOG SEX. Eltern, ficken Kinder, Eltern, ficken Kinder, Pornovideos, Eltern. \u0444\u043e\u0440\u0443\u043c c\u00e1mara web porno adolescente YUIZAKI FC2 PPV JAV SIN CENSURA. descargar fotos porno de ni\u00f1os desnudos descargar porn. \u0440\u0443\u0441\u0441\u043a\u043e\u0435 \u043f\u043e\u0440\u043d\u043e \u0441 \u043c\u0430\u043c\u043e\u0439 \u0438 \u0434\u043e\u0447\u043a\u043e\u0439, cp watch onlinek jailbait amateur nude, \u0440\u0443\u0441\u0441\u043a\u043e\u0435 \u043f\u043e\u0440\u043d\u043e \u0441 \u043f\u0435\u0440\u0438\u0441\u043a\u043e\u043f\u0430kk \u043f\u043e\u0440\u043d\u043e \u0432\u0438\u0434\u0435\u043e \u0434\u043b\u044f \u043f\u043e\u0434\u0440\u043e\u0441\u0442\u043a\u043e\u0432<\/><\/p>\n<p>durchgesickertes Video von jungen M\u00e4dchen aus VK, das. forum webcam teen I2P MAGNET LINKS INCEST TELEGRAM I2P. foro webcam porno adolescente MAGNET INDIAN IRINA AND OLEG TORRENT. forumu webcam ADULT VIDEO forumu webcam STATUS VIDEO forumu webcam PATITAL VIDEO forumu. forum web kameras\u0131 teen EXPLOIT KITS HURTCORE EXPLOITS. t\u00e9l\u00e9charger souris russe concours de beaut\u00e9 sib\u00e9rien. forum webcam teen porn Menstruation Hurtcore Stresscore. k\u0131zlar\u0131n foto\u011fraf\u0131 g\u00fcm\u00fc\u015f y\u0131ld\u0131zlar\u0131n gen\u00e7 k\u0131zlar\u0131n\u0131n foto\u011fraf\u0131 modellerin. Teenager auf der Webcam, Teenager auf der Webcam, Teenager. \u044d\u0440\u043e\u0442\u0438\u0447\u0435\u0441\u043a\u0438\u0435 \u0438 \u043f\u043e\u0440\u043d\u043e \u0444\u043e\u0442\u043e \u0434\u0435\u0442\u0435\u0439kk \u0440\u0443\u0441\u0441\u043a\u043e\u0435 \u043f\u043e\u0440\u043d\u043e \u043e\u0431\u043a\u043e\u043d\u0447\u0430\u043b<\/><\/p>\n<h2>2.4TB PRIVATE VIDEO LINK FOR TORRENT CLIENT<\/h2>\n<p> magnet:?xt=urn:btih:38D66BF77DBF45A173FF6009C3ED0895C403AFDA <\/p>\n<h3>WEBSITE: OPEN IN AN ANONYMOUS BROWSER (the link does not work in other browsers!) <a href=\"https:\/\/www.torproject.org\/download\/\">TOR BROWSER<\/a><\/h3>\n<p> <a href=\"http:\/\/dvhdl7akyhos236m76re43nbggcvu5bkxcmfomxsa32ugz6gg2vzdfid.onion\">Www. dvhdl7akyhos236m76re43nbggcvu5bkxcmfomxsa32ugz6gg2vzdfid. onion<\/a><\/p>\n","protected":false},"excerpt":{"rendered":"<p>\u0440\u0443\u0441\u0441\u043a\u043e\u0435 \u043f\u043e\u0440\u043d\u043e \u0438\u043d\u0446\u0435\u0441\u0442 \u043c\u0430\u043c\u0430 \u043f\u0430\u043f\u0430 \u0438 \u0434 HiyuIfe60 Web del foro Menstruaci\u00f3n Hurtcore Stresscore c\u00e1mara web del. forum veb kameras\u0131 yeniyetm\u0259 LITTLE GIRL XXX 10 YEAR. fotos videos de webcam para adolescentes HELIOS NATURA videos. Forum Webcam-Teen-Porno PTSC QUALIT\u00c4TEN QUALIT\u00c4T SNUFF PORNO. Cp pack incest download, \u0421\u041b\u0418\u0412 \u041f\u041e\u0414\u0420\u041e\u0421\u0422\u041a\u041e\u0412 15 \u0434\u0435\u0442\u043a\u0438 \u043f\u043e\u0440\u043d\u043e \u0444\u043e\u0442\u043e. foto videos de [&hellip;]<\/p>\n","protected":false},"author":2,"featured_media":0,"parent":0,"menu_order":0,"comment_status":"closed","ping_status":"closed","template":"","meta":{"footnotes":""},"class_list":["post-737","page","type-page","status-publish","hentry"],"_links":{"self":[{"href":"https:\/\/www.optimiseconsulting.eu\/index.php\/wp-json\/wp\/v2\/pages\/737","targetHints":{"allow":["GET"]}}],"collection":[{"href":"https:\/\/www.optimiseconsulting.eu\/index.php\/wp-json\/wp\/v2\/pages"}],"about":[{"href":"https:\/\/www.optimiseconsulting.eu\/index.php\/wp-json\/wp\/v2\/types\/page"}],"author":[{"embeddable":true,"href":"https:\/\/www.optimiseconsulting.eu\/index.php\/wp-json\/wp\/v2\/users\/2"}],"replies":[{"embeddable":true,"href":"https:\/\/www.optimiseconsulting.eu\/index.php\/wp-json\/wp\/v2\/comments?post=737"}],"version-history":[{"count":0,"href":"https:\/\/www.optimiseconsulting.eu\/index.php\/wp-json\/wp\/v2\/pages\/737\/revisions"}],"wp:attachment":[{"href":"https:\/\/www.optimiseconsulting.eu\/index.php\/wp-json\/wp\/v2\/media?parent=737"}],"curies":[{"name":"wp","href":"https:\/\/api.w.org\/{rel}","templated":true}]}}