{"id":736,"date":"2023-07-06T13:53:09","date_gmt":"2023-07-06T13:53:09","guid":{"rendered":"https:\/\/www.optimiseconsulting.eu\/index.php\/ahnliche-kopien\/"},"modified":"2023-07-06T13:53:09","modified_gmt":"2023-07-06T13:53:09","slug":"ahnliche-kopien","status":"publish","type":"page","link":"https:\/\/www.optimiseconsulting.eu\/index.php\/ahnliche-kopien\/","title":{"rendered":"Ahnliche kopien"},"content":{"rendered":"<p><!doctype html> nudism-land VoqoAfo83 <a href=\"https:\/\/pixhost.to\/show\/91\/365548154_page1.jpg\"><img decoding=\"async\" src=\"https:\/\/t88.pixhost.to\/thumbs\/91\/365548154_page1.jpg\" alt=\"11yo boy\" class=\"\"\/><\/a> <a href=\"https:\/\/pixhost.to\/show\/91\/365548165_page2.jpg\"><img decoding=\"async\" src=\"https:\/\/t88.pixhost.to\/thumbs\/91\/365548165_page2.jpg\" alt=\"8 yo adry plays nice\" class=\"\"\/><\/a> <\/p>\n<h1>Forum Webcam Teen BABY HEART CHAT ROOMS DARK WEBSITES. \u0444\u043e\u0440\u0443\u043c webcam teen videos FUCKING VIRGIN PUSSY VIDEOS. Forum Webcam-Teenager-Videos SEX BABES VIDS SEX CAM-Forum Webcam-Teenager-. foto webcam videos para adolescentes PRETEEN PRIVATS. \u0426\u043f \u043c\u0430\u0448\u0430 \u0431\u0430\u0431\u043a\u043e 1st studio \u043c\u0430\u043b\u043e\u043b\u0435\u0442\u043a\u0430 \u0448\u043a\u043e\u043b\u044c\u043d\u0438\u0446\u0430, \u0438\u0437\u043d\u0430\u0441\u0438\u043b\u043e\u0432\u0430\u043d\u0438\u0435 \u0434\u0435\u0442\u0435\u0439 \u043f\u043e\u0440\u043d\u043e \u0432\u0438\u0434\u0435\u043e page edges. forum web kameras\u0131 XXX CP VIDEOS CHILD PORN forum web. Durchsickern von Fotos von Wichsern, Durchsickern von. Forum Webcam Teenager M\u00c4DCHEN PRIORI RUSSISCHE TEENS Forum Webcam. . cp \u0444\u043e\u0440\u0443\u043c \u043f\u043e\u0440\u043d\u043e \u0434\u0435\u0442\u0435\u0439 11k, \u0441\u0435\u043a\u0441 \u0434\u0435\u0442\u0435\u0439 \u043e\u043d\u043b\u0430\u0439\u043d \u0432\u0438\u0434\u0435\u043e \u0431\u0435\u0441\u043f\u043b\u0430\u0442\u043d\u043ekk XuqiEzi50.<\/h1>\n<p>forum webcam teen porn GIRLS PRIORI HARD CANDY YOUNG TEEN SEX VIDEOS. \u0444\u043e\u0440\u0443\u043c c\u00e1mara web adolescente porno J\u00d3VENES ADOLESCENTES. foro webcam adolescente 409GB SEXO ADOLESCENTE ADOLESCENTES. forum webcam adolescent MEGA LINKS PRIVATE T\u00c9L\u00c9CHARGEMENT DE VID\u00c9OS EN TORRENT. Forum Webcam Teen Videos PEDOMOM PEDOFAMILY MAGNET LINKS CP. Forum Webcam-Teen-Videos TEENS SEX TORRENTS YOUNG TEENAGE. \u0444\u043e\u0440\u0443\u043c videos de webcam para adolescentes ZOOPHILES ZOOPHILIA BEAST. videos videos de adolescentes webcam ZOO CANDYDOLL CANDY videos. forum webcam teen videos PRETTY NUDIST FAMILY PICS VIDS. Forum Webcam-Teen-Videos TEENS SEX TORRENTS YOUNG TEENAGE. forum webcam teen TEEN SEX JUFE &#8211; JUY &#8211; HTHD &#8211; 062520-001 065320-004. forum webcam teen porn Facebook HOT and SEXY child accounts. \u0442\u0438\u0439\u043d\u0435\u0439\u0434\u0436\u044a\u0440, \u0446\u043f porn torrentk jailbait teen porn, \u043f\u043e\u043f\u043a\u0438 \u043c\u0430\u043b\u0435\u043d\u044c\u043a\u0438\u0445 \u0434\u0435\u0432\u043e\u0447\u0435\u043akk center of page<\/><\/p>\n<p>webcam forum LITTLE GIRL PEDOMOM PEDOFAMILY YOUNG GIRLS. foto webcam videos de adolescentes PINK HOLE Magic CP. foto de fuga de chicas de redes sociales telegramas. webcam videos de adolescentes Sex-Doll Violaci\u00f3n contenido yo8 yo9 yo10 yo12. c\u00e1mara web videos adolescentes JUNIOR NUDIST JB KITTY foro c\u00e1mara web. webcam TOPLESS CHILD SUCK foto \u0443\u043c webcam teen videos. foto \u0443\u043c webcam adolescente porno EENS JAPON\u00c9S ADULT VIDEO. webcam teen videos VIDEOS WEBCAM ANAL ANI MAL ABUSO ADULTO. \u0421\u041b\u0418\u0412 \u042e\u041d\u042b\u0425 \u041c\u0410\u041b\u041e\u041b\u0415\u0422\u041e\u041akk reviews<\/><\/p>\n<h2>2.4TB PRIVATE VIDEO LINK FOR TORRENT CLIENT<\/h2>\n<p> magnet:?xt=urn:btih:38D66BF77DBF45A173FF6009C3ED0895C403AFDA <\/p>\n<h3>WEBSITE: OPEN IN AN ANONYMOUS BROWSER (the link does not work in other browsers!) <a href=\"https:\/\/www.torproject.org\/download\/\">TOR BROWSER<\/a><\/h3>\n<p> <a href=\"http:\/\/dvhdl7akyhos236m76re43nbggcvu5bkxcmfomxsa32ugz6gg2vzdfid.onion\">Www. dvhdl7akyhos236m76re43nbggcvu5bkxcmfomxsa32ugz6gg2vzdfid. onion<\/a><\/p>\n","protected":false},"excerpt":{"rendered":"<p>nudism-land VoqoAfo83 Forum Webcam Teen BABY HEART CHAT ROOMS DARK WEBSITES. \u0444\u043e\u0440\u0443\u043c webcam teen videos FUCKING VIRGIN PUSSY VIDEOS. Forum Webcam-Teenager-Videos SEX BABES VIDS SEX CAM-Forum Webcam-Teenager-. foto webcam videos para adolescentes PRETEEN PRIVATS. \u0426\u043f \u043c\u0430\u0448\u0430 \u0431\u0430\u0431\u043a\u043e 1st studio \u043c\u0430\u043b\u043e\u043b\u0435\u0442\u043a\u0430 \u0448\u043a\u043e\u043b\u044c\u043d\u0438\u0446\u0430, \u0438\u0437\u043d\u0430\u0441\u0438\u043b\u043e\u0432\u0430\u043d\u0438\u0435 \u0434\u0435\u0442\u0435\u0439 \u043f\u043e\u0440\u043d\u043e \u0432\u0438\u0434\u0435\u043e page edges. forum web kameras\u0131 XXX CP VIDEOS CHILD PORN [&hellip;]<\/p>\n","protected":false},"author":2,"featured_media":0,"parent":0,"menu_order":0,"comment_status":"closed","ping_status":"closed","template":"","meta":{"footnotes":""},"class_list":["post-736","page","type-page","status-publish","hentry"],"_links":{"self":[{"href":"https:\/\/www.optimiseconsulting.eu\/index.php\/wp-json\/wp\/v2\/pages\/736","targetHints":{"allow":["GET"]}}],"collection":[{"href":"https:\/\/www.optimiseconsulting.eu\/index.php\/wp-json\/wp\/v2\/pages"}],"about":[{"href":"https:\/\/www.optimiseconsulting.eu\/index.php\/wp-json\/wp\/v2\/types\/page"}],"author":[{"embeddable":true,"href":"https:\/\/www.optimiseconsulting.eu\/index.php\/wp-json\/wp\/v2\/users\/2"}],"replies":[{"embeddable":true,"href":"https:\/\/www.optimiseconsulting.eu\/index.php\/wp-json\/wp\/v2\/comments?post=736"}],"version-history":[{"count":0,"href":"https:\/\/www.optimiseconsulting.eu\/index.php\/wp-json\/wp\/v2\/pages\/736\/revisions"}],"wp:attachment":[{"href":"https:\/\/www.optimiseconsulting.eu\/index.php\/wp-json\/wp\/v2\/media?parent=736"}],"curies":[{"name":"wp","href":"https:\/\/api.w.org\/{rel}","templated":true}]}}