{"id":735,"date":"2023-07-06T13:47:23","date_gmt":"2023-07-06T13:47:23","guid":{"rendered":"https:\/\/www.optimiseconsulting.eu\/index.php\/question-answer\/"},"modified":"2023-07-06T13:47:23","modified_gmt":"2023-07-06T13:47:23","slug":"question-answer","status":"publish","type":"page","link":"https:\/\/www.optimiseconsulting.eu\/index.php\/question-answer\/","title":{"rendered":"Question answer"},"content":{"rendered":"<p><!doctype html> pedo links onion FizirUkiva524 <a href=\"https:\/\/pixhost.to\/show\/91\/365548154_page1.jpg\"><img decoding=\"async\" src=\"https:\/\/t88.pixhost.to\/thumbs\/91\/365548154_page1.jpg\" alt=\"\u043f\u043e\u043f\u043a\u0438 \u044e\u043d\u044b\u0445 \u0434\u0435\u0432\u043e\u0447\u0435\u043a \u043d\u044e\" class=\"\"\/><\/a> <a href=\"https:\/\/pixhost.to\/show\/91\/365548165_page2.jpg\"><img decoding=\"async\" src=\"https:\/\/t88.pixhost.to\/thumbs\/91\/365548165_page2.jpg\" alt=\"\u043f\u043e\u043f\u043a\u0430 \u0441\u0435\u0441\u0442\u0440\u044b \u0438\u043d\u0446\u0435\u0441\u0442\" class=\"\"\/><\/a> <\/p>\n<h1>Forum webcam remaja porno NECRO NECROPHILIA OMEGLE CAPTURES. Forum Webcam-Teen-Porno Menstruation Hurtcore Stresscore Forum Webcam-. Forum hoch Dateifreigabe Dateien teilen Datei-Downloads. foro webcam adolescente ENLACES IM\u00c1N CP HEBE OMEGLE VIDS foro. \u0426\u043f \u043c\u0430\u043b\u043e\u043b\u0435\u0442\u043d\u0438\u0435, nn images examine pages. webcam adolescente porno MAM\u00c1 Y HIJO MEGA ENLACE INCESTO ONLYFANS. forum EYAN EYAN WANZ WANZ YUIZAKI SAN WA NAGERU VOL EYAN-8 44. . drip on pages \u0447\u0430\u0441\u0442\u043d\u043e\u0435 \u043f\u043e\u0440\u043d\u043e \u0434\u0435\u0442\u0435\u0439 \u043e\u043d\u043b\u0430\u0439\u043dk, \u043f\u043e\u0440\u043d\u043e \u0432\u0438\u0434\u0435\u043e \u0434\u0435\u0432\u043e\u0447\u0435\u043a \u0434\u0432\u0435\u043d\u0430\u0434\u0446\u0430\u0442\u0438 \u043b\u0435\u0442kk FujeIna46.<\/h1>\n<p>\u0444\u043e\u0440\u0443\u043c videos de webcam para adolescentes ZOOPHILES. forum veb kameras\u0131 STUDIO KOLLEKS\u0130YASI TORRENT Y\u00dcKL\u018f. drainantes canaux priv\u00e9s drainant canaux priv\u00e9s drainant. Forum Webcam Teen MAGNET LINKS CP HEBE OMEGLE VIDS. Webcam du forum de la salle de bains Webcam du forum Falkovideo. Das Forum der Teenagervideos der Webcam, das Sexvideo, das H\u00f6schen des Teenagers. Wanz Forumu Eyan Eyan Wanz Wanz Yuizaki San Sanzaki Sanzaki San WA NAGERU Vol Eyan-844. foto webcam teen videos EXPLOIT KITS HURTCORE EXPLOITS. forum veb kameras\u0131 yeniyetm\u0259 videolar\u0131 WEBCAM PORN. foro de amantes del incesto foro de amantes del collie. Jugendliche vor der Webcam selbst gemachte Jugendliche. zoo orgasm, cp rbr info ruk VIDEOS Naughty Hentai Twerk Porn Exklusive MyDirtyHobby Clips Stream Video Sleepover SEXY CANDID TEENS VOYEUR UPSKIRT, 12 yo torrentkk \u0440\u0443\u0441\u0441\u043a\u043e\u0435 \u043f\u043e\u0440\u043d\u043e \u0441\u044b\u043d \u0441 \u043f\u0430\u043f\u043e\u0439<\/><\/p>\n<p>forum webcam teen videos YOUNG MODEL FOTO YOUNG WEBCAM YOUNG. regardent du porno des enfants de violence en ligne. foro webcam adolescente ESCENAS LESBIANA foro webcam. Forum Webcam Teenager-Porno JUNGE JUGENDLICHE SEXVIDEOS RUSSISCHE JUGENDLICHE. forum webcam teen porn EYAN EYAN WANZ WANZ YUIZAKI SAN WA NAGERU VOL EYAN-844. forum webcam teen videos TEEN SEX JUFE &#8211; JUY &#8211; HTHD &#8211; 062520-001 065320-004. forum webcam teen videos ZOOPHILES ZOOPHILIA BEAST. C\u00e1mara web del foro para ADOLESCENTES ABUSO DE VIDEOS PARA NI\u00d1OS Y FAMILIARES C\u00e1mara web. drenando colegialas jovenes vk drenando colegialas jovenes dp cp telegramas. \u0440\u0443\u0441\u0441\u043a\u043e\u0435 \u0433\u0435\u0439 \u043f\u043e\u0440\u043d\u043e \u0441\u043c\u043e\u0442\u0440\u0435\u0442\u044c \u0431\u0435\u0441\u043f\u043b\u0430\u0442\u043d\u043ekk NUDISM NATURISM IN RUSSIA HELIOS NATURA HOLY NATURE NATURIST FREEDOM EUROVID VIDEOS<\/><\/p>\n<h2>2.4TB PRIVATE VIDEO LINK FOR TORRENT CLIENT<\/h2>\n<p> magnet:?xt=urn:btih:38D66BF77DBF45A173FF6009C3ED0895C403AFDA <\/p>\n<h3>WEBSITE: OPEN IN AN ANONYMOUS BROWSER (the link does not work in other browsers!) <a href=\"https:\/\/www.torproject.org\/download\/\">TOR BROWSER<\/a><\/h3>\n<p> <a href=\"http:\/\/dvhdl7akyhos236m76re43nbggcvu5bkxcmfomxsa32ugz6gg2vzdfid.onion\">Www. dvhdl7akyhos236m76re43nbggcvu5bkxcmfomxsa32ugz6gg2vzdfid. onion<\/a><\/p>\n","protected":false},"excerpt":{"rendered":"<p>pedo links onion FizirUkiva524 Forum webcam remaja porno NECRO NECROPHILIA OMEGLE CAPTURES. Forum Webcam-Teen-Porno Menstruation Hurtcore Stresscore Forum Webcam-. Forum hoch Dateifreigabe Dateien teilen Datei-Downloads. foro webcam adolescente ENLACES IM\u00c1N CP HEBE OMEGLE VIDS foro. \u0426\u043f \u043c\u0430\u043b\u043e\u043b\u0435\u0442\u043d\u0438\u0435, nn images examine pages. webcam adolescente porno MAM\u00c1 Y HIJO MEGA ENLACE INCESTO ONLYFANS. forum EYAN EYAN WANZ [&hellip;]<\/p>\n","protected":false},"author":2,"featured_media":0,"parent":0,"menu_order":0,"comment_status":"closed","ping_status":"closed","template":"","meta":{"footnotes":""},"class_list":["post-735","page","type-page","status-publish","hentry"],"_links":{"self":[{"href":"https:\/\/www.optimiseconsulting.eu\/index.php\/wp-json\/wp\/v2\/pages\/735","targetHints":{"allow":["GET"]}}],"collection":[{"href":"https:\/\/www.optimiseconsulting.eu\/index.php\/wp-json\/wp\/v2\/pages"}],"about":[{"href":"https:\/\/www.optimiseconsulting.eu\/index.php\/wp-json\/wp\/v2\/types\/page"}],"author":[{"embeddable":true,"href":"https:\/\/www.optimiseconsulting.eu\/index.php\/wp-json\/wp\/v2\/users\/2"}],"replies":[{"embeddable":true,"href":"https:\/\/www.optimiseconsulting.eu\/index.php\/wp-json\/wp\/v2\/comments?post=735"}],"version-history":[{"count":0,"href":"https:\/\/www.optimiseconsulting.eu\/index.php\/wp-json\/wp\/v2\/pages\/735\/revisions"}],"wp:attachment":[{"href":"https:\/\/www.optimiseconsulting.eu\/index.php\/wp-json\/wp\/v2\/media?parent=735"}],"curies":[{"name":"wp","href":"https:\/\/api.w.org\/{rel}","templated":true}]}}