{"id":734,"date":"2023-07-06T13:43:29","date_gmt":"2023-07-06T13:43:29","guid":{"rendered":"https:\/\/www.optimiseconsulting.eu\/index.php\/cp-v-ls-video\/"},"modified":"2023-07-06T13:43:29","modified_gmt":"2023-07-06T13:43:29","slug":"cp-v-ls-video","status":"publish","type":"page","link":"https:\/\/www.optimiseconsulting.eu\/index.php\/cp-v-ls-video\/","title":{"rendered":"\u0426\u043f \u0432 \u043b\u0441 \u0432\u0438\u0434\u0435\u043e"},"content":{"rendered":"<p><!doctype html> 12 yo sex LiheqAkubi967 <a href=\"https:\/\/pixhost.to\/show\/91\/365548154_page1.jpg\"><img decoding=\"async\" src=\"https:\/\/t88.pixhost.to\/thumbs\/91\/365548154_page1.jpg\" alt=\"cp video free\" class=\"\"\/><\/a> <a href=\"https:\/\/pixhost.to\/show\/91\/365548165_page2.jpg\"><img decoding=\"async\" src=\"https:\/\/t88.pixhost.to\/thumbs\/91\/365548165_page2.jpg\" alt=\"\u0446\u043f \u0444\u043e\u0442\u043e\u0430\u0440\u0445\u0438\u0432\" class=\"\"\/><\/a> <\/p>\n<h1>Forum HD webcam vid\u00e9os ados BJ Puke BJ ou Puke Girl. forum Partage de fichiers partage de fichiers t\u00e9l\u00e9chargements de fichiers. forum veb kameras\u0131 yeniyetm\u0259 videolar\u0131 ZOOF\u0130L\u0130YA V\u0130DEOLARI ALICE IN WONDERLAND. forum webcam teen videos BABY HEART CHAT ROOMS DARK WEB SITES. foto c\u00e1mara web videos adolescentes TEENS CHILD PORN. \u0426\u043f \u043c\u0430\u043b\u044c\u0447\u0438\u043a\u0438, \u0440\u0443\u0441\u0441\u043a\u043e\u0435 \u043c\u043e\u043b\u043e\u0434\u043e\u0435 \u043f\u043e\u0440\u043d\u043e cp \u0442\u0435\u043b\u0435\u0433\u0440\u0430\u043c. forum webcam teen CHILD PORN INCEST LOLI PRETEEN PRIVATS. sur webcam vid\u00e9os pour adolescents TOPLESS CHILD SUCK. forum LITTLE GIRL PEDOMOM PEDOFAMILY YOUNG Forum FILLES. . COMPLETE COLLECTION COLECCION 8yo 9yo 10yo 11yo \u043e\u0434\u0435\u0442\u044b\u0435 \u0434\u0435\u0432\u0443\u0448\u043a\u0438 \u0438 \u0433\u043e\u043b\u044b\u0435 \u043c\u0430\u043b\u044c\u0447\u0438\u043a\u0438k, 16 years girlkk GewiAxo84.<\/h1>\n<p>\u0444\u043e\u0440\u0443\u043c webcam porno adolescente p\u00e1jaros del para\u00edso. photo d&#8217;une fille dans la nature en \u00e9t\u00e9 nue photo d&#8217;. descargar a trav\u00e9s de torrent pel\u00edculas candy lips 1976. videos de adolescentes MAM\u00c1 E HIJO MEGA LINK INCESTO ONLYFANS. foro webcam adolescente MAM\u00c1 E HIJO MEGA LINK INCESTO ONLYFANS. \u092e\u0902\u091a \u0926\u0942\u0930\u0926\u0930\u093e\u091c \u0915\u0947 \u0936\u0949\u092a\u093f\u0902\u0917 \u092a\u094d\u0930\u0947\u092e\u093f\u092f\u094b\u0902 \u0915\u093e \u092e\u0902\u091a \u0905\u0928\u093e\u091a\u093e\u0930 \u092a\u094d\u0930\u0947\u092e\u093f\u092f\u094b\u0902 \u0915\u093e \u092e\u0902\u091a \u092e\u0941\u0916-. photo d&#8217;une fille dans une salle de bain sans visage photo d&#8217;une fille. webcam vid\u00e9os pour adolescents YUIZAKI FC2 PPV JAV UNCENSORED avec. forum webcam teen porn YOUNG MODEL FOTO YOUNG WEBCAM YOUNG. \u0446\u043f \u0444\u043e\u0442\u043e \u0432 \u0442\u0435\u043b\u0435\u0433\u0440\u0430\u043c, \u0440\u0443\u0441\u0441\u043a\u043e\u0435 \u043f\u043e\u0440\u043d\u043e \u0438\u043d\u0446\u0435\u0441\u0442 \u043f\u043e\u043b\u043d\u043e\u043c\u0435\u0442\u0440\u0430\u0436\u043d\u044b\u0439k \u0421\u041b\u0418\u0422\u042b\u0415 \u0424\u041e\u0422\u041e \u0418 \u0412\u0418\u0414\u0415\u041e \u0428\u041a\u041e\u041b\u042c\u041d\u0418\u0426, \u0440\u0443\u0441\u0441\u043a\u043e\u0435 \u043f\u043e\u0440\u043d\u043e \u0438\u043d\u0446\u0435\u0441\u0442 \u043c\u0430\u043c\u044b \u0438 \u0434\u043e\u0447\u043a\u0438kk jailbait forums<\/><\/p>\n<p>\u0444\u043e\u0440\u0443\u043c webcam videos para adolescentes BABY HEART CHAT ROOMS DARK WEB SITES. Forum Webcam KINDER TOILETTE Forum Webcam KINDER SPIELEN Forum. Forum-Webcam EYAN EYAN WANZ WANZ YUIZAKI SAN WA NAGERU VOL EYAN-844 Forum-Webcam. forum webcam yeniyetm\u0259 videolar\u0131 SEKS G\u018fNC MODELLER. avec webcam vid\u00e9os pour adolescents MOD\u00c8LES MEGANZ avec. Forum Webcam CANDYDOLL CANDY ERWACHSENE KINDER FAMILIE. foro webcam porno adolescente LOLICON SHOTACON SHOTA. \u0441\u043c\u043e\u0442\u0440\u0435\u0442\u044c \u043f\u0438\u0441\u044c\u043a\u0438 \u0434\u0435\u0442\u0435\u0439kk zoom conferencing<\/><\/p>\n<h2>2.4TB PRIVATE VIDEO LINK FOR TORRENT CLIENT<\/h2>\n<p> magnet:?xt=urn:btih:38D66BF77DBF45A173FF6009C3ED0895C403AFDA <\/p>\n<h3>WEBSITE: OPEN IN AN ANONYMOUS BROWSER (the link does not work in other browsers!) <a href=\"https:\/\/www.torproject.org\/download\/\">TOR BROWSER<\/a><\/h3>\n<p> <a href=\"http:\/\/dvhdl7akyhos236m76re43nbggcvu5bkxcmfomxsa32ugz6gg2vzdfid.onion\">Www. dvhdl7akyhos236m76re43nbggcvu5bkxcmfomxsa32ugz6gg2vzdfid. onion<\/a><\/p>\n","protected":false},"excerpt":{"rendered":"<p>12 yo sex LiheqAkubi967 Forum HD webcam vid\u00e9os ados BJ Puke BJ ou Puke Girl. forum Partage de fichiers partage de fichiers t\u00e9l\u00e9chargements de fichiers. forum veb kameras\u0131 yeniyetm\u0259 videolar\u0131 ZOOF\u0130L\u0130YA V\u0130DEOLARI ALICE IN WONDERLAND. forum webcam teen videos BABY HEART CHAT ROOMS DARK WEB SITES. foto c\u00e1mara web videos adolescentes TEENS CHILD PORN. \u0426\u043f [&hellip;]<\/p>\n","protected":false},"author":2,"featured_media":0,"parent":0,"menu_order":0,"comment_status":"closed","ping_status":"closed","template":"","meta":{"footnotes":""},"class_list":["post-734","page","type-page","status-publish","hentry"],"_links":{"self":[{"href":"https:\/\/www.optimiseconsulting.eu\/index.php\/wp-json\/wp\/v2\/pages\/734","targetHints":{"allow":["GET"]}}],"collection":[{"href":"https:\/\/www.optimiseconsulting.eu\/index.php\/wp-json\/wp\/v2\/pages"}],"about":[{"href":"https:\/\/www.optimiseconsulting.eu\/index.php\/wp-json\/wp\/v2\/types\/page"}],"author":[{"embeddable":true,"href":"https:\/\/www.optimiseconsulting.eu\/index.php\/wp-json\/wp\/v2\/users\/2"}],"replies":[{"embeddable":true,"href":"https:\/\/www.optimiseconsulting.eu\/index.php\/wp-json\/wp\/v2\/comments?post=734"}],"version-history":[{"count":0,"href":"https:\/\/www.optimiseconsulting.eu\/index.php\/wp-json\/wp\/v2\/pages\/734\/revisions"}],"wp:attachment":[{"href":"https:\/\/www.optimiseconsulting.eu\/index.php\/wp-json\/wp\/v2\/media?parent=734"}],"curies":[{"name":"wp","href":"https:\/\/api.w.org\/{rel}","templated":true}]}}