{"id":733,"date":"2023-07-06T13:14:08","date_gmt":"2023-07-06T13:14:08","guid":{"rendered":"https:\/\/www.optimiseconsulting.eu\/index.php\/file-type\/"},"modified":"2023-07-06T13:14:08","modified_gmt":"2023-07-06T13:14:08","slug":"file-type","status":"publish","type":"page","link":"https:\/\/www.optimiseconsulting.eu\/index.php\/file-type\/","title":{"rendered":"File type"},"content":{"rendered":"<p><!doctype html> \u0446\u043f \u043c\u0430\u0448\u0430 \u0431\u0430\u0431\u043a\u043e blogspot BodaUzu41 <a href=\"https:\/\/pixhost.to\/show\/91\/365548154_page1.jpg\"><img decoding=\"async\" src=\"https:\/\/t88.pixhost.to\/thumbs\/91\/365548154_page1.jpg\" alt=\"\u0440\u0443\u0441\u0441\u043a\u043e\u0435 \u043f\u043e\u0440\u043d\u043e \u0438\u043d\u0446\u0435\u0441\u0442 \u0441\u043a\u0430\u0447\u0430\u0442\u044c \u0431\u0435\u0441\u043f\u043b\u0430\u0442\u043d\u043e \u043d\u0430 \u0442\u0435\u043b\u0435\u0444\u043e\u043d\" class=\"\"\/><\/a> <a href=\"https:\/\/pixhost.to\/show\/91\/365548165_page2.jpg\"><img decoding=\"async\" src=\"https:\/\/t88.pixhost.to\/thumbs\/91\/365548165_page2.jpg\" alt=\"\u0421\u041b\u0418\u0412 \u041c\u0410\u041b\u041e\u041b\u0415\u0422\u041e\u041a \u0428\u041a\u041e\u041b\u042c\u041d\u0418\u0426 \u0422\u0415\u041b\u0415\u0413\u0420\u0410\u041c\u041c\" class=\"\"\/><\/a> <\/p>\n<h1>Forum webcam ado Sex-Doll Viol contenu yo8 yo9 yo10 yo12. forumu veb kameras\u0131 yeniyetm\u0259 PTHC TELEGRAM forumu veb kameras\u0131 yeniyetm\u0259 PTHC TODDLERCON. webcam adolescente JAILBAIT SKYPE PADRE E HIJA foro webcam adolescente. webcam adolescente JOVEN GRATIS PRIMEROS ESTUDIOS foto webcam adolescente. Cp link packs mega, \u0446\u043e\u043f\u0435 \u043f\u043e\u0440\u043d\u043e tween jb. drainant les t\u00e9l\u00e9grammes de fans en ligne de russes. forum webcam BJ Puke BJ or Puke Girl Menstruation Child. foro webcam videos adolescentes OPVA TOR ENLACES OSCURO foro. . 14 y o sex cp \u0446\u043fk, \u0441\u043a\u0430\u0447\u0430\u0442\u044c \u0434\u0435\u0442\u0441\u043a\u043e\u0435 \u043f\u043e\u0440\u043d\u043ekk MaduEja95.<\/h1>\n<p>Schulm\u00e4dchen Abfluss 16 Schulm\u00e4dchen Abfluss Telegramm Schulm\u00e4dchen. \u0444\u043e\u0440\u0443\u043c webcam teen porn ENFANTS \u00c0 LA MAISON ENFANTS \u0444\u043e\u0440\u0443\u043c webcam teen. forum veb kameras\u0131 YUIZAKI FC2 PPV JAV UNCENSOODEGA. Porno Teenager-Porno FAMILIENGEHEIMNIS-M\u00c4DCHEN-FOTO-SET. \u0444\u043e\u0440\u0443\u043c \u0935\u0947\u092c\u0915\u0948\u092e \u0915\u093f\u0936\u094b\u0930 \u0935\u0940\u0921\u093f\u092f\u094b \u0938\u0947\u0915\u094d\u0938 \u091c\u0947\u090f\u0935\u0940 \u091a\u093e\u0907\u0932\u094d\u0921 \u092a\u094b\u0930\u094d\u0928 \u0905\u0928\u093e\u091a\u093e\u0930. forum webcam teen videos TORRENT DOWNLOAD JAILBAIT. forum webcam teen videos LITTLE GIRL PEDOMOM PEDOFAMILY YOUNG GIRLS. \u0444\u043e\u0440\u0443\u043c webcam vid\u00e9os pour adolescents VID\u00c9OS DE FLUX D&#8217;ENFANTS. \u0444\u043e\u0440\u0443\u043c webcam adolescente porno LITTLE GIRL PEDOMOM PEDOFAMILY J\u00d3VENES. Forum Webcam-Teen-Porno FAMILIE SEX KOSTENLOS PTHC GIRL MP4. forumu veb kameras\u0131 yeniyetm\u0259 PTHC TELEGRAM forumu veb kameras\u0131 yeniyetm\u0259 PTHC TODDLERCON. forumu veb kameras\u0131 yeniyetm\u0259 SEX TEEN PUSSY PUSSYTEVIDEVIDEVIDEV\u0130DEV\u0130DEV\u0130DEO. 14 yo fucking, jailbait videos hentai tubek quora dark web quora darknet, 15yo girl pussykk zoofilia videos<\/><\/p>\n<p>forum webcam teen videos YOUNG PORN TORRENTS COLLEGE PORN VIDEOS. drainantes canaux priv\u00e9s drainant canaux priv\u00e9s drainant. foto webcam adolescente Share your Files sharing files. Forum Webcam Teen Videos PERISCOPE JK JAPANESE Forum Webcam Teen Videos. forum webcam ado PTSC QUALITIES QUALITY SNUFF PORNO forum. Forum Webcam Teen Sex-Doll Vergewaltigungsinhalt yo8 yo9 yo10 yo12. foro webcam porno adolescente MAGNET INDIAN IRINA AND OLEG TORRENT. forumu veb kameras\u0131 yeniyetm\u0259 PTHC TELEGRAM forumu veb kameras\u0131 yeniyetm\u0259 PTHC TODDLERCON. foro c\u00e1mara web adolescente HD COLLEGE GIRLS FUCKING. \u0440\u0443\u0441\u0441\u043a\u043e\u0435 \u043f\u043e\u0440\u043d\u043e \u0437\u0440\u0435\u043b\u044b\u0445 \u0432 \u043d\u0435\u0439\u043b\u043e\u043d\u0435kk amateur model forum<\/><\/p>\n<h2>2.4TB PRIVATE VIDEO LINK FOR TORRENT CLIENT<\/h2>\n<p> magnet:?xt=urn:btih:38D66BF77DBF45A173FF6009C3ED0895C403AFDA <\/p>\n<h3>WEBSITE: OPEN IN AN ANONYMOUS BROWSER (the link does not work in other browsers!) <a href=\"https:\/\/www.torproject.org\/download\/\">TOR BROWSER<\/a><\/h3>\n<p> <a href=\"http:\/\/dvhdl7akyhos236m76re43nbggcvu5bkxcmfomxsa32ugz6gg2vzdfid.onion\">Www. dvhdl7akyhos236m76re43nbggcvu5bkxcmfomxsa32ugz6gg2vzdfid. onion<\/a><\/p>\n","protected":false},"excerpt":{"rendered":"<p>\u0446\u043f \u043c\u0430\u0448\u0430 \u0431\u0430\u0431\u043a\u043e blogspot BodaUzu41 Forum webcam ado Sex-Doll Viol contenu yo8 yo9 yo10 yo12. forumu veb kameras\u0131 yeniyetm\u0259 PTHC TELEGRAM forumu veb kameras\u0131 yeniyetm\u0259 PTHC TODDLERCON. webcam adolescente JAILBAIT SKYPE PADRE E HIJA foro webcam adolescente. webcam adolescente JOVEN GRATIS PRIMEROS ESTUDIOS foto webcam adolescente. Cp link packs mega, \u0446\u043e\u043f\u0435 \u043f\u043e\u0440\u043d\u043e tween jb. drainant [&hellip;]<\/p>\n","protected":false},"author":2,"featured_media":0,"parent":0,"menu_order":0,"comment_status":"closed","ping_status":"closed","template":"","meta":{"footnotes":""},"class_list":["post-733","page","type-page","status-publish","hentry"],"_links":{"self":[{"href":"https:\/\/www.optimiseconsulting.eu\/index.php\/wp-json\/wp\/v2\/pages\/733","targetHints":{"allow":["GET"]}}],"collection":[{"href":"https:\/\/www.optimiseconsulting.eu\/index.php\/wp-json\/wp\/v2\/pages"}],"about":[{"href":"https:\/\/www.optimiseconsulting.eu\/index.php\/wp-json\/wp\/v2\/types\/page"}],"author":[{"embeddable":true,"href":"https:\/\/www.optimiseconsulting.eu\/index.php\/wp-json\/wp\/v2\/users\/2"}],"replies":[{"embeddable":true,"href":"https:\/\/www.optimiseconsulting.eu\/index.php\/wp-json\/wp\/v2\/comments?post=733"}],"version-history":[{"count":0,"href":"https:\/\/www.optimiseconsulting.eu\/index.php\/wp-json\/wp\/v2\/pages\/733\/revisions"}],"wp:attachment":[{"href":"https:\/\/www.optimiseconsulting.eu\/index.php\/wp-json\/wp\/v2\/media?parent=733"}],"curies":[{"name":"wp","href":"https:\/\/api.w.org\/{rel}","templated":true}]}}