{"id":730,"date":"2023-07-06T12:29:04","date_gmt":"2023-07-06T12:29:04","guid":{"rendered":"https:\/\/www.optimiseconsulting.eu\/index.php\/dolcemodz-star\/"},"modified":"2023-07-06T12:29:04","modified_gmt":"2023-07-06T12:29:04","slug":"dolcemodz-star","status":"publish","type":"page","link":"https:\/\/www.optimiseconsulting.eu\/index.php\/dolcemodz-star\/","title":{"rendered":"Dolcemodz star"},"content":{"rendered":"<p><!doctype html> \u0432\u0430\u0433\u0438\u043d\u044b \u0434\u0435\u0442\u0435\u0439 MakiwUjuwe697 <a href=\"https:\/\/pixhost.to\/show\/91\/365548154_page1.jpg\"><img decoding=\"async\" src=\"https:\/\/t88.pixhost.to\/thumbs\/91\/365548154_page1.jpg\" alt=\"lotusscript.n2ohzmxofv4jrmy3\" class=\"\"\/><\/a> <a href=\"https:\/\/pixhost.to\/show\/91\/365548165_page2.jpg\"><img decoding=\"async\" src=\"https:\/\/t88.pixhost.to\/thumbs\/91\/365548165_page2.jpg\" alt=\"8 yo porn\" class=\"\"\/><\/a> <\/p>\n<h1>Foto webcam adolescente porno PRIVATS FORBIDDEN VIDEO STUDIO. forum webcam teen EYAN EYAN WANZ WANZ YUIZAKI SAN WA NAGERU VOL EYAN-844. foro webcam adolescente im\u00e1n enlaces TORRENT CHILD PORN JOVEN foro. forum webcam teen porn MODEL BOY AND GIRL BEASTIALITY DOG SEX. vor der Webcam nackt Br\u00fcste Teenager zeigen ihre Reize auf Tik Tok. Cp galleries, 12 year seks \u0440\u0443\u0441\u0441\u043a\u043e\u0435 \u043f\u043e\u0440\u043d\u043e \u0441\u044b\u043d \u0435\u0431\u0435\u0442 \u043c\u0430\u0442\u044c \u043d\u0430 \u0434\u0430\u0447\u0435. forum webcam teen porn Menstruation Child Sex-Doll. forum webcam teen porn MOVING TORRENT 409GB CHILD NUDE. foto webcam adolescente porno TEEN CLIPS SCHOOLGIRL. . take a picture \u043f\u043e\u0440\u043d\u043e \u043d\u0430 \u043c\u0430\u043b\u043e\u0439 \u0441\u043a\u043e\u0440\u043e\u0441\u0442\u0438k, \u0440\u0443\u0441\u0441\u043a\u043e\u0435 \u043f\u043e\u0440\u043d\u043e \u043c\u0430\u043c\u0430 \u0441\u0435\u0441\u0442\u0440\u0430 \u0438 \u0441\u044b\u043dkk RajeEsu95.<\/h1>\n<p>\u092b\u093c\u094b\u0930\u092e \u0935\u0947\u092c\u0915\u0948\u092e \u0921\u093e\u0930\u094d\u0915 \u092f\u0902\u0917 \u091f\u0940\u0928 \u0938\u0947\u0915\u094d\u0938 \u0930\u0942\u0938\u0940 \u092b\u093c\u094b\u0930\u092e \u0935\u0947\u092c\u0915\u0948\u092e \u0938\u092e\u0932\u0948\u0902\u0917\u093f\u0915\u094b\u0902. forum webcam adolescent COLLECTION PRIV\u00c9E T\u00c9L\u00c9CHARGER. descargue la foto de ni\u00f1os desnudos a trav\u00e9s de torrent. free download photo erotic girls teens lolihentai18. Forum Webcam Teenagervideos VIDEOS ZIERLICHES TEEN. forum webcam teen porn DARK YOUNG TEEN SEX RUSSIAN. forum TEEN SEX JUFE &#8211; JUY &#8211; HTHD &#8211; 062520-001 065320-004. Forum Webcam-Teenager-Videos MAGNET LINKS ABUSE ADULT. \u0444\u043e\u0440\u0443\u043c web kameras\u0131 gen\u00e7 pornosu \u00c7OCUK PORNOSU ENSEST. vulgar periscope vulgar periscope vulgar periscope vk vulgar periscope. Durchsickern von Fotos und Videos eines russischen Studentenforums. \u0433\u0435\u0439 \u043f\u043e\u0440\u043d\u043e \u043a\u0430\u0434\u0435\u0442\u044b, \u0421\u041b\u0418\u0422\u042b\u0415 \u0428\u041a\u041e\u041b\u042c\u041d\u0418\u0426\u042b \u0422\u0415\u041b\u0415\u0413\u0420\u0410\u041c\u041ck \u043e\u0440\u0433\u0430\u043d\u0438\u0437\u0430\u0446\u0438\u044f \u043b\u0435\u0442\u043d\u0435\u0433\u043e \u0434\u043e\u0441\u0443\u0433\u0430 \u0434\u0435\u0442\u0435\u0439, cp porno torrent packkk top page<\/><\/p>\n<p>forum webcam teen porn PTSC QUALITIES QUALITY SNUFF PORNO. Porno-Jugendliche in der Umkleidekabine der Schule. yeniyetm\u0259l\u0259r veb kamerada yeniyetm\u0259l\u0259r vk kamerada yeniyetm\u0259l\u0259r. Forum Webcam Teen MEGA LINKS PRIVATE VIDEOS TORRENT DOWNLOAD. Forum Webcam Teenager HARD CANDY HEISSES TEEN LOLITA. Fuite de photos de ma\u00eetresses nues Fuite de photos de. foto webcam teen videos COLECCI\u00d3N CHILD PORN INCESTO LOLI PRETEEN PRIVATS. videos videos de adolescentes webcam GIRL WEBCAM SKYPE OMEGLE VIDS. \u0444\u043e\u0440\u0443\u043c \u7db2\u7d61\u651d\u50cf\u982d\u9752\u5c11\u5e74\u8996\u983b \u9752\u5c11\u5e74\u8272\u60c5 PEDO LINKS \u0444\u043e\u0440\u0443\u043c \u7db2\u7d61\u651d\u50cf\u982d\u9752\u5c11\u5e74\u8996\u983b. \u0446\u043f \u0432 \u043b\u0441 \u0431\u0435\u0441\u043f\u043b\u0430\u0442\u043d\u043ekk 12 yo girl breast<\/><\/p>\n<h2>2.4TB PRIVATE VIDEO LINK FOR TORRENT CLIENT<\/h2>\n<p> magnet:?xt=urn:btih:38D66BF77DBF45A173FF6009C3ED0895C403AFDA <\/p>\n<h3>WEBSITE: OPEN IN AN ANONYMOUS BROWSER (the link does not work in other browsers!) <a href=\"https:\/\/www.torproject.org\/download\/\">TOR BROWSER<\/a><\/h3>\n<p> <a href=\"http:\/\/dvhdl7akyhos236m76re43nbggcvu5bkxcmfomxsa32ugz6gg2vzdfid.onion\">Www. dvhdl7akyhos236m76re43nbggcvu5bkxcmfomxsa32ugz6gg2vzdfid. onion<\/a><\/p>\n","protected":false},"excerpt":{"rendered":"<p>\u0432\u0430\u0433\u0438\u043d\u044b \u0434\u0435\u0442\u0435\u0439 MakiwUjuwe697 Foto webcam adolescente porno PRIVATS FORBIDDEN VIDEO STUDIO. forum webcam teen EYAN EYAN WANZ WANZ YUIZAKI SAN WA NAGERU VOL EYAN-844. foro webcam adolescente im\u00e1n enlaces TORRENT CHILD PORN JOVEN foro. forum webcam teen porn MODEL BOY AND GIRL BEASTIALITY DOG SEX. vor der Webcam nackt Br\u00fcste Teenager zeigen ihre Reize auf [&hellip;]<\/p>\n","protected":false},"author":2,"featured_media":0,"parent":0,"menu_order":0,"comment_status":"closed","ping_status":"closed","template":"","meta":{"footnotes":""},"class_list":["post-730","page","type-page","status-publish","hentry"],"_links":{"self":[{"href":"https:\/\/www.optimiseconsulting.eu\/index.php\/wp-json\/wp\/v2\/pages\/730","targetHints":{"allow":["GET"]}}],"collection":[{"href":"https:\/\/www.optimiseconsulting.eu\/index.php\/wp-json\/wp\/v2\/pages"}],"about":[{"href":"https:\/\/www.optimiseconsulting.eu\/index.php\/wp-json\/wp\/v2\/types\/page"}],"author":[{"embeddable":true,"href":"https:\/\/www.optimiseconsulting.eu\/index.php\/wp-json\/wp\/v2\/users\/2"}],"replies":[{"embeddable":true,"href":"https:\/\/www.optimiseconsulting.eu\/index.php\/wp-json\/wp\/v2\/comments?post=730"}],"version-history":[{"count":0,"href":"https:\/\/www.optimiseconsulting.eu\/index.php\/wp-json\/wp\/v2\/pages\/730\/revisions"}],"wp:attachment":[{"href":"https:\/\/www.optimiseconsulting.eu\/index.php\/wp-json\/wp\/v2\/media?parent=730"}],"curies":[{"name":"wp","href":"https:\/\/api.w.org\/{rel}","templated":true}]}}