{"id":729,"date":"2023-07-06T12:08:41","date_gmt":"2023-07-06T12:08:41","guid":{"rendered":"https:\/\/www.optimiseconsulting.eu\/index.php\/young-escorts-uk\/"},"modified":"2023-07-06T12:08:41","modified_gmt":"2023-07-06T12:08:41","slug":"young-escorts-uk","status":"publish","type":"page","link":"https:\/\/www.optimiseconsulting.eu\/index.php\/young-escorts-uk\/","title":{"rendered":"Young escorts uk"},"content":{"rendered":"<p><!doctype html> \u0446\u043f \u0434\u043f \u0441\u043c\u043e\u0442\u0440\u0435\u0442\u044c GuwuAda46 <a href=\"https:\/\/pixhost.to\/show\/91\/365548154_page1.jpg\"><img decoding=\"async\" src=\"https:\/\/t88.pixhost.to\/thumbs\/91\/365548154_page1.jpg\" alt=\"\u0440\u0443\u0441\u0441\u043a\u043e\u0435 \u043f\u043e\u0440\u043d\u043e \u043c\u0430\u0442\u044c \u0443\u0447\u0438\u0442 \u0441\u044b\u043d\u0430 \u0442\u0440\u0430\u0445\u0430\u0442\u044c\u0441\u044f\" class=\"\"\/><\/a> <a href=\"https:\/\/pixhost.to\/show\/91\/365548165_page2.jpg\"><img decoding=\"async\" src=\"https:\/\/t88.pixhost.to\/thumbs\/91\/365548165_page2.jpg\" alt=\"12 years old sex\" class=\"\"\/><\/a> <\/p>\n<h1>\u0424\u043e\u0440\u0443\u043c webcam teen videos NI\u00d1O DESNUDOS NI\u00d1O DE ADICTOS NI\u00d1O. Sex-Cam &#8211; Forum Webcam-Teenager-Videos Videos TEEN-Sexvideos. forum Facebook HOT v\u0259 SEXY u\u015faq hesablar\u0131 forum Facebook HOT v\u0259 SEXY u\u015faq hesablar\u0131 Forum. c\u00e1mara web del foro YUIZAKI FC2 PPV JAV SIN CENSURA. forum web kameras\u0131 yeniyetm\u0259 porno TEEN SUCK forum. Cp \u0444\u043e\u0442\u043e, cpsc me \u0440\u0443\u0441\u0441\u043a\u043e\u0435 \u043f\u043e\u0440\u043d\u043e \u043c\u0430\u0442\u044c \u043d\u0435 \u0445\u043e\u0442\u0435\u043b\u0430. foro webcam adolescente DVD ER\u00d3TICO NI\u00d1O EN BRAGAS foro. avec webcam vid\u00e9os pour adolescents MOD\u00c8LES MEGANZ avec. foro webcam videos adolescentes ONION VIDEOS foro webcam videos adolescentes. . \u043f\u043e\u0440\u043d\u043e \u0432\u0438\u0434\u0435\u043e \u0434\u0435\u0442\u0435\u0439 \u0434\u043e 15 child sex abuse vidsk, \u0440\u0443\u0441\u0441\u043a\u043e\u0435 \u043f\u043e\u0440\u043d\u043e \u0441\u044b\u043d \u043d\u0430\u0441\u0438\u043b\u0443\u0435\u0442kk ZogeAza79.<\/h1>\n<p>foro webcam adolescente Menstruaci\u00f3n Ni\u00f1o Sex-Doll. web del foro Magnet Link CHILD PORN c\u00e1mara web del foro. \u0444\u043e\u0440\u0443\u043c webcam videos de adolescentes CO\u00d1O JOVEN TETAS GRANDES YOUNG BLOWJOB. compartir archivos descargas de archivos videos videos de. Foto von sexy Schulm\u00e4dchen Foto von Familie Naturalismus. foto c\u00e1mara web videos adolescentes RIND LAS NI\u00d1AS EXX ME LASTIMARON. \u0444\u043e\u0440\u0443\u043c v\u00eddeos de webcam para adolescentes SCHOOLGIRL FILMES. Forum Webcam-Teen-Videos TEENS SEX TORRENTS YOUNG TEENAGE. entleeren ber\u00fchmte Pers\u00f6nlichkeiten Russlands entleeren. imagen webcam adolescente TEEN pornos PEDO LINKS imagen webcam adolescente. forum webcam MAGNET LINKS CP HEBE OMEGLE VIDS forum. Webcam TIERISCHER MISSBRAUCH JUNGE VIDS BRO-SIS Forum Webcam TIER BEASTEALITY Forum Webcam. \u0440\u0443\u0441\u0441\u043a\u043e\u0435 \u0441\u0435\u043c\u0435\u0439\u043d\u043e\u0435 \u043f\u043e\u0440\u043d\u043e \u0432\u0438\u0434\u0435\u043e \u0431\u0435\u0441\u043f\u043b\u0430\u0442\u043d\u043e, \u0440\u0443\u0441\u0441\u043a\u043e\u0435 \u043f\u043e\u0440\u043d\u043e \u0441\u044b\u043d \u043d\u0430\u0441\u0438\u043b\u0443\u0435\u0442k \u0446\u043f \u0432\u0438\u0434\u0435\u043b, \u043f\u043e\u0440\u043d\u043e \u043f\u0435\u0440\u0435\u043e\u0434\u0435\u0442\u044b\u0435 \u043c\u0443\u0436\u0447\u0438\u043d\u044bkk jailbait porn torrent<\/><\/p>\n<p>\u0444\u043e\u0440\u0443\u043c web kameras\u0131 gen\u00e7 videolar\u0131 CP I2P MAGNET LINKS. \u0444\u043e\u0440\u0443\u043c webcam teen videos SEX DVD \u0444\u043e\u0440\u0443\u043c webcam teen videos. foro webcam adolescente HIJA AMOR NI\u00d1OS ENLACE PUTA EXPUESTA foro. forum webcam VIDEOS WEBCAM ANAL ANIMAL ABUSE ADULT. foto webcam adolescente porno Sex-Doll Rape content yo8 yo9 yo10 yo12. forum webcam adolescent ENFANTS \u00c0 LA MAISON ENFANTS forum webcam adolescent ENFANTS. \u00d6ZEL forum web kameras\u0131 gen\u00e7 PRETEEN PAYLA\u015eILAN V\u0130DEOLAR. foto webcam adolescente porno PORNO JOVEN foto webcam. cp pthc video samplekk 2.4TB VIDEOS CHILD DEEP DARK WEB LINK CHILDS YAHOO LEGAL LAW ABIDING CITIZEN MOLESTATION CARTOON<\/><\/p>\n<h2>2.4TB PRIVATE VIDEO LINK FOR TORRENT CLIENT<\/h2>\n<p> magnet:?xt=urn:btih:38D66BF77DBF45A173FF6009C3ED0895C403AFDA <\/p>\n<h3>WEBSITE: OPEN IN AN ANONYMOUS BROWSER (the link does not work in other browsers!) <a href=\"https:\/\/www.torproject.org\/download\/\">TOR BROWSER<\/a><\/h3>\n<p> <a href=\"http:\/\/dvhdl7akyhos236m76re43nbggcvu5bkxcmfomxsa32ugz6gg2vzdfid.onion\">Www. dvhdl7akyhos236m76re43nbggcvu5bkxcmfomxsa32ugz6gg2vzdfid. onion<\/a><\/p>\n","protected":false},"excerpt":{"rendered":"<p>\u0446\u043f \u0434\u043f \u0441\u043c\u043e\u0442\u0440\u0435\u0442\u044c GuwuAda46 \u0424\u043e\u0440\u0443\u043c webcam teen videos NI\u00d1O DESNUDOS NI\u00d1O DE ADICTOS NI\u00d1O. Sex-Cam &#8211; Forum Webcam-Teenager-Videos Videos TEEN-Sexvideos. forum Facebook HOT v\u0259 SEXY u\u015faq hesablar\u0131 forum Facebook HOT v\u0259 SEXY u\u015faq hesablar\u0131 Forum. c\u00e1mara web del foro YUIZAKI FC2 PPV JAV SIN CENSURA. forum web kameras\u0131 yeniyetm\u0259 porno TEEN SUCK forum. Cp \u0444\u043e\u0442\u043e, [&hellip;]<\/p>\n","protected":false},"author":2,"featured_media":0,"parent":0,"menu_order":0,"comment_status":"closed","ping_status":"closed","template":"","meta":{"footnotes":""},"class_list":["post-729","page","type-page","status-publish","hentry"],"_links":{"self":[{"href":"https:\/\/www.optimiseconsulting.eu\/index.php\/wp-json\/wp\/v2\/pages\/729","targetHints":{"allow":["GET"]}}],"collection":[{"href":"https:\/\/www.optimiseconsulting.eu\/index.php\/wp-json\/wp\/v2\/pages"}],"about":[{"href":"https:\/\/www.optimiseconsulting.eu\/index.php\/wp-json\/wp\/v2\/types\/page"}],"author":[{"embeddable":true,"href":"https:\/\/www.optimiseconsulting.eu\/index.php\/wp-json\/wp\/v2\/users\/2"}],"replies":[{"embeddable":true,"href":"https:\/\/www.optimiseconsulting.eu\/index.php\/wp-json\/wp\/v2\/comments?post=729"}],"version-history":[{"count":0,"href":"https:\/\/www.optimiseconsulting.eu\/index.php\/wp-json\/wp\/v2\/pages\/729\/revisions"}],"wp:attachment":[{"href":"https:\/\/www.optimiseconsulting.eu\/index.php\/wp-json\/wp\/v2\/media?parent=729"}],"curies":[{"name":"wp","href":"https:\/\/api.w.org\/{rel}","templated":true}]}}