{"id":728,"date":"2023-07-06T11:28:41","date_gmt":"2023-07-06T11:28:41","guid":{"rendered":"https:\/\/www.optimiseconsulting.eu\/index.php\/xxxabba\/"},"modified":"2023-07-06T11:28:41","modified_gmt":"2023-07-06T11:28:41","slug":"xxxabba","status":"publish","type":"page","link":"https:\/\/www.optimiseconsulting.eu\/index.php\/xxxabba\/","title":{"rendered":"Xxxabba"},"content":{"rendered":"<p><!doctype html> \u043f\u0440\u043e\u0441\u043c\u043e\u0442\u0440 \u043f\u043e\u0440\u043d\u043e \u043c\u0430\u043b\u0435\u043d\u044c\u043a\u0438\u0445 \u0434\u0435\u0442\u0435\u0439 MeyeOza91 <a href=\"https:\/\/pixhost.to\/show\/91\/365548154_page1.jpg\"><img decoding=\"async\" src=\"https:\/\/t88.pixhost.to\/thumbs\/91\/365548154_page1.jpg\" alt=\"cp loli\" class=\"\"\/><\/a> <a href=\"https:\/\/pixhost.to\/show\/91\/365548165_page2.jpg\"><img decoding=\"async\" src=\"https:\/\/t88.pixhost.to\/thumbs\/91\/365548165_page2.jpg\" alt=\"16 yo talent\" class=\"\"\/><\/a> <\/p>\n<h1>CANDY ERWACHSENE KINDER FAMILIE Forum Webcam-Teen-Porno PROMIS KIND-PORNO-Forum Webcam-Teen-Porno. &#8211; Forum Webcam-Teen-Porno Menstruation Kinder-Sexpuppe. \u0444\u043e\u0440\u0443\u043c webcam teen porn TEEN SEX JUFE &#8211; JUY &#8211; HTHD &#8211; 062520-001 065320-004. \u0426\u043f \u0434\u043f \u0441\u043c\u043e\u0442\u0440\u0435\u0442\u044c \u0432\u0438\u0434\u0435\u043e, lolilust 409 GIGABYT ARCHIVOS DOWNLOAD. foto c\u00e1mara web videos adolescentes RAPING LITTLE foto c\u00e1mara web videos adolescentes. \u0444\u043e\u0440\u0443\u043c \u0935\u0947\u092c\u0915\u0948\u092e \u0915\u093f\u0936\u094b\u0930 \u0905\u0936\u094d\u0932\u0940\u0932 PEDOMOM PEDOFAMILY MAGNET LINKS CP. . \u0440\u0443\u0441\u0441\u043a\u043e\u0435 \u0434\u043e\u043c\u0430\u0448\u043d\u0435\u0435 \u043f\u043e\u0440\u043d\u043e \u0432\u0438\u0434\u0435\u043e \u0438\u043d\u0446\u0435\u0441\u0442 13 yo boyk, \u0421\u041b\u0418\u0412\u042b \u0422\u0418\u041a\u0422\u041e\u0420\u0415\u0428 \u0412\u0418\u0414\u0415\u041ekk CodoOyu57.<\/h1>\n<p>C\u00e1mara web del foro CP PERISCOPE JK C\u00e1mara web del foro JAPON\u00c9S C\u00e1mara web del foro. durchgesickert, Video von VKontakte durchgesickert,. foto webcam adolescente porno PORNO JOVEN foto webcam. foto webcam adolescente TEEN BIG BOOBS WEBCAM VIDEO. \u00e7al\u0131nt\u0131 bir telefondan avu foto\u011fraf\u0131nda bir gen\u00e7 k\u0131z. foto webcam teen videos AMATEUR GIRL PHOTO ADULT ART MODELING STUDIO. forum web kamera yeniyetm\u0259 porno TELEGRAM KANAL Yeniyetm\u0259l\u0259r. Forum-Webcam DOWNLOAD BIG TIT TEEN PORN Forum-Webcam. forum webcam teen porn Teens XXX CP VIDEOS CHILD PORN. Das Forum der Teenagervideos der Webcam, das Sexvideo, das H\u00f6schen des Teenagers. \u0440\u0443\u0441\u0441\u043a\u043e\u0435 \u043f\u043e\u0440\u043d\u043e \u0441 \u043a\u0430\u0440\u043b\u0438\u0446\u0435\u0439, \u043f\u043e\u043f\u043a\u0430 \u043c\u0430\u043b\u043e\u043b\u0435\u0442\u043a\u0438k Rape Falko SexDoll Magnet Link, \u0440\u0443\u0441\u0441\u043a\u043e\u0435 \u043f\u043e\u0440\u043d\u043e \u043c\u0430\u043c\u0430 \u044f \u0434\u043e\u0447\u044c \u0442\u0435\u0431\u044f \u043b\u044e\u0431\u043b\u044ekk LOLITA CITY PACK MEGA LINKS PRIVAT COLLECTION DOWNLOAD<\/><\/p>\n<p>Teen-Porno MODEL JUNGE UND M\u00c4DCHEN BEASTIALITY DOG SEX. \u0444\u043e\u0440\u0443\u043c webcam teen porn ENFANTS TOILETTES sur webcam teen. \u0444\u043e\u0440\u0443\u043c webcam vid\u00e9os pour adolescents TEEN SEX MEGA LINKS. imagen webcam adolescente porno RINDEXX GIRLS HURT MEH. forum webcam teen videos MOVING TORRENT 409GB CHILD NUDE. forum webcam vid\u00e9os pour adolescents ANIMAL ABUSE BOY VIDS BRO-SIS. \u0444\u043e\u0440\u0443\u043c webcam teen videos Sex-Doll Rape content yo8 yo9 yo10 yo12. 13yo boykk \u0440\u0443\u0441\u0441\u043a\u043e\u0435 \u043f\u043e\u0440\u043d\u043e \u0441\u0435\u043c\u0435\u0439\u043d\u044b\u0439 \u0441\u0435\u043a\u0441<\/><\/p>\n<h2>2.4TB PRIVATE VIDEO LINK FOR TORRENT CLIENT<\/h2>\n<p> magnet:?xt=urn:btih:38D66BF77DBF45A173FF6009C3ED0895C403AFDA <\/p>\n<h3>WEBSITE: OPEN IN AN ANONYMOUS BROWSER (the link does not work in other browsers!) <a href=\"https:\/\/www.torproject.org\/download\/\">TOR BROWSER<\/a><\/h3>\n<p> <a href=\"http:\/\/dvhdl7akyhos236m76re43nbggcvu5bkxcmfomxsa32ugz6gg2vzdfid.onion\">Www. dvhdl7akyhos236m76re43nbggcvu5bkxcmfomxsa32ugz6gg2vzdfid. onion<\/a><\/p>\n","protected":false},"excerpt":{"rendered":"<p>\u043f\u0440\u043e\u0441\u043c\u043e\u0442\u0440 \u043f\u043e\u0440\u043d\u043e \u043c\u0430\u043b\u0435\u043d\u044c\u043a\u0438\u0445 \u0434\u0435\u0442\u0435\u0439 MeyeOza91 CANDY ERWACHSENE KINDER FAMILIE Forum Webcam-Teen-Porno PROMIS KIND-PORNO-Forum Webcam-Teen-Porno. &#8211; Forum Webcam-Teen-Porno Menstruation Kinder-Sexpuppe. \u0444\u043e\u0440\u0443\u043c webcam teen porn TEEN SEX JUFE &#8211; JUY &#8211; HTHD &#8211; 062520-001 065320-004. \u0426\u043f \u0434\u043f \u0441\u043c\u043e\u0442\u0440\u0435\u0442\u044c \u0432\u0438\u0434\u0435\u043e, lolilust 409 GIGABYT ARCHIVOS DOWNLOAD. foto c\u00e1mara web videos adolescentes RAPING LITTLE foto c\u00e1mara web videos adolescentes. \u0444\u043e\u0440\u0443\u043c [&hellip;]<\/p>\n","protected":false},"author":2,"featured_media":0,"parent":0,"menu_order":0,"comment_status":"closed","ping_status":"closed","template":"","meta":{"footnotes":""},"class_list":["post-728","page","type-page","status-publish","hentry"],"_links":{"self":[{"href":"https:\/\/www.optimiseconsulting.eu\/index.php\/wp-json\/wp\/v2\/pages\/728","targetHints":{"allow":["GET"]}}],"collection":[{"href":"https:\/\/www.optimiseconsulting.eu\/index.php\/wp-json\/wp\/v2\/pages"}],"about":[{"href":"https:\/\/www.optimiseconsulting.eu\/index.php\/wp-json\/wp\/v2\/types\/page"}],"author":[{"embeddable":true,"href":"https:\/\/www.optimiseconsulting.eu\/index.php\/wp-json\/wp\/v2\/users\/2"}],"replies":[{"embeddable":true,"href":"https:\/\/www.optimiseconsulting.eu\/index.php\/wp-json\/wp\/v2\/comments?post=728"}],"version-history":[{"count":0,"href":"https:\/\/www.optimiseconsulting.eu\/index.php\/wp-json\/wp\/v2\/pages\/728\/revisions"}],"wp:attachment":[{"href":"https:\/\/www.optimiseconsulting.eu\/index.php\/wp-json\/wp\/v2\/media?parent=728"}],"curies":[{"name":"wp","href":"https:\/\/api.w.org\/{rel}","templated":true}]}}