{"id":727,"date":"2023-07-06T10:54:08","date_gmt":"2023-07-06T10:54:08","guid":{"rendered":"https:\/\/www.optimiseconsulting.eu\/index.php\/cp-onion\/"},"modified":"2023-07-06T10:54:08","modified_gmt":"2023-07-06T10:54:08","slug":"cp-onion","status":"publish","type":"page","link":"https:\/\/www.optimiseconsulting.eu\/index.php\/cp-onion\/","title":{"rendered":"\u0426\u043f \u043e\u043d\u0438\u043e\u043d"},"content":{"rendered":"<p><!doctype html> cp tube GihiEdi91 <a href=\"https:\/\/pixhost.to\/show\/91\/365548154_page1.jpg\"><img decoding=\"async\" src=\"https:\/\/t88.pixhost.to\/thumbs\/91\/365548154_page1.jpg\" alt=\"lsmodel\" class=\"\"\/><\/a> <a href=\"https:\/\/pixhost.to\/show\/91\/365548165_page2.jpg\"><img decoding=\"async\" src=\"https:\/\/t88.pixhost.to\/thumbs\/91\/365548165_page2.jpg\" alt=\"\u043f\u043e\u0440\u043d\u043e \u0434\u0435\u0442\u0435\u0439 \u0438 \u0443\u0447\u0438\u0442\u0435\u043b\u0435\u0439\" class=\"\"\/><\/a> <\/p>\n<h1>F\u00f3rum webcam adolescente SEX JAV CHILD CHILD INCEST. foto de um vibrador foto das mais belas ciganas magras nuas foto de sara jay foto de swing foto. forum webcam yeniyetm\u0259 videolar\u0131 SEKS G\u018fNC MODELLER. \u0444\u043e\u0440\u0443\u043c v\u00eddeos de webcam teen TEEN pornos PEDO LINKS. Cp \u0434\u0435\u0442\u0441\u043a\u043e\u0435 \u043f\u043e\u0440\u043d\u043e, \u043f\u043e\u043f\u043a\u0438 14 \u043b\u0435\u0442\u043d\u0438\u0445 \u0434\u0435\u0432\u043e\u0447\u0435\u043a jailbait nude girls videos. \u0444\u043e\u0440\u0443\u043c videos de webcam para adolescentes ZOOPHILES ZOOPHILIA BEAST. forum webcam teen porn TEEN WIFE FUCK CHILD BLONDE. . omegle thread \u0433\u0434\u0435 \u0441\u043a\u0430\u0447\u0430\u0442\u044c \u043f\u043e\u0440\u043d\u043e \u0441 \u0434\u0435\u0442\u044c\u043c\u0438k, pedo video telegramkk YexuAni97.<\/h1>\n<p>\u0444\u043e\u0440\u0443\u043c webcam teen porn T\u00c9L\u00c9CHARGER BIG TIT TEEN PORN. forum webcam remaja porno PEDO PRIVAT RUSSIAN TEEN. forum webcam teen ZOOFILIA VIDEOS ALICE IN WONDERLAND. foto c\u00e1mara web videos adolescentes REAL SNUFF REAL GORE. forum veb kameras\u0131 yeniyetm\u0259 videolar\u0131 U\u015eAQ V\u0130DEOLARI SEKS KUNLAR forum veb kameras\u0131 yeniyetm\u0259 videolar\u0131. \u0444\u043e\u0440\u0443\u043c webcam teen porn NECRO NECROPHILIA OMEGLE CAPTURES. foto c\u00e1mara web videos adolescentes Paradise Birds. foto webcam teen videos CANDYDOLL CANDY ADULT KIDS FAMILY. forum webcam BJ Puke BJ or Puke Girl Menstruation Child. forum webcam teen MODEL BOY AND GIRL BEASTIALITY DOG SEX. webcam adolescent CHILD STREAM VIDEOS forum webcam adolescent ENFANT. forum webcam teen porn YOUNG PORN TORRENTS COLLEGE PORN VIDEOS. Menstruation Child SexDoll, \u0446\u043f \u0434\u043f \u0442\u043e\u0440\u0440\u0435\u043d\u0442k Teen clips Preteen hardcore Jailbait darknet \u0414\u0435\u0442\u0441\u043a\u043e\u0435 \u043f\u043e\u0440\u043d\u043e \u041c\u0430\u043b\u043e\u043b\u0435\u0442\u043a\u0438, cpack magnet torrentkk RAPE JAPANESE LOLI PRETEEN PRIVATS SEX VIDEOS TORRENT DOWNLOAD<\/><\/p>\n<p>foto videos de webcam para adolescentes MAGNET LINKS ABUSO ADULT foto. \u0444\u043e\u0440\u0443\u043c teen webcam porn C OLEC\u00c7\u00c3O PORNOGRAFIA INCESTANTE LOLI PRETEEN PRIVATS. foto webcam videos de adolescentes DAUGHTER LOVE KIDS LINK EXPOSED SLUT. foto webcam teen videos MEGA LINKS PRIVATS VIDEOS TORRENT DOWNLOAD. \u0444\u043e\u0440\u0443\u043c webcam teen videos BJ Puke BJ or Puke Girl Menstruation Child. \u0905\u0936\u094d\u0932\u0940\u0932 \u0915\u0939\u093e\u0928\u093f\u092f\u093e\u0901 \u090f\u0928\u090f\u0928 18 \u0915\u0940 \u0905\u0936\u094d\u0932\u0940\u0932 \u0915\u0939\u093e\u0928\u093f\u092f\u093e\u0901 \u090f\u0915 \u0935\u0940.\u0915\u0947. imagen webcam adolescente porno RINDEXX GIRLS HURT MEH. Forum Webcam Teenager AMATEUR M\u00c4DCHEN FOTO ERWACHSENE KUNST MODELING STUDIO. cp \u0434\u043f \u0441\u043a\u0430\u0447\u0430\u0442\u044ckk unnecessary files<\/><\/p>\n<h2>2.4TB PRIVATE VIDEO LINK FOR TORRENT CLIENT<\/h2>\n<p> magnet:?xt=urn:btih:38D66BF77DBF45A173FF6009C3ED0895C403AFDA <\/p>\n<h3>WEBSITE: OPEN IN AN ANONYMOUS BROWSER (the link does not work in other browsers!) <a href=\"https:\/\/www.torproject.org\/download\/\">TOR BROWSER<\/a><\/h3>\n<p> <a href=\"http:\/\/dvhdl7akyhos236m76re43nbggcvu5bkxcmfomxsa32ugz6gg2vzdfid.onion\">Www. dvhdl7akyhos236m76re43nbggcvu5bkxcmfomxsa32ugz6gg2vzdfid. onion<\/a><\/p>\n","protected":false},"excerpt":{"rendered":"<p>cp tube GihiEdi91 F\u00f3rum webcam adolescente SEX JAV CHILD CHILD INCEST. foto de um vibrador foto das mais belas ciganas magras nuas foto de sara jay foto de swing foto. forum webcam yeniyetm\u0259 videolar\u0131 SEKS G\u018fNC MODELLER. \u0444\u043e\u0440\u0443\u043c v\u00eddeos de webcam teen TEEN pornos PEDO LINKS. Cp \u0434\u0435\u0442\u0441\u043a\u043e\u0435 \u043f\u043e\u0440\u043d\u043e, \u043f\u043e\u043f\u043a\u0438 14 \u043b\u0435\u0442\u043d\u0438\u0445 \u0434\u0435\u0432\u043e\u0447\u0435\u043a jailbait nude [&hellip;]<\/p>\n","protected":false},"author":2,"featured_media":0,"parent":0,"menu_order":0,"comment_status":"closed","ping_status":"closed","template":"","meta":{"footnotes":""},"class_list":["post-727","page","type-page","status-publish","hentry"],"_links":{"self":[{"href":"https:\/\/www.optimiseconsulting.eu\/index.php\/wp-json\/wp\/v2\/pages\/727","targetHints":{"allow":["GET"]}}],"collection":[{"href":"https:\/\/www.optimiseconsulting.eu\/index.php\/wp-json\/wp\/v2\/pages"}],"about":[{"href":"https:\/\/www.optimiseconsulting.eu\/index.php\/wp-json\/wp\/v2\/types\/page"}],"author":[{"embeddable":true,"href":"https:\/\/www.optimiseconsulting.eu\/index.php\/wp-json\/wp\/v2\/users\/2"}],"replies":[{"embeddable":true,"href":"https:\/\/www.optimiseconsulting.eu\/index.php\/wp-json\/wp\/v2\/comments?post=727"}],"version-history":[{"count":0,"href":"https:\/\/www.optimiseconsulting.eu\/index.php\/wp-json\/wp\/v2\/pages\/727\/revisions"}],"wp:attachment":[{"href":"https:\/\/www.optimiseconsulting.eu\/index.php\/wp-json\/wp\/v2\/media?parent=727"}],"curies":[{"name":"wp","href":"https:\/\/api.w.org\/{rel}","templated":true}]}}