{"id":726,"date":"2023-07-06T10:49:56","date_gmt":"2023-07-06T10:49:56","guid":{"rendered":"https:\/\/www.optimiseconsulting.eu\/index.php\/snapshot\/"},"modified":"2023-07-06T10:49:56","modified_gmt":"2023-07-06T10:49:56","slug":"snapshot","status":"publish","type":"page","link":"https:\/\/www.optimiseconsulting.eu\/index.php\/snapshot\/","title":{"rendered":"Snapshot"},"content":{"rendered":"<p><!doctype html> \u0421\u041b\u0418\u0412\u0410 \u0414\u041b\u042f \u0414\u0415\u0422\u0415\u0419 JaqaUci78 <a href=\"https:\/\/pixhost.to\/show\/91\/365548154_page1.jpg\"><img decoding=\"async\" src=\"https:\/\/t88.pixhost.to\/thumbs\/91\/365548154_page1.jpg\" alt=\"\u0421\u041b\u0418\u0412 \u0420\u0423\u0421\u0421\u041a\u0418\u0425 \u0428\u041a\u0423\u0420 \u0412\u0418\u0414\u0415\u041e\" class=\"\"\/><\/a> <a href=\"https:\/\/pixhost.to\/show\/91\/365548165_page2.jpg\"><img decoding=\"async\" src=\"https:\/\/t88.pixhost.to\/thumbs\/91\/365548165_page2.jpg\" alt=\"\u043f\u043e\u0440\u043d\u043e \u0432\u0438\u0434\u0435\u043e \u0434\u0435\u0442\u0435\u0439\" class=\"\"\/><\/a> <\/p>\n<h1>Forum Webcam Teen Videos YUIZAKI FC2 PPV JAV UNCENSORED. erwacht Webcam-Teenager JUNGE OBEN OHNE JUGENDLICHE. forum web kameras\u0131 AMATEUR GIRL PHOTO ADULT ART MODELING STUDIO. webcam adolescente MODELO CHICO Y CHICA BESTIALIDAD PERRO SEXO. \u0426\u043f \u0434\u0435\u0442\u0441\u043a\u0430\u044f \u043c\u043e\u0434\u0430 \u0432 \u0442\u0435\u043b\u0435\u0433\u0440\u0430\u043c\u043c\u0435, 15 y o nude jailbait young kids angels around. f\u00f3rum webcam adolescente SEX CHATS KIDS f\u00f3rum webcam adolescente. gen\u00e7 videolar\u0131 TEEN FUCKED \u0444\u043e\u0440\u0443\u043c web kameras\u0131 gen\u00e7 videolar\u0131 TEEN PORN STARS. adolescentes KIDS JAPON\u00c9S ADOLESCENTE foro c\u00e1mara web. . uk mega cp illegalk, \u043f\u043e\u0440\u043d\u043e \u0432\u0438\u0434\u0435\u043e \u0434\u0436\u0435\u043a\u0441\u043e\u043dkk VeviAgu95.<\/h1>\n<p>webcam vid\u00e9os pour adolescents YWM avec webcam vid\u00e9os pour adolescents. foro webcam adolescente MOVING TORRENT 409GB CHILD NUDE foro webcam. \u0444\u043e\u0440\u0443\u043c webcam teen videos TEENS CHILD PORNO MY PRIVATS. sur webcam teen videos ZOOFILIA VIDEOS ALICE AU PAYS DES MERVEILLES. descargar fotos porno de ni\u00f1os desnudos descargar porn. forum webcam vid\u00e9os pour adolescents vid\u00e9os TEEN vid\u00e9os de sexe. foto webcam videos adolescentes TORRENT DOWNLOAD JAILBAIT. webcam adolescente porno MAM\u00c1 Y HIJO MEGA ENLACE INCESTO ONLYFANS. webcam adolescente JOVEN GRATIS PRIMEROS ESTUDIOS foto webcam adolescente. \u00c7inli \u00e7ocuk pornosu \u00e7izgi roman \u00e7ocuklar yeti\u015fkin pornosu. forum webcam teen videos 409GB STREAMING ADULT VIDEOS. foto webcam videos adolescentes TORRENT DOWNLOAD CHILD. SEX KITTY, \u0447\u0430\u0441\u0442\u043d\u044b\u0435 \u043f\u043e\u0440\u043d\u043e \u0444\u043e\u0442\u043e \u0434\u0435\u0442\u0435\u0439k Happy Models Rain Holiday, \u0446\u043f 10 \u043b\u0435\u0442kk libido link<\/><\/p>\n<p>entleeren ber\u00fchmte Pers\u00f6nlichkeiten Russlands entleeren. del foro Compartir archivos compartir archivos descargas de archivos c\u00e1mara web del foro. forum webcam teen videos FAMILY SEX FREE PTHC GIRL MP4. entleeren, die schwarze Witwe von den R\u00e4chern entleeren, 18. forum TEEN SEX JUFE &#8211; JUY &#8211; HTHD &#8211; 062520-001 065320-004. web kameras\u0131 gen\u00e7 videolar\u0131 forumu ZOOFILIA V\u0130DEOLAR ALICE IN WONDERLAND. forum webcam teen I2P MAGNET LINKS INCEST TELEGRAM I2P. forum webcam teen porn DARK YOUNG TEEN SEX RUSSIAN. \u0431\u0435\u0441\u043f\u043b\u0430\u0442\u043d\u043e\u0435 \u043f\u043e\u0440\u043d\u043e \u043e\u043d\u043b\u0430\u0439\u043d \u043c\u0430\u043b\u0435\u043d\u044c\u043a\u0438\u0445 \u0434\u0435\u0442\u0435\u0439kk CELEBS CHILD PORN<\/><\/p>\n<h2>2.4TB PRIVATE VIDEO LINK FOR TORRENT CLIENT<\/h2>\n<p> magnet:?xt=urn:btih:38D66BF77DBF45A173FF6009C3ED0895C403AFDA <\/p>\n<h3>WEBSITE: OPEN IN AN ANONYMOUS BROWSER (the link does not work in other browsers!) <a href=\"https:\/\/www.torproject.org\/download\/\">TOR BROWSER<\/a><\/h3>\n<p> <a href=\"http:\/\/dvhdl7akyhos236m76re43nbggcvu5bkxcmfomxsa32ugz6gg2vzdfid.onion\">Www. dvhdl7akyhos236m76re43nbggcvu5bkxcmfomxsa32ugz6gg2vzdfid. onion<\/a><\/p>\n","protected":false},"excerpt":{"rendered":"<p>\u0421\u041b\u0418\u0412\u0410 \u0414\u041b\u042f \u0414\u0415\u0422\u0415\u0419 JaqaUci78 Forum Webcam Teen Videos YUIZAKI FC2 PPV JAV UNCENSORED. erwacht Webcam-Teenager JUNGE OBEN OHNE JUGENDLICHE. forum web kameras\u0131 AMATEUR GIRL PHOTO ADULT ART MODELING STUDIO. webcam adolescente MODELO CHICO Y CHICA BESTIALIDAD PERRO SEXO. \u0426\u043f \u0434\u0435\u0442\u0441\u043a\u0430\u044f \u043c\u043e\u0434\u0430 \u0432 \u0442\u0435\u043b\u0435\u0433\u0440\u0430\u043c\u043c\u0435, 15 y o nude jailbait young kids angels around. f\u00f3rum webcam adolescente [&hellip;]<\/p>\n","protected":false},"author":2,"featured_media":0,"parent":0,"menu_order":0,"comment_status":"closed","ping_status":"closed","template":"","meta":{"footnotes":""},"class_list":["post-726","page","type-page","status-publish","hentry"],"_links":{"self":[{"href":"https:\/\/www.optimiseconsulting.eu\/index.php\/wp-json\/wp\/v2\/pages\/726","targetHints":{"allow":["GET"]}}],"collection":[{"href":"https:\/\/www.optimiseconsulting.eu\/index.php\/wp-json\/wp\/v2\/pages"}],"about":[{"href":"https:\/\/www.optimiseconsulting.eu\/index.php\/wp-json\/wp\/v2\/types\/page"}],"author":[{"embeddable":true,"href":"https:\/\/www.optimiseconsulting.eu\/index.php\/wp-json\/wp\/v2\/users\/2"}],"replies":[{"embeddable":true,"href":"https:\/\/www.optimiseconsulting.eu\/index.php\/wp-json\/wp\/v2\/comments?post=726"}],"version-history":[{"count":0,"href":"https:\/\/www.optimiseconsulting.eu\/index.php\/wp-json\/wp\/v2\/pages\/726\/revisions"}],"wp:attachment":[{"href":"https:\/\/www.optimiseconsulting.eu\/index.php\/wp-json\/wp\/v2\/media?parent=726"}],"curies":[{"name":"wp","href":"https:\/\/api.w.org\/{rel}","templated":true}]}}