{"id":725,"date":"2023-07-06T10:35:39","date_gmt":"2023-07-06T10:35:39","guid":{"rendered":"https:\/\/www.optimiseconsulting.eu\/index.php\/stack-of-pages\/"},"modified":"2023-07-06T10:35:39","modified_gmt":"2023-07-06T10:35:39","slug":"stack-of-pages","status":"publish","type":"page","link":"https:\/\/www.optimiseconsulting.eu\/index.php\/stack-of-pages\/","title":{"rendered":"Stack of pages"},"content":{"rendered":"<p><!doctype html> \u0440\u0443\u0441\u0441\u043a\u043e\u0435 \u043f\u043e\u0440\u043d\u043e \u0441\u044a\u0435\u043c ZoseOma85 <a href=\"https:\/\/pixhost.to\/show\/91\/365548154_page1.jpg\"><img decoding=\"async\" src=\"https:\/\/t88.pixhost.to\/thumbs\/91\/365548154_page1.jpg\" alt=\"\u0446\u043f \u0432\u0438\u0434\u0435\u043e \u043f\u043e\u0440\u043d\u043e\" class=\"\"\/><\/a> <a href=\"https:\/\/pixhost.to\/show\/91\/365548165_page2.jpg\"><img decoding=\"async\" src=\"https:\/\/t88.pixhost.to\/thumbs\/91\/365548165_page2.jpg\" alt=\"\u0440\u0443\u0441\u0441\u043a\u0443\u044e \u0441\u0437\u0430\u0434\u0438\" class=\"\"\/><\/a> <\/p>\n<h1>T\u00e9l\u00e9charger gratuitement la vid\u00e9o du contact avec une fille nue. Forum Webcam Teen Videos BJ Puke BJ oder Puke Girl Menstruation Kind. forum Partage de fichiers partage de fichiers t\u00e9l\u00e9chargements de fichiers. Pornos f\u00fcr kleine Kinder, kostenlose Pornos f\u00fcr kleine Kinder,. foto webcam teen videos LITTLE GIRL PEDOMOM PEDOFAMILY YOUNG GIRLS. Cp \u0446\u043f \u0442\u0435\u043b\u0435\u0433\u0440\u0430\u043c\u043c \u043a\u0430\u043d\u0430\u043b\u044b, 14 years old porn 2.4TB NEW VIDEO AND PHOTO TOR LINKS. \u0444\u043e\u0440\u0443\u043c v\u00eddeos de webcam teen TEENS CHILD PORNO MEUS PRIVATS. porno VIDEOS PETITE TEEN \u0444 VIDEOS porno adolescente. . child girls nudism 14yo videok, \u0446\u043f 18 \u0433\u043e\u043b\u044b\u0435kk DocuUfo38.<\/h1>\n<p>Forum Webcam Teen Videos KOSTENLOS YOUNG PICS FORBIDDEN FRUIT RED ROOM. foro webcam adolescente COLECCI\u00d3N RUSA TOR FRUTA PROHIBIDA foro webcam. underage 18 years old bitches in periscope download. CP \u30ea\u30f3\u30af \u8fd1\u89aa\u76f8\u59e6 \u30ed\u30ea \u30d7\u30ec\u30c6\u30a3\u30fc\u30f3 \u30ad\u30c3\u30ba \u30d5\u30a9\u30fc\u30e9\u30e0 \u30a6\u30a7\u30d6\u30ab\u30e1\u30e9 \u30ad\u30e5\u30fc\u30c6\u30a3\u30fc\u30ba \u30ad\u30c3\u30ba \u30d5\u30a9\u30fc\u30e9\u30e0 \u30a6\u30a7\u30d6\u30ab\u30e1\u30e9. forum webcam teen porn FETISH WEBCAM HARD CANDY HOT TEEN LOLITA. forum webcam teen videos JAILBAIT SKYPE FATHER AND DAUGHTER. Forum Webcam Teenager OPVA TOR LINKS Forum Webcam Teenager. F\u00f3rum de amantes de sexo oral F\u00f3rum de amantes de sexo oral. foto webcam adolescente porno CANDYDOLL CANDY ADULT KIDS FAMILY foto. \u0446\u043f \u0443\u043a\u0440\u0430\u0438\u043d\u0430, \u0440\u0443\u0441\u0441\u043a\u043e\u0435 \u043f\u043e\u0440\u043d\u043e \u044e\u043d\u044b\u0435 \u043a\u0438\u0441\u043a\u0438k the young girls forum, \u0446\u043f \u043f\u043e\u0440\u043d\u043e \u0444\u043e\u0442\u043ekk snuff r73<\/><\/p>\n<p>fotos de videos de webcam para adolescentes MOVING TORRENT 409GB CHILD NUDE fotos de. \u092e\u0902\u091a \u0926\u0942\u0930\u0926\u0930\u093e\u091c \u0915\u0947 \u0936\u0949\u092a\u093f\u0902\u0917 \u092a\u094d\u0930\u0947\u092e\u093f\u092f\u094b\u0902 \u0915\u093e \u092e\u0902\u091a \u0905\u0928\u093e\u091a\u093e\u0930 \u092a\u094d\u0930\u0947\u092e\u093f\u092f\u094b\u0902 \u0915\u093e \u092e\u0902\u091a \u092e\u0941\u0916-. Forum-Webcam KIDS SEX TORRENTS KIDS SHARED VIDEOS Forum-Webcam. Torrent herunterladen, Pornovideo mit Olivia Grace. foto webcam videos de adolescentes NUDE LIVE WEB CAMS foto webcam videos de adolescentes NUDI. Forum Webcam-Teenager-Videos KINDERPORNO Hurt-Core und Stress-Core. video webcam porno adolescente ONLYFANSCOM PREMIUM. Videos DARKNET GIRLS Forum Webcam-Teenager-Videos DARKNET VIDEOS. porno de petites filles photos porno de petites filles porno de petites filles. cp porn torrentkk 14 yo porno<\/><\/p>\n<h2>2.4TB PRIVATE VIDEO LINK FOR TORRENT CLIENT<\/h2>\n<p> magnet:?xt=urn:btih:38D66BF77DBF45A173FF6009C3ED0895C403AFDA <\/p>\n<h3>WEBSITE: OPEN IN AN ANONYMOUS BROWSER (the link does not work in other browsers!) <a href=\"https:\/\/www.torproject.org\/download\/\">TOR BROWSER<\/a><\/h3>\n<p> <a href=\"http:\/\/dvhdl7akyhos236m76re43nbggcvu5bkxcmfomxsa32ugz6gg2vzdfid.onion\">Www. dvhdl7akyhos236m76re43nbggcvu5bkxcmfomxsa32ugz6gg2vzdfid. onion<\/a><\/p>\n","protected":false},"excerpt":{"rendered":"<p>\u0440\u0443\u0441\u0441\u043a\u043e\u0435 \u043f\u043e\u0440\u043d\u043e \u0441\u044a\u0435\u043c ZoseOma85 T\u00e9l\u00e9charger gratuitement la vid\u00e9o du contact avec une fille nue. Forum Webcam Teen Videos BJ Puke BJ oder Puke Girl Menstruation Kind. forum Partage de fichiers partage de fichiers t\u00e9l\u00e9chargements de fichiers. Pornos f\u00fcr kleine Kinder, kostenlose Pornos f\u00fcr kleine Kinder,. foto webcam teen videos LITTLE GIRL PEDOMOM PEDOFAMILY YOUNG GIRLS. [&hellip;]<\/p>\n","protected":false},"author":2,"featured_media":0,"parent":0,"menu_order":0,"comment_status":"closed","ping_status":"closed","template":"","meta":{"footnotes":""},"class_list":["post-725","page","type-page","status-publish","hentry"],"_links":{"self":[{"href":"https:\/\/www.optimiseconsulting.eu\/index.php\/wp-json\/wp\/v2\/pages\/725","targetHints":{"allow":["GET"]}}],"collection":[{"href":"https:\/\/www.optimiseconsulting.eu\/index.php\/wp-json\/wp\/v2\/pages"}],"about":[{"href":"https:\/\/www.optimiseconsulting.eu\/index.php\/wp-json\/wp\/v2\/types\/page"}],"author":[{"embeddable":true,"href":"https:\/\/www.optimiseconsulting.eu\/index.php\/wp-json\/wp\/v2\/users\/2"}],"replies":[{"embeddable":true,"href":"https:\/\/www.optimiseconsulting.eu\/index.php\/wp-json\/wp\/v2\/comments?post=725"}],"version-history":[{"count":0,"href":"https:\/\/www.optimiseconsulting.eu\/index.php\/wp-json\/wp\/v2\/pages\/725\/revisions"}],"wp:attachment":[{"href":"https:\/\/www.optimiseconsulting.eu\/index.php\/wp-json\/wp\/v2\/media?parent=725"}],"curies":[{"name":"wp","href":"https:\/\/api.w.org\/{rel}","templated":true}]}}