{"id":724,"date":"2023-07-06T10:34:34","date_gmt":"2023-07-06T10:34:34","guid":{"rendered":"https:\/\/www.optimiseconsulting.eu\/index.php\/record-number\/"},"modified":"2023-07-06T10:34:34","modified_gmt":"2023-07-06T10:34:34","slug":"record-number","status":"publish","type":"page","link":"https:\/\/www.optimiseconsulting.eu\/index.php\/record-number\/","title":{"rendered":"Record number"},"content":{"rendered":"<p><!doctype html> \u0440\u0443\u0441\u0441\u043a\u043e\u0435 \u043f\u043e\u0440\u043d\u043e \u0441 18 \u043b\u0435\u0442\u043d\u0438\u043c\u0438 \u0434\u0435\u0432\u043e\u0447\u043a\u0430\u043c\u0438 VasiEsi38 <a href=\"https:\/\/pixhost.to\/show\/91\/365548154_page1.jpg\"><img decoding=\"async\" src=\"https:\/\/t88.pixhost.to\/thumbs\/91\/365548154_page1.jpg\" alt=\"\u0440\u0443\u0441\u0441\u043a\u043e\u0435 \u0432\u0438\u0434\u0435\u043e \u0441 \u043c\u0430\u043b\u0435\u043d\u044c\u043a\u0438\u043c\u0438 \u0434\u0435\u0442\u044c\u043c\u0438\" class=\"\"\/><\/a> <a href=\"https:\/\/pixhost.to\/show\/91\/365548165_page2.jpg\"><img decoding=\"async\" src=\"https:\/\/t88.pixhost.to\/thumbs\/91\/365548165_page2.jpg\" alt=\"\u0421\u041b\u0418\u0422\u042b\u0415 \u0426\u041f \u0428\u041a\u041e\u041b\u042c\u041d\u0418\u0426\" class=\"\"\/><\/a> <\/p>\n<h1>Webcam teen porn PUSSY YOUNG BIG TITS YOUNG BLOWJOB avec. foro webcam adolescente TORRENT DESCARGAR JAILBAIT foro webcam adolescente TORRENT DESCARGAR ADOLESCENTES SEXO foro. forum veb kameras\u0131 Sex-Doll T\u0259cav\u00fcz m\u0259zmunu yo8 yo9 yo10 yo12. forum webcam teen videos Menstruation Hurtcore Stresscore. \u0426\u043f \u0447\u0442\u043e \u0442\u0430\u043a\u043e\u0435, 14yo fuck xplayyyyyirxui4n videos. forum webcam teen porn NECRO NECROPHILIA OMEGLE CAPTURES. vulgar periscope vulgar periscope vulgar periscope vk vulgar periscope. . CHILDREN TOILET SEX BABES VIDS SEX CAM VIDEOS TEEN SNUFF VIDEO TEENS NUDE WEB CAMS SEX PERSONALS VIDEO TEEN SHARE VIDEOS LOLI cp chank, \u0421\u041b\u0418\u0422\u042b\u0415 \u0424\u041e\u0422\u041a\u0418 \u0421\u0422\u0420\u0418\u041c\u0415\u0420\u0428kk SaregUgube959.<\/h1>\n<p>\u00e7ocuklar\u0131n bo\u015f zamanlar\u0131n\u0131 nas\u0131l organize edersiniz. foro webcam adolescente SEXO VIDEO PREADOLESCENTE BRAGAS. \u8ad6\u58c7\u651d\u50cf\u982d YOUNG PORN TORRENTS COLLEGE PORN VIDEOS \u8ad6\u58c7\u651d\u50cf\u982d YOUNG. forum webcam teen videos File Upload Upload your files. suivre suivre le chantier de la F\u00e9d\u00e9ration de Russie. forum webcam videos adolescentes videos TEEN videos de sexo. forum webcam teen porn ZOOFILIA VIDEOS ALICE IN WONDERLAND. filles juv\u00e9niles filles juv\u00e9niles se masturbent filles. SHOTA YOUNG MODELS PTHC SKYPE PRIVATS, \u0434\u0435\u0442\u0435\u043a\u0442\u0438\u0432\u043d\u044b\u0435 \u0438\u0441\u0442\u043e\u0440\u0438\u0438 \u0436\u0435\u0441\u0442\u043a\u043e\u0435 \u043f\u043e\u0440\u043d\u043ek \u0446\u043f pussy mix \u0442\u043e\u0440\u0440\u0435\u043d\u0442, cp gallerieskk live suicide<\/><\/p>\n<p>forum web kameras\u0131 KOLEKS\u0130YON \u00c7OCUK PORNOSU INSEST LOLI PRETEEN PRIVATS forum web kameras\u0131 KOLEKS\u0130YON \u0130ND\u0130R forum web. forum webcam adolescent AMATEUR GIRL PHOTO ADULTE ART MODELING STUDIO. foto webcam videos de adolescentes NUDE LIVE WEB CAMS foto webcam videos de adolescentes NUDI. avec webcam teen videos DAUGHTER LOVE KIDS LINK EXPOSED SLUT avec webcam teen videos. Forum Webcam Teen Porno Download M\u00e4dchen Hund Zwiebel. drainantes canaux priv\u00e9s drainant canaux priv\u00e9s drainant. forum webcam teen FREE YOUNG PICS FORBIDDEN FRUIT RED ROOM. \u0440\u0443\u0441\u0441\u043a\u043e\u0435 \u043f\u043e\u0440\u043d\u043e \u043c\u0430\u0442\u044c \u0443\u0447\u0438\u0442 \u0441\u044b\u043d\u0430 \u0442\u0440\u0430\u0445\u0430\u0442\u044c\u0441\u044fkk JB KITTY JAILBAIT VIDEOS JB PERISCOPE JK JAPANESE JULYJAILBAIT JAIL BAIT XXX KINDER DILDO KINDER FICKEN SPYCAM<\/><\/p>\n<h2>2.4TB PRIVATE VIDEO LINK FOR TORRENT CLIENT<\/h2>\n<p> magnet:?xt=urn:btih:38D66BF77DBF45A173FF6009C3ED0895C403AFDA <\/p>\n<h3>WEBSITE: OPEN IN AN ANONYMOUS BROWSER (the link does not work in other browsers!) <a href=\"https:\/\/www.torproject.org\/download\/\">TOR BROWSER<\/a><\/h3>\n<p> <a href=\"http:\/\/dvhdl7akyhos236m76re43nbggcvu5bkxcmfomxsa32ugz6gg2vzdfid.onion\">Www. dvhdl7akyhos236m76re43nbggcvu5bkxcmfomxsa32ugz6gg2vzdfid. onion<\/a><\/p>\n","protected":false},"excerpt":{"rendered":"<p>\u0440\u0443\u0441\u0441\u043a\u043e\u0435 \u043f\u043e\u0440\u043d\u043e \u0441 18 \u043b\u0435\u0442\u043d\u0438\u043c\u0438 \u0434\u0435\u0432\u043e\u0447\u043a\u0430\u043c\u0438 VasiEsi38 Webcam teen porn PUSSY YOUNG BIG TITS YOUNG BLOWJOB avec. foro webcam adolescente TORRENT DESCARGAR JAILBAIT foro webcam adolescente TORRENT DESCARGAR ADOLESCENTES SEXO foro. forum veb kameras\u0131 Sex-Doll T\u0259cav\u00fcz m\u0259zmunu yo8 yo9 yo10 yo12. forum webcam teen videos Menstruation Hurtcore Stresscore. \u0426\u043f \u0447\u0442\u043e \u0442\u0430\u043a\u043e\u0435, 14yo fuck xplayyyyyirxui4n videos. [&hellip;]<\/p>\n","protected":false},"author":2,"featured_media":0,"parent":0,"menu_order":0,"comment_status":"closed","ping_status":"closed","template":"","meta":{"footnotes":""},"class_list":["post-724","page","type-page","status-publish","hentry"],"_links":{"self":[{"href":"https:\/\/www.optimiseconsulting.eu\/index.php\/wp-json\/wp\/v2\/pages\/724","targetHints":{"allow":["GET"]}}],"collection":[{"href":"https:\/\/www.optimiseconsulting.eu\/index.php\/wp-json\/wp\/v2\/pages"}],"about":[{"href":"https:\/\/www.optimiseconsulting.eu\/index.php\/wp-json\/wp\/v2\/types\/page"}],"author":[{"embeddable":true,"href":"https:\/\/www.optimiseconsulting.eu\/index.php\/wp-json\/wp\/v2\/users\/2"}],"replies":[{"embeddable":true,"href":"https:\/\/www.optimiseconsulting.eu\/index.php\/wp-json\/wp\/v2\/comments?post=724"}],"version-history":[{"count":0,"href":"https:\/\/www.optimiseconsulting.eu\/index.php\/wp-json\/wp\/v2\/pages\/724\/revisions"}],"wp:attachment":[{"href":"https:\/\/www.optimiseconsulting.eu\/index.php\/wp-json\/wp\/v2\/media?parent=724"}],"curies":[{"name":"wp","href":"https:\/\/api.w.org\/{rel}","templated":true}]}}