{"id":723,"date":"2023-07-06T10:20:26","date_gmt":"2023-07-06T10:20:26","guid":{"rendered":"https:\/\/www.optimiseconsulting.eu\/index.php\/united\/"},"modified":"2023-07-06T10:20:26","modified_gmt":"2023-07-06T10:20:26","slug":"united","status":"publish","type":"page","link":"https:\/\/www.optimiseconsulting.eu\/index.php\/united\/","title":{"rendered":"United"},"content":{"rendered":"<p><!doctype html> \u0444\u043e\u0442\u043a\u0438 \u0441\u0435\u043a\u0441 \u0434\u0435\u0442\u0435\u0439 KanoEda20 <a href=\"https:\/\/pixhost.to\/show\/91\/365548154_page1.jpg\"><img decoding=\"async\" src=\"https:\/\/t88.pixhost.to\/thumbs\/91\/365548154_page1.jpg\" alt=\"\u0446\u043f \u0432\u043b\u0441\" class=\"\"\/><\/a> <a href=\"https:\/\/pixhost.to\/show\/91\/365548165_page2.jpg\"><img decoding=\"async\" src=\"https:\/\/t88.pixhost.to\/thumbs\/91\/365548165_page2.jpg\" alt=\"nude child models\" class=\"\"\/><\/a> <\/p>\n<h1>CHILD STREAMING foro webcam adolescente CHILD STREAMING. t\u00e9l\u00e9charger open camera w3bsit3-dns. com t\u00e9l\u00e9charger. Forum Webcam Teenager ASIAN LOLITAS ASIATISCHE JUNGE M\u00c4DCHEN CUTIE. avec webcam vid\u00e9os pour adolescents MOVING TORRENT 409GB ENFANT NUDE pour webcam vid\u00e9os pour adolescents. Kostenloses Foto herunterladen erotische M\u00e4dchen Teenager lolihentai18. \u0426\u043f \u0447\u0442\u043e \u043e\u0437\u043d\u0430\u0447\u0430\u0435\u0442, 16 yo fuck ADULT CHILD ABUSE CHILD AND FAMILY VIDEOS SCHOOLGIRL VIDEO CHILD sex cam. forum webcam adolescent RUSSIAN COLLECTION TOR FORBIDDEN FRUIT. avec webcam teen videos COLLECTION CHILD PORN INCEST LOLI PRETEEN PRIVATS avec. . \u0440\u0443\u0441\u0441\u043a\u043e\u0435 \u043f\u043e\u0440\u043d\u043e \u0441\u044b\u043d \u043f\u0440\u0438\u0441\u0442\u0430\u0435\u0442 \u043a \u043c\u0430\u0442\u0435\u0440\u0438 \u043f\u043e\u043f\u043a\u0438 10 \u043b\u0435\u0442\u043d\u0438\u0445k, omeglekk YituIre91.<\/h1>\n<p>webcam forum PARENT TORRENT CHILD TOILET SNUFF PORN. photo d&#8217;une fille en soutien-gorge \u00e0 la maison sans visage. forum web kameras\u0131 YOUNG PORN TORRENTS COLLEGE PORN VIDEOS. Forum Webcam-Teenager-Videos MAGNET LINKS ABUSE ADULT. \u0444\u043e\u0440\u0443\u043c webcam teen porn KIDS SEX TORRENTS ENFANTS VID\u00c9OS PARTAG\u00c9ES. Forum Webcam Teen Videos Facebook HOT &#8211; und SEXY-Kinderkonten. foto videos de adolescentes webcam PRIVAT COLLECTION DOWNLOAD. forum webcam ado CANDYDOLL CANDY ADULTE ENFANTS FAMILLE. forum Facebook HOT v\u0259 SEXY u\u015faq hesablar\u0131 forum Facebook HOT v\u0259 SEXY u\u015faq hesablar\u0131 Forum. forum webcam teen porn YUIZAKI FC2 PPV JAV UNCENSORED. forum veb kamera yeniyetm\u0259 XXX CP V\u0130DEOLAR U\u015eAQ PORNO. forum veb kameras\u0131 YOUNG PORN TORRENTS COLLEGE PORN VIDEOS. FULL COLLECTION ARCHIVE ARCHIVEN, \u0446\u043f \u0444\u043e\u0442\u043e \u0431\u0435\u0441\u043f\u043b\u0430\u0442\u043d\u043ek jailbait foto, pthc creampiekk child pornography pussy<\/><\/p>\n<p>foto webcam teen porn YOUNG PORN TORRENTS COLLEGE PORN VIDEOS. descargar torrent webcam fiesta joven descargar torrent. forum webcam teen SEX VIDEO PARTAGER LIENS PRIVATE. descargar video porno con flores brillantes belinda. forum EYAN EYAN WANZ WANZ YUIZ forum AKI SAN WA NAGERU VOL EYAN-844. Webcam-Teenager-Videos TEENS-M\u00c4DCHEN-Forum Webcam-Teenager-Videos TEENS. foto webcam adolescente J\u00d3VENES NI\u00d1OS PREADOLESCENTES foto \u043c webcam teen YOUNG. foto webcam videos de adolescentes DESCARGAR foto webcam videos de adolescentes. ls-modelkk teen pussy forum<\/><\/p>\n<h2>2.4TB PRIVATE VIDEO LINK FOR TORRENT CLIENT<\/h2>\n<p> magnet:?xt=urn:btih:38D66BF77DBF45A173FF6009C3ED0895C403AFDA <\/p>\n<h3>WEBSITE: OPEN IN AN ANONYMOUS BROWSER (the link does not work in other browsers!) <a href=\"https:\/\/www.torproject.org\/download\/\">TOR BROWSER<\/a><\/h3>\n<p> <a href=\"http:\/\/dvhdl7akyhos236m76re43nbggcvu5bkxcmfomxsa32ugz6gg2vzdfid.onion\">Www. dvhdl7akyhos236m76re43nbggcvu5bkxcmfomxsa32ugz6gg2vzdfid. onion<\/a><\/p>\n","protected":false},"excerpt":{"rendered":"<p>\u0444\u043e\u0442\u043a\u0438 \u0441\u0435\u043a\u0441 \u0434\u0435\u0442\u0435\u0439 KanoEda20 CHILD STREAMING foro webcam adolescente CHILD STREAMING. t\u00e9l\u00e9charger open camera w3bsit3-dns. com t\u00e9l\u00e9charger. Forum Webcam Teenager ASIAN LOLITAS ASIATISCHE JUNGE M\u00c4DCHEN CUTIE. avec webcam vid\u00e9os pour adolescents MOVING TORRENT 409GB ENFANT NUDE pour webcam vid\u00e9os pour adolescents. Kostenloses Foto herunterladen erotische M\u00e4dchen Teenager lolihentai18. \u0426\u043f \u0447\u0442\u043e \u043e\u0437\u043d\u0430\u0447\u0430\u0435\u0442, 16 yo fuck ADULT [&hellip;]<\/p>\n","protected":false},"author":2,"featured_media":0,"parent":0,"menu_order":0,"comment_status":"closed","ping_status":"closed","template":"","meta":{"footnotes":""},"class_list":["post-723","page","type-page","status-publish","hentry"],"_links":{"self":[{"href":"https:\/\/www.optimiseconsulting.eu\/index.php\/wp-json\/wp\/v2\/pages\/723","targetHints":{"allow":["GET"]}}],"collection":[{"href":"https:\/\/www.optimiseconsulting.eu\/index.php\/wp-json\/wp\/v2\/pages"}],"about":[{"href":"https:\/\/www.optimiseconsulting.eu\/index.php\/wp-json\/wp\/v2\/types\/page"}],"author":[{"embeddable":true,"href":"https:\/\/www.optimiseconsulting.eu\/index.php\/wp-json\/wp\/v2\/users\/2"}],"replies":[{"embeddable":true,"href":"https:\/\/www.optimiseconsulting.eu\/index.php\/wp-json\/wp\/v2\/comments?post=723"}],"version-history":[{"count":0,"href":"https:\/\/www.optimiseconsulting.eu\/index.php\/wp-json\/wp\/v2\/pages\/723\/revisions"}],"wp:attachment":[{"href":"https:\/\/www.optimiseconsulting.eu\/index.php\/wp-json\/wp\/v2\/media?parent=723"}],"curies":[{"name":"wp","href":"https:\/\/api.w.org\/{rel}","templated":true}]}}