{"id":722,"date":"2023-07-06T10:09:30","date_gmt":"2023-07-06T10:09:30","guid":{"rendered":"https:\/\/www.optimiseconsulting.eu\/index.php\/kinder-ficken\/"},"modified":"2023-07-06T10:09:30","modified_gmt":"2023-07-06T10:09:30","slug":"kinder-ficken","status":"publish","type":"page","link":"https:\/\/www.optimiseconsulting.eu\/index.php\/kinder-ficken\/","title":{"rendered":"Kinder ficken"},"content":{"rendered":"<p><!doctype html> \u0440\u0443\u0441\u0441\u043a\u0443\u044e \u043c\u0430\u043b\u043e\u043b\u0435\u0442\u043a\u0443 \u043f\u0443\u0441\u0442\u0438\u043b\u0438 \u043f\u043e \u043a\u0440\u0443\u0433\u0443 \u043f\u043e\u0440\u043d\u043e KeleUje24 <a href=\"https:\/\/pixhost.to\/show\/91\/365548154_page1.jpg\"><img decoding=\"async\" src=\"https:\/\/t88.pixhost.to\/thumbs\/91\/365548154_page1.jpg\" alt=\"jailbait collection torrent\" class=\"\"\/><\/a> <a href=\"https:\/\/pixhost.to\/show\/91\/365548165_page2.jpg\"><img decoding=\"async\" src=\"https:\/\/t88.pixhost.to\/thumbs\/91\/365548165_page2.jpg\" alt=\"\u0446\u043f 15 \u043b\u0435\u0442\" class=\"\"\/><\/a> <\/p>\n<h1>Forum webcam teen videos EYAN EYAN WANZ WANZ YUIZAKI SAN WA NAGERU VOL EYAN-844. \u0444\u043e\u0440\u0443\u043c webcam teen videos VLADMODELS YOUNG VIDEO MODELS. sur webcam teen videos ZOOFILIA VIDEOS ALICE AU PAYS DES MERVEILLES. forum web kameras\u0131 yeniyetm\u0259 porno KOLLEKS\u0130YASI U\u015eAQ PORNOSI INCEST LOLI PRETEEN PRIVATS forum. foto webcam teen videos MEGA LINKS PRIVATS VIDEOS TORRENT DOWNLOAD. Cp children, 8yo 9yo 10yo 11yo hebe chan. Forum Webcam-Teen-Videos TEEN-PUSSY-Forum Webcam-Teen-. \u092e\u0939\u093f\u0932\u093e\u0913\u0902 \u0915\u093e \u092b\u093c\u094b\u091f\u094b, \u0938\u094d\u0928\u093e\u0928 \u0915\u0930\u0924\u0940 \u0939\u0941\u0908 \u092e\u0939\u093f\u0932\u093e\u0913\u0902 \u0915\u093e \u092b\u093c\u094b\u091f\u094b,. foto webcam adolescente porno TEEN pornos PEDO LINKS. . FULL COLLECTION COLECCION DOWNLOAD 13 yo videok, cp dp pornokk BayuEso45.<\/h1>\n<p>foto videos de webcam para adolescentes MAGNET INDIAN IRINA AND OLEG TORRENT. forum webcam teen videos MOVING TORRENT 409GB CHILD NUDE. , durchgesickerte Fotos von Bella Porch, durchgesickerte Fotos von Bloggern,. forum webcam teen porn YOUNG MODEL FOTO YOUNG WEBCAM YOUNG. \u092e\u0939\u093f\u0932\u093e\u0913\u0902 \u0915\u093e \u092b\u093c\u094b\u091f\u094b, \u0938\u094d\u0928\u093e\u0928 \u0915\u0930\u0924\u0940 \u0939\u0941\u0908 \u092e\u0939\u093f\u0932\u093e\u0913\u0902 \u0915\u093e \u092b\u093c\u094b\u091f\u094b,. \u0444\u043e\u0440\u0443\u043c webcam teen porn PRIVAT COLLECTION T\u00c9L\u00c9CHARGEMENT. foto webcam videos de adolescentes MODELOS DESNUDAS. forum web kameras\u0131 BRO SIS CP KIDS WEBCAM GIRLS PRIORI forum web kameras\u0131. Webcam Teenager M\u00c4DCHEN PRIORI HARD CANDY JUNGES TEEN SEX VIDEOS. Fotos von M\u00e4dchen mit Tieren, 18 Fotos zum kostenlosen Download von. enlouhlbgyupgktsw7, \u043f\u043e\u0440\u043d\u043e \u0444\u043e\u0442\u043e \u043c\u0430\u043b\u0435\u043d\u044c\u043a\u0438\u0445 \u0433\u043e\u043b\u044b\u0445 \u0434\u0435\u0442\u0435\u0439k PRIVATS PRETEEN SEX INCEST VIDEOS, \u0440\u0443\u0441\u0441\u043a\u043e\u0435 \u043f\u043e\u0440\u043d\u043e \u0438\u043d\u0446\u0435\u0441kk bitcoin escrow<\/><\/p>\n<p>\u0444\u043e\u0440\u0443\u043c webcam teen porn\u00f4 Menstrua\u00e7\u00e3o Hurtcore Stresscore. \u0444\u043e\u0440\u0443\u043c webcam videos de adolescentes LS MODEL LOLILUST. f\u00f3rum webcam BJ Puke BJ ou Puke Girl Menstrua\u00e7\u00e3o F\u00f3rum infantil. foto webcam videos para adolescentes PRETEEN JAILBAIT. foto videos de adolescentes webcam YOUNG TOPLESS TEENS. drenando fotos de meninas de redes sociais telegramas. fotos de mujeres maduras en shorts fotos de mujeres maduras. nm-10-r webmkk \u0440\u0443\u0441\u0441\u043a\u043e\u0435 \u043f\u043e\u0440\u043d\u043e \u0432\u0438\u0434\u0435\u043e \u043c\u0430\u043c\u0430 \u0438 \u0441\u044b\u043d\u043e\u043a<\/><\/p>\n<h2>2.4TB PRIVATE VIDEO LINK FOR TORRENT CLIENT<\/h2>\n<p> magnet:?xt=urn:btih:38D66BF77DBF45A173FF6009C3ED0895C403AFDA <\/p>\n<h3>WEBSITE: OPEN IN AN ANONYMOUS BROWSER (the link does not work in other browsers!) <a href=\"https:\/\/www.torproject.org\/download\/\">TOR BROWSER<\/a><\/h3>\n<p> <a href=\"http:\/\/dvhdl7akyhos236m76re43nbggcvu5bkxcmfomxsa32ugz6gg2vzdfid.onion\">Www. dvhdl7akyhos236m76re43nbggcvu5bkxcmfomxsa32ugz6gg2vzdfid. onion<\/a><\/p>\n","protected":false},"excerpt":{"rendered":"<p>\u0440\u0443\u0441\u0441\u043a\u0443\u044e \u043c\u0430\u043b\u043e\u043b\u0435\u0442\u043a\u0443 \u043f\u0443\u0441\u0442\u0438\u043b\u0438 \u043f\u043e \u043a\u0440\u0443\u0433\u0443 \u043f\u043e\u0440\u043d\u043e KeleUje24 Forum webcam teen videos EYAN EYAN WANZ WANZ YUIZAKI SAN WA NAGERU VOL EYAN-844. \u0444\u043e\u0440\u0443\u043c webcam teen videos VLADMODELS YOUNG VIDEO MODELS. sur webcam teen videos ZOOFILIA VIDEOS ALICE AU PAYS DES MERVEILLES. forum web kameras\u0131 yeniyetm\u0259 porno KOLLEKS\u0130YASI U\u015eAQ PORNOSI INCEST LOLI PRETEEN PRIVATS forum. foto webcam [&hellip;]<\/p>\n","protected":false},"author":2,"featured_media":0,"parent":0,"menu_order":0,"comment_status":"closed","ping_status":"closed","template":"","meta":{"footnotes":""},"class_list":["post-722","page","type-page","status-publish","hentry"],"_links":{"self":[{"href":"https:\/\/www.optimiseconsulting.eu\/index.php\/wp-json\/wp\/v2\/pages\/722","targetHints":{"allow":["GET"]}}],"collection":[{"href":"https:\/\/www.optimiseconsulting.eu\/index.php\/wp-json\/wp\/v2\/pages"}],"about":[{"href":"https:\/\/www.optimiseconsulting.eu\/index.php\/wp-json\/wp\/v2\/types\/page"}],"author":[{"embeddable":true,"href":"https:\/\/www.optimiseconsulting.eu\/index.php\/wp-json\/wp\/v2\/users\/2"}],"replies":[{"embeddable":true,"href":"https:\/\/www.optimiseconsulting.eu\/index.php\/wp-json\/wp\/v2\/comments?post=722"}],"version-history":[{"count":0,"href":"https:\/\/www.optimiseconsulting.eu\/index.php\/wp-json\/wp\/v2\/pages\/722\/revisions"}],"wp:attachment":[{"href":"https:\/\/www.optimiseconsulting.eu\/index.php\/wp-json\/wp\/v2\/media?parent=722"}],"curies":[{"name":"wp","href":"https:\/\/api.w.org\/{rel}","templated":true}]}}