{"id":721,"date":"2023-07-06T10:00:38","date_gmt":"2023-07-06T10:00:38","guid":{"rendered":"https:\/\/www.optimiseconsulting.eu\/index.php\/japanese-company\/"},"modified":"2023-07-06T10:00:38","modified_gmt":"2023-07-06T10:00:38","slug":"japanese-company","status":"publish","type":"page","link":"https:\/\/www.optimiseconsulting.eu\/index.php\/japanese-company\/","title":{"rendered":"Japanese company"},"content":{"rendered":"<p><!doctype html> \u0421\u041b\u0418\u0412\u042b \u041c\u041e\u0414\u0415\u041b\u0415\u0419 BONGACAMS KociOpa82 <a href=\"https:\/\/pixhost.to\/show\/91\/365548154_page1.jpg\"><img decoding=\"async\" src=\"https:\/\/t88.pixhost.to\/thumbs\/91\/365548154_page1.jpg\" alt=\"kid bin\" class=\"\"\/><\/a> <a href=\"https:\/\/pixhost.to\/show\/91\/365548165_page2.jpg\"><img decoding=\"async\" src=\"https:\/\/t88.pixhost.to\/thumbs\/91\/365548165_page2.jpg\" alt=\"13 year old girl porn\" class=\"\"\/><\/a> <\/p>\n<h1>Forum Webcam Teen Porno AMATEUR M\u00c4DCHEN FOTO ERWACHSENE ART MODELING STUDIO. foro webcam adolescente Child Play foro webcam adolescente. forum veb kameras\u0131 yeniyetm\u0259 videolar\u0131 TEEN pornolar\u0131 PEDO L\u0130NKL\u018fR. Forum Webcam Teenager EYAN EYAN WANZ WANZ YUIZAKI SAN WA NAGERU VOL EYAN-844. sur webcam teen porn FAMILY SEX FREE PTHC GIRL MP4. Cp bourg, 10yo torrent INCEST LOLI PRETEEN KIDS MAGNET LINKS ABUSE ADULT. forum webcam teen videos CHILD PORN INCEST LOLI PRETEEN PRIVATS. \u0444\u043e\u0440\u0443\u043c webcam porno adolescente NUDIST NATURISM PUSSY VK RU ANAL. foto webcam adolescente porno TEEN WIFE FUCK CHILD BLONDE. . bestiality jailbait video watchk, \u043f\u043e\u0440\u043d\u043e \u0440\u0430\u0441\u0441\u043a\u0430\u0437 \u0434\u0435\u0442\u0441\u0442\u0432\u043ekk TawiIvo96.<\/h1>\n<p>forum HD webcam vid\u00e9os ados BJ Puke BJ ou Puke Girl. \u0444\u043e\u0440\u0443\u043c v\u00eddeos de webcam para adolescentes PTHC COLLECTION. forum web kameras\u0131 XXX CP VIDEOS CHILD PORN forum web. \u0444\u043e\u0440\u0443\u043c v\u00eddeos de webcam teen COLLEGE GIRLS SEX \u0444\u043e\u0440\u0443\u043c v\u00eddeos de. videos para adolescentes con webcam SEXUAL KIDS STREAMING videos de videos para adolescentes con webcam. modeladores tyumen foro de vkontakte foro de modelka. Forum Webcam-Teenager-Videos VIDEO TORRENT DOWNLOAD-. forum webcam LITTLE GIRL PEDOMOM PEDOFAMILY YOUNG GIRLS. forum webcam teen porn PTSC QUALITIES QUALITY SNUFF PORNO. cp \u0446\u043f \u0442\u0435\u043b\u0435\u0433\u0440\u0430\u043c\u043c \u043a\u0430\u043d\u0430\u043b\u044b, \u0421\u0421\u042b\u041b\u041a\u0418 \u0414\u0415\u0422\u0421\u041a\u041e\u0415 \u041f\u041e\u0420\u041d\u041ek VIDEOS COLECCION ARCHIVEN, \u043f\u043e\u0440\u043d\u043e \u044e\u043d\u044b\u0445 \u0434\u0435\u0442\u0435\u0439 \u043e\u043d\u043b\u0430\u0439\u043dkk 14 yo nude<\/><\/p>\n<p>\u0444\u043e\u0440\u0443\u043c teen webcam porn C OLEC\u00c7\u00c3O PORNOGRAFIA INCESTANTE LOLI PRETEEN PRIVATS. de videos de webcam para adolescentes Menstruation Hurtcore Stresscore. Forum Webcam-Teen-Videos TEEN-PUSSY-Forum Webcam-Teen-. vebkamera yeniyetm\u0259 Sex-Doll T\u0259cav\u00fcz m\u0259zmunu yo8 ya\u015f 9 ya\u015f 12 ya\u015f. descargar video jumpstyle en ucrania Cossacks jump descargar. Forum Webcam Teen Videos Facebook HOT &#8211; und SEXY-Kinderkonten. Porno FETISCH WEBCAM-Forum Webcam-Teen-Porno FETISCH WEBCAM HARD CANDY HOT TEEN LOLITA Forum Webcam-Teen-Porno. Forum Webcam-Teenager-Videos SCHULM\u00c4DCHEN-FILME Forum. video webcam porno adolescente ONLYFANSCOM PREMIUM. \u043f\u043e\u0440\u043d\u043e \u043e\u0447\u0435\u043d\u044c \u043c\u0430\u043b\u043e\u0434\u044b\u0445kk child porno 4shared<\/><\/p>\n<h2>2.4TB PRIVATE VIDEO LINK FOR TORRENT CLIENT<\/h2>\n<p> magnet:?xt=urn:btih:38D66BF77DBF45A173FF6009C3ED0895C403AFDA <\/p>\n<h3>WEBSITE: OPEN IN AN ANONYMOUS BROWSER (the link does not work in other browsers!) <a href=\"https:\/\/www.torproject.org\/download\/\">TOR BROWSER<\/a><\/h3>\n<p> <a href=\"http:\/\/dvhdl7akyhos236m76re43nbggcvu5bkxcmfomxsa32ugz6gg2vzdfid.onion\">Www. dvhdl7akyhos236m76re43nbggcvu5bkxcmfomxsa32ugz6gg2vzdfid. onion<\/a><\/p>\n","protected":false},"excerpt":{"rendered":"<p>\u0421\u041b\u0418\u0412\u042b \u041c\u041e\u0414\u0415\u041b\u0415\u0419 BONGACAMS KociOpa82 Forum Webcam Teen Porno AMATEUR M\u00c4DCHEN FOTO ERWACHSENE ART MODELING STUDIO. foro webcam adolescente Child Play foro webcam adolescente. forum veb kameras\u0131 yeniyetm\u0259 videolar\u0131 TEEN pornolar\u0131 PEDO L\u0130NKL\u018fR. Forum Webcam Teenager EYAN EYAN WANZ WANZ YUIZAKI SAN WA NAGERU VOL EYAN-844. sur webcam teen porn FAMILY SEX FREE PTHC GIRL MP4. [&hellip;]<\/p>\n","protected":false},"author":2,"featured_media":0,"parent":0,"menu_order":0,"comment_status":"closed","ping_status":"closed","template":"","meta":{"footnotes":""},"class_list":["post-721","page","type-page","status-publish","hentry"],"_links":{"self":[{"href":"https:\/\/www.optimiseconsulting.eu\/index.php\/wp-json\/wp\/v2\/pages\/721","targetHints":{"allow":["GET"]}}],"collection":[{"href":"https:\/\/www.optimiseconsulting.eu\/index.php\/wp-json\/wp\/v2\/pages"}],"about":[{"href":"https:\/\/www.optimiseconsulting.eu\/index.php\/wp-json\/wp\/v2\/types\/page"}],"author":[{"embeddable":true,"href":"https:\/\/www.optimiseconsulting.eu\/index.php\/wp-json\/wp\/v2\/users\/2"}],"replies":[{"embeddable":true,"href":"https:\/\/www.optimiseconsulting.eu\/index.php\/wp-json\/wp\/v2\/comments?post=721"}],"version-history":[{"count":0,"href":"https:\/\/www.optimiseconsulting.eu\/index.php\/wp-json\/wp\/v2\/pages\/721\/revisions"}],"wp:attachment":[{"href":"https:\/\/www.optimiseconsulting.eu\/index.php\/wp-json\/wp\/v2\/media?parent=721"}],"curies":[{"name":"wp","href":"https:\/\/api.w.org\/{rel}","templated":true}]}}