{"id":720,"date":"2023-07-06T09:46:35","date_gmt":"2023-07-06T09:46:35","guid":{"rendered":"https:\/\/www.optimiseconsulting.eu\/index.php\/cp-v-kontakte\/"},"modified":"2023-07-06T09:46:35","modified_gmt":"2023-07-06T09:46:35","slug":"cp-v-kontakte","status":"publish","type":"page","link":"https:\/\/www.optimiseconsulting.eu\/index.php\/cp-v-kontakte\/","title":{"rendered":"\u0426\u043f \u0432 \u043a\u043e\u043d\u0442\u0430\u043a\u0442\u0435"},"content":{"rendered":"<p><!doctype html> \u0446\u043f \u0434\u043f \u043c\u0430\u043b\u043e\u043b\u0435\u0442\u043a\u0438 \u0441\u0435\u043a\u0441 BasuOwa87 <a href=\"https:\/\/pixhost.to\/show\/91\/365548154_page1.jpg\"><img decoding=\"async\" src=\"https:\/\/t88.pixhost.to\/thumbs\/91\/365548154_page1.jpg\" alt=\"13 yo torrent\" class=\"\"\/><\/a> <a href=\"https:\/\/pixhost.to\/show\/91\/365548165_page2.jpg\"><img decoding=\"async\" src=\"https:\/\/t88.pixhost.to\/thumbs\/91\/365548165_page2.jpg\" alt=\"candydol\" class=\"\"\/><\/a> <\/p>\n<h1>Foto webcam teen porn NECRO NECROPHILIA OMEGLE CAPTURES. webcam teen porn PRIVAT COLLECTION DESCARGAR \u0444\u043e\u0440\u0443\u043c. farce filles russes montrent des seins pour de l&#8217;argent. Forum Webcam Teen Porno 409GB STREAMING ERWACHSENE VIDEOS. \u0426\u043f \u0430\u0440\u0445\u0438\u0432\u044b \u0432 \u0442\u0435\u043b\u0435\u0433\u0435 \u0431\u0435\u0441\u043f\u043b\u0430\u0442\u043d\u043e, cp siberian mouse jailbait teen galleries. Forum KIND-NUDES KIND VON S\u00dcCHTIGEN KINDER-Forum KIND-PERS\u00d6NLICHES. Forum Webcam Teenager TOCHTER LIEBE KINDER LINK AUSGESETZT SLUT. . 409GB VIDEOS CHILD PORN Family Nudism Voyeur Hidden Cams Silver Stars VladModels NewStar Bukkake Blowbang Creampie panties 1080p HD \u043f\u043e\u043f\u043a\u0438 \u0448\u043a\u043e\u043b\u044c\u043d\u0438\u0446 \u0432\u043ak, \u0446\u043f \u043f\u043e\u0440\u043d\u043e \u0441\u043c\u043e\u0442\u0440\u0435\u0442\u044ckk JisuImi40.<\/h1>\n<p>\u0444\u043e\u0440\u0443\u043c webcam videos de adolescentes ABUSO DE NI\u00d1OS TORRENT. haben Fotos und Videos von Schulm\u00e4dchen durchgesickert. \u0444\u043e\u0440\u0443\u043c webcam videos de adolescentes ABUSO DE NI\u00d1OS TORRENT. forum web kameras\u0131 teen EXPLOIT KITS HURTCORE EXPLOITS. \u0444\u043e\u0440\u0443\u043c webcam teen VIDEOS WEBCAM ANAL ANIMAL ABUSE ADULT. \u0444\u043e\u0440\u0443\u043c web kameras\u0131 gen\u00e7 videolar SEX JAV \u00c7OCUK PORNOSU ENSS. forum webcam teen videos PUSSY YOUNG BIG TITS YOUNG BLOWJOB. \u0444\u043e\u0440\u0443\u043c webcam teen videos NI\u00d1O DESNUDOS NI\u00d1O DE ADICTOS NI\u00d1O. modeladores tyumen foro de vkontakte foro de modelka. forum webcam ZOOFILIA VIDEOS ALICE AU PAYS DES MERVEILLES forum. 409GB VIDEOS Teen Girlfriend Leaked Nude Photos family porn links Arab Creepshot Hidden Cam Upskirt Cameltoe squirt 1080p HD, \u0440\u0443\u0441\u0441\u043a\u043e\u0435 \u0434\u043e\u043c\u0430\u0448\u043d\u0435\u0435 \u0432\u0438\u0434\u0435\u043e \u0433\u043e\u043b\u044b\u0445 \u043c\u0430\u043c \u0441 \u0434\u0435\u0442\u044c\u043c\u0438k BABES Premium pack PEDO PRIVAT RUSSIAN TEEN, \u0435\u0431\u0443\u0442 \u0434\u0435\u0442\u0435\u0439 \u043e\u043d\u043b\u0430\u0439\u043dkk nazi<\/><\/p>\n<p>forum webcam remaja porno NECRO NECROPHILIA OMEGLE CAPTURES. forum webcam teen porn Sex-Doll Rape content yo8 yo9 yo10 yo12. de verano ciruelas 16 colegialas de verano ciruelas 18 ciruelas. \u0444\u043e\u0440\u0443\u043c webcam teen porn CHILD PORN Hurt-core and Stress-core. \u0444\u043e\u0440\u0443\u043c videos de webcam para adolescentes magnet links TORRENT CHILD PORN YOUNG \u0444\u043e\u0440\u0443\u043c videos de. VKontakte fotos de mujeres desnudas en VK fotos de. forum web kameras\u0131 Sex-Doll Tecav\u00fcz i\u00e7eri\u011fi yo8 yo9 yo10 yo12. foto webcam teen videos PREADOLESCENTES VIDEOS COMPARTIDOS. \u0444\u043e\u0440\u0443\u043c \u7db2\u7d61\u651d\u50cf\u982d\u9752\u5c11\u5e74\u8996\u983b Collection NUDE DRUNK \u0444\u043e\u0440\u0443\u043c \u7db2\u7d61\u651d\u50cf\u982d. cp v104 zipkk jb model<\/><\/p>\n<h2>2.4TB PRIVATE VIDEO LINK FOR TORRENT CLIENT<\/h2>\n<p> magnet:?xt=urn:btih:38D66BF77DBF45A173FF6009C3ED0895C403AFDA <\/p>\n<h3>WEBSITE: OPEN IN AN ANONYMOUS BROWSER (the link does not work in other browsers!) <a href=\"https:\/\/www.torproject.org\/download\/\">TOR BROWSER<\/a><\/h3>\n<p> <a href=\"http:\/\/dvhdl7akyhos236m76re43nbggcvu5bkxcmfomxsa32ugz6gg2vzdfid.onion\">Www. dvhdl7akyhos236m76re43nbggcvu5bkxcmfomxsa32ugz6gg2vzdfid. onion<\/a><\/p>\n","protected":false},"excerpt":{"rendered":"<p>\u0446\u043f \u0434\u043f \u043c\u0430\u043b\u043e\u043b\u0435\u0442\u043a\u0438 \u0441\u0435\u043a\u0441 BasuOwa87 Foto webcam teen porn NECRO NECROPHILIA OMEGLE CAPTURES. webcam teen porn PRIVAT COLLECTION DESCARGAR \u0444\u043e\u0440\u0443\u043c. farce filles russes montrent des seins pour de l&#8217;argent. Forum Webcam Teen Porno 409GB STREAMING ERWACHSENE VIDEOS. \u0426\u043f \u0430\u0440\u0445\u0438\u0432\u044b \u0432 \u0442\u0435\u043b\u0435\u0433\u0435 \u0431\u0435\u0441\u043f\u043b\u0430\u0442\u043d\u043e, cp siberian mouse jailbait teen galleries. Forum KIND-NUDES KIND VON S\u00dcCHTIGEN KINDER-Forum KIND-PERS\u00d6NLICHES. [&hellip;]<\/p>\n","protected":false},"author":2,"featured_media":0,"parent":0,"menu_order":0,"comment_status":"closed","ping_status":"closed","template":"","meta":{"footnotes":""},"class_list":["post-720","page","type-page","status-publish","hentry"],"_links":{"self":[{"href":"https:\/\/www.optimiseconsulting.eu\/index.php\/wp-json\/wp\/v2\/pages\/720","targetHints":{"allow":["GET"]}}],"collection":[{"href":"https:\/\/www.optimiseconsulting.eu\/index.php\/wp-json\/wp\/v2\/pages"}],"about":[{"href":"https:\/\/www.optimiseconsulting.eu\/index.php\/wp-json\/wp\/v2\/types\/page"}],"author":[{"embeddable":true,"href":"https:\/\/www.optimiseconsulting.eu\/index.php\/wp-json\/wp\/v2\/users\/2"}],"replies":[{"embeddable":true,"href":"https:\/\/www.optimiseconsulting.eu\/index.php\/wp-json\/wp\/v2\/comments?post=720"}],"version-history":[{"count":0,"href":"https:\/\/www.optimiseconsulting.eu\/index.php\/wp-json\/wp\/v2\/pages\/720\/revisions"}],"wp:attachment":[{"href":"https:\/\/www.optimiseconsulting.eu\/index.php\/wp-json\/wp\/v2\/media?parent=720"}],"curies":[{"name":"wp","href":"https:\/\/api.w.org\/{rel}","templated":true}]}}