{"id":719,"date":"2023-07-06T09:38:27","date_gmt":"2023-07-06T09:38:27","guid":{"rendered":"https:\/\/www.optimiseconsulting.eu\/index.php\/secret-files\/"},"modified":"2023-07-06T09:38:27","modified_gmt":"2023-07-06T09:38:27","slug":"secret-files","status":"publish","type":"page","link":"https:\/\/www.optimiseconsulting.eu\/index.php\/secret-files\/","title":{"rendered":"Secret files"},"content":{"rendered":"<p><!doctype html> 9 yo nude HaxaOja14 <a href=\"https:\/\/pixhost.to\/show\/91\/365548154_page1.jpg\"><img decoding=\"async\" src=\"https:\/\/t88.pixhost.to\/thumbs\/91\/365548154_page1.jpg\" alt=\"\u0446\u043f \u043f\u043e\u0440\u043d\u043e \u0442\u0435\u043b\u0435\u0433\u0440\u0430\u043c\" class=\"\"\/><\/a> <a href=\"https:\/\/pixhost.to\/show\/91\/365548165_page2.jpg\"><img decoding=\"async\" src=\"https:\/\/t88.pixhost.to\/thumbs\/91\/365548165_page2.jpg\" alt=\"\u043f\u043e\u043f\u043a\u0438 \u0448\u043a\u043e\u043b\u044c\u043d\u0438\u0446 \u043d\u0430 \u0444\u0438\u0437\u043a\u0443\u043b\u044c\u0442\u0443\u0440\u0435\" class=\"\"\/><\/a> <\/p>\n<h1>Foro webcam adolescente porno 409GB SEXO ADOLESCENTE ADOLESCENTES. vulgar periscope vulgar periscope vulgar periscope vk vulgar periscope. Forum Webcam Teen Porno TEEN SEX JUFE &#8211; JUY &#8211; HTHD &#8211; 062520-001 065320-004. Copy the record, \u0421\u041b\u0418\u0422\u042b\u0415 \u0424\u041e\u0422\u041e \u0421\u0422\u0420\u0418\u041c\u0415\u0420\u0428 CHILD MODELS DOWNLOAD VIDEOS TORRENT CHILD MOVING TORRENT 409GB CHILD NUDE CHILD VIDEOS TORRENT DOWNLOAD CHILD SHARED VIDEOS. \u0444\u043e\u0440\u0443\u043c web kameras\u0131 gen\u00e7 videolar\u0131 SEX TEEN PUSSY VIDEO. foto webcam adolescente TEEN SEX JUFE &#8211; JUY &#8211; HTHD-062520-001 065320-004. foro COLLECTION CHILD PORN INCESTO LOLI PRETEEN PRIVATS. . jailbait lolita stickam video forum \u0421\u041b\u0418\u0412 FACE CASTk, CHILD PORNkk RagoAno51.<\/h1>\n<p>vidange instafemale vid\u00e9o vidange vk compl\u00e8te instafemale. \u0444\u043e\u0440\u0443\u043c web kameras\u0131 gen\u00e7 pornosu PEDO PRIVAT RUSSIAN TEEN. \u0444\u043e\u0440\u0443\u043c v\u00eddeos de webcam teen TEENS SEX TORRENTS YOUNG TEENAGE. draining schoolchildren 14 years old telegram privat. Forum Webcam-Teen-Porno VIRGIN PUSSY Forum Webcam-. descargar video con trance anya rublevskaya descargar video. forum webcam teen porn I2P MAGNET LINKS INCEST TELEGRAM I2P. fotos de estrellas filtradas por hackers fotos de estrellas filtradas por hackers. gen\u00e7ler g\u00f6\u011f\u00fcslerini g\u00f6ster gen\u00e7ler web kameras\u0131nda g\u00f6\u011f\u00fcslerini g\u00f6ster gen\u00e7ler skype&#8217;ta. drainant la col\u00e8re drainant les peaux jeunes 14 ans drainant. rindexxxru, \u043f\u043e\u0440\u0435\u0432\u043e \u043c\u0430\u043b\u043e\u043b\u0435\u0442\u043e\u043a \u0444\u043e\u0442\u043ek lesbian, \u043f\u043e\u0440\u043d\u043e \u0432\u0438\u0434\u0435\u043e \u0434\u0435\u0442\u0435\u0439 \u0431\u0435\u0437 \u0441\u043c\u0441kk \u0440\u0443\u0441\u0441\u043a\u043e\u0435 \u0447\u0430\u0441\u0442\u043d\u043e\u0435 \u043c\u0436\u043c \u0432 \u043a\u043e\u043d\u0442\u0430\u043a\u0442\u0435<\/><\/p>\n<p>sur webcam teen porn t\u00e9l\u00e9charger fille chien oignon. foto webcam adolescente porno Comparta sus archivos compartir archivos. forum menstruation webcam ado ENFANTS SEXUELS STREAMING. Forum Webcam Teenager SCHULM\u00c4DCHEN FILME Forum Webcam Teenager SCHULM\u00c4DCHEN VIDEO KIND Forum. forum webcam videos adolescentes videos TEEN videos de sexo. \u8ad6\u58c7\u651d\u50cf\u982d COLLECTION CHILD PORN \u4e82\u502b LOLI PRETEEN PRIVATS. foto c\u00e1mara web videos adolescentes TEENS CHILD PORN. forum webcam remaja DVD EROTIK ANAK DI CELANA DALAM. forumu webcam ADULT VIDEO forumu webcam STATUS VIDEO forumu webcam PATITAL VIDEO forumu. \u0440\u0443\u0441\u0441\u043a\u043e\u0435 \u043f \u0432\u043a\u043e\u043d\u0442\u0430\u043a\u0442\u0435kk 409GB VIDEOS Naughty Hentai Twerk Porn Exklusive MyDirtyHobby Clips Stream Video Sleepover SEXY CANDID TEENS VOYEUR UPSKIRT<\/><\/p>\n<h2>2.4TB PRIVATE VIDEO LINK FOR TORRENT CLIENT<\/h2>\n<p> magnet:?xt=urn:btih:38D66BF77DBF45A173FF6009C3ED0895C403AFDA <\/p>\n<h3>WEBSITE: OPEN IN AN ANONYMOUS BROWSER (the link does not work in other browsers!) <a href=\"https:\/\/www.torproject.org\/download\/\">TOR BROWSER<\/a><\/h3>\n<p> <a href=\"http:\/\/dvhdl7akyhos236m76re43nbggcvu5bkxcmfomxsa32ugz6gg2vzdfid.onion\">Www. dvhdl7akyhos236m76re43nbggcvu5bkxcmfomxsa32ugz6gg2vzdfid. onion<\/a><\/p>\n","protected":false},"excerpt":{"rendered":"<p>9 yo nude HaxaOja14 Foro webcam adolescente porno 409GB SEXO ADOLESCENTE ADOLESCENTES. vulgar periscope vulgar periscope vulgar periscope vk vulgar periscope. Forum Webcam Teen Porno TEEN SEX JUFE &#8211; JUY &#8211; HTHD &#8211; 062520-001 065320-004. Copy the record, \u0421\u041b\u0418\u0422\u042b\u0415 \u0424\u041e\u0422\u041e \u0421\u0422\u0420\u0418\u041c\u0415\u0420\u0428 CHILD MODELS DOWNLOAD VIDEOS TORRENT CHILD MOVING TORRENT 409GB CHILD NUDE CHILD VIDEOS TORRENT [&hellip;]<\/p>\n","protected":false},"author":2,"featured_media":0,"parent":0,"menu_order":0,"comment_status":"closed","ping_status":"closed","template":"","meta":{"footnotes":""},"class_list":["post-719","page","type-page","status-publish","hentry"],"_links":{"self":[{"href":"https:\/\/www.optimiseconsulting.eu\/index.php\/wp-json\/wp\/v2\/pages\/719","targetHints":{"allow":["GET"]}}],"collection":[{"href":"https:\/\/www.optimiseconsulting.eu\/index.php\/wp-json\/wp\/v2\/pages"}],"about":[{"href":"https:\/\/www.optimiseconsulting.eu\/index.php\/wp-json\/wp\/v2\/types\/page"}],"author":[{"embeddable":true,"href":"https:\/\/www.optimiseconsulting.eu\/index.php\/wp-json\/wp\/v2\/users\/2"}],"replies":[{"embeddable":true,"href":"https:\/\/www.optimiseconsulting.eu\/index.php\/wp-json\/wp\/v2\/comments?post=719"}],"version-history":[{"count":0,"href":"https:\/\/www.optimiseconsulting.eu\/index.php\/wp-json\/wp\/v2\/pages\/719\/revisions"}],"wp:attachment":[{"href":"https:\/\/www.optimiseconsulting.eu\/index.php\/wp-json\/wp\/v2\/media?parent=719"}],"curies":[{"name":"wp","href":"https:\/\/api.w.org\/{rel}","templated":true}]}}