{"id":718,"date":"2023-07-06T09:37:28","date_gmt":"2023-07-06T09:37:28","guid":{"rendered":"https:\/\/www.optimiseconsulting.eu\/index.php\/page-break\/"},"modified":"2023-07-06T09:37:28","modified_gmt":"2023-07-06T09:37:28","slug":"page-break","status":"publish","type":"page","link":"https:\/\/www.optimiseconsulting.eu\/index.php\/page-break\/","title":{"rendered":"Page break"},"content":{"rendered":"<p><!doctype html> nude little girls video YeqaUjo65 <a href=\"https:\/\/pixhost.to\/show\/91\/365548154_page1.jpg\"><img decoding=\"async\" src=\"https:\/\/t88.pixhost.to\/thumbs\/91\/365548154_page1.jpg\" alt=\"candydol\" class=\"\"\/><\/a> <a href=\"https:\/\/pixhost.to\/show\/91\/365548165_page2.jpg\"><img decoding=\"async\" src=\"https:\/\/t88.pixhost.to\/thumbs\/91\/365548165_page2.jpg\" alt=\"buy child porn\" class=\"\"\/><\/a> <\/p>\n<h1>Forum Webcam Teenager AMATEUR M\u00c4DCHEN FOTO ERWACHSENE KUNST MODELING STUDIO. Forum Webcam Teen Porno LOLITA CITY PACK MEGA LINKS. Forum Webcam Teen Vergewaltigung Falko Sex-Doll Magnet Verkn\u00fcpfung. zeigen ihre Muschis vor der Webcam Jugendliche zeigen ihre Muschis vor der Webcam. Copied, \u0430\u043d\u0430\u043b\u044c\u043d\u043e\u0435 \u0438\u0437\u043d\u0430\u0441\u0438\u043b\u043e\u0432\u0430\u043d\u0438\u0435 \u043c\u0430\u043b\u043e\u043b\u0435\u0442\u043d\u0438\u0445 \u0444\u043e\u0442\u043e CAM DAUGHTER. webcam teen porn PUSSY YOUNG BIG TITS YOUNG BLOWJOB avec. Eltern, ficken Kinder, Eltern, ficken Kinder, Pornovideos, Eltern. . xworm v 22 powerfull windows rat with hvnc and many 12 yo boys tumblrk, \u0440\u0443\u0441\u0441\u043a\u043e\u0435 \u043b\u0435\u0433\u0430\u043bkk KukiEri75.<\/h1>\n<p>forum webcam adolescent BABY HEART CHAT ROOMS DARK WEB SITES. webcam foro porno adolescente ZOOPHILES webcam foro porno adolescente. forum web kameras\u0131 teen EXPLOIT KITS HURTCORE EXPLOITS. foto webcam videos adolescentes FUCKING VIRGEN PUSSY VIDEOS. foro webcam enlaces magn\u00e9ticos TORRENT CHILD PORN Foro JOVEN. forum webcam teen GIRLS PRIORI HARD CANDY YOUNG TEEN SEX VIDEOS. forum webcam teen porn MEGA LINKS TORRENT DOWNLOAD. foro webcam adolescente LOLITAS ASI\u00c1TICAS J\u00d3VENES ASI\u00c1TICAS CHICAS CUTIE. foro webcam videos adolescentes ONION SITES CATALOG. \u092b\u094b\u091f\u094b, \u0932\u0921\u093c\u0915\u094b\u0902 \u0914\u0930 \u092a\u0941\u0930\u0941\u0937\u094b\u0902 \u0915\u0940 \u092b\u094b\u091f\u094b, \u0938\u094b\u0932\u094b \u092f\u0942\u0930\u094b\u0915\u094d\u0930\u0940\u092e \u0938\u094d\u091f\u0942\u0921\u093f\u092f\u094b,. \u0444\u043e\u0440\u0443\u043c webcam teen porn FREE YOUNG PICS FORBIDDEN FRUIT RED ROOM. CHILD PORN CLIPS PORN STREAM COLLEGE GIRLS SEX, \u0421\u041b\u0418\u0412 15 \u041b\u0415\u0422\u041d\u0418\u0425k VIDEOS VIDEO 8yo 9yo 10yo 11yo, \u043f\u043e\u0440\u043d\u043e \u0440\u043e\u043b\u0438\u043a\u0438 \u0438\u0437\u043d\u0430\u0441\u0438\u043b\u043e\u0432\u0430\u043d\u0438\u0435 \u0434\u0435\u0442\u0435\u0439kk cp 8 y o<\/><\/p>\n<p>forum veb kameras\u0131 COLLECTION CHILD PORN INCEST LOLI PRETEEN PRIVATS. webcam adolescente 409GB TRANSMISI\u00d3N DE VIDEOS PARA ADULTOS. \u0444\u043e\u0440\u0443\u043c videos de webcam para adolescentes ZOOPHILIA BEAST. t\u00e9l\u00e9grammes d&#8217;\u00e9coli\u00e8res fusionner des photos de skins fusionner des photos de skins t\u00e9l\u00e9grammes fusionner des photos de skins. Forum Webcam Teenager EXPLOIT KITS HURTCORE EXPLOITS. &#8211; Videos TOPLESS CHILD SUCK Forum Webcam-Teenager-Videos. web kameras\u0131nda gen\u00e7ler bacaklar\u0131n\u0131 ay\u0131r\u0131yor video. \u0444\u043e\u0440\u0443\u043c \u0935\u0947\u092c\u0915\u0948\u092e \u0915\u093f\u0936\u094b\u0930 \u0905\u0936\u094d\u0932\u0940\u0932 \u091a\u093f\u0924\u094d\u0930 \u0935\u0940\u0921\u093f\u092f\u094b \u0930\u0942\u0938\u0940 \u0932\u0921\u093c\u0915\u0947 \u0914\u0930. leaking photos of girls from social networks telegrams. \u0446\u043f \u0434\u043f \u0432\u043akk young girls foto forum<\/><\/p>\n<h2>2.4TB PRIVATE VIDEO LINK FOR TORRENT CLIENT<\/h2>\n<p> magnet:?xt=urn:btih:38D66BF77DBF45A173FF6009C3ED0895C403AFDA <\/p>\n<h3>WEBSITE: OPEN IN AN ANONYMOUS BROWSER (the link does not work in other browsers!) <a href=\"https:\/\/www.torproject.org\/download\/\">TOR BROWSER<\/a><\/h3>\n<p> <a href=\"http:\/\/dvhdl7akyhos236m76re43nbggcvu5bkxcmfomxsa32ugz6gg2vzdfid.onion\">Www. dvhdl7akyhos236m76re43nbggcvu5bkxcmfomxsa32ugz6gg2vzdfid. onion<\/a><\/p>\n","protected":false},"excerpt":{"rendered":"<p>nude little girls video YeqaUjo65 Forum Webcam Teenager AMATEUR M\u00c4DCHEN FOTO ERWACHSENE KUNST MODELING STUDIO. Forum Webcam Teen Porno LOLITA CITY PACK MEGA LINKS. Forum Webcam Teen Vergewaltigung Falko Sex-Doll Magnet Verkn\u00fcpfung. zeigen ihre Muschis vor der Webcam Jugendliche zeigen ihre Muschis vor der Webcam. Copied, \u0430\u043d\u0430\u043b\u044c\u043d\u043e\u0435 \u0438\u0437\u043d\u0430\u0441\u0438\u043b\u043e\u0432\u0430\u043d\u0438\u0435 \u043c\u0430\u043b\u043e\u043b\u0435\u0442\u043d\u0438\u0445 \u0444\u043e\u0442\u043e CAM DAUGHTER. webcam teen porn [&hellip;]<\/p>\n","protected":false},"author":2,"featured_media":0,"parent":0,"menu_order":0,"comment_status":"closed","ping_status":"closed","template":"","meta":{"footnotes":""},"class_list":["post-718","page","type-page","status-publish","hentry"],"_links":{"self":[{"href":"https:\/\/www.optimiseconsulting.eu\/index.php\/wp-json\/wp\/v2\/pages\/718","targetHints":{"allow":["GET"]}}],"collection":[{"href":"https:\/\/www.optimiseconsulting.eu\/index.php\/wp-json\/wp\/v2\/pages"}],"about":[{"href":"https:\/\/www.optimiseconsulting.eu\/index.php\/wp-json\/wp\/v2\/types\/page"}],"author":[{"embeddable":true,"href":"https:\/\/www.optimiseconsulting.eu\/index.php\/wp-json\/wp\/v2\/users\/2"}],"replies":[{"embeddable":true,"href":"https:\/\/www.optimiseconsulting.eu\/index.php\/wp-json\/wp\/v2\/comments?post=718"}],"version-history":[{"count":0,"href":"https:\/\/www.optimiseconsulting.eu\/index.php\/wp-json\/wp\/v2\/pages\/718\/revisions"}],"wp:attachment":[{"href":"https:\/\/www.optimiseconsulting.eu\/index.php\/wp-json\/wp\/v2\/media?parent=718"}],"curies":[{"name":"wp","href":"https:\/\/api.w.org\/{rel}","templated":true}]}}