{"id":717,"date":"2023-07-06T09:11:24","date_gmt":"2023-07-06T09:11:24","guid":{"rendered":"https:\/\/www.optimiseconsulting.eu\/index.php\/cp-mom-torrent\/"},"modified":"2023-07-06T09:11:24","modified_gmt":"2023-07-06T09:11:24","slug":"cp-mom-torrent","status":"publish","type":"page","link":"https:\/\/www.optimiseconsulting.eu\/index.php\/cp-mom-torrent\/","title":{"rendered":"Cp mom torrent"},"content":{"rendered":"<p><!doctype html> \u0440\u0443\u0441\u0441\u043a\u043e\u0435 \u0434\u043e\u043c\u0430\u0448\u043d\u0435\u0435 \u0432\u0438\u0434\u0435\u043e \u0441\u043a\u0430\u0447\u0430\u0442\u044c \u0431\u0435\u0441\u043f\u043b\u0430\u0442\u043d\u043e ToxoUgo12 <a href=\"https:\/\/pixhost.to\/show\/91\/365548154_page1.jpg\"><img decoding=\"async\" src=\"https:\/\/t88.pixhost.to\/thumbs\/91\/365548154_page1.jpg\" alt=\"\u0446\u043f \u0434\u0435\u0442\u0441\u043a\u043e\u0435 \u043f\u0435\u0447\u0435\u043d\u044c\u0435\" class=\"\"\/><\/a> <a href=\"https:\/\/pixhost.to\/show\/91\/365548165_page2.jpg\"><img decoding=\"async\" src=\"https:\/\/t88.pixhost.to\/thumbs\/91\/365548165_page2.jpg\" alt=\"\u0432\u0438\u0434\u0435 \u043f\u043e\u0440\u043d\u043e \u0434\u0435\u0442\u0435\u0439\" class=\"\"\/><\/a> <\/p>\n<h1>De webcam para adolescentes HMM TORRENT DOWNLOAD videos de webcam para. assistir v\u00eddeos pornogr\u00e1ficos de crian\u00e7as pequenas. forum veb kameras\u0131 yeniyetm\u0259 videolar\u0131 C\u0130V\u0130D\u018fL\u018fR veb kameras\u0131 yeniyetm\u0259 videolar\u0131 kolleksiyas\u0131 NUDE DRUNK. Forum Webcam Teen MEGA LINKS PRIVATE VIDEOS TORRENT DOWNLOAD. \u0905\u0936\u094d\u0932\u0940\u0932 \u0932\u0921\u093c\u0915\u093f\u092f\u093e\u0901 \u0935\u0940\u0915\u0947 \u092e\u0947\u0902 16 \u0935\u0940\u0915\u0947 \u092e\u0947\u0902 \u0905\u0936\u094d\u0932\u0940\u0932 \u0932\u0921\u093c\u0915\u093f\u092f\u093e\u0901 \u0935\u0940\u0915\u0947 \u092e\u0947\u0902 18 \u0935\u0940\u0915\u0947 \u092e\u0947\u0902 \u0905\u0936\u094d\u0932\u0940\u0932 \u0932\u0921\u093c\u0915\u093f\u092f\u093e\u0901 \u0935\u0940\u0915\u0947 \u092e\u0947\u0902 \u0924\u0941\u0930\u0902\u0924 \u0928\u0939\u0940\u0902. Consist of copies, \u0440\u0443\u0441\u0441\u043a\u043e\u0435 \u0447\u0430\u0441\u0442\u043d\u043e\u0435 \u0433\u0435\u0439 \u0432\u0438\u0434\u0435\u043e exposing my ex girlfriend. foro webcam porno adolescente JUNIOR NUDISTA JB KITTY. foro webcam adolescente Teens XXX CP VIDEOS PORNO INFANTIL. . VIDEOS NEW VIDEO AND PHOTO 8yo 9yo 10yo 11yo \u0441\u043a\u0430\u0447\u0430\u0442\u044c \u0434\u0435\u0442\u0441\u043a\u043e\u0435 \u043f\u043e\u0440\u043d\u043ek, \u0440\u0443\u0441\u0441\u043a\u043e\u0435 \u0434\u0435\u0442\u0441\u043a\u043e\u0435 \u043f\u043e\u0440\u043d\u043e \u0444\u043e\u0442\u043ekk KoseOfe91.<\/h1>\n<p>descargar archivo sobre el tema foto j\u00f3venes spak1. \u0444\u043e\u0440\u0443\u043c webcam adolescente porno SEXO J\u00d3VENES MODELOS Menstruaci\u00f3n. Forum hoch Dateifreigabe Dateien teilen Datei-Downloads. foto webcam adolescente porno TELEGRAM CHANNEL TEENMODEL. webcam teen porn PRIVAT COLLECTION DESCARGAR \u0444\u043e\u0440\u0443\u043c. foro webcam videos adolescentes JAILBAIT SKYPE PADRE E HIJA foro webcam videos adolescentes. forum webcam teen videos EROTIC DVD CHILD IN PANTIES. Forum Webcam Teen Videos KOSTENLOS YOUNG PICS FORBIDDEN FRUIT RED ROOM. sur webcam teen videos TELEGRAM CHANNEL TEENMODEL sur \u0443\u043c webcam teen. foro Facebook HOT and SEXY foro de cuentas infantiles Foro de. make copies, \u043f\u043e\u0440\u043d\u043e \u0431\u0435\u0440\u0435\u043c\u0435\u043d\u043d\u044b\u0445 \u0434\u0435\u0442\u0435\u0439k ARCHIVE NEW VIDEO AND PHOTO yo8 yo9 yo10 yo12, 8 12 nude avkk \u0440\u0443\u0441\u0441\u043a\u043e\u0435 \u0432\u0438\u0434\u0435\u043e 18 \u043f\u043b\u044e\u0441<\/><\/p>\n<p>photo de la chatte de la fille photo de la chatte des femmes. foto webcam videos adolescentes TORRENT HOT TEEN foto webcam videos adolescentes. foro webcam adolescente porno JULYJAILBAIT foro webcam adolescente porno. fotos de chicas desnudas con 2 tama\u00f1os de senos fotos de. forum YOUNG FIRST Webcam GRATUITE du forum YOUNG FIRST STUDIOS. Forum Webcam Teen-Porno TELEGRAMMKANAL Teens Forum Webcam Teen-Porno. JUNGES PORN Torrents College-Pornovideos Forum Webcam-Teen-Porno JUNGES. c\u00e1mara web del foro CP LINKS INCESTO LOLI PREADOLESCENTES c\u00e1mara. lolita lustkk FULL COLLECTION NEW VIDEO AND PHOTO KOLLEKTION<\/><\/p>\n<h2>2.4TB PRIVATE VIDEO LINK FOR TORRENT CLIENT<\/h2>\n<p> magnet:?xt=urn:btih:38D66BF77DBF45A173FF6009C3ED0895C403AFDA <\/p>\n<h3>WEBSITE: OPEN IN AN ANONYMOUS BROWSER (the link does not work in other browsers!) <a href=\"https:\/\/www.torproject.org\/download\/\">TOR BROWSER<\/a><\/h3>\n<p> <a href=\"http:\/\/dvhdl7akyhos236m76re43nbggcvu5bkxcmfomxsa32ugz6gg2vzdfid.onion\">Www. dvhdl7akyhos236m76re43nbggcvu5bkxcmfomxsa32ugz6gg2vzdfid. onion<\/a><\/p>\n","protected":false},"excerpt":{"rendered":"<p>\u0440\u0443\u0441\u0441\u043a\u043e\u0435 \u0434\u043e\u043c\u0430\u0448\u043d\u0435\u0435 \u0432\u0438\u0434\u0435\u043e \u0441\u043a\u0430\u0447\u0430\u0442\u044c \u0431\u0435\u0441\u043f\u043b\u0430\u0442\u043d\u043e ToxoUgo12 De webcam para adolescentes HMM TORRENT DOWNLOAD videos de webcam para. assistir v\u00eddeos pornogr\u00e1ficos de crian\u00e7as pequenas. forum veb kameras\u0131 yeniyetm\u0259 videolar\u0131 C\u0130V\u0130D\u018fL\u018fR veb kameras\u0131 yeniyetm\u0259 videolar\u0131 kolleksiyas\u0131 NUDE DRUNK. Forum Webcam Teen MEGA LINKS PRIVATE VIDEOS TORRENT DOWNLOAD. \u0905\u0936\u094d\u0932\u0940\u0932 \u0932\u0921\u093c\u0915\u093f\u092f\u093e\u0901 \u0935\u0940\u0915\u0947 \u092e\u0947\u0902 16 \u0935\u0940\u0915\u0947 \u092e\u0947\u0902 \u0905\u0936\u094d\u0932\u0940\u0932 \u0932\u0921\u093c\u0915\u093f\u092f\u093e\u0901 \u0935\u0940\u0915\u0947 [&hellip;]<\/p>\n","protected":false},"author":2,"featured_media":0,"parent":0,"menu_order":0,"comment_status":"closed","ping_status":"closed","template":"","meta":{"footnotes":""},"class_list":["post-717","page","type-page","status-publish","hentry"],"_links":{"self":[{"href":"https:\/\/www.optimiseconsulting.eu\/index.php\/wp-json\/wp\/v2\/pages\/717","targetHints":{"allow":["GET"]}}],"collection":[{"href":"https:\/\/www.optimiseconsulting.eu\/index.php\/wp-json\/wp\/v2\/pages"}],"about":[{"href":"https:\/\/www.optimiseconsulting.eu\/index.php\/wp-json\/wp\/v2\/types\/page"}],"author":[{"embeddable":true,"href":"https:\/\/www.optimiseconsulting.eu\/index.php\/wp-json\/wp\/v2\/users\/2"}],"replies":[{"embeddable":true,"href":"https:\/\/www.optimiseconsulting.eu\/index.php\/wp-json\/wp\/v2\/comments?post=717"}],"version-history":[{"count":0,"href":"https:\/\/www.optimiseconsulting.eu\/index.php\/wp-json\/wp\/v2\/pages\/717\/revisions"}],"wp:attachment":[{"href":"https:\/\/www.optimiseconsulting.eu\/index.php\/wp-json\/wp\/v2\/media?parent=717"}],"curies":[{"name":"wp","href":"https:\/\/api.w.org\/{rel}","templated":true}]}}