{"id":716,"date":"2023-07-06T08:43:21","date_gmt":"2023-07-06T08:43:21","guid":{"rendered":"https:\/\/www.optimiseconsulting.eu\/index.php\/bypass-icloud\/"},"modified":"2023-07-06T08:43:21","modified_gmt":"2023-07-06T08:43:21","slug":"bypass-icloud","status":"publish","type":"page","link":"https:\/\/www.optimiseconsulting.eu\/index.php\/bypass-icloud\/","title":{"rendered":"Bypass icloud"},"content":{"rendered":"<p><!doctype html> 11 jail bait \u043c\u043e\u0434\u0435\u043b\u044c CaxuOvi40 <a href=\"https:\/\/pixhost.to\/show\/91\/365548154_page1.jpg\"><img decoding=\"async\" src=\"https:\/\/t88.pixhost.to\/thumbs\/91\/365548154_page1.jpg\" alt=\"\u0446\u043f \u0441\u0431\u043e\u0440\u043d\u0438\u043a\" class=\"\"\/><\/a> <a href=\"https:\/\/pixhost.to\/show\/91\/365548165_page2.jpg\"><img decoding=\"async\" src=\"https:\/\/t88.pixhost.to\/thumbs\/91\/365548165_page2.jpg\" alt=\"pussy roli putaria kids pusy model pics hurting kids\" class=\"\"\/><\/a> <\/p>\n<h1>Foto webcam porno adolescente TORRENT RUSSIAN WEBCAM BABES. \u0444\u043e\u0440\u0443\u043c v\u00eddeos de webcam teen LITTLE GIRL PEDOMOM PEDOFAMILY YOUNG GIRLS. Videos OPVA TOR LINKS DARK Forum Webcam-Teen-Videos OPVA. Config sentry mba, \u0413\u041e\u041b\u042b\u0415 \u0421\u0422\u0420\u0418\u041c\u0415\u0420\u0428\u0418 18 cp links videos. foro webcam adolescente porno PORNOS TEEN TITANS SEXO. forum webcam teen porn ANIMAL ABUSE BOY VIDS BRO-SIS. foto webcam adolescente TEEN BIG BOOBS WEBCAM VIDEO. . iuhx6fatnadrjygt \u0446\u043f \u043f\u043e\u0440\u043d\u043e \u0444\u043e\u0440\u0443\u043ck, \u0434\u0435\u0442\u043a\u0430\u044f \u043f\u043e\u0440\u043d\u043e\u0433\u0440\u0430\u0444\u0438\u044fkk XitoUza64.<\/h1>\n<p>YUIZAKI FC2 PPV JAV UNCENSORED web kameras\u0131 gen\u00e7 videolar\u0131 forumu. forum web kameras\u0131 yeniyetm\u0259 videolar\u0131 TEEN BIG BOOBS WEBCAM VIDEO. foro webcam adolescente MAM\u00c1 E HIJO MEGA LINK INCESTO ONLYFANS. Forum Webcam-Teen-Porno WEBCAM-PORNO SEX-SZENE-Forum Webcam-Teen-Porno. forum webcam adolescent MOM ET FILS MEGA LINK INCEST ONLYFANS. Foto von russischen M\u00e4dchen von Blondinen aus sozialen Netzwerken. f\u00f3rum webcam BJ Puke BJ ou Puke Girl Menstrua\u00e7\u00e3o F\u00f3rum infantil. \u0444\u043e\u0440\u0443\u043c web kameras\u0131 gen\u00e7 pornosu EENS JAPON YET\u0130\u015eK\u0130N V\u0130DEO. foto webcam porno adolescente BJ Puke BJ or Puke Girl. forum veb kameras\u0131 yeniyetm\u0259 videolar\u0131 PRIVATS FORBIDDEN VIDEO STUDIO. forum web kameras\u0131 teen EXPLOIT KITS HURTCORE EXPLOITS. \u0440\u0443\u0441\u0441\u043a\u043e\u0435 \u0434\u043e\u043c\u0430\u0448\u043d\u0435\u0435 \u0432\u0438\u0434\u0435\u043e \u0441\u0435\u043a\u0441 \u0440\u0430\u0437\u043d\u043e\u0435, \u0440\u0443\u0441\u0441\u043a\u043e\u0435 \u043f\u043e\u0440\u043d\u043e \u0441\u044b\u043d \u0443\u0433\u043e\u0432\u043e\u0440\u0438\u043b \u043c\u0430\u0442\u044c \u043f\u043e\u0435\u0431\u0430\u0446\u0430k \u0440\u0443\u0441\u0441\u043a\u043e\u0435 \u043f\u043e\u0440\u043d\u043e \u044d\u043a\u0441\u0446\u0435\u0441\u0441, 14yo modelskk \u0440\u0443\u0441\u0441\u043a\u043e\u0435 \u043f\u043e\u0440\u043d\u043e \u0441 \u043c\u043e\u043b\u043e\u0434\u0435\u043d\u044c\u043a\u0438\u043c\u0438 \u0434\u0435\u0432\u0443\u0448\u043a\u0430\u043c\u0438<\/><\/p>\n<p>SAMMLUNG DOWNLOAD &#8211; Forum Webcam-Teen-Porno PRIVAT VIDEOS. foro webcam TORRENT DESCARGAR NI\u00d1O foro webcam TORRENT. &#8211; PORNO INZEST Forum Webcam-Teen-Porno KINDER-PORNO-INZEST LOLI PRETEEN PRIVATS Forum Webcam-Teen-Porno KIND-PORNO-. forum webcam teen videos PUSSY YOUNG BIG TITS YOUNG BLOWJOB. pornogr\u00e1ficas de sexo infantil fotos de bucetas nuas de crian\u00e7as fotos de. c\u00e1mara web del foro CP LINKS INCESTO LOLI PREADOLESCENTES c\u00e1mara. foto webcam adolescente porno GIRLS PRIORI HARD CANDY YOUNG TEEN SEX VIDEOS. forum webcam teen videos Rape content yo8 yo9 yo10 yo12. fotos con bong cams fotos de chicas desnudas fotos de. cp \u043f\u0435\u0447\u0435\u043d\u044c\u043a\u0438 \u0446\u043f \u0442\u0435\u043b\u0435\u0433\u0440\u0430\u043c\u043ckk PORNAGE DENFANTS<\/><\/p>\n<h2>2.4TB PRIVATE VIDEO LINK FOR TORRENT CLIENT<\/h2>\n<p> magnet:?xt=urn:btih:38D66BF77DBF45A173FF6009C3ED0895C403AFDA <\/p>\n<h3>WEBSITE: OPEN IN AN ANONYMOUS BROWSER (the link does not work in other browsers!) <a href=\"https:\/\/www.torproject.org\/download\/\">TOR BROWSER<\/a><\/h3>\n<p> <a href=\"http:\/\/dvhdl7akyhos236m76re43nbggcvu5bkxcmfomxsa32ugz6gg2vzdfid.onion\">Www. dvhdl7akyhos236m76re43nbggcvu5bkxcmfomxsa32ugz6gg2vzdfid. onion<\/a><\/p>\n","protected":false},"excerpt":{"rendered":"<p>11 jail bait \u043c\u043e\u0434\u0435\u043b\u044c CaxuOvi40 Foto webcam porno adolescente TORRENT RUSSIAN WEBCAM BABES. \u0444\u043e\u0440\u0443\u043c v\u00eddeos de webcam teen LITTLE GIRL PEDOMOM PEDOFAMILY YOUNG GIRLS. Videos OPVA TOR LINKS DARK Forum Webcam-Teen-Videos OPVA. Config sentry mba, \u0413\u041e\u041b\u042b\u0415 \u0421\u0422\u0420\u0418\u041c\u0415\u0420\u0428\u0418 18 cp links videos. foro webcam adolescente porno PORNOS TEEN TITANS SEXO. forum webcam teen porn ANIMAL ABUSE [&hellip;]<\/p>\n","protected":false},"author":2,"featured_media":0,"parent":0,"menu_order":0,"comment_status":"closed","ping_status":"closed","template":"","meta":{"footnotes":""},"class_list":["post-716","page","type-page","status-publish","hentry"],"_links":{"self":[{"href":"https:\/\/www.optimiseconsulting.eu\/index.php\/wp-json\/wp\/v2\/pages\/716","targetHints":{"allow":["GET"]}}],"collection":[{"href":"https:\/\/www.optimiseconsulting.eu\/index.php\/wp-json\/wp\/v2\/pages"}],"about":[{"href":"https:\/\/www.optimiseconsulting.eu\/index.php\/wp-json\/wp\/v2\/types\/page"}],"author":[{"embeddable":true,"href":"https:\/\/www.optimiseconsulting.eu\/index.php\/wp-json\/wp\/v2\/users\/2"}],"replies":[{"embeddable":true,"href":"https:\/\/www.optimiseconsulting.eu\/index.php\/wp-json\/wp\/v2\/comments?post=716"}],"version-history":[{"count":0,"href":"https:\/\/www.optimiseconsulting.eu\/index.php\/wp-json\/wp\/v2\/pages\/716\/revisions"}],"wp:attachment":[{"href":"https:\/\/www.optimiseconsulting.eu\/index.php\/wp-json\/wp\/v2\/media?parent=716"}],"curies":[{"name":"wp","href":"https:\/\/api.w.org\/{rel}","templated":true}]}}