{"id":714,"date":"2023-07-06T07:52:23","date_gmt":"2023-07-06T07:52:23","guid":{"rendered":"https:\/\/www.optimiseconsulting.eu\/index.php\/hydrara-forum\/"},"modified":"2023-07-06T07:52:23","modified_gmt":"2023-07-06T07:52:23","slug":"hydrara-forum","status":"publish","type":"page","link":"https:\/\/www.optimiseconsulting.eu\/index.php\/hydrara-forum\/","title":{"rendered":"Hydrara \u0444\u043e\u0440\u0443\u043c"},"content":{"rendered":"<p><!doctype html> \u0440\u0443\u0441\u0441\u043a\u043e\u0435 \u043f\u043e\u0440\u043d\u043e \u0440\u0443\u0441\u0441\u043a\u0438\u0435 \u043c\u0430\u043c\u043a\u0438 CukuxEcafi429 <a href=\"https:\/\/pixhost.to\/show\/91\/365548154_page1.jpg\"><img decoding=\"async\" src=\"https:\/\/t88.pixhost.to\/thumbs\/91\/365548154_page1.jpg\" alt=\"\u0440\u0443\u0441\u0441\u043a\u043e\u0435 \u043f\u043e\u0440\u043d\u043e \u0432\u0438\u0434\u0435\u043e \u0441 \u0440\u043e\u0434\u043d\u043e\u0439 \u0441\u0435\u0441\u0442\u0440\u043e\u0439\" class=\"\"\/><\/a> <a href=\"https:\/\/pixhost.to\/show\/91\/365548165_page2.jpg\"><img decoding=\"async\" src=\"https:\/\/t88.pixhost.to\/thumbs\/91\/365548165_page2.jpg\" alt=\"\u0434\u043e\u0441\u0443\u0433 \u0434\u0435\u0442\u0435\u0439 \u0438\u043d\u0432\u0430\u043b\u0438\u0434\u043e\u0432\" class=\"\"\/><\/a> <\/p>\n<h1>Forum Webcam BJ Puke BJ oder Puke Girl Menstruation Kind. foto webcam videos adolescentes TORRENT DOWNLOAD JAILBAIT. forum web kamera yeniyetm\u0259 porno Yeniyetm\u0259l\u0259r XXX CP V\u0130DEOLAR U\u015eAQ PORNO. webcam teen porn PRIVAT COLLECTION DESCARGAR \u0444\u043e\u0440\u0443\u043c. COMPLETE COLLECTION NUEVOS VIDEOS Y FOTOS yo8 yo9 yo10 yo12, nude preteen lolita pics jailbait onion forum. v\u00eddeos de webcam f\u00f3rum YUIZAKI FC2 PPV JAV UNCENSORED. \u0444\u043e\u0440\u0443\u043c webcam porno adolescente WEBCAM PORNO SEXO ESCENA. . COMPLETE COLLECTION NUEVOS VIDEOS Y FOTOS YOUNG MODELS \u0440\u0443\u0441\u0441\u043a\u043e\u0435 \u043f\u043e\u0440\u043d\u043e \u0437\u0430\u0441\u043d\u044f\u043b\u0438k, \u0440\u0435\u0444\u0435\u0440\u0430\u0442 \u0434\u043e\u0441\u0443\u0433 \u0434\u0435\u0442\u0435\u0439kk JegaImi17.<\/h1>\n<p>vulgaire p\u00e9riscope vk vulgaire p\u00e9riscope vk russes vulgaire. ZOOPHILES ZOOPHILIA BEAST webcam foro porno adolescente ZOOPHILIA BESTIA. forum webcam teen videos YOUNG TEEN SEX VIDEOS ZOO. Forum Webcam Teen Videos YUIZAKI FC2 PPV JAV UNCENSORED. \u0444\u043e\u0440\u0443\u043c \u0935\u0947\u092c\u0915\u0948\u092e \u0915\u093f\u0936\u094b\u0930 \u0935\u0940\u0921\u093f\u092f\u094b \u0938\u0947\u0915\u094d\u0938 \u0921\u0940\u0935\u0940\u0921\u0940 \u0444\u043e\u0440\u0443\u043c \u0935\u0947\u092c\u0915\u0948\u092e \u0915\u093f\u0936\u094b\u0930 \u0935\u0940\u0921\u093f\u092f\u094b. foro c\u00e1mara web porno adolescente PINK HOLE Magic CP foro c\u00e1mara web porno adolescente. t\u00e9l\u00e9charger vid\u00e9o porno avec des fleurs brillantes belinda. forum webcam COLLECTION INCEST PORNO POUR ENFANTS LOLI PRETEEN PRIVATE. FULL COLLECTION NEW VIDEO AND PHOTO KOLLEKTION, nude preteen lolitas picturesk \u0436\u0435\u0441\u0442\u043a\u043e\u0435 \u0434\u0435\u0442\u0441\u043a\u043e\u0435 \u043f\u043e\u0440\u0435\u0432\u043e, \u0440\u0443\u0441\u0441\u043a\u043e\u0435 \u043f\u043e\u0440\u043d\u043e \u043f\u043e\u0436\u0430\u043b\u0443\u0439\u0441\u0442\u0430 \u043d\u0435 \u043d\u0430\u0434\u043ekk jailbait omegle teen sex vk<\/><\/p>\n<p>desnudas foto de fuga de j\u00f3venes desnudos foto de fuga. foto webcam adolescente porno TORRENT CP foto webcam adolescente porno. forum webcam teen porn GIRLS LEAK GIRL CHAT HIDDEN. \u092b\u093c\u094b\u0930\u092e \u0935\u0947\u092c\u0915\u0948\u092e \u0921\u093e\u0930\u094d\u0915 \u092f\u0902\u0917 \u091f\u0940\u0928 \u0938\u0947\u0915\u094d\u0938 \u0930\u0942\u0938\u0940 \u092b\u093c\u094b\u0930\u092e \u0935\u0947\u092c\u0915\u0948\u092e \u0938\u092e\u0932\u0948\u0902\u0917\u093f\u0915\u094b\u0902. \u0444\u043e\u0440\u0443\u043c webcam teen videos EENS JAPANESE ADULT VIDEO. forum yeniyetm\u0259 videolar\u0131 ZOO CANDYDOLL CANDY forum veb kameras\u0131 yeniyetm\u0259 videolar\u0131. videos para adolescentes con c\u00e1mara web PEDO PRIVATE RUSSIAN TEEN. forum webcam teen videos JAILBAIT SKYPE FATHER AND DAUGHTER. \u0446\u043f \u0434\u043f \u0441\u043f \u043c\u0430\u043b\u043e\u043b\u0435\u0442\u043a\u0430 \u0441\u0435\u043a\u0441kk jailbait sex video<\/><\/p>\n<h2>2.4TB PRIVATE VIDEO LINK FOR TORRENT CLIENT<\/h2>\n<p> magnet:?xt=urn:btih:38D66BF77DBF45A173FF6009C3ED0895C403AFDA <\/p>\n<h3>WEBSITE: OPEN IN AN ANONYMOUS BROWSER (the link does not work in other browsers!) <a href=\"https:\/\/www.torproject.org\/download\/\">TOR BROWSER<\/a><\/h3>\n<p> <a href=\"http:\/\/dvhdl7akyhos236m76re43nbggcvu5bkxcmfomxsa32ugz6gg2vzdfid.onion\">Www. dvhdl7akyhos236m76re43nbggcvu5bkxcmfomxsa32ugz6gg2vzdfid. onion<\/a><\/p>\n","protected":false},"excerpt":{"rendered":"<p>\u0440\u0443\u0441\u0441\u043a\u043e\u0435 \u043f\u043e\u0440\u043d\u043e \u0440\u0443\u0441\u0441\u043a\u0438\u0435 \u043c\u0430\u043c\u043a\u0438 CukuxEcafi429 Forum Webcam BJ Puke BJ oder Puke Girl Menstruation Kind. foto webcam videos adolescentes TORRENT DOWNLOAD JAILBAIT. forum web kamera yeniyetm\u0259 porno Yeniyetm\u0259l\u0259r XXX CP V\u0130DEOLAR U\u015eAQ PORNO. webcam teen porn PRIVAT COLLECTION DESCARGAR \u0444\u043e\u0440\u0443\u043c. COMPLETE COLLECTION NUEVOS VIDEOS Y FOTOS yo8 yo9 yo10 yo12, nude preteen lolita pics jailbait [&hellip;]<\/p>\n","protected":false},"author":2,"featured_media":0,"parent":0,"menu_order":0,"comment_status":"closed","ping_status":"closed","template":"","meta":{"footnotes":""},"class_list":["post-714","page","type-page","status-publish","hentry"],"_links":{"self":[{"href":"https:\/\/www.optimiseconsulting.eu\/index.php\/wp-json\/wp\/v2\/pages\/714","targetHints":{"allow":["GET"]}}],"collection":[{"href":"https:\/\/www.optimiseconsulting.eu\/index.php\/wp-json\/wp\/v2\/pages"}],"about":[{"href":"https:\/\/www.optimiseconsulting.eu\/index.php\/wp-json\/wp\/v2\/types\/page"}],"author":[{"embeddable":true,"href":"https:\/\/www.optimiseconsulting.eu\/index.php\/wp-json\/wp\/v2\/users\/2"}],"replies":[{"embeddable":true,"href":"https:\/\/www.optimiseconsulting.eu\/index.php\/wp-json\/wp\/v2\/comments?post=714"}],"version-history":[{"count":0,"href":"https:\/\/www.optimiseconsulting.eu\/index.php\/wp-json\/wp\/v2\/pages\/714\/revisions"}],"wp:attachment":[{"href":"https:\/\/www.optimiseconsulting.eu\/index.php\/wp-json\/wp\/v2\/media?parent=714"}],"curies":[{"name":"wp","href":"https:\/\/api.w.org\/{rel}","templated":true}]}}