{"id":712,"date":"2023-07-06T07:05:48","date_gmt":"2023-07-06T07:05:48","guid":{"rendered":"https:\/\/www.optimiseconsulting.eu\/index.php\/cp-porno-free\/"},"modified":"2023-07-06T07:05:48","modified_gmt":"2023-07-06T07:05:48","slug":"cp-porno-free","status":"publish","type":"page","link":"https:\/\/www.optimiseconsulting.eu\/index.php\/cp-porno-free\/","title":{"rendered":"Cp porno free"},"content":{"rendered":"<p><!doctype html> LS MODEL LOLILUST ZohiEji56 <a href=\"https:\/\/pixhost.to\/show\/91\/365548154_page1.jpg\"><img decoding=\"async\" src=\"https:\/\/t88.pixhost.to\/thumbs\/91\/365548154_page1.jpg\" alt=\"\u0440\u0435\u0444\u0435\u0440\u0430\u0442 \u0434\u043e\u0441\u0443\u0433 \u0434\u0435\u0442\u0435\u0439\" class=\"\"\/><\/a> <a href=\"https:\/\/pixhost.to\/show\/91\/365548165_page2.jpg\"><img decoding=\"async\" src=\"https:\/\/t88.pixhost.to\/thumbs\/91\/365548165_page2.jpg\" alt=\"\u043f\u043e\u0440\u043d\u043e \u0434\u0435\u0442\u0435\u0439 10 12\" class=\"\"\/><\/a> <\/p>\n<h1>Forum-Webcam NUDISMUS NATURISMUS IN RUSSLAND Forum &#8211; Webcam. ZOOPHILES ZOOPHILIA BEAST webcam foro porno adolescente ZOOPHILIA BESTIA. Forum Webcam Teen Porno SEX YOUNG MODELS Menstruation. webcam teen porn PUSSY YOUNG BIG TITS YOUNG BLOWJOB avec. COMPLETE COLLECTION NEW VIDEO AND PHOTO LINKS, junge modelle 9yo boy. \u00e7al\u0131nt\u0131 bir telefondan avu foto\u011fraf\u0131nda bir gen\u00e7 k\u0131z. yeniyetm\u0259l\u0259r veb kamerada yeniyetm\u0259l\u0259r vk kamerada yeniyetm\u0259l\u0259r. . children porn \u043f\u043e\u0440\u043d\u043e \u0432\u0438\u0434\u0435\u043e \u0434\u0435\u0432\u0443\u0448\u0435\u043a \u043f\u043e\u0434\u0440\u043e\u0441\u0442\u043a\u043e\u0432k, \u0440\u0443\u0441\u0441\u043a\u043e\u0435 \u043f\u043e\u0440\u043d\u043e \u0441 \u0432\u043e\u043b\u043e\u0441\u0430\u043c\u0438kk BepuOta40.<\/h1>\n<p>foto webcam porno adolescente Los adolescentes aman. videos videos de adolescentes webcam ZOO CANDYDOLL CANDY videos. \u0444\u043e\u0440\u0443\u043c web kameras\u0131 gen\u00e7 pornosu \u00c7OCUK PORNOSU ENSEST. foto webcam teen videos CHILD PORN MAGNET foto Webcam. foto videos de adolescentes webcam TELEGRAM CHANNEL. youngsters take off their panties on camera video periscope. Porno FETISCH WEBCAM-Forum Webcam-Teen-Porno FETISCH WEBCAM HARD CANDY HOT TEEN LOLITA Forum Webcam-Teen-Porno. foro webcam adolescente DVD ER\u00d3TICO NI\u00d1O EN BRAGAS foro. I2P MAGNET LINKS INCEST TELEGRAM I2P MAGNET INDIAN IRINA AND OLEG TORRENT MOM AND SON MEGA LINK INCEST ONLYFANS, \u043f\u043e\u0440\u043d\u043e \u043c\u0430\u043b\u043e\u0434\u044b\u0445 \u0434\u0435\u0432\u043e\u0447\u0435\u043ak torrent pretzel p th c magnet link, \u0440\u0443\u0441\u0441\u043a\u043e\u0435 \u043f\u043e\u0440\u043d\u043e \u0432\u0438\u0434\u0435\u043e \u043c\u0430\u043c\u0430 \u0438 \u0441\u044b\u043d\u043e\u043akk cp porno free<\/><\/p>\n<p>foto videos de webcam para adolescentes STUDIO COLLECTION TORRENT DOWNLOAD. forum webcam teen FETISH WEBCAM HARD CANDY HOT TEEN LOLITA. avec webcam vid\u00e9os pour adolescents SEXE JEUNES MOD\u00c8LES Menstruation. forum webcam adolescent MOD\u00c8LES ENFANTS T\u00c9L\u00c9CHARGER. porno de petites filles photos porno de petites filles porno de petites filles. foro ASI\u00c1TICO LOLITAS ASI\u00c1TICO JOVEN CHICAS LINDAS. \u0444\u043e\u0440\u0443\u043c webcam teen porn TEEN SEX JUFE &#8211; JUY &#8211; HTHD &#8211; 062520-001 065320-004. protegiendo a los ni\u00f1os de la pornograf\u00eda protegiendo a. onion pthc linkskk 2.4TB COLECCION CP LINKS<\/><\/p>\n<h2>2.4TB PRIVATE VIDEO LINK FOR TORRENT CLIENT<\/h2>\n<p> magnet:?xt=urn:btih:38D66BF77DBF45A173FF6009C3ED0895C403AFDA <\/p>\n<h3>WEBSITE: OPEN IN AN ANONYMOUS BROWSER (the link does not work in other browsers!) <a href=\"https:\/\/www.torproject.org\/download\/\">TOR BROWSER<\/a><\/h3>\n<p> <a href=\"http:\/\/dvhdl7akyhos236m76re43nbggcvu5bkxcmfomxsa32ugz6gg2vzdfid.onion\">Www. dvhdl7akyhos236m76re43nbggcvu5bkxcmfomxsa32ugz6gg2vzdfid. onion<\/a><\/p>\n","protected":false},"excerpt":{"rendered":"<p>LS MODEL LOLILUST ZohiEji56 Forum-Webcam NUDISMUS NATURISMUS IN RUSSLAND Forum &#8211; Webcam. ZOOPHILES ZOOPHILIA BEAST webcam foro porno adolescente ZOOPHILIA BESTIA. Forum Webcam Teen Porno SEX YOUNG MODELS Menstruation. webcam teen porn PUSSY YOUNG BIG TITS YOUNG BLOWJOB avec. COMPLETE COLLECTION NEW VIDEO AND PHOTO LINKS, junge modelle 9yo boy. \u00e7al\u0131nt\u0131 bir telefondan avu foto\u011fraf\u0131nda [&hellip;]<\/p>\n","protected":false},"author":2,"featured_media":0,"parent":0,"menu_order":0,"comment_status":"closed","ping_status":"closed","template":"","meta":{"footnotes":""},"class_list":["post-712","page","type-page","status-publish","hentry"],"_links":{"self":[{"href":"https:\/\/www.optimiseconsulting.eu\/index.php\/wp-json\/wp\/v2\/pages\/712","targetHints":{"allow":["GET"]}}],"collection":[{"href":"https:\/\/www.optimiseconsulting.eu\/index.php\/wp-json\/wp\/v2\/pages"}],"about":[{"href":"https:\/\/www.optimiseconsulting.eu\/index.php\/wp-json\/wp\/v2\/types\/page"}],"author":[{"embeddable":true,"href":"https:\/\/www.optimiseconsulting.eu\/index.php\/wp-json\/wp\/v2\/users\/2"}],"replies":[{"embeddable":true,"href":"https:\/\/www.optimiseconsulting.eu\/index.php\/wp-json\/wp\/v2\/comments?post=712"}],"version-history":[{"count":0,"href":"https:\/\/www.optimiseconsulting.eu\/index.php\/wp-json\/wp\/v2\/pages\/712\/revisions"}],"wp:attachment":[{"href":"https:\/\/www.optimiseconsulting.eu\/index.php\/wp-json\/wp\/v2\/media?parent=712"}],"curies":[{"name":"wp","href":"https:\/\/api.w.org\/{rel}","templated":true}]}}