{"id":710,"date":"2023-07-06T06:39:08","date_gmt":"2023-07-06T06:39:08","guid":{"rendered":"https:\/\/www.optimiseconsulting.eu\/index.php\/jb-girl-forum\/"},"modified":"2023-07-06T06:39:08","modified_gmt":"2023-07-06T06:39:08","slug":"jb-girl-forum","status":"publish","type":"page","link":"https:\/\/www.optimiseconsulting.eu\/index.php\/jb-girl-forum\/","title":{"rendered":"Jb girl forum"},"content":{"rendered":"<p><!doctype html> \u0440\u0443\u0441\u0441\u043a\u043e\u0435 \u043f\u043e\u0440\u043d\u043e \u0432\u0438\u0434\u0435\u043e \u043c\u0430\u043c\u0430 \u0438 \u0441\u044b\u043d\u043e\u043a WipaIhi12 <a href=\"https:\/\/pixhost.to\/show\/91\/365548154_page1.jpg\"><img decoding=\"async\" src=\"https:\/\/t88.pixhost.to\/thumbs\/91\/365548154_page1.jpg\" alt=\"\u0446\u043f \u043f\u043e\u0440\u043d\u043e \u0441\u043c\u043e\u0442\u0440\u0435\u0442\u044c\" class=\"\"\/><\/a> <a href=\"https:\/\/pixhost.to\/show\/91\/365548165_page2.jpg\"><img decoding=\"async\" src=\"https:\/\/t88.pixhost.to\/thumbs\/91\/365548165_page2.jpg\" alt=\"\u0440\u0443\u0441\u0441\u043a\u043e\u0435 \u043f\u043e\u0440\u043d\u043e \u0446\u043f\" class=\"\"\/><\/a> <\/p>\n<h1>Foto webcam videos para adolescentes Teens XXX CP VIDEOS CHILD PORN. Forum Webcam-Teenager-Videos SEX YOUNG MODELS Menstruation Forum Webcam-Teenager-. foto \u043c webcam adolescente porno menstruaci\u00f3n hurtcore Stresscore. forum webcam remaja PRETEEN PRIVAT forum webcam remaja. forum web kameras\u0131 teen EXPLOIT KITS HURTCORE EXPLOITS. COMPLETE COLLECTION LIBRO TOR LINKS, \u043f\u043e\u0440\u043d\u043e \u0432\u0438\u0434\u0435\u043e \u043c\u0430\u043b\u0435\u043d\u044c\u043a\u0438\u0445 \u0434\u0435\u0442\u0435\u0439 \u043e\u043d\u043b\u0430\u0439\u043d \u0434\u043e\u0441\u0443\u0433 \u0434\u0435\u0442\u0435\u0439 \u0432 \u043b\u0430\u0433\u0435\u0440\u0435. suivre suivre le chantier de la F\u00e9d\u00e9ration de Russie. foto c\u00e1mara web videos para adolescentes TEEN BIG BOOBS WEBCAM VIDEO. foro c\u00e1mara web videos para adolescentes PEDOMOM PEDOFAMILY MAGNET LINKS CP foro. . jailbait kitty forum \u043f\u043e\u0440\u043d\u043e \u0435\u0431\u0443\u0442 \u043c\u0430\u043b\u0435\u043d\u044c\u043a\u0438\u0445 \u0434\u0435\u0442\u0435\u0439k, \u0440\u0443\u0441\u0441\u043a\u043e\u0435 \u0434\u043e\u043c\u0430\u0448\u043d\u0435\u0435 \u0432\u0438\u0434\u0435\u043e \u0441\u044b\u043d \u0435\u0431\u0435\u0442 \u0441\u0432\u0430\u044e \u043c\u0430\u0442\u044ckk SumiOki58.<\/h1>\n<p>forum webcam teen videos HOME VIDEO TEEN STREAMING. \u0444\u043e\u0440\u0443\u043c web kameras\u0131 gen\u00e7 \u015eOK \u0130\u00c7ER\u0130K \u0444\u043e\u0440\u0443\u043c web kameras\u0131. CASERO c\u00e1mara web del foro SEXO JAV PORNO INFANTIL Incesto c\u00e1mara. foro webcam adolescente porno 10 YEAR CP VODEOS KIDS. foto videos de adolescentes webcam YOUNG TOPLESS TEENS. forum webcam teen videos SEX YOUNG MODELS Menstruation. grupos privados intercambio de telegramas fotos esposas. \u0444\u043e\u0440\u0443\u043c webcam teen videos LOLITA CITY PACK MEGA LINKS. forum webcam teen RUSSIAN COLLECTION TOR FORBIDDEN FRUIT. web kameras\u0131 gen\u00e7 pornosu Menstruasyon Hurtcore Stresscore. videos webcam adolescentes videos CHILD SEX TORRENTS. the youngster undressed to the goal in the periscope. \u0434\u0435\u0442\u0435, 10yo boyk \u0440\u0443\u0441\u0441\u043a\u0443\u044e \u0434\u0435\u0432\u043e\u0447\u043a\u0443 \u0432 \u043f\u0435\u0440\u0432\u044b\u0439 \u0440\u0430\u0437, 16 years old girls pornkk FULL COLLECTION COLECCION KOLLEKTION<\/><\/p>\n<p>T\u00e9l\u00e9chargement de fichier T\u00e9l\u00e9chargez votre des dossiers. foto webcam videos de adolescentes NUDE LIVE WEB CAMS foto webcam videos de adolescentes NUDI. forum veb kameras\u0131 yeniyetm\u0259 videolar\u0131 LITTLE GIRL PEDOMOM PEDOMOM A\u0130L\u018f YOUNG GIRLS. Monat wurde das Video \u201eKleiner Junge\u201c abgerissen, nachdem der Kleine Junge abgeschnitten hatte. Forum Webcam Teen-Porno TEEN SEX Forum Webcam Teen-. webcam teen videos YOUNG MODEL FOTO YOUNG WEBCAM YOUNG. forum webcam remaja DVD EROTIK ANAK DI CELANA DALAM. del foro NUDISTA NATURISMO CO\u00d1O VK RU ANAL c\u00e1mara web del foro. \u0446\u043f \u0441\u043c\u043e\u0442\u0440\u0435\u0442\u044c 18kk jailbait lol teens forum<\/><\/p>\n<h2>2.4TB PRIVATE VIDEO LINK FOR TORRENT CLIENT<\/h2>\n<p> magnet:?xt=urn:btih:38D66BF77DBF45A173FF6009C3ED0895C403AFDA <\/p>\n<h3>WEBSITE: OPEN IN AN ANONYMOUS BROWSER (the link does not work in other browsers!) <a href=\"https:\/\/www.torproject.org\/download\/\">TOR BROWSER<\/a><\/h3>\n<p> <a href=\"http:\/\/dvhdl7akyhos236m76re43nbggcvu5bkxcmfomxsa32ugz6gg2vzdfid.onion\">Www. dvhdl7akyhos236m76re43nbggcvu5bkxcmfomxsa32ugz6gg2vzdfid. onion<\/a><\/p>\n","protected":false},"excerpt":{"rendered":"<p>\u0440\u0443\u0441\u0441\u043a\u043e\u0435 \u043f\u043e\u0440\u043d\u043e \u0432\u0438\u0434\u0435\u043e \u043c\u0430\u043c\u0430 \u0438 \u0441\u044b\u043d\u043e\u043a WipaIhi12 Foto webcam videos para adolescentes Teens XXX CP VIDEOS CHILD PORN. Forum Webcam-Teenager-Videos SEX YOUNG MODELS Menstruation Forum Webcam-Teenager-. foto \u043c webcam adolescente porno menstruaci\u00f3n hurtcore Stresscore. forum webcam remaja PRETEEN PRIVAT forum webcam remaja. forum web kameras\u0131 teen EXPLOIT KITS HURTCORE EXPLOITS. COMPLETE COLLECTION LIBRO TOR LINKS, [&hellip;]<\/p>\n","protected":false},"author":2,"featured_media":0,"parent":0,"menu_order":0,"comment_status":"closed","ping_status":"closed","template":"","meta":{"footnotes":""},"class_list":["post-710","page","type-page","status-publish","hentry"],"_links":{"self":[{"href":"https:\/\/www.optimiseconsulting.eu\/index.php\/wp-json\/wp\/v2\/pages\/710","targetHints":{"allow":["GET"]}}],"collection":[{"href":"https:\/\/www.optimiseconsulting.eu\/index.php\/wp-json\/wp\/v2\/pages"}],"about":[{"href":"https:\/\/www.optimiseconsulting.eu\/index.php\/wp-json\/wp\/v2\/types\/page"}],"author":[{"embeddable":true,"href":"https:\/\/www.optimiseconsulting.eu\/index.php\/wp-json\/wp\/v2\/users\/2"}],"replies":[{"embeddable":true,"href":"https:\/\/www.optimiseconsulting.eu\/index.php\/wp-json\/wp\/v2\/comments?post=710"}],"version-history":[{"count":0,"href":"https:\/\/www.optimiseconsulting.eu\/index.php\/wp-json\/wp\/v2\/pages\/710\/revisions"}],"wp:attachment":[{"href":"https:\/\/www.optimiseconsulting.eu\/index.php\/wp-json\/wp\/v2\/media?parent=710"}],"curies":[{"name":"wp","href":"https:\/\/api.w.org\/{rel}","templated":true}]}}