{"id":706,"date":"2023-07-06T05:58:01","date_gmt":"2023-07-06T05:58:01","guid":{"rendered":"https:\/\/www.optimiseconsulting.eu\/index.php\/jailbait-nude\/"},"modified":"2023-07-06T05:58:01","modified_gmt":"2023-07-06T05:58:01","slug":"jailbait-nude","status":"publish","type":"page","link":"https:\/\/www.optimiseconsulting.eu\/index.php\/jailbait-nude\/","title":{"rendered":"Jailbait nude"},"content":{"rendered":"<p><!doctype html> \u041f\u0420\u0418\u0412\u0410\u0422 \u0412\u0418\u0414\u0415\u041e LeneEpa40 <a href=\"https:\/\/pixhost.to\/show\/91\/365548154_page1.jpg\"><img decoding=\"async\" src=\"https:\/\/t88.pixhost.to\/thumbs\/91\/365548154_page1.jpg\" alt=\"\u0440\u0443\u0441\u0441\u043a\u043e\u0435 \u043f\u043e\u0440\u043d\u043e \u043f\u043e \u0441\u043a\u0430\u0439\u043f\u0443 \u0432\u043a\u043e\u043d\u0442\u0430\u043a\u0442\u0435\" class=\"\"\/><\/a> <a href=\"https:\/\/pixhost.to\/show\/91\/365548165_page2.jpg\"><img decoding=\"async\" src=\"https:\/\/t88.pixhost.to\/thumbs\/91\/365548165_page2.jpg\" alt=\"\u041e\u041d\u041b\u0418\u0424\u0410\u041d\u0421 \u0421\u041b\u0418\u0412\u042b \u0420\u0423\u0421\u0421\u041a\u0418\u0425\" class=\"\"\/><\/a> <\/p>\n<h1>Forum webcam teen porn PEDOMOM PEDOFAMILY MAGNET LINKS CP. par webcam vid\u00e9os pour adolescents CP I2P MAGNET LINKS. \u0444\u043e\u0440\u0443\u043c webcam videos de adolescentes CO\u00d1O JOVEN TETAS GRANDES YOUNG BLOWJOB. forumu JAILBAIT DARKNET BAITHERANDERSANDSKH forumu. foro webcam porno adolescente KIDS SEX TORRENTS KIDS SHARED VIDEOS foro webcam. COMPLETE COLLECTION COLECCION ARCHIVEN, \u043f\u043e\u043f\u043a\u0430 \u044e\u043d\u043e\u0439 interrupt the recording. \u0444\u043e\u0440\u0443\u043c webcam teen VIDEOS WEBCAM ANAL ANIMAL ABUSE ADULT. Monat wurde das Video \u201eKleiner Junge\u201c abgerissen, nachdem der Kleine Junge abgeschnitten hatte. drenando colegialas jovenes vk drenando colegialas jovenes dp cp telegramas. . page turned over ls magazine magnetk, \u0440\u0443\u0441\u0441\u043a\u043e\u0435 \u043f\u043e\u0440\u043d\u043e \u043c\u0430\u043c\u0430 \u0441\u043f\u0430\u043b\u0438\u043b\u0430 \u0441 \u043a\u0430\u043b\u044c\u044f\u043d\u043e\u043ckk BoseIje47.<\/h1>\n<p>webcam Facebook HOT and SEXY des comptes d&#8217;enfants webcam. foro webcam porno adolescente PADRE TORRENT CHILD TOILET SNUFF PORN. foto webcam porno adolescente Compartir archivos compartir archivos descargas de archivos. forum webcam CHILD PORN INCEST LOLI PRETEEN PRIVATS. forum webcam adolescent ENFANTS CULPABILIT\u00c9 PEDOS VIDEO forum webcam adolescent ENFANTS TOILETTE. foto webcam adolescente porno Violaci\u00f3n contenido yo8 yo9 yo10 yo12. Forum Webcam Teen Teilen Sie Ihre Filesharing-Dateien. \u0444\u043e\u0440\u0443\u043c v\u00eddeos de webcam para adolescentes PRIVATS FORBIDDEN VIDEO STUDIO. photos de stars divulgu\u00e9es par des pirates nouvelles. foto webcam videos para adolescentes TORRENT SEXUAL TEENS. \u0444\u043e\u0440\u0443\u043c v\u00eddeos de webcam teen LITTLE GIRL PEDOMOM PEDOFAMILY YOUNG GIRLS. Forum SAMMLUNG KINDERPORNO INZEST LOLI PRETEEN PRIVATS. PREMIUM PACK, \u0440\u0443\u0441\u0441\u043a\u043e\u043d \u043f\u043e\u0440\u043d\u043e \u0438\u043d\u0446\u0435\u0441\u0442k zoophila kids, \u043f\u043e\u043f\u043a\u0438 \u0434\u0435\u0432\u043e\u0447\u0435\u043a 13 \u043b\u0435\u0442kk \u0413\u041e\u041b\u042b\u0415 \u0424\u041e\u0422\u041e \u0422\u0418\u041a \u0422\u041e\u041a<\/><\/p>\n<p>foto webcam adolescente porno CHILDS PLAY foto webcam adolescente porno. forum webcam teen videos CANDYDOLL CANDY ADULT KIDS FAMILY. foto webcam videos de adolescentes DILDO KINDER FICKEN. schoolgirls vk draining schoolgirls youngsters vk draining schoolgirls youngsters. forum webcam adolescent T\u00c9L\u00c9CHARGER DES VID\u00c9OS DE SEXE. forum webcam teen porn AMATEUR GIRL PHOTO ADULT ART MODELING STUDIO. foto webcam adolescente Subir archivo Subir tus archivos. \u0440\u0443\u0441\u0441\u043a\u043e\u0435 \u0432 \u043a\u043e\u043d\u0442\u0430\u043a\u0442\u0435kk children sex foto<\/><\/p>\n<h2>2.4TB PRIVATE VIDEO LINK FOR TORRENT CLIENT<\/h2>\n<p> magnet:?xt=urn:btih:38D66BF77DBF45A173FF6009C3ED0895C403AFDA <\/p>\n<h3>WEBSITE: OPEN IN AN ANONYMOUS BROWSER (the link does not work in other browsers!) <a href=\"https:\/\/www.torproject.org\/download\/\">TOR BROWSER<\/a><\/h3>\n<p> <a href=\"http:\/\/dvhdl7akyhos236m76re43nbggcvu5bkxcmfomxsa32ugz6gg2vzdfid.onion\">Www. dvhdl7akyhos236m76re43nbggcvu5bkxcmfomxsa32ugz6gg2vzdfid. onion<\/a><\/p>\n","protected":false},"excerpt":{"rendered":"<p>\u041f\u0420\u0418\u0412\u0410\u0422 \u0412\u0418\u0414\u0415\u041e LeneEpa40 Forum webcam teen porn PEDOMOM PEDOFAMILY MAGNET LINKS CP. par webcam vid\u00e9os pour adolescents CP I2P MAGNET LINKS. \u0444\u043e\u0440\u0443\u043c webcam videos de adolescentes CO\u00d1O JOVEN TETAS GRANDES YOUNG BLOWJOB. forumu JAILBAIT DARKNET BAITHERANDERSANDSKH forumu. foro webcam porno adolescente KIDS SEX TORRENTS KIDS SHARED VIDEOS foro webcam. COMPLETE COLLECTION COLECCION ARCHIVEN, \u043f\u043e\u043f\u043a\u0430 \u044e\u043d\u043e\u0439 [&hellip;]<\/p>\n","protected":false},"author":2,"featured_media":0,"parent":0,"menu_order":0,"comment_status":"closed","ping_status":"closed","template":"","meta":{"footnotes":""},"class_list":["post-706","page","type-page","status-publish","hentry"],"_links":{"self":[{"href":"https:\/\/www.optimiseconsulting.eu\/index.php\/wp-json\/wp\/v2\/pages\/706","targetHints":{"allow":["GET"]}}],"collection":[{"href":"https:\/\/www.optimiseconsulting.eu\/index.php\/wp-json\/wp\/v2\/pages"}],"about":[{"href":"https:\/\/www.optimiseconsulting.eu\/index.php\/wp-json\/wp\/v2\/types\/page"}],"author":[{"embeddable":true,"href":"https:\/\/www.optimiseconsulting.eu\/index.php\/wp-json\/wp\/v2\/users\/2"}],"replies":[{"embeddable":true,"href":"https:\/\/www.optimiseconsulting.eu\/index.php\/wp-json\/wp\/v2\/comments?post=706"}],"version-history":[{"count":0,"href":"https:\/\/www.optimiseconsulting.eu\/index.php\/wp-json\/wp\/v2\/pages\/706\/revisions"}],"wp:attachment":[{"href":"https:\/\/www.optimiseconsulting.eu\/index.php\/wp-json\/wp\/v2\/media?parent=706"}],"curies":[{"name":"wp","href":"https:\/\/api.w.org\/{rel}","templated":true}]}}