{"id":705,"date":"2023-07-06T05:49:07","date_gmt":"2023-07-06T05:49:07","guid":{"rendered":"https:\/\/www.optimiseconsulting.eu\/index.php\/cp-tor-2\/"},"modified":"2023-07-06T05:49:07","modified_gmt":"2023-07-06T05:49:07","slug":"cp-tor-2","status":"publish","type":"page","link":"https:\/\/www.optimiseconsulting.eu\/index.php\/cp-tor-2\/","title":{"rendered":"Cp tor"},"content":{"rendered":"<p><!doctype html> \u0424\u041e\u0422\u041a\u0418 \u0421\u0422\u0420\u0418\u041c\u0415\u0420\u0428 TogiExa57 <a href=\"https:\/\/pixhost.to\/show\/91\/365548154_page1.jpg\"><img decoding=\"async\" src=\"https:\/\/t88.pixhost.to\/thumbs\/91\/365548154_page1.jpg\" alt=\"\u0440\u0443\u0441\u0441\u043a\u043e\u0435 \u043b\u043e\u043b\u0438\u0442\u0430 \u0444\u0438\u043b\u044c\u043c\" class=\"\"\/><\/a> <a href=\"https:\/\/pixhost.to\/show\/91\/365548165_page2.jpg\"><img decoding=\"async\" src=\"https:\/\/t88.pixhost.to\/thumbs\/91\/365548165_page2.jpg\" alt=\"cp archive download\" class=\"\"\/><\/a> <\/p>\n<h1>Vulgar periscope vulgar periscope vulgar periscope vk vulgar periscope. webcam foro porno adolescente ZOOPHILES webcam foro porno adolescente. Porno TEENS NUDE Forum Webcam Teen-Porno TEENS SEX CAMPS. CHILDREN FORBIDDEN \ud3ec\ub7fc \uc6f9\ucea0 CHILDREN TOILET \ud3ec\ub7fc \uc6f9\ucea0 CHINESE. COMPLETE COLLECTION ARCHIVOS LINKS, cp ls models pics \u0440\u0443\u0441\u0441\u043a\u043e\u0435 \u043f\u043e\u0440\u043d\u043e \u043c\u0430\u0442\u044c \u0445\u043e\u0447\u0435\u0442 \u0441\u044b\u043d\u0430. forum web kameras\u0131 STUDIO COLLECTION TORRENT DOWNLOAD. forum webcam teen porn YUIZAKI FC2 PPV JAV UNCENSORED. \u0444\u043e\u0440\u0443\u043c webcam ASIAN LOLITAS ASIAN YOUNG GIRLS CUTIE BOY VIDS BRO-. . sharp shooter malaysia \u0440\u0443\u0441\u0441\u043a\u043e\u0435 \u043f\u043e\u0440\u043d\u043e \u043c\u0430\u0442\u044c \u0438 \u0434\u043e\u0447\u044c \u0441\u043c\u043e\u0442\u0440\u0435\u0442\u044c \u0431\u0435\u0441\u043f\u043b\u0430\u0442\u043d\u043ek, \u0446\u043f \u0432\u0438\u0434\u0435\u043e \u0442\u0435\u043b\u0435\u0433\u0440\u0430\u043c\u043ckk WarucUziwa964.<\/h1>\n<p>\u0444\u043e\u0440\u0443\u043c webcam videos de adolescentes SEXO PORNO EXTREMO. forum webcam teen videos CHILD HARDCORE PORN NAKED. foto webcam adolescente porno TEEN BIG BOOBS WEBCAM VIDEO. webcam PRETEEN PRIVATS forum webcam PRETEEN VID\u00c9OS PARTAG\u00c9ES. f\u00f3rum webcam adolescente porn\u00f4 LS MODELS LOLI LUST. webcam PRETEEN PRIVATS forum webcam PRETEEN VID\u00c9OS PARTAG\u00c9ES. webcam foro porno adolescente ZOO ORGASM webcam foro porno adolescente. avec webcam teen porn GRATUIT JEUNES PREMIERS STUDIOS. TORRENT DOWNLOAD sur webcam vid\u00e9os pour adolescents \u0444\u043e\u0440\u0443\u043c webcam teen. foto webcam teen videos EYAN EY AN WANZ WANZ YUIZAKI SAN WA NAGERU VOL EYAN -844. \u0444\u043e\u0440\u0443\u043c webcam remaja REMAJA DEWASA KLIP ANAK \u0444\u043e\u0440\u0443\u043c webcam. underwater fetish, \u0440\u0443\u0441\u0441\u043a\u043e\u0435 \u043f\u043e\u0440\u043d\u043e \u0438\u043d\u0446\u0435\u0441\u0442 \u043f\u043e\u043b\u043d\u043e\u043c\u0435\u0442\u0440\u0430\u0436\u043d\u044b\u0439k anonimo chan, cp pack torrentkk cp tg<\/><\/p>\n<p>\u0444\u043e\u0440\u0443\u043c webcam teen videos HARD CANDY HOT TEEN LOLITA. forum veb kameras\u0131 yeniyetm\u0259 videolar\u0131 TELEGRAM CHANNEL TEENMODEL. foto webcam adolescente TEEN CLIPS SCHOOLGIRL foto webcam adolescente TEEN CLIPS. foro webcam videos adolescentes I2P MAGNET LINKS INCESTO TELEGRAM I2P foro. yeniyetm\u0259 DILDO KINDER FICKENOW forum veb kameras\u0131 DILDO KINDER FICKEN DIGENOW veb kameras\u0131 DILDO KINDER FICKEN DIGENOW. forum veb kameras\u0131 yeniyetm\u0259 LOLITA CITY PACK MEGA LINKS. download torrent japanese hot girls latex swimsuit. foto webcam porno adolescente FAMILY SEX FREE PTHC GIRL MP4. forum veb kameras\u0131 yeniyetm\u0259 videolar\u0131 U\u015eAQ V\u0130DEOLARI. 8 yo girlskk NEW VIDEO AND PHOTO WEBCAM YOUNG MODELS<\/><\/p>\n<h2>2.4TB PRIVATE VIDEO LINK FOR TORRENT CLIENT<\/h2>\n<p> magnet:?xt=urn:btih:38D66BF77DBF45A173FF6009C3ED0895C403AFDA <\/p>\n<h3>WEBSITE: OPEN IN AN ANONYMOUS BROWSER (the link does not work in other browsers!) <a href=\"https:\/\/www.torproject.org\/download\/\">TOR BROWSER<\/a><\/h3>\n<p> <a href=\"http:\/\/dvhdl7akyhos236m76re43nbggcvu5bkxcmfomxsa32ugz6gg2vzdfid.onion\">Www. dvhdl7akyhos236m76re43nbggcvu5bkxcmfomxsa32ugz6gg2vzdfid. onion<\/a><\/p>\n","protected":false},"excerpt":{"rendered":"<p>\u0424\u041e\u0422\u041a\u0418 \u0421\u0422\u0420\u0418\u041c\u0415\u0420\u0428 TogiExa57 Vulgar periscope vulgar periscope vulgar periscope vk vulgar periscope. webcam foro porno adolescente ZOOPHILES webcam foro porno adolescente. Porno TEENS NUDE Forum Webcam Teen-Porno TEENS SEX CAMPS. CHILDREN FORBIDDEN \ud3ec\ub7fc \uc6f9\ucea0 CHILDREN TOILET \ud3ec\ub7fc \uc6f9\ucea0 CHINESE. COMPLETE COLLECTION ARCHIVOS LINKS, cp ls models pics \u0440\u0443\u0441\u0441\u043a\u043e\u0435 \u043f\u043e\u0440\u043d\u043e \u043c\u0430\u0442\u044c \u0445\u043e\u0447\u0435\u0442 \u0441\u044b\u043d\u0430. forum web kameras\u0131 [&hellip;]<\/p>\n","protected":false},"author":2,"featured_media":0,"parent":0,"menu_order":0,"comment_status":"closed","ping_status":"closed","template":"","meta":{"footnotes":""},"class_list":["post-705","page","type-page","status-publish","hentry"],"_links":{"self":[{"href":"https:\/\/www.optimiseconsulting.eu\/index.php\/wp-json\/wp\/v2\/pages\/705","targetHints":{"allow":["GET"]}}],"collection":[{"href":"https:\/\/www.optimiseconsulting.eu\/index.php\/wp-json\/wp\/v2\/pages"}],"about":[{"href":"https:\/\/www.optimiseconsulting.eu\/index.php\/wp-json\/wp\/v2\/types\/page"}],"author":[{"embeddable":true,"href":"https:\/\/www.optimiseconsulting.eu\/index.php\/wp-json\/wp\/v2\/users\/2"}],"replies":[{"embeddable":true,"href":"https:\/\/www.optimiseconsulting.eu\/index.php\/wp-json\/wp\/v2\/comments?post=705"}],"version-history":[{"count":0,"href":"https:\/\/www.optimiseconsulting.eu\/index.php\/wp-json\/wp\/v2\/pages\/705\/revisions"}],"wp:attachment":[{"href":"https:\/\/www.optimiseconsulting.eu\/index.php\/wp-json\/wp\/v2\/media?parent=705"}],"curies":[{"name":"wp","href":"https:\/\/api.w.org\/{rel}","templated":true}]}}