{"id":704,"date":"2023-07-06T05:23:18","date_gmt":"2023-07-06T05:23:18","guid":{"rendered":"https:\/\/www.optimiseconsulting.eu\/index.php\/fixed-matchest\/"},"modified":"2023-07-06T05:23:18","modified_gmt":"2023-07-06T05:23:18","slug":"fixed-matchest","status":"publish","type":"page","link":"https:\/\/www.optimiseconsulting.eu\/index.php\/fixed-matchest\/","title":{"rendered":"Fixed matchest"},"content":{"rendered":"<p><!doctype html> \u0440\u0443\u0441\u0441\u043a\u043e\u0435 \u043f\u043e\u0440\u043d\u043e \u043c\u0430\u0442\u044c \u043a\u043e\u043d\u0447\u0438\u043b\u0430 \u043d\u0430 \u0441\u044b\u043d\u0430 SupeEva48 <a href=\"https:\/\/pixhost.to\/show\/91\/365548154_page1.jpg\"><img decoding=\"async\" src=\"https:\/\/t88.pixhost.to\/thumbs\/91\/365548154_page1.jpg\" alt=\"12 y o video\" class=\"\"\/><\/a> <a href=\"https:\/\/pixhost.to\/show\/91\/365548165_page2.jpg\"><img decoding=\"async\" src=\"https:\/\/t88.pixhost.to\/thumbs\/91\/365548165_page2.jpg\" alt=\"nude young girl video\" class=\"\"\/><\/a> <\/p>\n<h1>Forum veb kameras\u0131 yeniyetm\u0259 videolar\u0131 DARKNET V\u0130DEOLARI. TELEGRAM CHANNEL Teens fotos videos de adolescentes webcam. \u0444\u043e\u0440\u0443\u043c web kameras\u0131 gen\u00e7 pornosu GEN\u00c7 KIZ \u0444\u043e\u0440\u0443\u043c web kameras\u0131. COMPLETE COLLECTION ARCHIVE NEUE VIDEOS UND FOTOS, \u0446\u043f \u0444\u043e\u0442\u043e \u0442\u043e\u0440\u0440\u0435\u043d\u0442 loli games. Forum Webcam Teen-Porno SAMMLUNG KINDERPORNO INZEST LOLI PRETEEN PRIVATS Forum Webcam Teen-Porno. Kostenloses Foto herunterladen erotische M\u00e4dchen Teenager lolihentai18. c\u00e1mara web del foro BRO SIS CP KIDS WEBCAM GIRLS PRIORI. . open their records \u0440\u0443\u0441\u0441\u043a\u043e\u0435 \u043f\u043e\u0440\u043d\u043e \u043c\u0430\u043c\u0430 \u0441 \u0441\u044b\u043d\u043e\u043c \u0432 \u0432\u0430\u043d\u043d\u0435k, \u0440\u0443\u0441\u0441\u043a\u043e\u0435 \u0437\u0430\u043f\u0440\u0435\u0442\u043d\u043e\u0435 \u0432\u0438\u0434\u0435\u043ekk GivadAgaji547.<\/h1>\n<p>adolescente TELEGRAM CHANNEL foro webcam adolescente TELEGRAM CHANNEL TENMODEL foro. pour webcam vid\u00e9os pour adolescents GIRL WEBCAM SKYPE OMEGLE VIDS. foto webcam adolescente porno FUCKING VIRGEN PUSSY VIDEOS. forum veb kameras\u0131 yeniyetm\u0259 videolar\u0131 PUSSY YOUNG BIG TITS YOUNG BLOWJOB. foro c\u00e1mara web adolescente HARD CANDY HOT TEEN LOLITA. foto webcam porno adolescente TORRENT KIDS CLIPS foto. forumu veb kameras\u0131 yeniyetm\u0259 AMATUR QIZ FOTO ADULT ART MODELING STUDIO. Forum Webcam Teen-Porno TEEN SEX Forum Webcam Teen-. foto webcam teen videos SEX VIDEO PRETEEN BANTIES foto \u0440\u0443\u043c webcam videos de adolescentes. forum webcam teen videos Teens XXX CP VIDEOS CHILD PORN. \u0444\u043e\u0440\u0443\u043c c\u00e1mara web porno adolescente YUIZAKI FC2 PPV JAV SIN CENSURA. \u0440\u0443\u0441\u0441\u043a\u043e\u0435 \u043f\u043e\u0440\u043d\u043e \u043f\u0430\u043f\u0430 \u0438 \u0441\u044b\u043d, cpr girl videok \u0441\u0442\u0440\u0438\u043f\u0442\u0438\u0437 \u0441\u0432\u0438\u0434\u0435\u0442\u0435\u043b, \u043c\u0430\u043b\u043e\u043b\u0435\u0442\u043d\u0438\u0439 \u0442\u0440\u0430\u0445 \u0444\u043e\u0442\u043ekk teenmodelcc<\/><\/p>\n<p>forum webcam ASIAN LOLITAS ASIAN YOUNG GIRLS CUTIE. modeladores tyumen foro de vkontakte foro de modelka. imagen webcam adolescente porno VIDEOS COMPARTIDOS. forum webcam teen videos PICS VIDS RUSSIAN BOYS AND. Forum Webcam Teenager PRETEEN GETEILTE VIDEOS Forum Webcam Teenager PRIVATE. forum webcam adolescent MAGNET INDIAN IRINA ET OLEG TORRENT. les jeunes montrent les seins sur webcam les jeunes montrent. forum webcam teen videos FETISH WEBCAM HARD CANDY HOT TEEN LOLITA. forum veb kameras\u0131 yeniyetm\u0259 videolar\u0131 PUSSY YOUNG BIG TITS YOUNG BLOWJOB. \u0421\u041b\u0418\u0412 \u0411\u041b\u041e\u0413\u0415\u0420\u0428 \u0418 \u0421\u0422\u0420\u0418\u041c\u0415\u0420\u0428kk sacar fotos<\/><\/p>\n<h2>2.4TB PRIVATE VIDEO LINK FOR TORRENT CLIENT<\/h2>\n<p> magnet:?xt=urn:btih:38D66BF77DBF45A173FF6009C3ED0895C403AFDA <\/p>\n<h3>WEBSITE: OPEN IN AN ANONYMOUS BROWSER (the link does not work in other browsers!) <a href=\"https:\/\/www.torproject.org\/download\/\">TOR BROWSER<\/a><\/h3>\n<p> <a href=\"http:\/\/dvhdl7akyhos236m76re43nbggcvu5bkxcmfomxsa32ugz6gg2vzdfid.onion\">Www. dvhdl7akyhos236m76re43nbggcvu5bkxcmfomxsa32ugz6gg2vzdfid. onion<\/a><\/p>\n","protected":false},"excerpt":{"rendered":"<p>\u0440\u0443\u0441\u0441\u043a\u043e\u0435 \u043f\u043e\u0440\u043d\u043e \u043c\u0430\u0442\u044c \u043a\u043e\u043d\u0447\u0438\u043b\u0430 \u043d\u0430 \u0441\u044b\u043d\u0430 SupeEva48 Forum veb kameras\u0131 yeniyetm\u0259 videolar\u0131 DARKNET V\u0130DEOLARI. TELEGRAM CHANNEL Teens fotos videos de adolescentes webcam. \u0444\u043e\u0440\u0443\u043c web kameras\u0131 gen\u00e7 pornosu GEN\u00c7 KIZ \u0444\u043e\u0440\u0443\u043c web kameras\u0131. COMPLETE COLLECTION ARCHIVE NEUE VIDEOS UND FOTOS, \u0446\u043f \u0444\u043e\u0442\u043e \u0442\u043e\u0440\u0440\u0435\u043d\u0442 loli games. Forum Webcam Teen-Porno SAMMLUNG KINDERPORNO INZEST LOLI PRETEEN PRIVATS Forum Webcam [&hellip;]<\/p>\n","protected":false},"author":2,"featured_media":0,"parent":0,"menu_order":0,"comment_status":"closed","ping_status":"closed","template":"","meta":{"footnotes":""},"class_list":["post-704","page","type-page","status-publish","hentry"],"_links":{"self":[{"href":"https:\/\/www.optimiseconsulting.eu\/index.php\/wp-json\/wp\/v2\/pages\/704","targetHints":{"allow":["GET"]}}],"collection":[{"href":"https:\/\/www.optimiseconsulting.eu\/index.php\/wp-json\/wp\/v2\/pages"}],"about":[{"href":"https:\/\/www.optimiseconsulting.eu\/index.php\/wp-json\/wp\/v2\/types\/page"}],"author":[{"embeddable":true,"href":"https:\/\/www.optimiseconsulting.eu\/index.php\/wp-json\/wp\/v2\/users\/2"}],"replies":[{"embeddable":true,"href":"https:\/\/www.optimiseconsulting.eu\/index.php\/wp-json\/wp\/v2\/comments?post=704"}],"version-history":[{"count":0,"href":"https:\/\/www.optimiseconsulting.eu\/index.php\/wp-json\/wp\/v2\/pages\/704\/revisions"}],"wp:attachment":[{"href":"https:\/\/www.optimiseconsulting.eu\/index.php\/wp-json\/wp\/v2\/media?parent=704"}],"curies":[{"name":"wp","href":"https:\/\/api.w.org\/{rel}","templated":true}]}}