{"id":703,"date":"2023-07-06T05:22:26","date_gmt":"2023-07-06T05:22:26","guid":{"rendered":"https:\/\/www.optimiseconsulting.eu\/index.php\/cp-aktrisy\/"},"modified":"2023-07-06T05:22:26","modified_gmt":"2023-07-06T05:22:26","slug":"cp-aktrisy","status":"publish","type":"page","link":"https:\/\/www.optimiseconsulting.eu\/index.php\/cp-aktrisy\/","title":{"rendered":"\u0426\u043f \u0430\u043a\u0442\u0440\u0438\u0441\u044b"},"content":{"rendered":"<p><!doctype html> \u0436\u0435\u0441\u0442\u043a\u043e\u0435 \u0434\u0435\u0442\u0441\u043a\u043e\u0435 \u043f\u043e\u0440\u0435\u0432\u043e WemeOsu19 <a href=\"https:\/\/pixhost.to\/show\/91\/365548154_page1.jpg\"><img decoding=\"async\" src=\"https:\/\/t88.pixhost.to\/thumbs\/91\/365548154_page1.jpg\" alt=\"\u0440\u0443\u0441\u0441\u043a\u043e\u0435 \u043f\u043e\u0440\u043d\u043e \u043f\u0440\u043e \u043c\u0430\u043b\u043e\u043b\u0435\u0442\u043e\u043a\" class=\"\"\/><\/a> <a href=\"https:\/\/pixhost.to\/show\/91\/365548165_page2.jpg\"><img decoding=\"async\" src=\"https:\/\/t88.pixhost.to\/thumbs\/91\/365548165_page2.jpg\" alt=\"cp porno video\" class=\"\"\/><\/a> <\/p>\n<h1>Foro c\u00e1mara web adolescente ZOO ORGASM foro c\u00e1mara web adolescente. forum webcam videos adolescentes videos TEEN videos de sexo. forumu PULSUZ G\u018fNC \u015e\u0259kill\u0259r QADA\u011eAN MEYVE QIRMIZI OTAQ. imagen webcam adolescente porno VIDEO TORRENT DOWNLOAD imagen webcam adolescente. foto webcam videos adolescentes FUCKING VIRGEN PUSSY VIDEOS. COLLECTION WEBCAM CP LINKS, cp \u0433\u043e\u0441\u0442\u0435\u0432\u0430\u044f \u043a\u043d\u0438\u0433\u0430 \u0433\u043e\u043b\u043c. forum veb kameras\u0131 yeniyetm\u0259 videolar\u0131 PRIVATS FORBIDDEN VIDEO STUDIO. \u0444\u043e\u0440\u0443\u043c webcam ASIAN LOLITAS ASIAN YOUNG GIRLS CUTIE BOY VIDS BRO-. . I2P MAGNET LINKS INCEST TELEGRAM I2P MAGNET INDIAN IRINA AND OLEG TORRENT cp onion girl websitesk, \u0440\u0443\u0441\u0441\u043a\u043e\u0435 \u043f\u043e\u0440\u043d\u043e \u0438\u043d\u0446\u0435\u0441\u0442 \u043c\u0430\u0442\u044c \u0438 \u0434\u043e\u0447\u044ckk WiyeEhu71.<\/h1>\n<p>webcam teen videos RAPING LITTLE webcam teen videos. foro webcam adolescente CO\u00d1O JOVEN TETAS GRANDES JOVEN MAMADA foro webcam adolescente. \u0444\u043e\u0440\u0443\u043c webcam teen porn PERIS COPE JK JAPANESE \u0444\u043e\u0440\u0443\u043c webcam. foto \u043c webcam adolescente Compartir archivos compartir descargas de archivos. C\u00e1mara web del foro para ADOLESCENTES ABUSO DE VIDEOS PARA NI\u00d1OS Y FAMILIARES C\u00e1mara web. \u0444\u043e\u0440\u0443\u043c c\u00e1mara web porno adolescente CUTIES CHILD MEGA VIDEO. drenando colegialas jovenes vk drenando colegialas jovenes dp cp telegramas. foto webcam videos para adolescentes PRETEEN JAILBAIT. forum GIRLS PRIORI HARD CANDY YOUNG TEEN SEX VIDEOS. entleerende Streamer unzensiert entleerende Streamer. direct references, \u0440\u0443\u0441\u0441\u043a\u0443\u044e \u043c\u0430\u043b\u043e\u043b\u0435\u0442\u043a\u0443 \u0434\u043e\u043b\u0431\u044f\u0442k \u0440\u0443\u0441\u0441\u043a\u043e\u0435 \u043f\u043e\u0440\u043d\u043e \u043e\u0442\u0435\u0446 \u0441\u044b\u043d \u0438 \u0434\u043e\u0447\u044c, download child pornkk find recordings<\/><\/p>\n<p>\u0935\u0947\u092c\u0915\u0948\u092e \u0915\u093f\u0936\u094b\u0930 \u0905\u0936\u094d\u0932\u0940\u0932 \u0915\u093e\u092e\u0941\u0915 \u0921\u0940\u0935\u0940\u0921\u0940 CH \u092a\u0948\u0902\u091f\u0940 \u092e\u0947\u0902 \u0906\u0908\u090f\u0932\u0921\u0940 \u0935\u0947\u092c\u0915\u0948\u092e \u092a\u0930 \u0915\u093f\u0936\u094b\u0930 \u0905\u0936\u094d\u0932\u0940\u0932. foro webcam adolescente GIRLS PRIORI RUSSIAN TEENS foro. forum EYAN EYAN WANZ WANZ YUIZAKI SAN WA NAGERU VOL EYAN-8 44. \u0444\u043e\u0440\u0443\u043c webcam teen VIDEOS WEBCAM ANAL ANIMAL ABUSE ADULT. entradas privadas darina1 yourgoddess entradas privadas. sur webcam teen videos TEENS SEX TORRENTS YOUNG TEENAGE. forum webcam ado CANDYDOLL CANDY ADULTE ENFANTS FAMILLE. vor der Webcam nackt Br\u00fcste Teenager zeigen ihre Reize auf Tik Tok. foro webcam adolescente porno LOLI PREADOLESCENTES PRIVADOS. \u0440\u0443\u0441\u0441\u043a\u043e\u0435 \u0432\u0438\u0434\u0435\u043e \u0432\u043a\u043e\u043d\u0442\u0430\u043a\u0442\u0435kk powered<\/><\/p>\n<h2>2.4TB PRIVATE VIDEO LINK FOR TORRENT CLIENT<\/h2>\n<p> magnet:?xt=urn:btih:38D66BF77DBF45A173FF6009C3ED0895C403AFDA <\/p>\n<h3>WEBSITE: OPEN IN AN ANONYMOUS BROWSER (the link does not work in other browsers!) <a href=\"https:\/\/www.torproject.org\/download\/\">TOR BROWSER<\/a><\/h3>\n<p> <a href=\"http:\/\/dvhdl7akyhos236m76re43nbggcvu5bkxcmfomxsa32ugz6gg2vzdfid.onion\">Www. dvhdl7akyhos236m76re43nbggcvu5bkxcmfomxsa32ugz6gg2vzdfid. onion<\/a><\/p>\n","protected":false},"excerpt":{"rendered":"<p>\u0436\u0435\u0441\u0442\u043a\u043e\u0435 \u0434\u0435\u0442\u0441\u043a\u043e\u0435 \u043f\u043e\u0440\u0435\u0432\u043e WemeOsu19 Foro c\u00e1mara web adolescente ZOO ORGASM foro c\u00e1mara web adolescente. forum webcam videos adolescentes videos TEEN videos de sexo. forumu PULSUZ G\u018fNC \u015e\u0259kill\u0259r QADA\u011eAN MEYVE QIRMIZI OTAQ. imagen webcam adolescente porno VIDEO TORRENT DOWNLOAD imagen webcam adolescente. foto webcam videos adolescentes FUCKING VIRGEN PUSSY VIDEOS. COLLECTION WEBCAM CP LINKS, cp \u0433\u043e\u0441\u0442\u0435\u0432\u0430\u044f [&hellip;]<\/p>\n","protected":false},"author":2,"featured_media":0,"parent":0,"menu_order":0,"comment_status":"closed","ping_status":"closed","template":"","meta":{"footnotes":""},"class_list":["post-703","page","type-page","status-publish","hentry"],"_links":{"self":[{"href":"https:\/\/www.optimiseconsulting.eu\/index.php\/wp-json\/wp\/v2\/pages\/703","targetHints":{"allow":["GET"]}}],"collection":[{"href":"https:\/\/www.optimiseconsulting.eu\/index.php\/wp-json\/wp\/v2\/pages"}],"about":[{"href":"https:\/\/www.optimiseconsulting.eu\/index.php\/wp-json\/wp\/v2\/types\/page"}],"author":[{"embeddable":true,"href":"https:\/\/www.optimiseconsulting.eu\/index.php\/wp-json\/wp\/v2\/users\/2"}],"replies":[{"embeddable":true,"href":"https:\/\/www.optimiseconsulting.eu\/index.php\/wp-json\/wp\/v2\/comments?post=703"}],"version-history":[{"count":0,"href":"https:\/\/www.optimiseconsulting.eu\/index.php\/wp-json\/wp\/v2\/pages\/703\/revisions"}],"wp:attachment":[{"href":"https:\/\/www.optimiseconsulting.eu\/index.php\/wp-json\/wp\/v2\/media?parent=703"}],"curies":[{"name":"wp","href":"https:\/\/api.w.org\/{rel}","templated":true}]}}