{"id":700,"date":"2023-07-06T05:02:36","date_gmt":"2023-07-06T05:02:36","guid":{"rendered":"https:\/\/www.optimiseconsulting.eu\/index.php\/jailbaitclub-top\/"},"modified":"2023-07-06T05:02:36","modified_gmt":"2023-07-06T05:02:36","slug":"jailbaitclub-top","status":"publish","type":"page","link":"https:\/\/www.optimiseconsulting.eu\/index.php\/jailbaitclub-top\/","title":{"rendered":"Jailbaitclub top"},"content":{"rendered":"<p><!doctype html> 9yo vicky BejiAli40 <a href=\"https:\/\/pixhost.to\/show\/91\/365548154_page1.jpg\"><img decoding=\"async\" src=\"https:\/\/t88.pixhost.to\/thumbs\/91\/365548154_page1.jpg\" alt=\"\u043a\u044a\u0434\u0435 \u0434\u0430 \u0438\u0437\u0442\u0435\u0433\u043b\u0438\u0442\u0435 \u0434\u0435\u0442\u0441\u043a\u043e \u043f\u043e\u0440\u043d\u043e\" class=\"\"\/><\/a> <a href=\"https:\/\/pixhost.to\/show\/91\/365548165_page2.jpg\"><img decoding=\"async\" src=\"https:\/\/t88.pixhost.to\/thumbs\/91\/365548165_page2.jpg\" alt=\"\u043f\u043e\u043f\u043a\u0438 \u0448\u043a\u043e\u043b\u044c\u043d\u0438\u0446 \u043f\u0435\u0440\u0438\u0441\u043a\u043e\u043f\" class=\"\"\/><\/a> <\/p>\n<h1>\u0905\u0936\u094d\u0932\u0940\u0932 \u0932\u0921\u093c\u0915\u093f\u092f\u093e\u0901 \u0935\u0940\u0915\u0947 \u092e\u0947\u0902 16 \u0935\u0940\u0915\u0947 \u092e\u0947\u0902 \u0905\u0936\u094d\u0932\u0940\u0932 \u0932\u0921\u093c\u0915\u093f\u092f\u093e\u0901 \u0935\u0940\u0915\u0947 \u092e\u0947\u0902 18 \u0935\u0940\u0915\u0947 \u092e\u0947\u0902 \u0905\u0936\u094d\u0932\u0940\u0932 \u0932\u0921\u093c\u0915\u093f\u092f\u093e\u0901 \u0935\u0940\u0915\u0947 \u092e\u0947\u0902 \u0924\u0941\u0930\u0902\u0924 \u0928\u0939\u0940\u0902. Forum Webcam-Teen-Porno JUNGE M\u00c4DCHEN KINDER PRETEEN. Forum Webcam Teen Videos KOSTENLOS YOUNG PICS FORBIDDEN FRUIT RED ROOM. sur webcam vid\u00e9os pour adolescents TOPLESS CHILD SUCK. Forum Webcam Teen Vergewaltigung Falko Sex-Doll Magnet Verkn\u00fcpfung. COLLECTION LIBRO YOUNG MODELS, \u0440\u0443\u0441\u0441\u043a\u043e\u0435 \u043f\u043e\u0440\u043d\u043e \u043c\u0430\u043c\u0430 \u043f\u0440\u0438\u0441\u0442\u0430\u0435\u0442 child porn 18. forum webcam teen porn TORRENT CHILDREN PRIVATE VIDEO. foro ASI\u00c1TICO LOLITAS ASI\u00c1TICO JOVEN CHICAS LINDAS. . \u0440\u0443\u0441\u0441\u043a\u043e\u0435 \u043f\u043e\u0440\u043d\u043e \u0441 \u043f\u043e\u0434\u0440\u043e\u0441\u0442\u043a\u0430\u043c\u0438 \u0446\u043f \u043f\u043e\u0440\u043d\u043e \u0441\u043c\u043e\u0442\u0440\u0435\u0442\u044c \u0431\u0435\u0441\u043f\u043b\u0430\u0442\u043d\u043ek, \u0421\u041b\u0418\u0412 \u0414\u0415\u0412\u0423\u0428\u0415\u041a 14 \u041b\u0415\u0422kk KijuElo48.<\/h1>\n<p>foto webcam videos para adolescentes TEEN PUSSY foto. forum webcam AMATEUR GIRL FOTO ADULT ART MODELING STUDIO. forum webcam adolescent ENFANT PORNO Hurt-core and Stress &#8211; c\u0153ur. forum webcam teen CP LINKS INCEST LOLI PRETEEN KIDS. forumu SCHOOLGIRL VIDEO CHILD forumu SEXKIRL V\u0130DEO CHILD forumu SEXDSKIRL VIDEO CHILD forumu SEXDSKIRL VIDEO CHILD. \u0444\u043e\u0440\u0443\u043c web kameras\u0131 gen\u00e7 \u015eOK \u0130\u00c7ER\u0130K \u0444\u043e\u0440\u0443\u043c web kameras\u0131. foto webcam teen videos CHILD PORN INCESTO LOLI PRETEEN PRIVATS. photos of girls without clothes from social networks. \u015f\u0259kill\u0259ri unisex q\u0131zlar foto\u015f\u0259kili evd\u0259 haz\u0131rlanm\u0131\u015f g\u00f6r\u00fcn\u00fc\u015f q\u0131zlar. \u8ad6\u58c7\u651d\u50cf\u982d YOUNG PORN TORRENTS COLLEGE PORN VIDEOS \u8ad6\u58c7\u651d\u50cf\u982d YOUNG. \u0440\u0443\u0441\u0441\u043a\u043e\u0435 \u043f\u043e\u0440\u043d\u043e \u0432\u0438\u0434\u0435\u043e \u0441\u043f\u0430\u043b\u0438\u043b\u0438\u0441\u044c, jailbait videos hentai tubek child nudism xyz, 13 years pornokk dog boots<\/><\/p>\n<p>Forum Webcam Teen Videos YUIZAKI FC2 PPV JAV UNCENSORED. foro webcam adolescente PEDOMOM PEDOFAMILY MAGNET LINKS CP foro. CHILDREN FORBIDDEN \ud3ec\ub7fc \uc6f9\ucea0 CHILDREN TOILET \ud3ec\ub7fc \uc6f9\ucea0 CHINESE. zeigen ihre Muschis vor der Webcam Jugendliche zeigen ihre Muschis vor der Webcam. foro webcam videos adolescentes ONLYFANSCOM PREMIUM. webcam teen videos PRIVATS FORBIDDEN VIDEO STUDIO avec. webcam MODELOS NI\u00d1O Y CHICA BESTIALIDAD SEXO DE PERROS. privados publicaciones de modelos con bongos en vk. webcam teen videos TEEN BOOBS webcam teen videos TEEN BOOBS. \u0440\u0443\u0441\u0441\u043a\u043e\u0435 \u043f\u043e\u0440\u043d\u043e \u043c\u0430\u043c\u0430 \u043f\u0440\u0438\u0441\u0442\u0430\u0435\u0442kk jailbait horny girl boy videos forum<\/><\/p>\n<h2>2.4TB PRIVATE VIDEO LINK FOR TORRENT CLIENT<\/h2>\n<p> magnet:?xt=urn:btih:38D66BF77DBF45A173FF6009C3ED0895C403AFDA <\/p>\n<h3>WEBSITE: OPEN IN AN ANONYMOUS BROWSER (the link does not work in other browsers!) <a href=\"https:\/\/www.torproject.org\/download\/\">TOR BROWSER<\/a><\/h3>\n<p> <a href=\"http:\/\/dvhdl7akyhos236m76re43nbggcvu5bkxcmfomxsa32ugz6gg2vzdfid.onion\">Www. dvhdl7akyhos236m76re43nbggcvu5bkxcmfomxsa32ugz6gg2vzdfid. onion<\/a><\/p>\n","protected":false},"excerpt":{"rendered":"<p>9yo vicky BejiAli40 \u0905\u0936\u094d\u0932\u0940\u0932 \u0932\u0921\u093c\u0915\u093f\u092f\u093e\u0901 \u0935\u0940\u0915\u0947 \u092e\u0947\u0902 16 \u0935\u0940\u0915\u0947 \u092e\u0947\u0902 \u0905\u0936\u094d\u0932\u0940\u0932 \u0932\u0921\u093c\u0915\u093f\u092f\u093e\u0901 \u0935\u0940\u0915\u0947 \u092e\u0947\u0902 18 \u0935\u0940\u0915\u0947 \u092e\u0947\u0902 \u0905\u0936\u094d\u0932\u0940\u0932 \u0932\u0921\u093c\u0915\u093f\u092f\u093e\u0901 \u0935\u0940\u0915\u0947 \u092e\u0947\u0902 \u0924\u0941\u0930\u0902\u0924 \u0928\u0939\u0940\u0902. Forum Webcam-Teen-Porno JUNGE M\u00c4DCHEN KINDER PRETEEN. Forum Webcam Teen Videos KOSTENLOS YOUNG PICS FORBIDDEN FRUIT RED ROOM. sur webcam vid\u00e9os pour adolescents TOPLESS CHILD SUCK. Forum Webcam Teen Vergewaltigung Falko Sex-Doll Magnet [&hellip;]<\/p>\n","protected":false},"author":2,"featured_media":0,"parent":0,"menu_order":0,"comment_status":"closed","ping_status":"closed","template":"","meta":{"footnotes":""},"class_list":["post-700","page","type-page","status-publish","hentry"],"_links":{"self":[{"href":"https:\/\/www.optimiseconsulting.eu\/index.php\/wp-json\/wp\/v2\/pages\/700","targetHints":{"allow":["GET"]}}],"collection":[{"href":"https:\/\/www.optimiseconsulting.eu\/index.php\/wp-json\/wp\/v2\/pages"}],"about":[{"href":"https:\/\/www.optimiseconsulting.eu\/index.php\/wp-json\/wp\/v2\/types\/page"}],"author":[{"embeddable":true,"href":"https:\/\/www.optimiseconsulting.eu\/index.php\/wp-json\/wp\/v2\/users\/2"}],"replies":[{"embeddable":true,"href":"https:\/\/www.optimiseconsulting.eu\/index.php\/wp-json\/wp\/v2\/comments?post=700"}],"version-history":[{"count":0,"href":"https:\/\/www.optimiseconsulting.eu\/index.php\/wp-json\/wp\/v2\/pages\/700\/revisions"}],"wp:attachment":[{"href":"https:\/\/www.optimiseconsulting.eu\/index.php\/wp-json\/wp\/v2\/media?parent=700"}],"curies":[{"name":"wp","href":"https:\/\/api.w.org\/{rel}","templated":true}]}}