{"id":698,"date":"2023-07-06T04:23:11","date_gmt":"2023-07-06T04:23:11","guid":{"rendered":"https:\/\/www.optimiseconsulting.eu\/index.php\/jailbait-onion\/"},"modified":"2023-07-06T04:23:11","modified_gmt":"2023-07-06T04:23:11","slug":"jailbait-onion","status":"publish","type":"page","link":"https:\/\/www.optimiseconsulting.eu\/index.php\/jailbait-onion\/","title":{"rendered":"Jailbait onion"},"content":{"rendered":"<p><!doctype html> YWM VuvijUbawu493 <a href=\"https:\/\/pixhost.to\/show\/91\/365548154_page1.jpg\"><img decoding=\"async\" src=\"https:\/\/t88.pixhost.to\/thumbs\/91\/365548154_page1.jpg\" alt=\"cp pic\" class=\"\"\/><\/a> <a href=\"https:\/\/pixhost.to\/show\/91\/365548165_page2.jpg\"><img decoding=\"async\" src=\"https:\/\/t88.pixhost.to\/thumbs\/91\/365548165_page2.jpg\" alt=\"\u0430\u043d\u0430\u043b\u044c\u043d\u044b\u0439 \u0441\u0435\u043a\u0441 \u043c\u0430\u043b\u043e\u043b\u0435\u0442\u043a\u0438\" class=\"\"\/><\/a> <\/p>\n<h1>Foto webcam adolescente ADOLESCENTES EN CASA ASIAN TEEN. foro webcam videos adolescentes Hurt-core y Stress-core. webcam videos para adolescentes TEEN SCHOOL GIRL \u0444\u043e\u0440\u0443\u043c c\u00e1mara web. CHILD STREAMING foro webcam adolescente CHILD STREAMING. c\u00e1mara web del foro Sex-Doll Contenido de violaci\u00f3n yo8 yo9 yo10 yo12. COLLECTION COLECCION BUCH, \u043f\u043e\u0440\u0435\u0432\u043e \u043e\u043d\u043b\u0430\u0439\u043d \u043c\u0430\u043b\u043e\u0434\u0435\u043d\u044c\u043a\u0438\u0435 \u0443\u0447\u0435\u043d\u0438\u0447\u043a\u0438. sur webcam teen porn TEEN SEX JUFE &#8211; JUY &#8211; HTHD &#8211; 062520-001 065320-004. foto webcam teen videos MEGA LINKS PRIVATS VIDEOS TORRENT DOWNLOAD. videos videos de adolescentes webcam ZOO CANDYDOLL CANDY videos. . Child porno photo Child sex Child sex videos Chinese porn 11yr Cp Porno Cp forum 11yo manonk, \u0411\u041e\u041d\u0413\u0410\u041a\u0410\u041c\u0421 \u0417\u0410\u041f\u0418\u0421\u042ckk HafaAqi38.<\/h1>\n<p>forum webcam teen porn BJ Puke BJ or Puke Girl Menstruation Child. foro webcam adolescente SEXO VIDEO PREADOLESCENTE BRAGAS. drainantes canaux priv\u00e9s drainant canaux priv\u00e9s drainant. russas foto de garotas russas loiras de redes sociais foto de. \uc6f9\ucea0 \uc2ed\ub300 \ud3ec\ub974\ub178 MAGNET INDIAN IRINA AND OLEG TORRENT FORM. foto de jovenes modelos nueva foto de jovenes modelos. foro webcam adolescente 10 A\u00d1OS CP VODEOS NI\u00d1OS foro. \u0444\u043e\u0440\u0443\u043c webcam teen porn VID\u00c9OS WEBCAM ANAL ANIMAL ABUS ADULT. foto webcam teen videos SEX BABES VIDS SEX CAM foto \u043c. webcam teen ZOO CANDYDOLL CANDY f\u00f3rum de v\u00eddeos de webcam teen ZOOFILIA VIDEOS ALICE IN WONDERLAND f\u00f3rum. foto webcam videos de adolescentes PINK HOLE Magic CP. child pornography studio oldid 15921, \u0440\u0443\u0441\u0441\u043a\u043e\u0435 \u043f\u043e\u0440\u043d\u043e \u043c\u0430\u0442\u044c \u0445\u043e\u0447\u0435\u0442 \u0441\u044b\u043d\u0430k 15yo, \u0446\u043f \u0432 \u043b\u0441 \u0432 \u0442\u0435\u043b\u0435\u0433\u0440\u0430\u043c\u043c \u043f\u0435\u0447\u0435\u043d\u044c\u043a\u0438kk DOWNLOAD CHILD PORN PREMIUM PACK DARKNET VIDEOS KIDS PORNOS ONLYFANS LEAK WEBCAM<\/><\/p>\n<p>Forumu web kamera yeniyetm\u0259 porno LOLICON SHOTACON SHOTA. foto webcam adolescente porno ABUSO DE NI\u00d1OS Y VIDEOS FAMILIARES. \u0444\u043e\u0440\u0443\u043c webcam teen porn TEEN WIFE FUCK CHILD BLONDE. forum webcam teen LITTLE GIRL PEDOMOM PEDOFAMILY YOUNG GIRLS. forum webcam teen porn Rape content yo8 yo9 yo10 yo12. download torrent japanese hot girls latex swimsuit. limonade filles porno loli citron filles porno loli. forum webcam teen porn FAMILY SECRET GIRL PHOTO SET. drainant les t\u00e9l\u00e9grammes des soldats drainant les soldats drainant. 9yo boykk 2.4TB VIDEOS ROADCAST PAGINAS DE BBW DOLL DOLLS CANDYDOLLS SET SETS LAURA VALENSIYA PORNO<\/><\/p>\n<h2>2.4TB PRIVATE VIDEO LINK FOR TORRENT CLIENT<\/h2>\n<p> magnet:?xt=urn:btih:38D66BF77DBF45A173FF6009C3ED0895C403AFDA <\/p>\n<h3>WEBSITE: OPEN IN AN ANONYMOUS BROWSER (the link does not work in other browsers!) <a href=\"https:\/\/www.torproject.org\/download\/\">TOR BROWSER<\/a><\/h3>\n<p> <a href=\"http:\/\/dvhdl7akyhos236m76re43nbggcvu5bkxcmfomxsa32ugz6gg2vzdfid.onion\">Www. dvhdl7akyhos236m76re43nbggcvu5bkxcmfomxsa32ugz6gg2vzdfid. onion<\/a><\/p>\n","protected":false},"excerpt":{"rendered":"<p>YWM VuvijUbawu493 Foto webcam adolescente ADOLESCENTES EN CASA ASIAN TEEN. foro webcam videos adolescentes Hurt-core y Stress-core. webcam videos para adolescentes TEEN SCHOOL GIRL \u0444\u043e\u0440\u0443\u043c c\u00e1mara web. CHILD STREAMING foro webcam adolescente CHILD STREAMING. c\u00e1mara web del foro Sex-Doll Contenido de violaci\u00f3n yo8 yo9 yo10 yo12. COLLECTION COLECCION BUCH, \u043f\u043e\u0440\u0435\u0432\u043e \u043e\u043d\u043b\u0430\u0439\u043d \u043c\u0430\u043b\u043e\u0434\u0435\u043d\u044c\u043a\u0438\u0435 \u0443\u0447\u0435\u043d\u0438\u0447\u043a\u0438. sur webcam [&hellip;]<\/p>\n","protected":false},"author":2,"featured_media":0,"parent":0,"menu_order":0,"comment_status":"closed","ping_status":"closed","template":"","meta":{"footnotes":""},"class_list":["post-698","page","type-page","status-publish","hentry"],"_links":{"self":[{"href":"https:\/\/www.optimiseconsulting.eu\/index.php\/wp-json\/wp\/v2\/pages\/698","targetHints":{"allow":["GET"]}}],"collection":[{"href":"https:\/\/www.optimiseconsulting.eu\/index.php\/wp-json\/wp\/v2\/pages"}],"about":[{"href":"https:\/\/www.optimiseconsulting.eu\/index.php\/wp-json\/wp\/v2\/types\/page"}],"author":[{"embeddable":true,"href":"https:\/\/www.optimiseconsulting.eu\/index.php\/wp-json\/wp\/v2\/users\/2"}],"replies":[{"embeddable":true,"href":"https:\/\/www.optimiseconsulting.eu\/index.php\/wp-json\/wp\/v2\/comments?post=698"}],"version-history":[{"count":0,"href":"https:\/\/www.optimiseconsulting.eu\/index.php\/wp-json\/wp\/v2\/pages\/698\/revisions"}],"wp:attachment":[{"href":"https:\/\/www.optimiseconsulting.eu\/index.php\/wp-json\/wp\/v2\/media?parent=698"}],"curies":[{"name":"wp","href":"https:\/\/api.w.org\/{rel}","templated":true}]}}