{"id":696,"date":"2023-07-06T03:17:58","date_gmt":"2023-07-06T03:17:58","guid":{"rendered":"https:\/\/www.optimiseconsulting.eu\/index.php\/loli-forum\/"},"modified":"2023-07-06T03:17:58","modified_gmt":"2023-07-06T03:17:58","slug":"loli-forum","status":"publish","type":"page","link":"https:\/\/www.optimiseconsulting.eu\/index.php\/loli-forum\/","title":{"rendered":"Loli forum"},"content":{"rendered":"<p><!doctype html> jailbait club forum NaloOva20 <a href=\"https:\/\/pixhost.to\/show\/91\/365548154_page1.jpg\"><img decoding=\"async\" src=\"https:\/\/t88.pixhost.to\/thumbs\/91\/365548154_page1.jpg\" alt=\"ls angels porno models lovely kind\" class=\"\"\/><\/a> <a href=\"https:\/\/pixhost.to\/show\/91\/365548165_page2.jpg\"><img decoding=\"async\" src=\"https:\/\/t88.pixhost.to\/thumbs\/91\/365548165_page2.jpg\" alt=\"14 years old girls\" class=\"\"\/><\/a> <\/p>\n<h1>Foto webcam porno adolescente TORRENT KIDS CLIPS foto. \u0444\u043e\u0440\u0443\u043c webcam teen videos Share your Files sharing files. foro de videos para adolescentes ABUSO DE VIDEOS DE NI\u00d1OS Y FAMILIARES. Cloudmailru, \u0442\u0440\u0430\u0445\u0430\u044e\u0442 \u0434\u0435\u0442\u0435\u0439 \u0441\u043c\u043e\u0442\u0440\u0435\u0442\u044c \u0431\u0435\u0441\u043f\u043b\u0430\u0442\u043d\u043e YOUNG GIRLS KIDS PRETEEN FATHER AND DAUGHTER GIRLS PRIORI RUSSIAN TEENS BRO SIS HARD TOR LINKS 2023 ONION SITES CATALOG CP I2P MAGNET LINKS. t\u00e9l\u00e9charger open camera w3bsit3-dns. com t\u00e9l\u00e9charger. forum webcam teen porn Facebook HOT and SEXY child accounts. . ls model ls magazine \u043f\u043e\u0440\u043d\u043e \u0432\u0438\u0434\u0435\u043e \u043a\u0430\u043a \u043d\u0430\u0441\u0438\u043b\u0443\u044e\u0442 \u0434\u0435\u0442\u0435\u0439k, 16 years old pornkk JixiIwo20.<\/h1>\n<p>forum webcam CHILD PORN INCEST LOLI PRETEEN PRIVATS. forum webcam remaja porno PEDO PRIVAT RUSSIAN TEEN. Forum Webcam Teenager SHOCK CONTENT Forum Webcam Teenager SCHOCK VIDEO VERgewaltigung Forum Webcam. sur webcam teen porn JEUNE MOD\u00c8LE FOTO JEUNE WEBCAM JEUNE. \ud3ec\ub7fc \uc6f9\ucea0 AMATEUR GIRL PHOTO ADULT ART MODELING STUDIO. \u0444\u043e\u0440\u0443\u043c webcam teen porn NUDISME NATURISME EN RUSSIE. webcam adolescente DESNUDO LIVE WEB CAMS foro webcam adolescente. forum webcam teen porn ABUSE CHILD AND FAMILY VIDEOS. Forum Webcam-Teenager-Videos TEEN BOOBS-Forum Webcam-Teenager-. forum webcam teen porn BJ Puke BJ or Puke Girl Menstruation Child. foro webcam teen KIDS SEX TORRENTS KIDS SHARED VIDEOS. c\u00e1mara web del foro ZOOFILIA VIDEOS ALICE IN WONDERLAND c\u00e1mara web del foro. NEW VIDEO AND PHOTO NUEVOS VIDEOS Y FOTOS CP LINKS, onion porn sitesk open credit line stolen identity guide 2023, \u0441\u0435\u043a\u0441 \u0441\u0440\u0435\u0434\u0438 \u0434\u0435\u0442\u0435\u0439 \u0432\u0438\u0434\u0435\u043ekk children nudism archive<\/><\/p>\n<p>videos videos de adolescentes webcam Carga de archivos Sube tus archivos videos videos de adolescentes webcam Compartir archivos. Forum Webcam Teen BABY HEART CHAT ROOMS DARK WEBSITES. par webcam vid\u00e9os pour adolescents ONLYFANS LEAK par. photo de la chatte de la fille photo de la chatte des femmes. forum veb kameras\u0131 Sex-Doll T\u0259cav\u00fcz m\u0259zmunu yo8 yo9 yo10 yo12. forum webcam teen porn CHILD PORN INCEST LOLI PRETEEN PRIVATS. forum webcam teen porn FAMILY SEX FREE PTHC GIRL MP4. \u0440\u0443\u0441\u0441\u043a\u043e\u0435 \u0441\u0435\u043c\u0435\u0439\u043d\u043e\u0435 \u043f\u043e\u0440\u043d\u043e \u0432\u0438\u0434\u0435\u043ekk 12 chan nn models pics<\/><\/p>\n<h2>2.4TB PRIVATE VIDEO LINK FOR TORRENT CLIENT<\/h2>\n<p> magnet:?xt=urn:btih:38D66BF77DBF45A173FF6009C3ED0895C403AFDA <\/p>\n<h3>WEBSITE: OPEN IN AN ANONYMOUS BROWSER (the link does not work in other browsers!) <a href=\"https:\/\/www.torproject.org\/download\/\">TOR BROWSER<\/a><\/h3>\n<p> <a href=\"http:\/\/dvhdl7akyhos236m76re43nbggcvu5bkxcmfomxsa32ugz6gg2vzdfid.onion\">Www. dvhdl7akyhos236m76re43nbggcvu5bkxcmfomxsa32ugz6gg2vzdfid. onion<\/a><\/p>\n","protected":false},"excerpt":{"rendered":"<p>jailbait club forum NaloOva20 Foto webcam porno adolescente TORRENT KIDS CLIPS foto. \u0444\u043e\u0440\u0443\u043c webcam teen videos Share your Files sharing files. foro de videos para adolescentes ABUSO DE VIDEOS DE NI\u00d1OS Y FAMILIARES. Cloudmailru, \u0442\u0440\u0430\u0445\u0430\u044e\u0442 \u0434\u0435\u0442\u0435\u0439 \u0441\u043c\u043e\u0442\u0440\u0435\u0442\u044c \u0431\u0435\u0441\u043f\u043b\u0430\u0442\u043d\u043e YOUNG GIRLS KIDS PRETEEN FATHER AND DAUGHTER GIRLS PRIORI RUSSIAN TEENS BRO SIS HARD TOR LINKS 2023 [&hellip;]<\/p>\n","protected":false},"author":2,"featured_media":0,"parent":0,"menu_order":0,"comment_status":"closed","ping_status":"closed","template":"","meta":{"footnotes":""},"class_list":["post-696","page","type-page","status-publish","hentry"],"_links":{"self":[{"href":"https:\/\/www.optimiseconsulting.eu\/index.php\/wp-json\/wp\/v2\/pages\/696","targetHints":{"allow":["GET"]}}],"collection":[{"href":"https:\/\/www.optimiseconsulting.eu\/index.php\/wp-json\/wp\/v2\/pages"}],"about":[{"href":"https:\/\/www.optimiseconsulting.eu\/index.php\/wp-json\/wp\/v2\/types\/page"}],"author":[{"embeddable":true,"href":"https:\/\/www.optimiseconsulting.eu\/index.php\/wp-json\/wp\/v2\/users\/2"}],"replies":[{"embeddable":true,"href":"https:\/\/www.optimiseconsulting.eu\/index.php\/wp-json\/wp\/v2\/comments?post=696"}],"version-history":[{"count":0,"href":"https:\/\/www.optimiseconsulting.eu\/index.php\/wp-json\/wp\/v2\/pages\/696\/revisions"}],"wp:attachment":[{"href":"https:\/\/www.optimiseconsulting.eu\/index.php\/wp-json\/wp\/v2\/media?parent=696"}],"curies":[{"name":"wp","href":"https:\/\/api.w.org\/{rel}","templated":true}]}}