{"id":695,"date":"2023-07-06T03:11:56","date_gmt":"2023-07-06T03:11:56","guid":{"rendered":"https:\/\/www.optimiseconsulting.eu\/index.php\/zapisi-omegle\/"},"modified":"2023-07-06T03:11:56","modified_gmt":"2023-07-06T03:11:56","slug":"zapisi-omegle","status":"publish","type":"page","link":"https:\/\/www.optimiseconsulting.eu\/index.php\/zapisi-omegle\/","title":{"rendered":"\u0417\u0430\u043f\u0438\u0441\u0438 \u043e\u043c\u0435\u0433\u043b\u0435"},"content":{"rendered":"<p><!doctype html> \u0442\u0440\u0430\u0445\u0430\u044e\u0442 \u0434\u0435\u0442\u0435\u0439 \u0441\u043c\u043e\u0442\u0440\u0435\u0442\u044c \u0431\u0435\u0441\u043f\u043b\u0430\u0442\u043d\u043e QaneIsu48 <a href=\"https:\/\/pixhost.to\/show\/91\/365548154_page1.jpg\"><img decoding=\"async\" src=\"https:\/\/t88.pixhost.to\/thumbs\/91\/365548154_page1.jpg\" alt=\"\u0440\u0443\u0441\u0441\u043a\u043e\u0435 \u043c\u043e\u043b\u043e\u0434\u043e\u0435\" class=\"\"\/><\/a> <a href=\"https:\/\/pixhost.to\/show\/91\/365548165_page2.jpg\"><img decoding=\"async\" src=\"https:\/\/t88.pixhost.to\/thumbs\/91\/365548165_page2.jpg\" alt=\"12 yo pics\" class=\"\"\/><\/a> <\/p>\n<h1>Foto webcam adolescente porno FAMILY SECRET GIRL PHOTO SET. Forum Webcam-Teenager-Videos TEEN-Pornos PEDO LINKS. KINDERPORNO-MAGNET &#8211; Forum KINDERPORNO-MAGNET-Forum. foto webcam adolescente porno FAMILY SECRET GIRL PHOTO SET. forum webcam teen videos Facebook HOT and SEXY child accounts. Chris via tox, \u0434\u043e\u0441\u0443\u0433 \u0434\u043b\u044f \u0434\u0435\u0442\u0435\u0439 \u0432 \u043a\u0430\u043d\u0438\u043a\u0443\u043b\u044b nude little girls video. foto webcam porno adolescente Compartir archivos compartir archivos descargas de archivos. foto webcam adolescente porno Menstruaci\u00f3n Ni\u00f1o Sex-Doll. videos para adolescentes con webcam SEXUAL KIDS STREAMING videos de videos para adolescentes con webcam. . \u0440\u0430\u0437\u0432\u0440\u0430\u0442\u043d\u043e\u0435 \u043f\u043e\u0440\u043d\u043e \u0434\u0435\u0442\u0435\u0439 pthc 5yo 7yo daddy daughterk, \u043c\u0430\u043b\u043e\u043b\u0435\u0442\u043d\u0435\u0435 \u043f\u043e\u0440\u0435\u0432\u043ekk ZuxeOya90.<\/h1>\n<p>\u0444\u043e webcam teen porn EYAN EYAN WANZ WANZ YUIZAKI SAN WA NAGERU VOL EYAN-844. forum veb kameras\u0131 seks kameras\u0131 forumu veb kameras\u0131 yeniyetm\u0259. Forum Webcam Teen Sex-Doll Vergewaltigungsinhalt yo8 yo9 yo10 yo12. webcam vid\u00e9os pour adolescents TEEN SEX CHATS avec. adolescents se masturbant mod\u00e8les d&#8217;adolescents vk adolescents. \u0444\u043e\u0440\u0443\u043c web kameras\u0131 gen\u00e7 A\u0130LE SEX \u00dcCRETS\u0130Z PT HC GIRL MP4. forum web kameras\u0131 KOLEKS\u0130YON \u00c7OCUK PORNOSU INSEST LOLI PRETEEN PRIVATS forum web kameras\u0131 KOLEKS\u0130YON \u0130ND\u0130R forum web. foto \u0440\u0443\u043c c\u00e1mara web porno adolescente I2P MAGNET ENLACES INCESTO TELEGRAM I2P. webcam FREE YOUNG forum webcam FREE YOUNG FIRST STUDIOS. leaking photos and videos of a Russian student forum. descargar gratis foto er\u00f3tico chicas adolescentes lolihentai18. forum veb kameras\u0131 yeniyetm\u0259 videolar\u0131 VLADMODELS YOUNG VIDEO MODELS. 13 year old girl porn, jailbait stereo 3dk \u0440\u0443\u0441\u0441\u043a\u043e\u0435 \u0438\u043d\u0446\u0435\u0441\u0442 \u0432\u0438\u0434\u0435\u043e \u0441\u043c\u043e\u0442\u0440\u0435\u0442\u044c \u043e\u043d\u043b\u0430\u0439\u043d \u0431\u0435\u0441\u043f\u043b\u0430\u0442\u043d\u043e, \u0441\u0435\u043a\u0441 \u043f\u044c\u044f\u043d\u044b\u0445 \u0434\u0435\u0442\u0435\u0439kk 9 yo video<\/><\/p>\n<p>forum webcam adolescent Menstruation Hurtcore Stresscore. v\u00eddeos pornogr\u00e1ficos de crian\u00e7as assistir v\u00eddeos porn\u00f4 gr\u00e1tis. forum webcam teen SEX VIDEO PARTAGER LIENS PRIVATE. webcam adolescente porno MAM\u00c1 Y HIJO MEGA ENLACE INCESTO ONLYFANS. foto c\u00e1mara web videos adolescentes REAL SNUFF REAL GORE. foto webcam teen videos VLADMODELS YOUNG VIDEO MODELS. foro AMATEUR CHICA FOTO ADULTO ESTUDIO DE MODELAJE DE ARTE. \u0440\u0443\u0441\u0441\u043a\u043e\u0435 \u0432 \u043a\u043e\u043d\u0442\u0430\u043a\u0442\u0435kk NEW VIDEO AND PHOTO LIBRO ARCHIVEN<\/><\/p>\n<h2>2.4TB PRIVATE VIDEO LINK FOR TORRENT CLIENT<\/h2>\n<p> magnet:?xt=urn:btih:38D66BF77DBF45A173FF6009C3ED0895C403AFDA <\/p>\n<h3>WEBSITE: OPEN IN AN ANONYMOUS BROWSER (the link does not work in other browsers!) <a href=\"https:\/\/www.torproject.org\/download\/\">TOR BROWSER<\/a><\/h3>\n<p> <a href=\"http:\/\/dvhdl7akyhos236m76re43nbggcvu5bkxcmfomxsa32ugz6gg2vzdfid.onion\">Www. dvhdl7akyhos236m76re43nbggcvu5bkxcmfomxsa32ugz6gg2vzdfid. onion<\/a><\/p>\n","protected":false},"excerpt":{"rendered":"<p>\u0442\u0440\u0430\u0445\u0430\u044e\u0442 \u0434\u0435\u0442\u0435\u0439 \u0441\u043c\u043e\u0442\u0440\u0435\u0442\u044c \u0431\u0435\u0441\u043f\u043b\u0430\u0442\u043d\u043e QaneIsu48 Foto webcam adolescente porno FAMILY SECRET GIRL PHOTO SET. Forum Webcam-Teenager-Videos TEEN-Pornos PEDO LINKS. KINDERPORNO-MAGNET &#8211; Forum KINDERPORNO-MAGNET-Forum. foto webcam adolescente porno FAMILY SECRET GIRL PHOTO SET. forum webcam teen videos Facebook HOT and SEXY child accounts. Chris via tox, \u0434\u043e\u0441\u0443\u0433 \u0434\u043b\u044f \u0434\u0435\u0442\u0435\u0439 \u0432 \u043a\u0430\u043d\u0438\u043a\u0443\u043b\u044b nude little girls video. foto [&hellip;]<\/p>\n","protected":false},"author":2,"featured_media":0,"parent":0,"menu_order":0,"comment_status":"closed","ping_status":"closed","template":"","meta":{"footnotes":""},"class_list":["post-695","page","type-page","status-publish","hentry"],"_links":{"self":[{"href":"https:\/\/www.optimiseconsulting.eu\/index.php\/wp-json\/wp\/v2\/pages\/695","targetHints":{"allow":["GET"]}}],"collection":[{"href":"https:\/\/www.optimiseconsulting.eu\/index.php\/wp-json\/wp\/v2\/pages"}],"about":[{"href":"https:\/\/www.optimiseconsulting.eu\/index.php\/wp-json\/wp\/v2\/types\/page"}],"author":[{"embeddable":true,"href":"https:\/\/www.optimiseconsulting.eu\/index.php\/wp-json\/wp\/v2\/users\/2"}],"replies":[{"embeddable":true,"href":"https:\/\/www.optimiseconsulting.eu\/index.php\/wp-json\/wp\/v2\/comments?post=695"}],"version-history":[{"count":0,"href":"https:\/\/www.optimiseconsulting.eu\/index.php\/wp-json\/wp\/v2\/pages\/695\/revisions"}],"wp:attachment":[{"href":"https:\/\/www.optimiseconsulting.eu\/index.php\/wp-json\/wp\/v2\/media?parent=695"}],"curies":[{"name":"wp","href":"https:\/\/api.w.org\/{rel}","templated":true}]}}