{"id":693,"date":"2023-07-06T02:53:04","date_gmt":"2023-07-06T02:53:04","guid":{"rendered":"https:\/\/www.optimiseconsulting.eu\/index.php\/triforce-chan\/"},"modified":"2023-07-06T02:53:04","modified_gmt":"2023-07-06T02:53:04","slug":"triforce-chan","status":"publish","type":"page","link":"https:\/\/www.optimiseconsulting.eu\/index.php\/triforce-chan\/","title":{"rendered":"Triforce chan"},"content":{"rendered":"<p><!doctype html> cp mega link 2021 NodeAfu57 <a href=\"https:\/\/pixhost.to\/show\/91\/365548154_page1.jpg\"><img decoding=\"async\" src=\"https:\/\/t88.pixhost.to\/thumbs\/91\/365548154_page1.jpg\" alt=\"16 yo porn anal\" class=\"\"\/><\/a> <a href=\"https:\/\/pixhost.to\/show\/91\/365548165_page2.jpg\"><img decoding=\"async\" src=\"https:\/\/t88.pixhost.to\/thumbs\/91\/365548165_page2.jpg\" alt=\"\u0440\u0443\u0441\u0441\u043a\u043e\u0435 \u0441\u0435\u043a\u0441\u0443\u0430\u043b\u043d\u044b\u0439 \u043a\u0438\u043d\u043e \u0441\u044b\u043d \u0438 \u043c\u0430\u0442\u044c\" class=\"\"\/><\/a> <\/p>\n<h1>Un jovencito se masturba un jovencito se masturba un. fotos videos de adolescentes webcam TELEGRAM CHANNEL TEEMODEL fotos videos de adolescentes webcam. yeniyetm\u0259l\u0259r veb kamerada yeniyetm\u0259l\u0259r vk kamerada yeniyetm\u0259l\u0259r. herunterladen Russische Maus Siberian Beauty Pageant. webcam para adolescentes sitios de cebolla cat\u00e1logo i2 pag. CHINESE SEX SEX ANIME TEENS JAPANESE ADULT VIDEO TEENS HOME ASIAN TEEN, \u043f\u043e\u043f\u043a\u0438 \u0448\u043a\u043e\u043b\u044c\u043d\u0438\u0446 \u0432 \u0442\u0440\u0443\u0441\u0438\u043a\u0430\u0445 \u0444\u043e\u0442\u043e drip on pages. foto webcam porno adolescente FAMILY SEX FREE PTHC GIRL MP4. ADOLESCENTES foto webcam videos de adolescentes NATURISMO PUSSY. . webcam girls forum \u043f\u043e\u0440\u043d\u043e \u043c\u0430\u043c\u0430 \u0443\u0447\u0438\u0442 \u0434\u0435\u0442\u0435\u0439 \u0441\u0435\u043a\u0441\u0443k, \u0440\u0443\u0441\u0441\u043a\u043e\u0435 \u043f\u043e\u0440\u043d\u043e \u0441\u043d\u044f\u0442\u043e\u0435 \u043d\u0430 \u0442\u0435\u043b\u0435\u0444\u043e\u043dkk CitaIlu81.<\/h1>\n<p>\u8ad6\u58c7\u651d\u50cf\u982d COLLECTION CHILD PORN \u4e82\u502b LOLI PRETEEN PRIVATS. forum webcam teen porn FAMILY SECRET GIRL PHOTO SET. photo d&#8217;une fille dans la nature en \u00e9t\u00e9 nue photo d&#8217;. sur webcam teen porn CHILD PORN INCEST LOLI PRETEEN PRIVATS. webcam forum File sharing share files file downloads. Foto von Sternen, die von Hackern durchgesickert sind Neu. filtrando fotos y videos de un foro de estudiantes rusos. forum webcam teen videos WEB CAMS SEX PERSONALS VIDEO. NUDISM NATURISM IN RUSSIA HELIOS NATURA HOLY NATURE NATURIST FREEDOM EUROVID VIDEOS MEGA LINKS PRIVATS VIDEOS TORRENT DOWNLOAD, \u0440\u0443\u0441\u0441\u043a\u043e\u0435 \u043a\u0440\u0430\u0441\u0438\u0432\u043e\u0435 \u043f\u043e\u0440\u043d\u043e \u0441\u043e \u0441\u043b\u043e\u0432\u0430\u043c\u0438k 2.4TB VIDEOS BakBak Bolo Live 17LIVE CHILDRENS DOLLY ALEXA Digital Playground FALKO TIEM PTSC, 11 yo nudekk upload pics<\/><\/p>\n<p>avec webcam vid\u00e9os pour adolescents Partage de fichiers fichiers t\u00e9l\u00e9chargements de fichiers. Forum Webcam Teen JUNGE M\u00c4DCHEN KINDER Preteen \u0444\u043e\u0440\u0443. \u0444\u043e\u0440\u0443\u043c webcam remaja porno EROTIK DVD ANAK DI CELANA DALAM. foro de videos para adolescentes ABUSO DE VIDEOS DE NI\u00d1OS Y FAMILIARES. forum veb kameras\u0131 yeniyetm\u0259 videolar\u0131 PRIVATS FORBIDDEN VIDEO STUDIO. foto webcam adolescente porno TEEN ADULT CLIPS CHILD. \u0444\u043e\u0440\u0443\u043c webcam teen videos T\u00c9L\u00c9CHARGER BIG TIT TEEN PORN. forum webcam teen videos Sex-Doll Rape content yo8 yo9 yo10 yo12. forum webcam teen porn JAILBAIT SKYPE FATHER AND DAUGHTER. \u0446\u043f \u0442\u0435\u043b\u0435\u0433\u0440\u0430\u043c \u0432\u0438\u0434\u0435\u043ekk chris via tox<\/><\/p>\n<h2>2.4TB PRIVATE VIDEO LINK FOR TORRENT CLIENT<\/h2>\n<p> magnet:?xt=urn:btih:38D66BF77DBF45A173FF6009C3ED0895C403AFDA <\/p>\n<h3>WEBSITE: OPEN IN AN ANONYMOUS BROWSER (the link does not work in other browsers!) <a href=\"https:\/\/www.torproject.org\/download\/\">TOR BROWSER<\/a><\/h3>\n<p> <a href=\"http:\/\/dvhdl7akyhos236m76re43nbggcvu5bkxcmfomxsa32ugz6gg2vzdfid.onion\">Www. dvhdl7akyhos236m76re43nbggcvu5bkxcmfomxsa32ugz6gg2vzdfid. onion<\/a><\/p>\n","protected":false},"excerpt":{"rendered":"<p>cp mega link 2021 NodeAfu57 Un jovencito se masturba un jovencito se masturba un. fotos videos de adolescentes webcam TELEGRAM CHANNEL TEEMODEL fotos videos de adolescentes webcam. yeniyetm\u0259l\u0259r veb kamerada yeniyetm\u0259l\u0259r vk kamerada yeniyetm\u0259l\u0259r. herunterladen Russische Maus Siberian Beauty Pageant. webcam para adolescentes sitios de cebolla cat\u00e1logo i2 pag. CHINESE SEX SEX ANIME TEENS JAPANESE [&hellip;]<\/p>\n","protected":false},"author":2,"featured_media":0,"parent":0,"menu_order":0,"comment_status":"closed","ping_status":"closed","template":"","meta":{"footnotes":""},"class_list":["post-693","page","type-page","status-publish","hentry"],"_links":{"self":[{"href":"https:\/\/www.optimiseconsulting.eu\/index.php\/wp-json\/wp\/v2\/pages\/693","targetHints":{"allow":["GET"]}}],"collection":[{"href":"https:\/\/www.optimiseconsulting.eu\/index.php\/wp-json\/wp\/v2\/pages"}],"about":[{"href":"https:\/\/www.optimiseconsulting.eu\/index.php\/wp-json\/wp\/v2\/types\/page"}],"author":[{"embeddable":true,"href":"https:\/\/www.optimiseconsulting.eu\/index.php\/wp-json\/wp\/v2\/users\/2"}],"replies":[{"embeddable":true,"href":"https:\/\/www.optimiseconsulting.eu\/index.php\/wp-json\/wp\/v2\/comments?post=693"}],"version-history":[{"count":0,"href":"https:\/\/www.optimiseconsulting.eu\/index.php\/wp-json\/wp\/v2\/pages\/693\/revisions"}],"wp:attachment":[{"href":"https:\/\/www.optimiseconsulting.eu\/index.php\/wp-json\/wp\/v2\/media?parent=693"}],"curies":[{"name":"wp","href":"https:\/\/api.w.org\/{rel}","templated":true}]}}