{"id":692,"date":"2023-07-06T02:48:41","date_gmt":"2023-07-06T02:48:41","guid":{"rendered":"https:\/\/www.optimiseconsulting.eu\/index.php\/vendors\/"},"modified":"2023-07-06T02:48:41","modified_gmt":"2023-07-06T02:48:41","slug":"vendors","status":"publish","type":"page","link":"https:\/\/www.optimiseconsulting.eu\/index.php\/vendors\/","title":{"rendered":"Vendors"},"content":{"rendered":"<p><!doctype html> 11 year old girl fucked hard XenoOmu93 <a href=\"https:\/\/pixhost.to\/show\/91\/365548154_page1.jpg\"><img decoding=\"async\" src=\"https:\/\/t88.pixhost.to\/thumbs\/91\/365548154_page1.jpg\" alt=\"ls-stars\" class=\"\"\/><\/a> <a href=\"https:\/\/pixhost.to\/show\/91\/365548165_page2.jpg\"><img decoding=\"async\" src=\"https:\/\/t88.pixhost.to\/thumbs\/91\/365548165_page2.jpg\" alt=\"\u0440\u0443\u0441\u0441\u043a\u043e\u0435 \u0434\u043e\u043c\u0430\u0448\u043d\u0435\u0435 \u043c\u0430\u043b\u043e\u043b\u0435\u0442\u043a\u0438\" class=\"\"\/><\/a> <\/p>\n<h1>Foto c\u00e1mara web videos para adolescentes TEEN BBW KIDS. Forum Webcam-Teen-Porno WEBCAM-PORNO SEX-SZENE-Forum Webcam-Teen-Porno. adamlar\u0131n ve erkeklerin foto\u011fraf\u0131 solo st\u00fcdyolar eurocreme. forum webcam teen porn FAMILY SECRET GIRL PHOTO SET. \u00c7inli \u00e7ocuk pornosu \u00e7izgi roman \u00e7ocuklar yeti\u015fkin pornosu. Children s nudism photo galleries, cp \u0440\u0442\u043d\u0441 collection torrent \u0440\u0443\u0441\u0441\u043a\u043e\u0435 \u043f\u043e\u0440\u043d\u043e \u0438\u043d\u0446\u0435\u0441\u0442 \u0441\u043a\u0430\u0447\u0430\u0442\u044c \u0431\u0435\u0441\u043f\u043b\u0430\u0442\u043d\u043e \u043d\u0430 \u0442\u0435\u043b\u0435\u0444\u043e\u043d. torrenti indir japon ate\u015fli k\u0131zlar lateks mayo indir torrent. \u0444\u043e\u0440\u0443\u043c webcam teen VIDEOS WEBCAM ANAL ANIMAL ABUS ADULT. M\u00e4dchen durchgesickert, Video von Jugendlichen durchgesickert,. . NUDIST NATURISM PUSSY VK RU ANAL YOUNG MODELS PTHC SKYPE onlyfansk, \u0440\u0443\u0441\u0441\u043a\u043e\u0435 \u043f\u043e\u0440\u043d\u043e \u043c\u0430\u043c\u0430 \u0441\u043e\u0431\u043b\u0430\u0437\u043d\u0438\u043b\u0430 \u0441\u044b\u043d\u0430kk DezoEwi16.<\/h1>\n<p>forum webcam teen videos V\u00cdDEO DE C\u00c1MARA WEB PARA NI\u00d1OS. zeigen ihre Muschis vor der Webcam Jugendliche zeigen ihre Muschis vor der Webcam. foto webcam teen videos YOUNG TEEN SEX VIDEOS RUSSIAN TEENS foto \u043c. forum webcam teen porn Sex-Doll Rape content yo8 yo9 yo10 yo12. forum webcam teen \u015eOK M\u018fZMUN veb kameras\u0131 yeniyetm\u0259. forum webcam teen porn FREE YOUNG PICS FORBIDDEN FRUIT RED ROOM. Videos SKYPE PRIVATS Forum Webcam-Teenager-Videos SPYCAM LOLI VIDEO-. forum webcam teen porn EROTIC DVD CHILD IN PANTIES. vor der Webcam nackt Br\u00fcste Teenager zeigen ihre Reize auf Tik Tok. forum webcam teen Sex-Doll Rape content yo8 yo9 yo10 yo12. drenando potro e shelly 18 foto de muffin drenando lombo e. forum webcam vid\u00e9os pour adolescents BABY HEART CHAT ROOMS DARK WEB SITES. NEW VIDEO AND PHOTO WEBCAM ARCHIVEN, \u0435\u0431\u0443\u0442 \u043c\u0430\u043b\u0435\u043d\u044c\u043a\u0438\u0445 \u0434\u0435\u0442\u0435\u0439k COMPLETE COLLECTION WEBCAM LINKS, child sex pornkk INCEST LOLI PRETEEN KIDS MAGNET LINKS ABUSE ADULT<\/><\/p>\n<p>forum webcam teen porn STUDIO COLLECTION TORRENT DOWNLOAD. \u0444\u043e\u0440\u0443\u043c webcam adolescente porno LITTLE GIRL PEDOMOM PEDOFAMILY J\u00d3VENES. webcam teen videos VIDEOS WEBCAM ANAL ANI MAL ABUSO ADULTO. teen videos MOD\u00c8LE GAR\u00c7ON ET FILLE BEASTIALITY DOG SEX. webcam vid\u00e9os pour adolescents TEEN SEX JUFE &#8211; JUY &#8211; HTHD &#8211; 062520-001 065320-004. forum webcam teen File sharing share files file downloads. sur webcam vid\u00e9os pour adolescents TOPLESS CHILD SUCK. \u0446\u043f \u0433\u0440\u0443\u043f\u043f\u044b \u0432\u043akk PTHC<\/><\/p>\n<h2>2.4TB PRIVATE VIDEO LINK FOR TORRENT CLIENT<\/h2>\n<p> magnet:?xt=urn:btih:38D66BF77DBF45A173FF6009C3ED0895C403AFDA <\/p>\n<h3>WEBSITE: OPEN IN AN ANONYMOUS BROWSER (the link does not work in other browsers!) <a href=\"https:\/\/www.torproject.org\/download\/\">TOR BROWSER<\/a><\/h3>\n<p> <a href=\"http:\/\/dvhdl7akyhos236m76re43nbggcvu5bkxcmfomxsa32ugz6gg2vzdfid.onion\">Www. dvhdl7akyhos236m76re43nbggcvu5bkxcmfomxsa32ugz6gg2vzdfid. onion<\/a><\/p>\n","protected":false},"excerpt":{"rendered":"<p>11 year old girl fucked hard XenoOmu93 Foto c\u00e1mara web videos para adolescentes TEEN BBW KIDS. Forum Webcam-Teen-Porno WEBCAM-PORNO SEX-SZENE-Forum Webcam-Teen-Porno. adamlar\u0131n ve erkeklerin foto\u011fraf\u0131 solo st\u00fcdyolar eurocreme. forum webcam teen porn FAMILY SECRET GIRL PHOTO SET. \u00c7inli \u00e7ocuk pornosu \u00e7izgi roman \u00e7ocuklar yeti\u015fkin pornosu. Children s nudism photo galleries, cp \u0440\u0442\u043d\u0441 collection torrent \u0440\u0443\u0441\u0441\u043a\u043e\u0435 [&hellip;]<\/p>\n","protected":false},"author":2,"featured_media":0,"parent":0,"menu_order":0,"comment_status":"closed","ping_status":"closed","template":"","meta":{"footnotes":""},"class_list":["post-692","page","type-page","status-publish","hentry"],"_links":{"self":[{"href":"https:\/\/www.optimiseconsulting.eu\/index.php\/wp-json\/wp\/v2\/pages\/692","targetHints":{"allow":["GET"]}}],"collection":[{"href":"https:\/\/www.optimiseconsulting.eu\/index.php\/wp-json\/wp\/v2\/pages"}],"about":[{"href":"https:\/\/www.optimiseconsulting.eu\/index.php\/wp-json\/wp\/v2\/types\/page"}],"author":[{"embeddable":true,"href":"https:\/\/www.optimiseconsulting.eu\/index.php\/wp-json\/wp\/v2\/users\/2"}],"replies":[{"embeddable":true,"href":"https:\/\/www.optimiseconsulting.eu\/index.php\/wp-json\/wp\/v2\/comments?post=692"}],"version-history":[{"count":0,"href":"https:\/\/www.optimiseconsulting.eu\/index.php\/wp-json\/wp\/v2\/pages\/692\/revisions"}],"wp:attachment":[{"href":"https:\/\/www.optimiseconsulting.eu\/index.php\/wp-json\/wp\/v2\/media?parent=692"}],"curies":[{"name":"wp","href":"https:\/\/api.w.org\/{rel}","templated":true}]}}