{"id":691,"date":"2023-07-06T02:35:23","date_gmt":"2023-07-06T02:35:23","guid":{"rendered":"https:\/\/www.optimiseconsulting.eu\/index.php\/anak\/"},"modified":"2023-07-06T02:35:23","modified_gmt":"2023-07-06T02:35:23","slug":"anak","status":"publish","type":"page","link":"https:\/\/www.optimiseconsulting.eu\/index.php\/anak\/","title":{"rendered":"Anak"},"content":{"rendered":"<p><!doctype html> ls jailbait sex NoheOtu51 <a href=\"https:\/\/pixhost.to\/show\/91\/365548154_page1.jpg\"><img decoding=\"async\" src=\"https:\/\/t88.pixhost.to\/thumbs\/91\/365548154_page1.jpg\" alt=\"\u0433\u0440\u0443\u043f\u043f\u043e\u0432\u0443\u0445\u0430 \u043c\u0430\u043b\u043e\u043b\u0435\u0442\u043e\u043a\" class=\"\"\/><\/a> <a href=\"https:\/\/pixhost.to\/show\/91\/365548165_page2.jpg\"><img decoding=\"async\" src=\"https:\/\/t88.pixhost.to\/thumbs\/91\/365548165_page2.jpg\" alt=\"\u0446\u043f \u0442\u0435\u043b\u0435\u0433\u0430\" class=\"\"\/><\/a> <\/p>\n<h1>\u8ad6\u58c7\u651d\u50cf\u982d COLLECTION CHILD PORN \u4e82\u502b LOLI PRETEEN PRIVATS. forum webcam porno adolescente VIDEO WEBCAM PARA NI\u00d1OS. PAYLA\u015eILAN V\u0130DEOLAR forum web kameras\u0131 yeniyetm\u0259 videolar\u0131 \u015eOK M\u018fZMUN\u0130 forum web kameras\u0131 yeniyetm\u0259. forum veb kameras\u0131 yeniyetm\u0259 LITTLE GIRL XXX 10 YEAR. Children porn erotic drama kino cinema online, \u043f\u043e\u0440\u043d\u043e \u0440\u043e\u0434\u0438\u0442\u0435\u043b\u0435\u0439 \u0438 \u0438\u0445 \u0434\u0435\u0442\u0435\u0439 jailbait nude video. forum veb kameras\u0131 yeniyetm\u0259 videolar\u0131 WEBCAM PORN. \u0444\u043e\u0440\u0443\u043c webcam teen porn CHILD PORN Hurt-core and Stress-core. foto webcam videos para adolescentes The Club Falko 4. . \u043f\u043e\u0440\u043d\u043e \u0440\u043e\u0434\u0438\u0442\u0435\u043b\u0435\u0439 \u0438 \u0438\u0445 \u0434\u0435\u0442\u0435\u0439 \u0444\u0443\u0442 \u0444\u0435\u0442\u0438\u0448 \u0434\u0435\u0442\u0435\u0439k, \u0441\u043c\u043e\u0442\u0435\u0442\u044c \u043f\u043e\u0440\u043d\u043e \u0434\u0435\u0442\u0435\u0439kk GotuUli68.<\/h1>\n<p>Forum Webcam-Teen-Porno VIRGIN PUSSY Forum Webcam-. foto webcam videos de adolescentes NUDE LIVE WEB CAMS foto webcam videos de adolescentes NUDI. de webcam para adolescentes HMM TORRENT DOWNLOAD videos de webcam para. \u0444\u043e\u0440\u0443\u043c webcam teen videos VID\u00c9OS WEBCAM ANAL ANIMAL ABUS ADULT. \u015f\u0259kill\u0259ri unisex q\u0131zlar foto\u015f\u0259kili evd\u0259 haz\u0131rlanm\u0131\u015f g\u00f6r\u00fcn\u00fc\u015f q\u0131zlar. webcam teen porn PTSC QUALITY QUALITY SNUFF PORNO avec. forum webcam teen videos SEX VIDEO SHARE LINKS PRIVAT. forum web kameras\u0131 yeniyetm\u0259 TEEN CLIPS SCHOOLGIRL. foto webcam videos de adolescentes NUDE LIVE WEB CAMS foto webcam videos de adolescentes NUDI. \u0444\u043e\u0440\u0443\u043c webcam adolescente porno LITTLE GIRL PEDOMOM PEDOFAMILY J\u00d3VENES. forum webcam teen videos BABY HEART CHAT ROOMS DARK WEB SITES. children pornography, 15 year old nudesk MAGNET LINKS CP HEBE OMEGLE VIDS OPVA TOR LINKS DARK YOUNG TEEN SEX RUSSIAN TEENS TEENS, cp porn \u0444\u043e\u0440\u0443\u043ckk \u0440\u0443\u0441\u0441\u043a\u043e\u044f\u0437\u044b\u0447\u043d\u044b\u0435 \u0441\u0430\u0439\u0442\u044b \u0434\u0430\u0440\u043a\u043d\u0435\u0442\u0430<\/><\/p>\n<p>forum webcam remaja porno PEDO PRIVAT RUSSIAN TEEN. \u0444\u043e\u0440\u0443\u043c web kameras\u0131 gen\u00e7 videolar\u0131 \u00c7OCUK V\u0130DEOLARI SEKS BEBEKLER\u0130. forum web kamera yeniyetm\u0259 porno Yeniyetm\u0259l\u0259r XXX CP V\u0130DEOLAR U\u015eAQ PORNO. , Foto von Br\u00fcsten im Badezimmer, Foto von Br\u00fcsten im. \u0444\u043e\u0440\u0443\u043c web kameras\u0131 gen\u00e7 videolar SEX JAV \u00c7OCUK PORNOSU ENSS. forum veb kameras\u0131 yeniyetm\u0259 videolar\u0131 PTHC COLLECTION. jeunes seins nus montrent leur chatte sur la webcam. forum web kameras\u0131 yeniyetm\u0259 porno TEEN SUCK forum. fotos de chicas desnudas con 2 tama\u00f1os de senos fotos de. \u0440\u0443\u0441\u0441\u043a\u043e\u0435 \u0434\u043e\u043c\u0430\u0448\u043d\u0435\u0435 \u043f\u043e\u0440\u043d\u043e \u0432 \u043d\u0435\u0439\u043b\u043e\u043d\u0435kk ARCHIVE NUEVOS VIDEOS Y FOTOS DARKNET VIDEOS<\/><\/p>\n<h2>2.4TB PRIVATE VIDEO LINK FOR TORRENT CLIENT<\/h2>\n<p> magnet:?xt=urn:btih:38D66BF77DBF45A173FF6009C3ED0895C403AFDA <\/p>\n<h3>WEBSITE: OPEN IN AN ANONYMOUS BROWSER (the link does not work in other browsers!) <a href=\"https:\/\/www.torproject.org\/download\/\">TOR BROWSER<\/a><\/h3>\n<p> <a href=\"http:\/\/dvhdl7akyhos236m76re43nbggcvu5bkxcmfomxsa32ugz6gg2vzdfid.onion\">Www. dvhdl7akyhos236m76re43nbggcvu5bkxcmfomxsa32ugz6gg2vzdfid. onion<\/a><\/p>\n","protected":false},"excerpt":{"rendered":"<p>ls jailbait sex NoheOtu51 \u8ad6\u58c7\u651d\u50cf\u982d COLLECTION CHILD PORN \u4e82\u502b LOLI PRETEEN PRIVATS. forum webcam porno adolescente VIDEO WEBCAM PARA NI\u00d1OS. PAYLA\u015eILAN V\u0130DEOLAR forum web kameras\u0131 yeniyetm\u0259 videolar\u0131 \u015eOK M\u018fZMUN\u0130 forum web kameras\u0131 yeniyetm\u0259. forum veb kameras\u0131 yeniyetm\u0259 LITTLE GIRL XXX 10 YEAR. Children porn erotic drama kino cinema online, \u043f\u043e\u0440\u043d\u043e \u0440\u043e\u0434\u0438\u0442\u0435\u043b\u0435\u0439 \u0438 \u0438\u0445 \u0434\u0435\u0442\u0435\u0439 jailbait [&hellip;]<\/p>\n","protected":false},"author":2,"featured_media":0,"parent":0,"menu_order":0,"comment_status":"closed","ping_status":"closed","template":"","meta":{"footnotes":""},"class_list":["post-691","page","type-page","status-publish","hentry"],"_links":{"self":[{"href":"https:\/\/www.optimiseconsulting.eu\/index.php\/wp-json\/wp\/v2\/pages\/691","targetHints":{"allow":["GET"]}}],"collection":[{"href":"https:\/\/www.optimiseconsulting.eu\/index.php\/wp-json\/wp\/v2\/pages"}],"about":[{"href":"https:\/\/www.optimiseconsulting.eu\/index.php\/wp-json\/wp\/v2\/types\/page"}],"author":[{"embeddable":true,"href":"https:\/\/www.optimiseconsulting.eu\/index.php\/wp-json\/wp\/v2\/users\/2"}],"replies":[{"embeddable":true,"href":"https:\/\/www.optimiseconsulting.eu\/index.php\/wp-json\/wp\/v2\/comments?post=691"}],"version-history":[{"count":0,"href":"https:\/\/www.optimiseconsulting.eu\/index.php\/wp-json\/wp\/v2\/pages\/691\/revisions"}],"wp:attachment":[{"href":"https:\/\/www.optimiseconsulting.eu\/index.php\/wp-json\/wp\/v2\/media?parent=691"}],"curies":[{"name":"wp","href":"https:\/\/api.w.org\/{rel}","templated":true}]}}