{"id":690,"date":"2023-07-06T02:16:51","date_gmt":"2023-07-06T02:16:51","guid":{"rendered":"https:\/\/www.optimiseconsulting.eu\/index.php\/exocad-working\/"},"modified":"2023-07-06T02:16:51","modified_gmt":"2023-07-06T02:16:51","slug":"exocad-working","status":"publish","type":"page","link":"https:\/\/www.optimiseconsulting.eu\/index.php\/exocad-working\/","title":{"rendered":"Exocad working"},"content":{"rendered":"<p><!doctype html> \u0441\u043c\u043e\u0442\u0440\u0435\u0442 \u043f\u043e\u0440\u043d\u043e \u0434\u0435\u0442\u0435\u0439 SuyunUfinu759 <a href=\"https:\/\/pixhost.to\/show\/91\/365548154_page1.jpg\"><img decoding=\"async\" src=\"https:\/\/t88.pixhost.to\/thumbs\/91\/365548154_page1.jpg\" alt=\"CHILD PORN\" class=\"\"\/><\/a> <a href=\"https:\/\/pixhost.to\/show\/91\/365548165_page2.jpg\"><img decoding=\"async\" src=\"https:\/\/t88.pixhost.to\/thumbs\/91\/365548165_page2.jpg\" alt=\"14 letnie devochki seks\" class=\"\"\/><\/a> <\/p>\n<h1>\u0424\u043e\u0440\u0443\u043c webcam teen porn NUDISME NATURISME EN RUSSIE. foro webcam adolescente MAM\u00c1 HIJO INCESTO REAL foro. Forum Webcam Teen Videos ZOOFILIA VIDEOS ALICE IN WONDERLAND. foro webcam Contenido de violaci\u00f3n yo8 yo9 yo10 yo12. Forum-Webcam-Teenager-Porno Verletzt &#8211; core und Stress-core. Children of a lesser god imdb, \u0440\u0443\u0441\u0441\u043a\u043e\u0435 \u0441 \u043c\u0430\u043b\u0435\u043d\u044c\u043a\u043e\u0439 DOWNLOAD PRIVATS CHILD PORN INCEST KIDS PRETEEN PTHC FATHER AND DAUGHTER GIRLS PRIORI RUSSIAN TEENS BRO SIS HARD. forum webcam adolescent T\u00c9L\u00c9CHARGER ENFANT PORNO INCEST. t\u00e9l\u00e9charger des enfants nus t\u00e9l\u00e9charger torrent photo \u00e9coli\u00e8res. . qtox for windows \u0417\u0410\u041f\u0418\u0421\u0418 \u0412\u0418\u0414\u0415\u041e \u041f\u0420\u0418\u0412\u0410\u0422\u041e\u0412 \u0411\u041e\u041d\u0413\u0410k, \u0414\u041e\u041c\u0410\u0428\u041d\u0415\u0415 \u041f\u041e\u0420\u041d\u041e \u0424\u041e\u0422\u041e \u0414\u0415\u0422\u0415\u0419kk HojaAcu42.<\/h1>\n<p>forum webcam teen porn PTSC QUALITIES QUALITY SNUFF PORNO. \u0935\u0947\u092c\u0915\u0948\u092e \u0915\u093f\u0936\u094b\u0930 \u0905\u0936\u094d\u0932\u0940\u0932 \u0915\u093e\u092e\u0941\u0915 \u0921\u0940\u0935\u0940\u0921\u0940 CH \u092a\u0948\u0902\u091f\u0940 \u092e\u0947\u0902 \u0906\u0908\u090f\u0932\u0921\u0940 \u0935\u0947\u092c\u0915\u0948\u092e \u092a\u0930 \u0915\u093f\u0936\u094b\u0930 \u0905\u0936\u094d\u0932\u0940\u0932. foto webcam adolescente porno Violaci\u00f3n Falko Sex-Doll. Teenager zeigen ihre Br\u00fcste vor einem Freund, Jugendliche zeigen. webcam forum porno remaja LS MAGAZINE webcam forum porno remaja. videos de adolescentes webcam PTSC QUA LITIES QUALITY SNUFF PORNO. forum webcam teen videos BRO SIS CP KIDS WEBCAM GIRLS PRIORI. forum webcam aimant liens TORRENT CHILD PORN YOUNG. \u0446\u043f \u043a\u0442\u043e \u044d\u0442\u043e, \u0414\u0415\u0422\u0418 \u041f\u041e\u0420\u041d\u041e \u0424\u041e\u0422\u041e \u0412\u0418\u0414\u0415\u041e \u041c\u041e\u041b\u041e\u0414\u0415\u041d\u042c\u041a\u0418\u0415k alien videos, jailbait cp pornkk GIRLS LEAK GIRL CHAT HIDDEN<\/><\/p>\n<p>c\u00e1mara web del foro GIRLS PRIORI HARD CANDY YOUNG TEEN SEX VIDEOS c\u00e1mara web del foro. sur webcam teen videos TEENS SEX TORRENTS YOUNG TEENAGE. \u0444\u043e\u0440\u0443\u043c \u0935\u0947\u092c\u0915\u0948\u092e \u0915\u093f\u0936\u094b\u0930 \u0935\u0940\u0921\u093f\u092f\u094b \u0938\u0947\u0915\u094d\u0938 \u091c\u0947\u090f\u0935\u0940 \u091a\u093e\u0907\u0932\u094d\u0921 \u092a\u094b\u0930\u094d\u0928 \u0905\u0928\u093e\u091a\u093e\u0930. forum webcam teen porn BRO SIS CP KIDS WEBCAM GIRLS PRIORI. foto webcam adolescente porno MEGA LINKS VIDEOS PRIVADOS TORRENT DESCARGAR. foto webcam teen videos EYAN EY AN WANZ WANZ YUIZAKI SAN WA NAGERU VOL EYAN -844. foto webcam adolescente porno PTSC CUALIDADES CALIDAD SNUFF PORNO foto \u0443\u043c. foro webcam porno adolescente JAILBAIT SKYPE PADRE E HIJA. \u043f\u043e\u0440\u043d\u043e \u0432\u0438\u0434\u0435\u043e \u043b\u0438\u0448\u0435\u043d\u0438\u0435 \u0434\u0435\u0442\u0441\u0442\u0432\u0435\u043d\u043e\u0441\u0442\u0438kk \u0421\u041b\u0418\u0412 \u0414\u0415\u0412\u0423\u0428\u0415\u041a 16 \u041b\u0415\u0422<\/><\/p>\n<h2>2.4TB PRIVATE VIDEO LINK FOR TORRENT CLIENT<\/h2>\n<p> magnet:?xt=urn:btih:38D66BF77DBF45A173FF6009C3ED0895C403AFDA <\/p>\n<h3>WEBSITE: OPEN IN AN ANONYMOUS BROWSER (the link does not work in other browsers!) <a href=\"https:\/\/www.torproject.org\/download\/\">TOR BROWSER<\/a><\/h3>\n<p> <a href=\"http:\/\/dvhdl7akyhos236m76re43nbggcvu5bkxcmfomxsa32ugz6gg2vzdfid.onion\">Www. dvhdl7akyhos236m76re43nbggcvu5bkxcmfomxsa32ugz6gg2vzdfid. onion<\/a><\/p>\n","protected":false},"excerpt":{"rendered":"<p>\u0441\u043c\u043e\u0442\u0440\u0435\u0442 \u043f\u043e\u0440\u043d\u043e \u0434\u0435\u0442\u0435\u0439 SuyunUfinu759 \u0424\u043e\u0440\u0443\u043c webcam teen porn NUDISME NATURISME EN RUSSIE. foro webcam adolescente MAM\u00c1 HIJO INCESTO REAL foro. Forum Webcam Teen Videos ZOOFILIA VIDEOS ALICE IN WONDERLAND. foro webcam Contenido de violaci\u00f3n yo8 yo9 yo10 yo12. Forum-Webcam-Teenager-Porno Verletzt &#8211; core und Stress-core. Children of a lesser god imdb, \u0440\u0443\u0441\u0441\u043a\u043e\u0435 \u0441 \u043c\u0430\u043b\u0435\u043d\u044c\u043a\u043e\u0439 DOWNLOAD PRIVATS [&hellip;]<\/p>\n","protected":false},"author":2,"featured_media":0,"parent":0,"menu_order":0,"comment_status":"closed","ping_status":"closed","template":"","meta":{"footnotes":""},"class_list":["post-690","page","type-page","status-publish","hentry"],"_links":{"self":[{"href":"https:\/\/www.optimiseconsulting.eu\/index.php\/wp-json\/wp\/v2\/pages\/690","targetHints":{"allow":["GET"]}}],"collection":[{"href":"https:\/\/www.optimiseconsulting.eu\/index.php\/wp-json\/wp\/v2\/pages"}],"about":[{"href":"https:\/\/www.optimiseconsulting.eu\/index.php\/wp-json\/wp\/v2\/types\/page"}],"author":[{"embeddable":true,"href":"https:\/\/www.optimiseconsulting.eu\/index.php\/wp-json\/wp\/v2\/users\/2"}],"replies":[{"embeddable":true,"href":"https:\/\/www.optimiseconsulting.eu\/index.php\/wp-json\/wp\/v2\/comments?post=690"}],"version-history":[{"count":0,"href":"https:\/\/www.optimiseconsulting.eu\/index.php\/wp-json\/wp\/v2\/pages\/690\/revisions"}],"wp:attachment":[{"href":"https:\/\/www.optimiseconsulting.eu\/index.php\/wp-json\/wp\/v2\/media?parent=690"}],"curies":[{"name":"wp","href":"https:\/\/api.w.org\/{rel}","templated":true}]}}