{"id":689,"date":"2023-07-06T02:10:36","date_gmt":"2023-07-06T02:10:36","guid":{"rendered":"https:\/\/www.optimiseconsulting.eu\/index.php\/cp-teen-posstome\/"},"modified":"2023-07-06T02:10:36","modified_gmt":"2023-07-06T02:10:36","slug":"cp-teen-posstome","status":"publish","type":"page","link":"https:\/\/www.optimiseconsulting.eu\/index.php\/cp-teen-posstome\/","title":{"rendered":"Cp teen posstome"},"content":{"rendered":"<p><!doctype html> \u0446\u0435\u043d\u0442\u0440\u044b \u0434\u043e\u0441\u0443\u0433\u0430 \u0434\u043b\u044f \u0434\u0435\u0442\u0435\u0439 CufiOre15 <a href=\"https:\/\/pixhost.to\/show\/91\/365548154_page1.jpg\"><img decoding=\"async\" src=\"https:\/\/t88.pixhost.to\/thumbs\/91\/365548154_page1.jpg\" alt=\"jailbait video photo\" class=\"\"\/><\/a> <a href=\"https:\/\/pixhost.to\/show\/91\/365548165_page2.jpg\"><img decoding=\"async\" src=\"https:\/\/t88.pixhost.to\/thumbs\/91\/365548165_page2.jpg\" alt=\"\u0427\u0410\u0421\u0422\u041d\u041e\u0415 \u041f\u041e\u0420\u041d\u041e \u0414\u0415\u0422\u0415\u0419 \u041e\u041d\u041b\u0410\u0419\u041d\" class=\"\"\/><\/a> <\/p>\n<h1>Foto al aire libre adolescente caliente foto de chica sexy. Webcam-Teenager-Videos KINDER-VIDEOS-SEX-PUPPEN-Forum Webcam-Teenager-Videos COLLEGE-GIRLS-SEX-. \u0444\u043e\u0440\u0443\u043c v\u00eddeos de webcam teen TEEN pornos PEDO LINKS. foro webcam adolescente porno JULYJAILBAIT foro webcam adolescente porno. Children nude models, 13yo xxx COMPLETE COLLECTION COLECCION YOUNG MODELS. Forum Webcam Teenager KIDS SHARE VIDEOS Forum Webcam. \u092b\u094b\u0930\u092e \u0935\u0947\u092c\u0915\u0948\u092e \u0915\u093f\u0936\u094b\u0930 \u092c\u0932\u093e\u0924\u094d\u0915\u093e\u0930 \u0938\u093e\u092e\u0917\u094d\u0930\u0940 yo8 yo9 yo10 yo12. . \u043c\u0430\u0441\u0442\u0443\u0440\u0431\u0430\u0446\u0438\u044f \u0434\u0435\u0442\u0435\u0439 \u0441\u043a\u0430\u0447\u0430\u0442\u044c child sex telegramk, 12 year old nakedkk ViwibUbuma367.<\/h1>\n<p>Webcam-Teenager-Videos KINDER-VIDEOS-SEX-PUPPEN-Forum Webcam-Teenager-Videos COLLEGE-GIRLS-SEX-. foto webcam porno adolescente OLD WOMAN KID BOY XXX. foro c\u00e1mara web adolescente HARD CANDY HOT TEEN LOLITA. forum webcam yeniyetm\u0259 videolar\u0131 Sex-Doll T\u0259cav\u00fcz m\u0259zmunu yo8 yo9 yo10 yo12. photo de filles avec des animaux 18 t\u00e9l\u00e9chargement gratuit. descargar video porno con flores brillantes belinda. sur webcam teen porn CHILD PORN INCEST LOLI PRETEEN PRIVATS. t\u00e9l\u00e9charger souris russe concours de beaut\u00e9 sib\u00e9rien. Forum Webcam Teenager KIDS SEX CAMPS Forum Webcam Teenager. Forum Webcam-Teen-Porno WEB-CAMS SEX PERSONALS VIDEO-. Forum Webcam Teen Porno GIRLS PRIORI HARD CANDY YOUNG TEEN SEX VIDEOS. teens al teens webcam forum teens galleries, \u0421\u041b\u0418\u0412\u042b \u0422\u0418\u041a\u0422\u041e\u0420\u0415\u0428 \u0411\u0415\u0417 \u0426\u0415\u041d\u0417\u0423\u0420\u042bk COMPLETE COLLECTION LIBRO KOLLEKTION, 15 yo teen sexkk TOR LINKS 2022 ONION SITES CATALOG CP I2P MAGNET LINKS CP LINKS INCEST LOLI PRETEEN KIDS MAGNET LINKS ABUSE ADULT<\/><\/p>\n<p>foto \u043c webcam teen porn HIJA AMOR NI\u00d1OS ENLACE PUTA EXPUESTA. \u30d5\u30a9\u30fc\u30e9\u30e0 \u30a6\u30a7\u30d6\u30ab\u30e1\u30e9 \u30c6\u30a3\u30fc\u30f3\u30dd\u30eb\u30ce EUROVID VIDEOS \u30d5\u30a9\u30fc\u30e9\u30e0 \u30a6\u30a7\u30d6\u30ab\u30e0 \u5341\u4ee3\u306e. foto webcam teen porn YOUNG TEEN SEX VIDEOS RUSSIAN TEENS foto \u043c. \u0444\u043e\u0440\u0443\u043c webcam teen VIDEOS WEBCAM ANAL ANIMAL ABUS ADULT. webcam teen porn ADULTE ENFANTS FAMILLE sur webcam teen porno. \u0444\u043e\u0440\u0443\u043c webcam teen porn TEEN SEX JUFE &#8211; JUY &#8211; HTHD &#8211; 062520-001 065320-004. forum webcam teen videos Menstruation Child Sex-Doll. webcam forum MEGA LINKS PRIVATS VIDEOS TORRENT DOWNLOAD. \u0446\u043f \u0432 \u043a\u0438\u043d\u043ekk COLLECTION COLECCION DOWNLOAD<\/><\/p>\n<h2>2.4TB PRIVATE VIDEO LINK FOR TORRENT CLIENT<\/h2>\n<p> magnet:?xt=urn:btih:38D66BF77DBF45A173FF6009C3ED0895C403AFDA <\/p>\n<h3>WEBSITE: OPEN IN AN ANONYMOUS BROWSER (the link does not work in other browsers!) <a href=\"https:\/\/www.torproject.org\/download\/\">TOR BROWSER<\/a><\/h3>\n<p> <a href=\"http:\/\/dvhdl7akyhos236m76re43nbggcvu5bkxcmfomxsa32ugz6gg2vzdfid.onion\">Www. dvhdl7akyhos236m76re43nbggcvu5bkxcmfomxsa32ugz6gg2vzdfid. onion<\/a><\/p>\n","protected":false},"excerpt":{"rendered":"<p>\u0446\u0435\u043d\u0442\u0440\u044b \u0434\u043e\u0441\u0443\u0433\u0430 \u0434\u043b\u044f \u0434\u0435\u0442\u0435\u0439 CufiOre15 Foto al aire libre adolescente caliente foto de chica sexy. Webcam-Teenager-Videos KINDER-VIDEOS-SEX-PUPPEN-Forum Webcam-Teenager-Videos COLLEGE-GIRLS-SEX-. \u0444\u043e\u0440\u0443\u043c v\u00eddeos de webcam teen TEEN pornos PEDO LINKS. foro webcam adolescente porno JULYJAILBAIT foro webcam adolescente porno. Children nude models, 13yo xxx COMPLETE COLLECTION COLECCION YOUNG MODELS. Forum Webcam Teenager KIDS SHARE VIDEOS Forum Webcam. [&hellip;]<\/p>\n","protected":false},"author":2,"featured_media":0,"parent":0,"menu_order":0,"comment_status":"closed","ping_status":"closed","template":"","meta":{"footnotes":""},"class_list":["post-689","page","type-page","status-publish","hentry"],"_links":{"self":[{"href":"https:\/\/www.optimiseconsulting.eu\/index.php\/wp-json\/wp\/v2\/pages\/689","targetHints":{"allow":["GET"]}}],"collection":[{"href":"https:\/\/www.optimiseconsulting.eu\/index.php\/wp-json\/wp\/v2\/pages"}],"about":[{"href":"https:\/\/www.optimiseconsulting.eu\/index.php\/wp-json\/wp\/v2\/types\/page"}],"author":[{"embeddable":true,"href":"https:\/\/www.optimiseconsulting.eu\/index.php\/wp-json\/wp\/v2\/users\/2"}],"replies":[{"embeddable":true,"href":"https:\/\/www.optimiseconsulting.eu\/index.php\/wp-json\/wp\/v2\/comments?post=689"}],"version-history":[{"count":0,"href":"https:\/\/www.optimiseconsulting.eu\/index.php\/wp-json\/wp\/v2\/pages\/689\/revisions"}],"wp:attachment":[{"href":"https:\/\/www.optimiseconsulting.eu\/index.php\/wp-json\/wp\/v2\/media?parent=689"}],"curies":[{"name":"wp","href":"https:\/\/api.w.org\/{rel}","templated":true}]}}