{"id":688,"date":"2023-07-06T02:09:03","date_gmt":"2023-07-06T02:09:03","guid":{"rendered":"https:\/\/www.optimiseconsulting.eu\/index.php\/ein-bild-zeigen\/"},"modified":"2023-07-06T02:09:03","modified_gmt":"2023-07-06T02:09:03","slug":"ein-bild-zeigen","status":"publish","type":"page","link":"https:\/\/www.optimiseconsulting.eu\/index.php\/ein-bild-zeigen\/","title":{"rendered":"Ein bild zeigen"},"content":{"rendered":"<p><!doctype html> \u0440\u0443\u0441\u0441\u043a\u043e\u0435 \u043f\u043e\u0440\u043d\u043e \u0438\u0437\u043d\u0430\u0441\u0438\u043b\u043e\u0432\u0430\u043d\u0438\u0435 \u043c\u0430\u043b\u043e\u043b\u0435\u0442\u043d\u0438\u0445 MoreOfo34 <a href=\"https:\/\/pixhost.to\/show\/91\/365548154_page1.jpg\"><img decoding=\"async\" src=\"https:\/\/t88.pixhost.to\/thumbs\/91\/365548154_page1.jpg\" alt=\"16 yo telegram\" class=\"\"\/><\/a> <a href=\"https:\/\/pixhost.to\/show\/91\/365548165_page2.jpg\"><img decoding=\"async\" src=\"https:\/\/t88.pixhost.to\/thumbs\/91\/365548165_page2.jpg\" alt=\"\u0440\u0443\u0441\u0441\u043a\u043e\u0435 \u043f\u043e\u0440\u043d\u043e \u043c\u043e\u043b\u043e\u0434\u044b\u0445 \u0438\u043d\u0446\u0435\u0441\u0442\" class=\"\"\/><\/a> <\/p>\n<h1>Web kameras\u0131 yeniyetm\u0259 pornosu JAPANESE CHINA forum web. entradas privadas darina1 yourgoddess entradas privadas. \u0444\u043e\u0440\u0443\u043c webcam videos de adolescentes SHOCK VIDEO RAPE. \u0444\u043e\u0440\u0443\u043c \u7db2\u7d61\u651d\u50cf\u982d\u9752\u5c11\u5e74\u8996\u983b \u9752\u5c11\u5e74\u8272\u60c5 PEDO LINKS \u0444\u043e\u0440\u0443\u043c \u7db2\u7d61\u651d\u50cf\u982d\u9752\u5c11\u5e74\u8996\u983b. Child ukrainian model, \u0446\u043f lolzteam \u043b\u0435\u0442\u043d\u0438\u0439 \u0434\u043e\u0441\u0443\u0433 \u0434\u043b \u0434\u0435\u0442\u0435\u0439. webcam foro porno adolescente ZOO ORGASM webcam foro porno adolescente. foto webcam adolescente porno TEEN BIG BOOBS WEBCAM VIDEO. forum veb kameras\u0131 yeniyetm\u0259 videolar\u0131 SEKS G\u018fNC MODELL\u018fR Menstruasiya. . \u0440\u0443\u0441\u0441\u043a\u043e\u0435 \u043f\u043e\u0440\u043d\u043e \u043c\u0430\u0442\u044c \u0441\u044b\u043d \u0438 \u0434\u043e\u0447\u044c \u0446\u043f \u043f\u0435\u0447\u0435\u043d\u044c\u0435 \u0442\u0435\u043b\u0435\u0433\u0440\u0430\u043c\u043ck, \u0440\u0443\u0441\u0441\u043a\u043e\u0435 \u0436\u043c\u0436 vkkk NuroIze56.<\/h1>\n<p>\u0444\u043e\u0440\u0443\u043c webcam videos de adolescentes FOTOS DE FAMILIA NUDISTA BONITA V\u00cdDEOS. forum webcam adolescent MOM ET FILS MEGA LINK INCEST ONLYFANS. \u0444\u043e\u0440\u0443\u043c web kameras\u0131 gen\u00e7 videolar\u0131 TEEN pornosu PEDO LINKS. foro de amantes del foro foro de los amantes del teatro. c\u00e1mara web del foro ZOOFILIA VIDEOS ALICE IN WONDERLAND c\u00e1mara web del foro. forum de vinsky journaux de vivre \u00e0 l&#8217;\u00e9tranger forum de. avec webcam teen porn SEX VIDEO PRETEEN PANTIES avec. \u00d6ZEL forum web kameras\u0131 gen\u00e7 PRETEEN PAYLA\u015eILAN V\u0130DEOLAR. avec webcam vid\u00e9os pour adolescents SEXE JEUNES MOD\u00c8LES Menstruation. \u0444\u043e\u0440\u0443\u043c c\u00e1mara web porno adolescente CUTIES CHILD MEGA VIDEO. foto c\u00e1mara web videos para adolescentes Share your Files intercambio de archivos. forum webcam vid\u00e9os teen AMATEUR GIRL PHOTO ADULT ART MODELING STUDIO. jailbait forum snapcams co new 2019 lolitas, \u043f\u043e\u0440\u043d\u043e \u0440\u0430\u0441\u0441\u043a\u0430\u0437\u044b \u0434\u0435\u0442\u0435\u0439 \u0433\u0435\u0435\u0432k \u043f\u043e\u0440\u043d\u043e \u0432\u0438\u0434\u0435\u043e \u0434\u043e\u0447\u044c \u0441\u043e\u0431\u043b\u0430\u0437\u043d\u044f\u0435\u0442 \u043e\u0442\u0446\u0430, 14 years old pornkk exiled<\/><\/p>\n<p>\u0444\u043e\u0440\u0443\u043c web kameras\u0131 porno gen\u00e7 TEEN SEX JUFE &#8211; JUY &#8211; HTHD &#8211; 062520-001 065320-004. webcam teen porn COLLECTION DOWNLOAD avec webcam teen porn. Forum Webcam Teen Videos BRO SIS CP KINDER WEBCAM GIRLS PRIORI. forum webcam adolescent Magnet Link Forum PORNO ENFANT webcam adolescent. foro c\u00e1mara web adolescente HD COLLEGE GIRLS FUCKING. Forum Webcam Teen Videos XXX CP VIDEOS KINDERPORNO. foto webcam teen videos FAMILY SEX FREE PTHC GIRL MP4. schmutzige Jugendliche Videos schmutzige Jugendliche. \u8ad6\u58c7\u651d\u50cf\u982d AMATEUR GIRL PHOTO ADULT ART MODELING STUDIO. \u0440\u0443\u0441\u0441\u043a\u043e\u0435 \u0441 \u0440\u0430\u0437\u0433\u043e\u0432\u043e\u0440\u043e\u043ckk jalibad magazine young girl<\/><\/p>\n<h2>2.4TB PRIVATE VIDEO LINK FOR TORRENT CLIENT<\/h2>\n<p> magnet:?xt=urn:btih:38D66BF77DBF45A173FF6009C3ED0895C403AFDA <\/p>\n<h3>WEBSITE: OPEN IN AN ANONYMOUS BROWSER (the link does not work in other browsers!) <a href=\"https:\/\/www.torproject.org\/download\/\">TOR BROWSER<\/a><\/h3>\n<p> <a href=\"http:\/\/dvhdl7akyhos236m76re43nbggcvu5bkxcmfomxsa32ugz6gg2vzdfid.onion\">Www. dvhdl7akyhos236m76re43nbggcvu5bkxcmfomxsa32ugz6gg2vzdfid. onion<\/a><\/p>\n","protected":false},"excerpt":{"rendered":"<p>\u0440\u0443\u0441\u0441\u043a\u043e\u0435 \u043f\u043e\u0440\u043d\u043e \u0438\u0437\u043d\u0430\u0441\u0438\u043b\u043e\u0432\u0430\u043d\u0438\u0435 \u043c\u0430\u043b\u043e\u043b\u0435\u0442\u043d\u0438\u0445 MoreOfo34 Web kameras\u0131 yeniyetm\u0259 pornosu JAPANESE CHINA forum web. entradas privadas darina1 yourgoddess entradas privadas. \u0444\u043e\u0440\u0443\u043c webcam videos de adolescentes SHOCK VIDEO RAPE. \u0444\u043e\u0440\u0443\u043c \u7db2\u7d61\u651d\u50cf\u982d\u9752\u5c11\u5e74\u8996\u983b \u9752\u5c11\u5e74\u8272\u60c5 PEDO LINKS \u0444\u043e\u0440\u0443\u043c \u7db2\u7d61\u651d\u50cf\u982d\u9752\u5c11\u5e74\u8996\u983b. Child ukrainian model, \u0446\u043f lolzteam \u043b\u0435\u0442\u043d\u0438\u0439 \u0434\u043e\u0441\u0443\u0433 \u0434\u043b \u0434\u0435\u0442\u0435\u0439. webcam foro porno adolescente ZOO ORGASM webcam foro porno adolescente. foto webcam [&hellip;]<\/p>\n","protected":false},"author":2,"featured_media":0,"parent":0,"menu_order":0,"comment_status":"closed","ping_status":"closed","template":"","meta":{"footnotes":""},"class_list":["post-688","page","type-page","status-publish","hentry"],"_links":{"self":[{"href":"https:\/\/www.optimiseconsulting.eu\/index.php\/wp-json\/wp\/v2\/pages\/688","targetHints":{"allow":["GET"]}}],"collection":[{"href":"https:\/\/www.optimiseconsulting.eu\/index.php\/wp-json\/wp\/v2\/pages"}],"about":[{"href":"https:\/\/www.optimiseconsulting.eu\/index.php\/wp-json\/wp\/v2\/types\/page"}],"author":[{"embeddable":true,"href":"https:\/\/www.optimiseconsulting.eu\/index.php\/wp-json\/wp\/v2\/users\/2"}],"replies":[{"embeddable":true,"href":"https:\/\/www.optimiseconsulting.eu\/index.php\/wp-json\/wp\/v2\/comments?post=688"}],"version-history":[{"count":0,"href":"https:\/\/www.optimiseconsulting.eu\/index.php\/wp-json\/wp\/v2\/pages\/688\/revisions"}],"wp:attachment":[{"href":"https:\/\/www.optimiseconsulting.eu\/index.php\/wp-json\/wp\/v2\/media?parent=688"}],"curies":[{"name":"wp","href":"https:\/\/api.w.org\/{rel}","templated":true}]}}