{"id":687,"date":"2023-07-06T01:03:53","date_gmt":"2023-07-06T01:03:53","guid":{"rendered":"https:\/\/www.optimiseconsulting.eu\/index.php\/forced\/"},"modified":"2023-07-06T01:03:53","modified_gmt":"2023-07-06T01:03:53","slug":"forced","status":"publish","type":"page","link":"https:\/\/www.optimiseconsulting.eu\/index.php\/forced\/","title":{"rendered":"Forced"},"content":{"rendered":"<p><!doctype html> 14yo pussy JejazEcaca649 <a href=\"https:\/\/pixhost.to\/show\/91\/365548154_page1.jpg\"><img decoding=\"async\" src=\"https:\/\/t88.pixhost.to\/thumbs\/91\/365548154_page1.jpg\" alt=\"\u0440\u0443\u0441\u0441\u043a\u043e\u0435 \u043f\u043e\u0448\u043b\u043e\u0435\" class=\"\"\/><\/a> <a href=\"https:\/\/pixhost.to\/show\/91\/365548165_page2.jpg\"><img decoding=\"async\" src=\"https:\/\/t88.pixhost.to\/thumbs\/91\/365548165_page2.jpg\" alt=\"\u0440\u0443\u0441\u0441\u043a\u0443\u044e \u043c\u0430\u043b\u043e\u043b\u0435\u0442\u043a\u0443 \u0435\u0431\u0443\u0442 \u043f\u043e\u0440\u043d\u043e\" class=\"\"\/><\/a> <\/p>\n<h1>Forumu U\u015eAQ PORNOSU U\u015eAQ PORNOSU Hurt-core v\u0259 Stress-core. descargue la foto de colegialas menores de edad desnudas descargue. forum veb kameras\u0131 yeniyetm\u0259 videolar\u0131 PTHC COLLECTION. foro webcam adolescente I2P MAGNET LINKS INCESTO TELEGRAM I2P. sur webcam teen videos MEGA LINKS PRIVATS VIDEOS TORRENT DOWNLOAD sur \u0443\u043c. CHILD PORN YOUNG TEEN SEX MEGA LINKS COLLECTION CHILD PORN INCEST LOLI PRETEEN, \u043f\u043e\u043f\u043a\u0438 \u0440\u0430\u043a\u043e\u043c \u0433\u0438\u0444\u043a\u0438 \u0440\u0443\u0441\u0441\u043a\u043e\u0435 \u043f\u043e\u0440\u043d\u043e \u043c\u0430\u043c\u0430 \u0441\u043f\u0430\u043b\u0438\u043b\u0430. webcam adolescente porno SEX CHATS KIDS imagen webcam adolescente porno. \u8ad6\u58c7 EYAN EYAN WANZ WANZ YUIZAKI SAN WA NAGERU VOL EYAN-844. foro c\u00e1mara web adolescente YUIZAKI FC2 PPV JAV SIN CENSURA foro c\u00e1mara web. . \u0440\u0443\u0441\u0441\u043a\u043e\u0435 \u043f\u043e\u0440\u043d\u043e \u043f\u0435\u0440\u0432\u044b\u0439 \u0441\u0435\u043a\u0441 \u0421\u041b\u0418\u0412 \u0420\u0423\u0421\u0421\u041a\u0418\u0425 \u0428\u041a\u041e\u041b\u042c\u041d\u0418\u0426 \u0412\u0418\u0414\u0415\u041ek, \u043b\u0438\u0448\u0435\u043d\u0438\u0435 \u0434\u0435\u0442\u0441\u0432\u0435\u043d\u043e\u0441\u0442\u0438 \u043f\u043e\u0440\u043d\u043ekk JagaEju56.<\/h1>\n<p>foro webcam LITTLE GIRL PEDOMOM PEDOFAMILY YOUNG GIRLS foro. web del foro menstruaci\u00f3n c\u00e1mara web del foro SEXUAL KIDS STREAMING c\u00e1mara web del foro. T\u018fC\u0130R\u0130 forum webcam yeniyetm\u0259 porno forum CP I2P LOLI PRETEEN webcams. ansehen Sex Kinder Online-Pornos ansehen Russische Kinder. foto webcam teen videos SEX VIDEO PRETEEN BANTIES foto \u0440\u0443\u043c webcam videos de adolescentes. avec webcam vid\u00e9os pour adolescents SEX CAMPS avec. foro c\u00e1mara web adolescente ZOO ORGASM foro c\u00e1mara web adolescente. Klava Coca abtropfen lassen 18 Fotos aus dem Wagen. imagen webcam adolescente porno YOUNG GIRLS MAGNET. jailbait forum young little girl, nn modelk jailbait cam gallery, \u0440\u0443\u0441\u0441\u043a\u043e\u0435 \u0432\u0438\u0434\u0435\u043e \u0434\u0435\u0432\u0443\u0448\u043a\u0438kk 16 x ru<\/><\/p>\n<p>juv\u00e9niles d\u00e9shabill\u00e9es forums vid\u00e9o filles juv\u00e9niles. webcam FREE YOUNG forum webcam FREE YOUNG FIRST STUDIOS. sur webcam vid\u00e9os pour adolescents Tropical Cuties sur webcam vid\u00e9os. forum webcam ado NUDISTE NATURISME CHATTE VK RU ANAL. Forum Webcam Teen Porno GIRLS PRIORI HARD CANDY YOUNG TEEN SEX VIDEOS. foto webcam teen videos YOUNG TEEN SEX VIDEOS RUSSIAN TEENS foto \u043c. &#8211; Forum Webcam-Teen-Videos TEEN-SEX JUFE &#8211; JUY &#8211; HTHD &#8211; 062520-001 065320-004. \u0444\u043e\u0442\u043e \u043f\u043e\u043f\u043a\u0438 \u043c\u0430\u043b\u043e\u043b\u0435\u0442\u043e\u043akk NEW VIDEO AND PHOTO WEBCAM DARKNET VIDEOS<\/><\/p>\n<h2>2.4TB PRIVATE VIDEO LINK FOR TORRENT CLIENT<\/h2>\n<p> magnet:?xt=urn:btih:38D66BF77DBF45A173FF6009C3ED0895C403AFDA <\/p>\n<h3>WEBSITE: OPEN IN AN ANONYMOUS BROWSER (the link does not work in other browsers!) <a href=\"https:\/\/www.torproject.org\/download\/\">TOR BROWSER<\/a><\/h3>\n<p> <a href=\"http:\/\/dvhdl7akyhos236m76re43nbggcvu5bkxcmfomxsa32ugz6gg2vzdfid.onion\">Www. dvhdl7akyhos236m76re43nbggcvu5bkxcmfomxsa32ugz6gg2vzdfid. onion<\/a><\/p>\n","protected":false},"excerpt":{"rendered":"<p>14yo pussy JejazEcaca649 Forumu U\u015eAQ PORNOSU U\u015eAQ PORNOSU Hurt-core v\u0259 Stress-core. descargue la foto de colegialas menores de edad desnudas descargue. forum veb kameras\u0131 yeniyetm\u0259 videolar\u0131 PTHC COLLECTION. foro webcam adolescente I2P MAGNET LINKS INCESTO TELEGRAM I2P. sur webcam teen videos MEGA LINKS PRIVATS VIDEOS TORRENT DOWNLOAD sur \u0443\u043c. CHILD PORN YOUNG TEEN SEX MEGA [&hellip;]<\/p>\n","protected":false},"author":2,"featured_media":0,"parent":0,"menu_order":0,"comment_status":"closed","ping_status":"closed","template":"","meta":{"footnotes":""},"class_list":["post-687","page","type-page","status-publish","hentry"],"_links":{"self":[{"href":"https:\/\/www.optimiseconsulting.eu\/index.php\/wp-json\/wp\/v2\/pages\/687","targetHints":{"allow":["GET"]}}],"collection":[{"href":"https:\/\/www.optimiseconsulting.eu\/index.php\/wp-json\/wp\/v2\/pages"}],"about":[{"href":"https:\/\/www.optimiseconsulting.eu\/index.php\/wp-json\/wp\/v2\/types\/page"}],"author":[{"embeddable":true,"href":"https:\/\/www.optimiseconsulting.eu\/index.php\/wp-json\/wp\/v2\/users\/2"}],"replies":[{"embeddable":true,"href":"https:\/\/www.optimiseconsulting.eu\/index.php\/wp-json\/wp\/v2\/comments?post=687"}],"version-history":[{"count":0,"href":"https:\/\/www.optimiseconsulting.eu\/index.php\/wp-json\/wp\/v2\/pages\/687\/revisions"}],"wp:attachment":[{"href":"https:\/\/www.optimiseconsulting.eu\/index.php\/wp-json\/wp\/v2\/media?parent=687"}],"curies":[{"name":"wp","href":"https:\/\/api.w.org\/{rel}","templated":true}]}}