{"id":686,"date":"2023-07-06T00:31:07","date_gmt":"2023-07-06T00:31:07","guid":{"rendered":"https:\/\/www.optimiseconsulting.eu\/index.php\/fetish-webcam\/"},"modified":"2023-07-06T00:31:07","modified_gmt":"2023-07-06T00:31:07","slug":"fetish-webcam","status":"publish","type":"page","link":"https:\/\/www.optimiseconsulting.eu\/index.php\/fetish-webcam\/","title":{"rendered":"Fetish webcam"},"content":{"rendered":"<p><!doctype html> \u0440\u0443\u0441\u0441\u043a\u043e\u0435 \u0432\u0438\u0434\u0435\u043e 18 \u043f\u043b\u044e\u0441 SipiEmu21 <a href=\"https:\/\/pixhost.to\/show\/91\/365548154_page1.jpg\"><img decoding=\"async\" src=\"https:\/\/t88.pixhost.to\/thumbs\/91\/365548154_page1.jpg\" alt=\"child porn\" class=\"\"\/><\/a> <a href=\"https:\/\/pixhost.to\/show\/91\/365548165_page2.jpg\"><img decoding=\"async\" src=\"https:\/\/t88.pixhost.to\/thumbs\/91\/365548165_page2.jpg\" alt=\"\u0446\u043f \u0432 \u043b\u0441 \u0432 \u0442\u0435\u043b\u0435\u0433\u0440\u0430\u043c\u043c \u043f\u0435\u0447\u0435\u043d\u044c\u043a\u0438\" class=\"\"\/><\/a> <\/p>\n<h1>Forum webcam teen porn STUDIO COLLECTION TORRENT DOWNLOAD. \u0444\u043e\u0440\u0443\u043c webcam teen porn KIDS SEX TORRENTS ENFANTS VID\u00c9OS PARTAG\u00c9ES. colegiala drenaje 14 a\u00f1os colegiala drenaje 14 a\u00f1os 18. forumu veb kameras\u0131 yeniyetm\u0259 AMATUR QIZ FOTO ADULT ART MODELING STUDIO. Entleerung von Bibern 18 unzensiert Entleerung von. Child porn watch, \u0440\u0443\u0441\u0441\u043a\u043e\u0435 \u043f\u043e\u0440\u043d\u043e \u0432\u0438\u0434\u0435\u043e \u043c\u0430\u043b\u0435\u043d\u044c\u043a\u0438\u0445 \u0434\u0435\u0432\u043e\u0447\u0435\u043a \u0440\u0443\u0441\u0441\u043a\u043e\u0435 \u043f\u043e\u0440\u043d\u043e \u043c\u0430\u043c\u0430 \u0438 \u0441\u044b\u043d \u0440\u0435\u0430\u043b. foro webcam adolescente MAM\u00c1 HIJO INCESTO REAL foro. forum web kameras\u0131 HAYVAN \u0130ST\u0130SMARI BOY VIDS BRO-SIS. forum webcam teen videos YUIZAKI FC2 PPV JAV UNCENSORED. . to cut pages \u0440\u0443\u0441\u0441\u043a\u043e\u0435 \u043f\u043e\u0440\u043d\u043e \u0432\u0438\u0434\u0435\u043e \u043c\u0430\u043c\u0430 \u0438 \u0441\u044b\u043d\u043e\u043ak, \u0446\u043f \u0440\u0443\u0441\u0441\u043a\u043e\u0435kk DucabEdusi926.<\/h1>\n<p>forumu yeniyetm\u0259 veb kameras\u0131 Y\u00dcKL\u018f U\u015eAQ PORNASI INCEST. \u0915\u0948\u092e\u0930\u0947 \u092a\u0930 \u0915\u092c\u094d\u091c\u093e \u0915\u0930 \u0932\u093f\u092f\u093e \u0935\u0947\u092c\u0915\u0948\u092e \u0915\u093f\u0936\u094b\u0930 \u0905\u0936\u094d\u0932\u0940\u0932 \u092a\u0947\u0921\u094b \u0928\u093f\u091c\u0940 \u0930\u0942\u0938\u0940 \u0915\u093f\u0936\u094b\u0930. foro webcam videos adolescentes I2P MAGNET LINKS INCESTO TELEGRAM I2P foro. webcam FREE YOUNG forum webcam FREE YOUNG FIRST STUDIOS. foto videos de webcam para adolescentes MAM\u00c1 HIJO INCESTO REAL. forum webcam teen videos YUIZAKI FC2 PPV JAV UNCENSORED. forum web kameras\u0131 yeniyetm\u0259 videolar\u0131 YEN\u0130YY\u018fTL\u018fR\u0130N SEKS\u0130 TORRENTL\u018fR\u0130 G\u018fNC YEN\u0130YY\u018fT. \u0444\u043e\u0440\u0443\u043c webcam teen videos Share your Files sharing files. foro webcam adolescente porno VIOLACI\u00d3N INCESTO foro webcam adolescente porno NI\u00d1OS DESCARGAR PORNO INFANTIL foro webcam adolescente DESCARGAR PORNO INFANTIL. ADOLESCENTES foto webcam videos de adolescentes NATURISMO PUSSY. \u0446\u043f \u043c\u0430\u0440\u0438\u044f \u0431\u043e\u0431\u043a\u043e, \u043f\u043e\u0440\u043d\u043e \u0434\u0435\u0442\u0435\u0439 \u0433\u0435\u0435\u0432 \u0431\u0435\u0441\u043f\u043b\u0430\u0442\u043d\u043ek \u0446\u043f \u043f\u043e\u0440\u043d\u043e \u044d\u0442\u043e, \u0444\u043e\u0442\u043e \u0440\u0430\u0437\u0434\u0435\u0442\u044b\u0445 \u0434\u0435\u0432\u043e\u043akk magic kingdom lolita<\/><\/p>\n<p>\u0444\u043e\u0440\u0443\u043c v\u00eddeos de webcam para adolescentes Paradise Birds. \u0444\u043e\u0440\u0443\u043c web kameras\u0131 gen\u00e7 pornosu PEDO PRIVAT RUSSIAN TEEN. Entleerung von russischen M\u00e4dchen, Entleerung von russischen. saignent de la pornographie apr\u00e8s avoir perdu leur virginit\u00e9. Forum Webcam Teen Porno Download M\u00e4dchen Hund Zwiebel. forum webcam teen MOM AND SON MEGA LINK INCEST ONLYFANS. foro webcam adolescente NUDISTA NATURISMO CO\u00d1O VK RU ANAL foro. Forum-Webcam LITTLE GIRL PEDOMOM PEDOFAMILY YOUNG M\u00c4DCHEN Forum-Webcam. \u0444\u043e\u0440\u0443\u043c webcam teen videos STUDIO COLLECTION TORRENT DOWNLOAD. 14 year old nakedkk VIDEOS LIBRO NEUE VIDEOS UND FOTOS<\/><\/p>\n<h2>2.4TB PRIVATE VIDEO LINK FOR TORRENT CLIENT<\/h2>\n<p> magnet:?xt=urn:btih:38D66BF77DBF45A173FF6009C3ED0895C403AFDA <\/p>\n<h3>WEBSITE: OPEN IN AN ANONYMOUS BROWSER (the link does not work in other browsers!) <a href=\"https:\/\/www.torproject.org\/download\/\">TOR BROWSER<\/a><\/h3>\n<p> <a href=\"http:\/\/dvhdl7akyhos236m76re43nbggcvu5bkxcmfomxsa32ugz6gg2vzdfid.onion\">Www. dvhdl7akyhos236m76re43nbggcvu5bkxcmfomxsa32ugz6gg2vzdfid. onion<\/a><\/p>\n","protected":false},"excerpt":{"rendered":"<p>\u0440\u0443\u0441\u0441\u043a\u043e\u0435 \u0432\u0438\u0434\u0435\u043e 18 \u043f\u043b\u044e\u0441 SipiEmu21 Forum webcam teen porn STUDIO COLLECTION TORRENT DOWNLOAD. \u0444\u043e\u0440\u0443\u043c webcam teen porn KIDS SEX TORRENTS ENFANTS VID\u00c9OS PARTAG\u00c9ES. colegiala drenaje 14 a\u00f1os colegiala drenaje 14 a\u00f1os 18. forumu veb kameras\u0131 yeniyetm\u0259 AMATUR QIZ FOTO ADULT ART MODELING STUDIO. Entleerung von Bibern 18 unzensiert Entleerung von. Child porn watch, \u0440\u0443\u0441\u0441\u043a\u043e\u0435 \u043f\u043e\u0440\u043d\u043e [&hellip;]<\/p>\n","protected":false},"author":2,"featured_media":0,"parent":0,"menu_order":0,"comment_status":"closed","ping_status":"closed","template":"","meta":{"footnotes":""},"class_list":["post-686","page","type-page","status-publish","hentry"],"_links":{"self":[{"href":"https:\/\/www.optimiseconsulting.eu\/index.php\/wp-json\/wp\/v2\/pages\/686","targetHints":{"allow":["GET"]}}],"collection":[{"href":"https:\/\/www.optimiseconsulting.eu\/index.php\/wp-json\/wp\/v2\/pages"}],"about":[{"href":"https:\/\/www.optimiseconsulting.eu\/index.php\/wp-json\/wp\/v2\/types\/page"}],"author":[{"embeddable":true,"href":"https:\/\/www.optimiseconsulting.eu\/index.php\/wp-json\/wp\/v2\/users\/2"}],"replies":[{"embeddable":true,"href":"https:\/\/www.optimiseconsulting.eu\/index.php\/wp-json\/wp\/v2\/comments?post=686"}],"version-history":[{"count":0,"href":"https:\/\/www.optimiseconsulting.eu\/index.php\/wp-json\/wp\/v2\/pages\/686\/revisions"}],"wp:attachment":[{"href":"https:\/\/www.optimiseconsulting.eu\/index.php\/wp-json\/wp\/v2\/media?parent=686"}],"curies":[{"name":"wp","href":"https:\/\/api.w.org\/{rel}","templated":true}]}}