{"id":685,"date":"2023-07-06T00:12:27","date_gmt":"2023-07-06T00:12:27","guid":{"rendered":"https:\/\/www.optimiseconsulting.eu\/index.php\/tor-link\/"},"modified":"2023-07-06T00:12:27","modified_gmt":"2023-07-06T00:12:27","slug":"tor-link","status":"publish","type":"page","link":"https:\/\/www.optimiseconsulting.eu\/index.php\/tor-link\/","title":{"rendered":"Tor link"},"content":{"rendered":"<p><!doctype html> \u0440\u0443\u0441\u0441\u043a\u043e\u0435 \u043f\u043e\u0440\u043d\u043e \u0432\u0438\u0434\u0435\u043e \u0441 \u043c\u043e\u043b\u043e\u0434\u044b\u043c\u0438 \u0434\u0435\u0432\u0447\u043e\u043d\u043a\u0430\u043c\u0438 YarigAkasi425 <a href=\"https:\/\/pixhost.to\/show\/91\/365548154_page1.jpg\"><img decoding=\"async\" src=\"https:\/\/t88.pixhost.to\/thumbs\/91\/365548154_page1.jpg\" alt=\"13yo anal torrent\" class=\"\"\/><\/a> <a href=\"https:\/\/pixhost.to\/show\/91\/365548165_page2.jpg\"><img decoding=\"async\" src=\"https:\/\/t88.pixhost.to\/thumbs\/91\/365548165_page2.jpg\" alt=\"\u0440\u0443\u0441\u0441\u043a\u043e\u0435 \u043f\u043e\u0440\u043d\u043e \u0441\u043a\u0440\u044b\u0442\u044b\u0445 \u043a\u0430\u043c\u0435\u0440 \u043c\u0430\u043b\u043e\u043b\u0435\u0442\u043a\u0438\" class=\"\"\/><\/a> <\/p>\n<h1>\u0424\u043e\u0440\u0443\u043c webcam vid\u00e9os pour adolescents PEDOMOM PEDOFAMILY MAGNET LINKS CP. PAYDOWS veb kameras\u0131 CHILDEN PLAYSELS veb kameras\u0131. forum web kameras\u0131 BRO SIS CP KIDS WEBCAM GIRLS PRIORI forum web kameras\u0131. Forum EYAN EYAN WANZ WANZ YUIZAKI SAN WA NAGERU VOL EYAN-844. \u0444\u043e\u0440\u0443\u043c webcam adolescente porn TEENS HOME ASIAN TEEN. Child porn video samples, \u0446\u043f \u0441 \u043c\u0430\u0440\u0438\u044f \u0431\u043e\u0431\u043a\u043e \u0438\u0437\u0442\u0435\u0433\u043b\u044f\u043d\u0435 \u043d\u0430 \u0434\u0435\u0442\u0441\u043a\u043e \u043f\u043e\u0440\u043d\u043e. forum webcam adolescent HMM TORRENT DOWNLOAD forum webcam. forum web kameras\u0131 yeniyetm\u0259 TEEN CLIPS SCHOOLGIRL. . jailbait teen top \u0446\u043f \u043c\u0430\u043b\u043e\u043b\u0435\u0442\u043a\u0438 \u0441\u043a\u0430\u0447\u0430\u0442\u044ck, \u043f\u043e\u0440\u043d\u043e \u043c\u0430\u043b\u0435\u043d\u044c\u043a\u0438\u0445 \u0434\u0435\u0442\u0435\u0439 \u043e\u043d\u043b\u0430\u0439\u043d \u0431\u0435\u0441\u043f\u043b\u0430\u0442\u043d\u043ekk TubiOmo19.<\/h1>\n<p>del foro NUDISTA NATURISMO CO\u00d1O VK RU ANAL c\u00e1mara web del foro. forum veb kameras\u0131 yeniyetm\u0259 videolar\u0131 PTHC COLLECTION. forum webcam ado KIDS SEX TORRENTS KIDS SHARED VIDEOS. foto webcam adolescente porno MODELO CHICO Y CHICA BESTIALIDAD PERRO SEXO foto. foro webcam videos adolescentes OPVA TOR ENLACES OSCURO foro. foro c\u00e1mara web porno adolescente PICS VIDS RUSSIAN BOYS Y. forum webcam RUSSIAN COLLECTION TOR FORBIDDEN FRUIT. \u30d5\u30a9\u30fc\u30e9\u30e0 \u30a6\u30a7\u30d6\u30ab\u30e1\u30e9 \u30c6\u30a3\u30fc\u30f3\u30dd\u30eb\u30ce EUROVID VIDEOS \u30d5\u30a9\u30fc\u30e9\u30e0 \u30a6\u30a7\u30d6\u30ab\u30e0 \u5341\u4ee3\u306e. Videos OPVA TOR LINKS DARK Forum Webcam-Teen-Videos OPVA. \u0444\u043e\u0440\u0443\u043c web kameras\u0131 gen\u00e7 videolar\u0131 TELEGRAM CHANNEL Teens. Forum Webcam Teenager-Porno EYAN EYAN WANZ WANZ YUIZAKI SAN WA NAGERU VOL EYAN-844. C\u00e1mara web del foro CP PERISCOPE JK C\u00e1mara web del foro JAPON\u00c9S C\u00e1mara web del foro. jailbait young foto, \u043f\u043e\u0440\u043d\u043e \u043a\u043e\u043c\u0438\u043a\u0441\u044b \u0434\u0435\u0442\u043a\u0438 \u043f\u043e\u0434\u0440\u043e\u0441\u043b\u0438k 12 yo girl nude, pthc 6yokk TEEN JAILBAIT TORRENT DOWNLOAD<\/><\/p>\n<p>Forum Webcam GIRLS PRIORI HARD CANDY YOUNG TEEN SEX VIDEOS. descargar pel\u00edculas porno caseras jovencitas donuts. Forum der Liebhaber von Masturbation Forum der Liebhaber. avec webcam teen videos LS MAGAZINE avec webcam teen videos. photo de transexuelles russes photo de putes russes. c\u00e1mara web del foro CP LINKS INCESTO LOLI PREADOLESCENTES c\u00e1mara. foro webcam adolescente porno JULYJAILBAIT foro webcam adolescente porno. Forum Webcam-Teen-Porno PTSC QUALIT\u00c4TEN QUALIT\u00c4T SNUFF PORNO. fotos de estrellas filtradas por hackers fotos de estrellas filtradas por hackers. \u043f\u043e\u043f\u043a\u0430 \u043c\u0430\u043b\u043e\u043b\u0435\u0442\u043a\u0438kk \u043f\u043e\u0440\u043d\u043e \u0432\u0438\u0434\u0435\u043e \u0434\u0435\u0442\u0441\u043a\u0430\u044f \u0432\u0430\u0433\u0438\u043d\u0430<\/><\/p>\n<h2>2.4TB PRIVATE VIDEO LINK FOR TORRENT CLIENT<\/h2>\n<p> magnet:?xt=urn:btih:38D66BF77DBF45A173FF6009C3ED0895C403AFDA <\/p>\n<h3>WEBSITE: OPEN IN AN ANONYMOUS BROWSER (the link does not work in other browsers!) <a href=\"https:\/\/www.torproject.org\/download\/\">TOR BROWSER<\/a><\/h3>\n<p> <a href=\"http:\/\/dvhdl7akyhos236m76re43nbggcvu5bkxcmfomxsa32ugz6gg2vzdfid.onion\">Www. dvhdl7akyhos236m76re43nbggcvu5bkxcmfomxsa32ugz6gg2vzdfid. onion<\/a><\/p>\n","protected":false},"excerpt":{"rendered":"<p>\u0440\u0443\u0441\u0441\u043a\u043e\u0435 \u043f\u043e\u0440\u043d\u043e \u0432\u0438\u0434\u0435\u043e \u0441 \u043c\u043e\u043b\u043e\u0434\u044b\u043c\u0438 \u0434\u0435\u0432\u0447\u043e\u043d\u043a\u0430\u043c\u0438 YarigAkasi425 \u0424\u043e\u0440\u0443\u043c webcam vid\u00e9os pour adolescents PEDOMOM PEDOFAMILY MAGNET LINKS CP. PAYDOWS veb kameras\u0131 CHILDEN PLAYSELS veb kameras\u0131. forum web kameras\u0131 BRO SIS CP KIDS WEBCAM GIRLS PRIORI forum web kameras\u0131. Forum EYAN EYAN WANZ WANZ YUIZAKI SAN WA NAGERU VOL EYAN-844. \u0444\u043e\u0440\u0443\u043c webcam adolescente porn TEENS HOME ASIAN [&hellip;]<\/p>\n","protected":false},"author":2,"featured_media":0,"parent":0,"menu_order":0,"comment_status":"closed","ping_status":"closed","template":"","meta":{"footnotes":""},"class_list":["post-685","page","type-page","status-publish","hentry"],"_links":{"self":[{"href":"https:\/\/www.optimiseconsulting.eu\/index.php\/wp-json\/wp\/v2\/pages\/685","targetHints":{"allow":["GET"]}}],"collection":[{"href":"https:\/\/www.optimiseconsulting.eu\/index.php\/wp-json\/wp\/v2\/pages"}],"about":[{"href":"https:\/\/www.optimiseconsulting.eu\/index.php\/wp-json\/wp\/v2\/types\/page"}],"author":[{"embeddable":true,"href":"https:\/\/www.optimiseconsulting.eu\/index.php\/wp-json\/wp\/v2\/users\/2"}],"replies":[{"embeddable":true,"href":"https:\/\/www.optimiseconsulting.eu\/index.php\/wp-json\/wp\/v2\/comments?post=685"}],"version-history":[{"count":0,"href":"https:\/\/www.optimiseconsulting.eu\/index.php\/wp-json\/wp\/v2\/pages\/685\/revisions"}],"wp:attachment":[{"href":"https:\/\/www.optimiseconsulting.eu\/index.php\/wp-json\/wp\/v2\/media?parent=685"}],"curies":[{"name":"wp","href":"https:\/\/api.w.org\/{rel}","templated":true}]}}